{"id":5349,"date":"2016-09-13T14:45:16","date_gmt":"2016-09-13T17:45:16","guid":{"rendered":"http:\/\/www.saopaulo.sp.leg.br\/escoladoparlamento\/?page_id=5349"},"modified":"2016-11-28T18:29:44","modified_gmt":"2016-11-28T20:29:44","slug":"i-jornada-de-formacao-para-conselheiros-representantes-do-crece","status":"publish","type":"page","link":"https:\/\/www.saopaulo.sp.leg.br\/escoladoparlamento\/cursos\/cursos-anteriores\/cursos-realizados-em-2016\/i-jornada-de-formacao-para-conselheiros-representantes-do-crece\/","title":{"rendered":"I Jornada de Forma\u00e7\u00e3o para Conselheiros Representantes do CRECE"},"content":{"rendered":"<p><strong>Objetivos: <\/strong><span style=\"font-size: medium\">Oferecer processo de forma\u00e7\u00e3o para os representantes dos diferentes segmentos escolares dos CRECEs Central e Regionais a fim de possibilitar a constru\u00e7\u00e3o de a\u00e7\u00f5es que fortale\u00e7am a Gest\u00e3o Democr\u00e1tica nas Escolas e contribuir para a consolida\u00e7\u00e3o do CRECE enquanto inst\u00e2ncia de Gest\u00e3o Democr\u00e1tica.<\/span><\/p>\n<p><strong>Diretor Respons\u00e1vel:<\/strong> Christy Ganzert Pato<\/p>\n<p><strong>Coordena\u00e7\u00e3o:<\/strong> S\u00edlvia Aparecida Santos de Carvalho<\/p>\n<p><strong>P\u00fablico Alvo:<\/strong> Conselheiros dos CRECEs &#8211; central e regionais.<\/p>\n<p><strong>Carga Hor\u00e1ria:<\/strong> 20h &#8211; 16h presenciais e 4h para elabora\u00e7\u00e3o do projeto de a\u00e7\u00e3o.<\/p>\n<p><strong>Inscri\u00e7\u00f5es:<\/strong> Encerradas. <a href=\"http:\/\/www.saopaulo.sp.leg.br\/escoladoparlamento\/wp-content\/uploads\/sites\/5\/2016\/09\/Rela\u00e7\u00e3o-final-de-selecionados-1.pdf\">Rela\u00e7\u00e3o Final de Selecionados<\/a>.<\/p>\n<p><b>Avalia\u00e7\u00e3o:\u00a0<\/b>Os participantes do Curso dever\u00e3o: a) elaborar Projeto de Interven\u00e7\u00e3o que promova a gest\u00e3o democr\u00e1tica da escola, a ser entregue para a Coordena\u00e7\u00e3o do Curso;\u00a0 b)obter 100% de presen\u00e7a nas aulas.<\/p>\n<p><strong>Programa\u00e7\u00e3o:<\/strong><\/p>\n<table>\n<tbody>\n<tr>\n<td><strong>Data<\/strong><\/td>\n<td><strong>Hora<\/strong><\/td>\n<td><strong>Local<\/strong><\/td>\n<td><strong>Palestrante<\/strong><\/td>\n<\/tr>\n<tr>\n<td rowspan=\"2\"><strong>08\/out<\/strong><\/p>\n<p>[<a href=\"http:\/\/camarasp.flashserverbr.com\/23110\">V\u00eddeo<\/a>]<\/td>\n<td>\u00a09h-11h<\/td>\n<td rowspan=\"2\">\u00a0<a href=\"http:\/\/www.saopaulo.sp.leg.br\/transparencia\/auditorios-online\/sala-sergio-vieira-de-mello-sala\/\">Sala S\u00e9rgio Vieira de Mello \u2013 (\u201cSala A\u201d)<\/a><\/td>\n<td><a href=\"http:\/\/lattes.cnpq.br\/7942053462612133\">Angela Antunes<\/a><\/td>\n<\/tr>\n<tr>\n<td>\u00a011h-13h<\/td>\n<td><a href=\"http:\/\/lattes.cnpq.br\/4930782409192080\">Eliseu Muniz<\/a><\/td>\n<\/tr>\n<tr>\n<td><strong>22\/out<\/strong><\/td>\n<td>\u00a09h -13h<\/td>\n<td>\u00a0<a href=\"http:\/\/www.sinesp.org.br\/\">SINESP<\/a><\/td>\n<td>Eliseu Muniz<\/td>\n<\/tr>\n<tr>\n<td rowspan=\"2\"><strong>05\/nov<\/strong><\/p>\n<p>[<a href=\"http:\/\/camarasp.flashserverbr.com\/23502\">V\u00eddeo 1<\/a>] [<a href=\"http:\/\/camarasp.flashserverbr.com\/23503\">V\u00eddeo 2<\/a>]<\/td>\n<td>\u00a09h-10h<\/td>\n<td rowspan=\"2\">\u00a0<a href=\"http:\/\/www.saopaulo.sp.leg.br\/transparencia\/auditorios-online\/auditorio-prestes-maia\/\">Audit\u00f3rio Prestes Maia (Plenarinho)<\/a><\/td>\n<td>Eliseu Muniz<\/td>\n<\/tr>\n<tr>\n<td>\u00a010h-13h<\/td>\n<td>Eliseu Muniz<\/td>\n<\/tr>\n<tr>\n<td><strong>12\/nov<\/strong><\/td>\n<td>\u00a09h-13h<\/td>\n<td>\u00a0<a href=\"http:\/\/www.saopaulo.sp.leg.br\/transparencia\/auditorios-online\/sala-sergio-vieira-de-mello-sala\/\">Sala S\u00e9rgio Vieira de Mello \u2013 (\u201cSala A\u201d)<\/a><\/td>\n<td>Eliseu Muniz<\/td>\n<\/tr>\n<\/tbody>\n<\/table>\n<p><strong>Palestrantes:<\/strong><\/p>\n<p style=\"padding-left: 30px\"><strong>Angela Maria Biz Rosa Antunes: <\/strong>Doutora e Mestre em Educa\u00e7\u00e3o pela Faculdade de Educa\u00e7\u00e3o da USP &#8211; FEUSP\u00a0(2002 e 1997), Licenciada em Letras (1982) e Pedagoga (1985). Atualmente \u00e9 diretora Pedag\u00f3gica do Instituto Paulo Freire (<a href=\"http:\/\/lattes.cnpq.br\/7942053462612133\">Lattes<\/a>).<\/p>\n<p style=\"padding-left: 30px\"><strong>Eliseu Muniz dos Santos: <\/strong>Possui Bacharelado e Licenciatura em Hist\u00f3ria pela PUC-SP, Mestrado em Educa\u00e7\u00e3o pela PUC-SP (1997) e Especializa\u00e7\u00e3o em Gest\u00e3o P\u00fablica pela UNIFESP. Atualmente desenvolve consultoria \u00e0 administra\u00e7\u00e3o p\u00fablica na formula\u00e7\u00e3o, implementa\u00e7\u00e3o e avalia\u00e7\u00e3o de pol\u00edticas p\u00fablicas e projetos educacionais (<a href=\"http:\/\/lattes.cnpq.br\/4930782409192080\">Lattes<\/a>).<\/p>\n<p>&nbsp;<\/p>\n<p><strong>Bibliografia:<\/strong><\/p>\n<p>ARELARO, Lisete. <strong>O ensino fundamental no Brasil: avan\u00e7os, perplexidades e tend\u00eancias<\/strong>. Educa\u00e7\u00e3o e Sociedade. Campinas, vol. 26, n\u00ba2, p. 1039. Out. 2005. Dispon\u00edvel em &lt;http:\/\/www.cedes.unicamp.br&gt;<\/p>\n<p>BENEVIDES, Maria Vit\u00f3ria. <strong>A Cidadania Ativa: referendo, plebiscito e iniciativa popular<\/strong>. S\u00e3o Paulo, Editora \u00c1tica, 1991.<\/p>\n<p>CARIA, A. S. <strong>Projeto Pol\u00edtico-pedag\u00f3gico \u2013 em busca de novos sentidos<\/strong>. 1\u00aa Ed. S\u00e3o Paulo: Editora e Livraria Instituto Paulo Freire, 2011, v.1. 144p.<\/p>\n<p>FREIRE, Paulo. <strong>Pedagogia do Oprimido<\/strong>. Rio de Janeiro: Paz e Terra, 2005, 42\u00aa edi\u00e7\u00e3o.<\/p>\n<p>___________ <strong>Pedagogia da Esperan\u00e7a<\/strong>. S\u00e3o Paulo: Paz e Terra, 2000.<\/p>\n<p>___________ <strong>Pedagogia da Autonomia.<\/strong> Rio de Janeiro: Paz e Terra, 1997.<\/p>\n<p>___________ e SHOR, I. <strong>Medo e Ousadia<\/strong>. Rio de Janeiro: Paz e Terra, 1987.<\/p>\n<p>LUCK, Helo\u00edsa &amp; Et alii. <strong>A Escola Participativa: o trabalho do Gestor Escolar.<\/strong> S\u00e3o Paulo: Vozes, 10 edi\u00e7\u00e3o.<\/p>\n<p>CISESKI, \u00c2ngela Antunes. <strong>Aceita um Conselho? Teoria e pr\u00e1tica da gest\u00e3o participativa na escola p\u00fablica.<\/strong> Disserta\u00e7\u00e3o de Mestrado. S\u00e3o Paulo: FEUSP, 1997.<\/p>\n<p>AGUIAR, R.C.L.; GR\u00c1CIO J. C. <strong>Gr\u00eamio Estudantil: construindo novas rela\u00e7\u00f5es na escola.<\/strong> In BASTOS, J. B. <em>Gest\u00e3o Democr\u00e1tica.<\/em> 3\u00aa edi\u00e7\u00e3o. Rio de Janeiro: 2002, p. 73-82.<\/p>\n","protected":false},"excerpt":{"rendered":"<p>Objetivos: Oferecer processo de forma\u00e7\u00e3o para os representantes dos diferentes segmentos escolares dos CRECEs Central e Regionais a fim de possibilitar a constru\u00e7\u00e3o de a\u00e7\u00f5es que fortale\u00e7am a Gest\u00e3o Democr\u00e1tica nas Escolas e contribuir para a consolida\u00e7\u00e3o do CRECE enquanto inst\u00e2ncia de Gest\u00e3o Democr\u00e1tica. Diretor Respons\u00e1vel: Christy Ganzert Pato Coordena\u00e7\u00e3o: S\u00edlvia Aparecida Santos de Carvalho [&hellip;]<\/p>\n","protected":false},"author":127,"featured_media":0,"parent":3097,"menu_order":541,"comment_status":"closed","ping_status":"closed","template":"","meta":{"_acf_changed":false,"footnotes":""},"class_list":["post-5349","page","type-page","status-publish","hentry"],"acf":[],"_links":{"self":[{"href":"https:\/\/www.saopaulo.sp.leg.br\/escoladoparlamento\/wp-json\/wp\/v2\/pages\/5349","targetHints":{"allow":["GET"]}}],"collection":[{"href":"https:\/\/www.saopaulo.sp.leg.br\/escoladoparlamento\/wp-json\/wp\/v2\/pages"}],"about":[{"href":"https:\/\/www.saopaulo.sp.leg.br\/escoladoparlamento\/wp-json\/wp\/v2\/types\/page"}],"author":[{"embeddable":true,"href":"https:\/\/www.saopaulo.sp.leg.br\/escoladoparlamento\/wp-json\/wp\/v2\/users\/127"}],"replies":[{"embeddable":true,"href":"https:\/\/www.saopaulo.sp.leg.br\/escoladoparlamento\/wp-json\/wp\/v2\/comments?post=5349"}],"version-history":[{"count":0,"href":"https:\/\/www.saopaulo.sp.leg.br\/escoladoparlamento\/wp-json\/wp\/v2\/pages\/5349\/revisions"}],"up":[{"embeddable":true,"href":"https:\/\/www.saopaulo.sp.leg.br\/escoladoparlamento\/wp-json\/wp\/v2\/pages\/3097"}],"wp:attachment":[{"href":"https:\/\/www.saopaulo.sp.leg.br\/escoladoparlamento\/wp-json\/wp\/v2\/media?parent=5349"}],"curies":[{"name":"wp","href":"https:\/\/api.w.org\/{rel}","templated":true}]}}