{"id":5201,"date":"2016-08-29T15:12:34","date_gmt":"2016-08-29T18:12:34","guid":{"rendered":"http:\/\/www.saopaulo.sp.leg.br\/escoladoparlamento\/?page_id=5201"},"modified":"2016-11-24T16:09:08","modified_gmt":"2016-11-24T18:09:08","slug":"seminario-governanca-metropolitana-desafios-e-perspectivas","status":"publish","type":"page","link":"https:\/\/www.saopaulo.sp.leg.br\/escoladoparlamento\/cursos\/cursos-anteriores\/cursos-realizados-em-2016\/seminario-governanca-metropolitana-desafios-e-perspectivas\/","title":{"rendered":"Semin\u00e1rio Governan\u00e7a Metropolitana: Desafios e Perspectivas"},"content":{"rendered":"<p><strong>Objetivos:<\/strong> Debater, com base em uma perspectiva comparada, distintos aspectos da governan\u00e7a metropolitana, como a coordena\u00e7\u00e3o de servi\u00e7os p\u00fablicos de compet\u00eancias compartilhadas, os cons\u00f3rcios municipais e experi\u00eancias em outros pa\u00edses.<\/p>\n<p><strong>Diretor Respons\u00e1vel:<\/strong> Christy Ganzert Pato<\/p>\n<p><strong>P\u00fablico Alvo:<\/strong> servidores p\u00fablicos, estudantes e mun\u00edcipes interessados.<\/p>\n<p><strong>Carga Hor\u00e1ria:<\/strong> 9h<\/p>\n<p><strong>Programa\u00e7\u00e3o:<\/strong><\/p>\n<table>\n<tbody>\n<tr>\n<td><strong>Data<\/strong><\/td>\n<td><strong>Hora<\/strong><\/td>\n<td><strong>Local<\/strong><\/td>\n<td><strong>Tema<\/strong><\/td>\n<td><strong>Palestrantes<\/strong><\/td>\n<\/tr>\n<tr>\n<td><strong>21\/nov<\/strong><\/td>\n<td>19h \u2013 22h<\/td>\n<td>\u00a0<a title=\"Sala S\u00e9rgio Vieira de Mello \u2013 (\u201cSala A\u201d)\" href=\"http:\/\/www.saopaulo.sp.leg.br\/transparencia\/auditorios-online\/sala-sergio-vieira-de-mello-sala\/\">Sala S\u00e9rgio Vieira de Mello \u2013 (\u201cSala A\u201d)<\/a><\/td>\n<td><em>Governan\u00e7a Metropolitana em perspectiva comparada\u00a0<\/em><\/td>\n<td>Vicente Trevas (PMSP)<\/p>\n<p>Rovena Maria Negreiros (SEADE)<\/td>\n<\/tr>\n<tr>\n<td><strong>22\/nov<\/strong><\/td>\n<td>19h \u2013 22h<\/td>\n<td>\u00a0<a title=\"Sala S\u00e9rgio Vieira de Mello \u2013 (\u201cSala A\u201d)\" href=\"http:\/\/www.saopaulo.sp.leg.br\/transparencia\/auditorios-online\/sala-sergio-vieira-de-mello-sala\/\">Sala S\u00e9rgio Vieira de Mello<\/a><\/td>\n<td><em>Cons\u00f3rcios P\u00fablicos Municipais: Lei de Cons\u00f3rcios e experi\u00eancias no Brasil<\/em><\/td>\n<td>Miguel Matteo (IPEA) &#8211;<\/p>\n<p>Paula Losada (Prefeitura de Cubat\u00e3o)<\/p>\n<p>Carolina Heldt D&#8217;Almeida (SMDU)<\/td>\n<\/tr>\n<tr>\n<td><strong>23\/nov<\/strong><\/td>\n<td>19h \u2013 22h<\/td>\n<td>\u00a0<a title=\"Sala S\u00e9rgio Vieira de Mello \u2013 (\u201cSala A\u201d)\" href=\"http:\/\/www.saopaulo.sp.leg.br\/transparencia\/auditorios-online\/sala-sergio-vieira-de-mello-sala\/\">Sala S\u00e9rgio Vieira de Mello<\/a><\/td>\n<td><em>Coordena\u00e7\u00e3o de Agentes P\u00fablicos na Presta\u00e7\u00e3o de Servi\u00e7os: Saneamento, Transportes e Res\u00edduos S\u00f3lidos<\/em><\/td>\n<td>Wladmir Ribeiro (Advogado)<\/p>\n<p>Carolina Requena (DCP-USP)<\/p>\n<p>Samuel de Godoy (PMSP) [<a href=\"http:\/\/www.teses.usp.br\/teses\/disponiveis\/8\/8131\/tde-12012016-135131\/pt-br.php\">Tese de Mestrado<\/a>]<\/td>\n<\/tr>\n<\/tbody>\n<\/table>\n<p><strong>Bibliografia:<\/strong><\/p>\n<p align=\"LEFT\"><a href=\"http:\/\/gestaourbana.prefeitura.sp.gov.br\/wp-content\/uploads\/2016\/06\/PDUI-PMSP-ABC-GRU-contributo-ao-Caderno-Preliminar-de-Propostas.pdf\">Plano de Desenvolvimento Urbano Integrado RMSP<\/a><\/p>\n<p><strong>Palestrantes:<\/strong><\/p>\n<p><strong>Vicente Trevas:<\/strong> Soci\u00f3logo, foi subchefe da Secretaria de Assuntos Federativos do governo Lula e atualmente \u00e9\u00a0Secret\u00e1rio\u00a0Municipal de Rela\u00e7\u00f5es Internacionais e Federativas &#8211; SMRIF.<\/p>\n<p><strong>Rovena Maria Carvalho Negreiros:<\/strong> Possui gradua\u00e7\u00e3o em Direito pela Universidade Federal do Esp\u00edrito Santo(1981) e mestrado em Direito pela Universidade Federal de Santa Catarina(1988). Atualmente \u00e9 Membro do Conselho da Prefeitura Municipal de Campinas e Pesquisadora da Universidade Estadual de Campinas. Atuando principalmente nos seguintes temas: Gest\u00e3o Metropolitana. (<a href=\"http:\/\/lattes.cnpq.br\/4998097282244738\">CV Lattes<\/a>)<\/p>\n<p><strong>Miguel Matteo:<\/strong> Possui gradua\u00e7\u00e3o em Engenharia Civil pela Universidade Presbiteriana Mackenzie (1978), mestrado em Administra\u00e7\u00e3o P\u00fablica e Governo pela Funda\u00e7\u00e3o Getulio Vargas &#8211; SP (1990) e doutorado em Ci\u00eancia Econ\u00f4mica pela Universidade Estadual de Campinas (2007). Atualmente \u00e9 t\u00e9cnico de planejamento e pesquisa do Instituto de Pesquisa Econ\u00f4mica Aplicada &#8211; DF. Tem experi\u00eancia na \u00e1rea de Planejamento Urbano e Regional, com \u00eanfase em Teoria do Planejamento Urbano e Regional, atuando principalmente nos seguintes temas: ind\u00fastria paulista, distribui\u00e7\u00e3o espacial da ind\u00fastria paulista, caracter\u00edsticas da ind\u00fastria paulista, regi\u00e3o metropolitana de s\u00e3o paulo e pesquisa da ind\u00fastria da constru\u00e7\u00e3o. (<a href=\"http:\/\/lattes.cnpq.br\/9807666635594130\">CV Lattes<\/a>)<\/p>\n<p><strong>Paula Losada:<\/strong> \u00c9 advogada, graduada em Ci\u00eancias Jur\u00eddicas pela Universidade de S\u00e3o Paulo (USP), especialista em pol\u00edticas publicas pela Funda\u00e7\u00e3o Escola de Governo e mestre em Direito P\u00fablico pela Universidade de Bras\u00edlia (UnB). Ela \u00e9 procuradora do Munic\u00edpio de Cubat\u00e3o, em S\u00e3o Paulo, desde 2000. Antes, exerceu diversas fun\u00e7\u00f5es elevadas na administra\u00e7\u00e3o p\u00fablica municipal, entre elas Procuradora do Patrim\u00f4nio Imobili\u00e1rio de S\u00e3o Jos\u00e9 dos Campos, Secret\u00e1ria de Justi\u00e7a e Direitos Humanos em Ca\u00e7apava, Chefe da Assessoria Jur\u00eddica de Cubat\u00e3o e Assessora da Secretaria de Habita\u00e7\u00e3o de S\u00e3o Paulo. Desde 2003 est\u00e1 cedida \u00e0 Presid\u00eancia da Rep\u00fablica, onde foi Subchefe adjunta de Assuntos Jur\u00eddicos da Casa Civil at\u00e9 2005. Atualmente atua como assessora especial da Subchefia de Assuntos Federativos da Secretaria de Rela\u00e7\u00f5es Institucionais. No exerc\u00edcio desta fun\u00e7\u00e3o, participou da elabora\u00e7\u00e3o da Lei de Cons\u00f3rcios P\u00fablicos e seu regulamento, do Comit\u00ea de Articula\u00e7\u00e3o Federativa (CAF) e de diversas iniciativas para a melhoria das rela\u00e7\u00f5es intergovernamentais no Brasil. (<a href=\"http:\/\/lattes.cnpq.br\/0771608585160464\">CV Lattes<\/a>)<\/p>\n<p><strong>Carolina Heldt D\u2019Almeida:\u00a0<\/strong>Assessora do Gabinete da Secretaria Municipal de Desenvolvimento Urbano e\u00a0Coordenadora da Comiss\u00e3o T\u00e9cnica do PDUI pela Prefeitura de S\u00e3o Paulo.\u00a0Arquiteta e Urbanista graduada pela Faculdade de Arquitetura e Urbanismo da Universidade de S\u00e3o Paulo &#8211; FAU USP, Mestre e Doutoranda pelo Instituto de Arquitetura e Urbanismo da Universidade de S\u00e3o Paulo &#8211; IAU USP. Assessora T\u00e9cnica do Gabinete da Secretaria Municipal de Desenvolvimento Urbano da Prefeitura Municipal de S\u00e3o Paulo, Chefe da Assessoria de Pesquisa Aplicada e Fomento da Secretaria de Desenvolvimento Urbano da Prefeitura de S\u00e3o Paulo. (<a href=\"http:\/\/lattes.cnpq.br\/8679880648786975\">CV Lattes<\/a>)<\/p>\n<p><strong>Carolina Requena:<\/strong> \u00c9 doutoranda no Departamento de Ci\u00eancia Pol\u00edtica da Universidade de S\u00e3o Paulo (DCP-USP). Estuda pol\u00edticas urbanas e poder no n\u00edvel local, com especial interesse pelos efeitos da ag\u00eancia do Estado e de suas burocracias sobre os resultados de pol\u00edticas p\u00fablicas. (<a href=\"http:\/\/lattes.cnpq.br\/7082767228275216\">CV Lattes<\/a>)<\/p>\n<p><strong>Samuel de Godoy:<\/strong> Mestre em Ci\u00eancia Pol\u00edtica pela Universidade de S\u00e3o Paulo (2015) e pesquisador j\u00fanior do Centro de Estudos da Metr\u00f3pole (CEM). Bacharel em Ci\u00eancias Sociais (2011) pela Universidade de S\u00e3o Paulo. \u00c1reas de interesse: pol\u00edticas p\u00fablicas, pol\u00edtica urbana, m\u00e9todos e t\u00e9cnicas de pesquisa em Ci\u00eancia Pol\u00edtica. (<a href=\"http:\/\/lattes.cnpq.br\/3476189886387044\">CV Lattes<\/a>)<\/p>\n","protected":false},"excerpt":{"rendered":"<p>Objetivos: Debater, com base em uma perspectiva comparada, distintos aspectos da governan\u00e7a metropolitana, como a coordena\u00e7\u00e3o de servi\u00e7os p\u00fablicos de compet\u00eancias compartilhadas, os cons\u00f3rcios municipais e experi\u00eancias em outros pa\u00edses. Diretor Respons\u00e1vel: Christy Ganzert Pato P\u00fablico Alvo: servidores p\u00fablicos, estudantes e mun\u00edcipes interessados. Carga Hor\u00e1ria: 9h Programa\u00e7\u00e3o: Data Hora Local Tema Palestrantes 21\/nov 19h \u2013 [&hellip;]<\/p>\n","protected":false},"author":127,"featured_media":0,"parent":3097,"menu_order":544,"comment_status":"closed","ping_status":"closed","template":"","meta":{"_acf_changed":false,"footnotes":""},"class_list":["post-5201","page","type-page","status-publish","hentry"],"acf":[],"_links":{"self":[{"href":"https:\/\/www.saopaulo.sp.leg.br\/escoladoparlamento\/wp-json\/wp\/v2\/pages\/5201","targetHints":{"allow":["GET"]}}],"collection":[{"href":"https:\/\/www.saopaulo.sp.leg.br\/escoladoparlamento\/wp-json\/wp\/v2\/pages"}],"about":[{"href":"https:\/\/www.saopaulo.sp.leg.br\/escoladoparlamento\/wp-json\/wp\/v2\/types\/page"}],"author":[{"embeddable":true,"href":"https:\/\/www.saopaulo.sp.leg.br\/escoladoparlamento\/wp-json\/wp\/v2\/users\/127"}],"replies":[{"embeddable":true,"href":"https:\/\/www.saopaulo.sp.leg.br\/escoladoparlamento\/wp-json\/wp\/v2\/comments?post=5201"}],"version-history":[{"count":0,"href":"https:\/\/www.saopaulo.sp.leg.br\/escoladoparlamento\/wp-json\/wp\/v2\/pages\/5201\/revisions"}],"up":[{"embeddable":true,"href":"https:\/\/www.saopaulo.sp.leg.br\/escoladoparlamento\/wp-json\/wp\/v2\/pages\/3097"}],"wp:attachment":[{"href":"https:\/\/www.saopaulo.sp.leg.br\/escoladoparlamento\/wp-json\/wp\/v2\/media?parent=5201"}],"curies":[{"name":"wp","href":"https:\/\/api.w.org\/{rel}","templated":true}]}}