{"id":5090,"date":"2016-08-15T13:12:49","date_gmt":"2016-08-15T16:12:49","guid":{"rendered":"http:\/\/www.saopaulo.sp.leg.br\/escoladoparlamento\/?page_id=5090"},"modified":"2017-07-11T10:30:32","modified_gmt":"2017-07-11T13:30:32","slug":"ciclo-de-debates-financiamento-e-politicas-publicas-2","status":"publish","type":"page","link":"https:\/\/www.saopaulo.sp.leg.br\/escoladoparlamento\/cursos\/cursos-anteriores\/cursos-realizados-em-2016\/ciclo-de-debates-financiamento-e-politicas-publicas-2\/","title":{"rendered":"Ciclo de Debates Financiamento e Pol\u00edticas P\u00fablicas"},"content":{"rendered":"<p><iframe loading=\"lazy\" title=\"Escola do Parlamento promove curso sobre pol\u00edticas p\u00fablicas\" width=\"640\" height=\"480\" src=\"https:\/\/www.youtube.com\/embed\/WYF6KbBEVIQ?feature=oembed\" frameborder=\"0\" allow=\"accelerometer; autoplay; clipboard-write; encrypted-media; gyroscope; picture-in-picture; web-share\" referrerpolicy=\"strict-origin-when-cross-origin\" allowfullscreen><\/iframe><\/p>\n<hr \/>\n<p><strong>Objetivos:<\/strong> discutir e compreender o sistema de financiamento e a gest\u00e3o de pol\u00edticas p\u00fablicas \u00e9 fundamental para aqueles que trabalham na elabora\u00e7\u00e3o legislativa e refletem constantemente sobre as pol\u00edticas p\u00fablicas. Com esse objetivo a Equipe da Consultoria T\u00e9cnica Legislativa da \u00e1rea social prop\u00f4s a Escola do Parlamento a organiza\u00e7\u00e3o de um ciclo de debates para discutir e aprofundar os conhecimentos do seu quadro t\u00e9cnico, sobre temas de fundamental import\u00e2ncia para o processo legislativo.<\/p>\n<p><strong>Diretor Respons\u00e1vel:<\/strong> Lara Mesquita Ramos<\/p>\n<p><strong>Coordena\u00e7\u00e3o:<\/strong> Roberto Tadeu Noritomi<\/p>\n<p><strong>P\u00fablico Alvo:<\/strong> Consultores Legislativos da CMSP e de outras edilidades familiarizados com o debate; gestores p\u00fablicos e estudantes de pol\u00edticas p\u00fablicas.<\/p>\n<p><strong>Vagas:<\/strong> 40<\/p>\n<p><strong>Carga Hor\u00e1ria:<\/strong> 20 horas<\/p>\n<p><strong>Programa\u00e7\u00e3o:<\/strong><\/p>\n<table>\n<tbody>\n<tr>\n<td><strong>Data<\/strong><\/td>\n<td><strong>Hora<\/strong><\/td>\n<td><strong>Palestrante*<\/strong><\/td>\n<td><strong>Tema da palestra\/aula<\/strong><\/td>\n<\/tr>\n<tr>\n<td><strong>29\/02<\/strong><\/td>\n<td>10 \u2013 13h<\/td>\n<td># Fabio Pereira (CMSP)<\/td>\n<td><em>Fontes de Financiamento<\/em><\/td>\n<\/tr>\n<tr>\n<td><strong>29\/03<\/strong><\/td>\n<td>10 \u2013 13h<\/td>\n<td># Maria Luiza Levi (Federal do ABC)<\/td>\n<td><em>Financiamento da Sa\u00fade<\/em><\/td>\n<\/tr>\n<tr>\n<td><strong>25\/04<\/strong><\/td>\n<td>10h \u2013 13h<\/td>\n<td># Ursula Peres (USP Leste)<\/td>\n<td><em>Financiamento da Educa\u00e7\u00e3o<\/em><\/td>\n<\/tr>\n<tr>\n<td><strong>17\/05<\/strong><\/td>\n<td>10h \u2013 13h<\/td>\n<td>#Alda\u00edza Sposati (PUC-SP)<\/td>\n<td><em>Financiamento da Assist\u00eancia Social<\/em><\/td>\n<\/tr>\n<tr>\n<td><strong>27\/06<\/strong><\/td>\n<td>10h \u2013 13h<\/td>\n<td># Frederico Augusto Barbosa da Silva (IPEA)<\/td>\n<td><em>Financiamento da Cultura<\/em><\/td>\n<\/tr>\n<\/tbody>\n<\/table>\n","protected":false},"excerpt":{"rendered":"<p>Objetivos: discutir e compreender o sistema de financiamento e a gest\u00e3o de pol\u00edticas p\u00fablicas \u00e9 fundamental para aqueles que trabalham na elabora\u00e7\u00e3o legislativa e refletem constantemente sobre as pol\u00edticas p\u00fablicas. Com esse objetivo a Equipe da Consultoria T\u00e9cnica Legislativa da \u00e1rea social prop\u00f4s a Escola do Parlamento a organiza\u00e7\u00e3o de um ciclo de debates para [&hellip;]<\/p>\n","protected":false},"author":183,"featured_media":0,"parent":3097,"menu_order":547,"comment_status":"closed","ping_status":"closed","template":"","meta":{"_acf_changed":false,"footnotes":""},"class_list":["post-5090","page","type-page","status-publish","hentry"],"acf":[],"_links":{"self":[{"href":"https:\/\/www.saopaulo.sp.leg.br\/escoladoparlamento\/wp-json\/wp\/v2\/pages\/5090","targetHints":{"allow":["GET"]}}],"collection":[{"href":"https:\/\/www.saopaulo.sp.leg.br\/escoladoparlamento\/wp-json\/wp\/v2\/pages"}],"about":[{"href":"https:\/\/www.saopaulo.sp.leg.br\/escoladoparlamento\/wp-json\/wp\/v2\/types\/page"}],"author":[{"embeddable":true,"href":"https:\/\/www.saopaulo.sp.leg.br\/escoladoparlamento\/wp-json\/wp\/v2\/users\/183"}],"replies":[{"embeddable":true,"href":"https:\/\/www.saopaulo.sp.leg.br\/escoladoparlamento\/wp-json\/wp\/v2\/comments?post=5090"}],"version-history":[{"count":0,"href":"https:\/\/www.saopaulo.sp.leg.br\/escoladoparlamento\/wp-json\/wp\/v2\/pages\/5090\/revisions"}],"up":[{"embeddable":true,"href":"https:\/\/www.saopaulo.sp.leg.br\/escoladoparlamento\/wp-json\/wp\/v2\/pages\/3097"}],"wp:attachment":[{"href":"https:\/\/www.saopaulo.sp.leg.br\/escoladoparlamento\/wp-json\/wp\/v2\/media?parent=5090"}],"curies":[{"name":"wp","href":"https:\/\/api.w.org\/{rel}","templated":true}]}}