{"id":4921,"date":"2016-07-29T16:47:29","date_gmt":"2016-07-29T19:47:29","guid":{"rendered":"http:\/\/www.saopaulo.sp.leg.br\/escoladoparlamento\/?page_id=4921"},"modified":"2018-05-11T16:37:15","modified_gmt":"2018-05-11T19:37:15","slug":"dimensoes-politicas-e-tecnico-operativas-na-atencao-a-populacao-em-situacao-de-rua","status":"publish","type":"page","link":"https:\/\/www.saopaulo.sp.leg.br\/escoladoparlamento\/cursos\/cursos-anteriores\/cursos-realizados-em-2016\/dimensoes-politicas-e-tecnico-operativas-na-atencao-a-populacao-em-situacao-de-rua\/","title":{"rendered":"Dimens\u00f5es pol\u00edticas e t\u00e9cnico-operativas na aten\u00e7\u00e3o \u00e0 popula\u00e7\u00e3o em situa\u00e7\u00e3o de rua"},"content":{"rendered":"<p><iframe loading=\"lazy\" title=\"Escola do Parlamento promove curso sobre programas assistenciais\" width=\"640\" height=\"480\" src=\"https:\/\/www.youtube.com\/embed\/4EF2UfxI9Zo?feature=oembed\" frameborder=\"0\" allow=\"accelerometer; autoplay; clipboard-write; encrypted-media; gyroscope; picture-in-picture; web-share\" referrerpolicy=\"strict-origin-when-cross-origin\" allowfullscreen><\/iframe><\/p>\n<p><iframe loading=\"lazy\" title=\"Pol\u00edticas para moradores de rua s\u00e3o tema de curso na CMSP\" width=\"640\" height=\"480\" src=\"https:\/\/www.youtube.com\/embed\/fXIsJoqWfvM?feature=oembed\" frameborder=\"0\" allow=\"accelerometer; autoplay; clipboard-write; encrypted-media; gyroscope; picture-in-picture; web-share\" referrerpolicy=\"strict-origin-when-cross-origin\" allowfullscreen><\/iframe><\/p>\n<p><iframe loading=\"lazy\" title=\"Curso sobre direitos da popula\u00e7\u00e3o em situa\u00e7\u00e3o de rua faz \u00faltima aula\" width=\"640\" height=\"480\" src=\"https:\/\/www.youtube.com\/embed\/6NPyo03F8Yw?feature=oembed\" frameborder=\"0\" allow=\"accelerometer; autoplay; clipboard-write; encrypted-media; gyroscope; picture-in-picture; web-share\" referrerpolicy=\"strict-origin-when-cross-origin\" allowfullscreen><\/iframe><\/p>\n<hr \/>\n<p><strong>Objetivos:<\/strong>\u00a0Apreender fundamentos e conceitos da Pol\u00edtica Nacional para a Popula\u00e7\u00e3o em Situa\u00e7\u00e3o de Rua.\u00a0Propiciar uma an\u00e1lise da vida em condi\u00e7\u00e3o de rua como manifesta\u00e7\u00e3o atual do pauperismo.\u00a0\u00a0Compreender a import\u00e2ncia da aten\u00e7\u00e3o \u00e0 popula\u00e7\u00e3o em situa\u00e7\u00e3o de rua na perspectiva \u00e9tica e dos direitos humanos.\u00a0Oferecer elementos te\u00f3ricos, \u00e9ticos e t\u00e9cnicos para profissionais e demais membros e setores da sociedade civil envolvidos com o planejamento e execu\u00e7\u00e3o de programas e a\u00e7\u00f5es de aten\u00e7\u00e3o \u00e0s pessoas em situa\u00e7\u00e3o de rua.<\/p>\n<p><strong>Diretora Respons\u00e1vel:<\/strong> Lara Mesquita<\/p>\n<p><strong>Coordenadores:<\/strong> Joana Duarte e Damares Pereira Vicente<\/p>\n<p><strong>P\u00fablico Alvo:<\/strong> Profissionais de n\u00edvel m\u00e9dio e de n\u00edvel universit\u00e1rio que trabalham com essa popula\u00e7\u00e3o nas \u00e1reas da Assist\u00eancia Social, Sa\u00fade e Previd\u00eancia Social; parlamentares e assessores de gabinetes; demais cidad\u00e3os da sociedade civil pertencentes aos mecanismos de participa\u00e7\u00e3o popular e de controle social, especialmente conselheiros dos diversos conselhos de pol\u00edticas p\u00fablicas afeitos ao tema.<\/p>\n<p><strong>Vagas:<\/strong> 80 vagas<\/p>\n<p><strong>Carga Hor\u00e1ria:<\/strong> 15h (5 aulas de 3h)<\/p>\n<p><strong>Programa\u00e7\u00e3o:\u00a0<\/strong><\/p>\n<table>\n<tbody>\n<tr>\n<td><strong>Data<\/strong><\/td>\n<td><strong>Hora<\/strong><\/td>\n<td><strong>Sala<\/strong><\/td>\n<td><strong>Palestrante<\/strong><\/td>\n<td><strong>Tema da aula<\/strong><\/td>\n<\/tr>\n<tr>\n<td><strong>06\/09<\/strong><\/td>\n<td>19-22h<\/td>\n<td><a title=\"Sala S\u00e9rgio Vieira de Mello \u2013 (\u201cSala A\u201d)\" href=\"http:\/\/www.saopaulo.sp.leg.br\/transparencia\/auditorios-online\/sala-sergio-vieira-de-mello-sala\/\">Sala S\u00e9rgio Vieira de Mello<\/a><\/td>\n<td><a href=\"http:\/\/lattes.cnpq.br\/5151159706227711\">Joana Maria G. F. Duarte<\/a><\/td>\n<td><em>Popula\u00e7\u00e3o em situa\u00e7\u00e3o de rua no SUAS\u00a0<\/em><\/td>\n<\/tr>\n<tr>\n<td><strong>08\/09<\/strong><\/td>\n<td>19-22h<\/td>\n<td><a title=\"Sala S\u00e9rgio Vieira de Mello \u2013 (\u201cSala A\u201d)\" href=\"http:\/\/www.saopaulo.sp.leg.br\/transparencia\/auditorios-online\/sala-sergio-vieira-de-mello-sala\/\">Sala S\u00e9rgio Vieira de Mello<\/a><\/td>\n<td>Daniela Skromov e <a href=\"http:\/\/lattes.cnpq.br\/7547757097448479\">Rafael Lessa<\/a><\/td>\n<td><em>Defesa de Direitos da Popula\u00e7\u00e3o em Situa\u00e7\u00e3o de Rua\u00a0<\/em><\/td>\n<\/tr>\n<tr>\n<td><strong>13\/09<\/strong><\/td>\n<td>19-22h<\/td>\n<td><a title=\"Sala S\u00e9rgio Vieira de Mello \u2013 (\u201cSala A\u201d)\" href=\"http:\/\/www.saopaulo.sp.leg.br\/transparencia\/auditorios-online\/sala-sergio-vieira-de-mello-sala\/\">Sala S\u00e9rgio Vieira de Mello<\/a><\/td>\n<td>Joana Maria G. F. Duarte<\/td>\n<td><em>Servi\u00e7os Socioassistenciais para pessoas em situa\u00e7\u00e3o de rua\u00a0<\/em><\/td>\n<\/tr>\n<tr>\n<td><strong>15\/09<\/strong><\/td>\n<td>19-22h<\/td>\n<td><a title=\"Sala S\u00e9rgio Vieira de Mello \u2013 (\u201cSala A\u201d)\" href=\"http:\/\/www.saopaulo.sp.leg.br\/transparencia\/auditorios-online\/sala-sergio-vieira-de-mello-sala\/\">Sala S\u00e9rgio Vieira de Mello<\/a><\/td>\n<td><a href=\"http:\/\/lattes.cnpq.br\/4201229965248592\">Damares Pereira Vicente<\/a><\/td>\n<td><em>Popula\u00e7\u00e3o em Situa\u00e7\u00e3o de Rua \u2013 Economia Solidaria e outras pol\u00edticas [<a href=\"http:\/\/camarasp.flashserverbr.com\/22855\">V\u00eddeo<\/a>]<\/em><\/td>\n<\/tr>\n<tr>\n<td><strong>20\/09<\/strong><\/td>\n<td>19-22h<\/td>\n<td><a title=\"Sala S\u00e9rgio Vieira de Mello \u2013 (\u201cSala A\u201d)\" href=\"http:\/\/www.saopaulo.sp.leg.br\/transparencia\/auditorios-online\/sala-sergio-vieira-de-mello-sala\/\">Sala S\u00e9rgio Vieira de Mello<\/a><\/td>\n<td><a href=\"http:\/\/lattes.cnpq.br\/6673246536654481\">Luiz Kohara<\/a><\/td>\n<td><em>Movimentos sociais da popula\u00e7\u00e3o em situa\u00e7\u00e3o de rua\u00a0<\/em><\/td>\n<\/tr>\n<\/tbody>\n<\/table>\n","protected":false},"excerpt":{"rendered":"<p>Objetivos:\u00a0Apreender fundamentos e conceitos da Pol\u00edtica Nacional para a Popula\u00e7\u00e3o em Situa\u00e7\u00e3o de Rua.\u00a0Propiciar uma an\u00e1lise da vida em condi\u00e7\u00e3o de rua como manifesta\u00e7\u00e3o atual do pauperismo.\u00a0\u00a0Compreender a import\u00e2ncia da aten\u00e7\u00e3o \u00e0 popula\u00e7\u00e3o em situa\u00e7\u00e3o de rua na perspectiva \u00e9tica e dos direitos humanos.\u00a0Oferecer elementos te\u00f3ricos, \u00e9ticos e t\u00e9cnicos para profissionais e demais membros e [&hellip;]<\/p>\n","protected":false},"author":183,"featured_media":0,"parent":3097,"menu_order":550,"comment_status":"closed","ping_status":"closed","template":"","meta":{"_acf_changed":false,"footnotes":""},"class_list":["post-4921","page","type-page","status-publish","hentry"],"acf":[],"_links":{"self":[{"href":"https:\/\/www.saopaulo.sp.leg.br\/escoladoparlamento\/wp-json\/wp\/v2\/pages\/4921","targetHints":{"allow":["GET"]}}],"collection":[{"href":"https:\/\/www.saopaulo.sp.leg.br\/escoladoparlamento\/wp-json\/wp\/v2\/pages"}],"about":[{"href":"https:\/\/www.saopaulo.sp.leg.br\/escoladoparlamento\/wp-json\/wp\/v2\/types\/page"}],"author":[{"embeddable":true,"href":"https:\/\/www.saopaulo.sp.leg.br\/escoladoparlamento\/wp-json\/wp\/v2\/users\/183"}],"replies":[{"embeddable":true,"href":"https:\/\/www.saopaulo.sp.leg.br\/escoladoparlamento\/wp-json\/wp\/v2\/comments?post=4921"}],"version-history":[{"count":0,"href":"https:\/\/www.saopaulo.sp.leg.br\/escoladoparlamento\/wp-json\/wp\/v2\/pages\/4921\/revisions"}],"up":[{"embeddable":true,"href":"https:\/\/www.saopaulo.sp.leg.br\/escoladoparlamento\/wp-json\/wp\/v2\/pages\/3097"}],"wp:attachment":[{"href":"https:\/\/www.saopaulo.sp.leg.br\/escoladoparlamento\/wp-json\/wp\/v2\/media?parent=4921"}],"curies":[{"name":"wp","href":"https:\/\/api.w.org\/{rel}","templated":true}]}}