{"id":4899,"date":"2016-07-29T13:11:07","date_gmt":"2016-07-29T16:11:07","guid":{"rendered":"http:\/\/www.saopaulo.sp.leg.br\/escoladoparlamento\/?page_id=4899"},"modified":"2018-05-11T16:28:26","modified_gmt":"2018-05-11T19:28:26","slug":"trocando-em-miudos-leitura-comentada-de-documentos-publicos","status":"publish","type":"page","link":"https:\/\/www.saopaulo.sp.leg.br\/escoladoparlamento\/cursos\/cursos-anteriores\/cursos-realizados-em-2016\/trocando-em-miudos-leitura-comentada-de-documentos-publicos\/","title":{"rendered":"Trocando em Mi\u00fados: leitura comentada de documentos p\u00fablicos"},"content":{"rendered":"<p><strong>Objetivos:<\/strong> Traduzir, para o p\u00fablico leigo, o conte\u00fado e principais trechos de documentos p\u00fablicos relevantes para o dia a dia do cidad\u00e3o e o planejamento e organiza\u00e7\u00e3o de pol\u00edticas p\u00fablicas.<\/p>\n<p><strong>Diretora Respons\u00e1vel:<\/strong> Carolina Cutrupi Ferreira<\/p>\n<p><strong>Coordenadora:<\/strong> Lara Mesquita Ramos<\/p>\n<p>&nbsp;<\/p>\n<h3><strong>Estatuto do Idoso:<\/strong> 5\/12, das 19h \u00e0s 22h<\/h3>\n<p><strong>Convidado:<\/strong> Renata Flores Tibyri\u00e7\u00e1<\/p>\n<p><strong>Local:<\/strong> <a title=\"Sala Oscar Pedroso Horta \u2013 (\u201cSala B\u201d)\" href=\"http:\/\/www.saopaulo.sp.leg.br\/transparencia\/auditorios-online\/sala-oscar-pedroso-horta-sala-b\/\">Sala Oscar Pedroso Horta \u2013 (\u201cSala B\u201d)<\/a><\/p>\n<h3>Acesse o documento na \u00edntegra: <a href=\"http:\/\/www.planalto.gov.br\/ccivil_03\/LEIS\/2003\/L10.741.htm\">Clique aqui<\/a>.<\/h3>\n<p><strong>Renata Flores Tibyri\u00e7\u00e1:<\/strong> Possui gradua\u00e7\u00e3o em Direito pela Universidade de S\u00e3o Paulo (1997), Especializa\u00e7\u00e3o em Direitos Humanos pela Universidade de S\u00e3o Paulo (2006) e mestrado em Dist\u00farbios do Desenvolvimento na Universidade Presbiteriana Mackenzie (2014). Doutoranda em Dist\u00farbios do Desenvolvimento na Universidade Presbiteriana Mackenzie. Atualmente \u00e9 Defensora P\u00fablica na Defensoria P\u00fablica do Estado de S\u00e3o Paulo, Coordenadora do N\u00facleo Especializado dos Direitos do Idoso e da Pessoa com Defici\u00eancia. Tem experi\u00eancia na \u00e1rea de Direito, com \u00eanfase em Direitos Humanos, Direito da Inf\u00e2ncia e Juventude, Direito \u00e0 sa\u00fade, Direito \u00e0 educa\u00e7\u00e3o e Direitos da Pessoa com Defici\u00eancia. (<a href=\"http:\/\/lattes.cnpq.br\/9315444428265658\">CV Lattes<\/a>)<\/p>\n<h3><\/h3>\n<h3><strong>Plano Nacional e Municipal de Seguran\u00e7a Alimentar e Nutricional:<\/strong>\u00a016\/11, das 19h \u00e0s 22h<\/h3>\n<p><iframe loading=\"lazy\" title=\"Semin\u00e1rio discute plano de seguran\u00e7a alimentar\" width=\"640\" height=\"480\" src=\"https:\/\/www.youtube.com\/embed\/YeMJGq6F7Q4?feature=oembed\" frameborder=\"0\" allow=\"accelerometer; autoplay; clipboard-write; encrypted-media; gyroscope; picture-in-picture; web-share\" referrerpolicy=\"strict-origin-when-cross-origin\" allowfullscreen><\/iframe><\/p>\n<p><strong>Convidados:<\/strong><\/p>\n<p><strong>Christiane Costa<\/strong> \u2013 Presidente do Conselho Municipal de Seguran\u00e7a Alimentar e Nutricional (COMUSAN-SP)<\/p>\n<p><strong>Marcelo Mazeta Lucas<\/strong> \u2013 Coordenador de Seguran\u00e7a Alimentar e Nutricional da Prefeitura de SP<\/p>\n<p><strong>Andr\u00e9 Luzzi<\/strong> \u2013 Conselheiro do COMUSAN-SP representando a sociedade civil<\/p>\n<p><strong>Vera Helena Lessa Villela<\/strong> \u2013 Conselheira do COMUSAN-SP representante do poder p\u00fablico municipal pela Secretaria da Sa\u00fade<\/p>\n<p>[<a href=\"http:\/\/www.saopaulo.sp.leg.br\/escoladoparlamento\/wp-content\/uploads\/sites\/5\/2016\/07\/APRESENTA\u00c7\u00c3O-Completa-PLAMSAN-nov-16.pdf\">Slides 1<\/a>] [<a href=\"http:\/\/www.saopaulo.sp.leg.br\/escoladoparlamento\/wp-content\/uploads\/sites\/5\/2016\/07\/PLAMSAN-e-o-Parlamento-Andr\u00e9-Luzzi.pdf\">Slides 2<\/a>]\u00a0[<a href=\"http:\/\/www.saopaulo.sp.leg.br\/escoladoparlamento\/wp-content\/uploads\/sites\/5\/2016\/07\/seminario-camara-municipal_nov16.pdf\">Slides 3<\/a>]<\/p>\n<p>Acesso o documento na \u00edntegra: <a href=\"http:\/\/www.mds.gov.br\/webarquivos\/publicacao\/seguranca_alimentar\/plano_nacional_seguranca_nacional_revisado.pdf\">Clique aqui<\/a>.<\/p>\n<p>&nbsp;<\/p>\n<h3><strong>Estatuto da Juventude: <\/strong>22 de setembro, 19h-22h<\/h3>\n<p><iframe loading=\"lazy\" title=\"Semin\u00e1rio \u201cTrocando em Mi\u00fados\u201d discute direitos da popula\u00e7\u00e3o jovem\" width=\"640\" height=\"480\" src=\"https:\/\/www.youtube.com\/embed\/4UBjMAK-AjI?start=6&#038;feature=oembed\" frameborder=\"0\" allow=\"accelerometer; autoplay; clipboard-write; encrypted-media; gyroscope; picture-in-picture; web-share\" referrerpolicy=\"strict-origin-when-cross-origin\" allowfullscreen><\/iframe><\/p>\n<p><strong>Convidado:<\/strong> Euz\u00e9bio Jorge Silveira de Souza<\/p>\n<p><strong>Local:<\/strong> <a title=\"Sala S\u00e9rgio Vieira de Mello \u2013 (\u201cSala A\u201d)\" href=\"http:\/\/www.saopaulo.sp.leg.br\/transparencia\/auditorios-online\/sala-sergio-vieira-de-mello-sala\/\">Sala S\u00e9rgio Vieira de Mello \u2013 (\u201cSala A\u201d)<\/a><\/p>\n<p><strong>Inscri\u00e7\u00f5es:<\/strong> Encerradas. <a href=\"http:\/\/www.saopaulo.sp.leg.br\/escoladoparlamento\/wp-content\/uploads\/sites\/5\/2016\/07\/Rela\u00e7\u00e3o-final-de-selecionados-para-o-curso-de-Estatuto-da-Juventude.pdf\">Lista de Nomes Convocados<\/a><\/p>\n<p><strong>Vagas:<\/strong> 30<\/p>\n<p><strong>Bibliografia:<\/strong> <a href=\"http:\/\/www.planalto.gov.br\/ccivil_03\/_Ato2011-2014\/2013\/Lei\/L12852.htm\">Estatuto da Juventude<\/a><span style=\"font-size: medium\">\u00a0| <\/span><a href=\"http:\/\/www.ipea.gov.br\/participacao\/images\/pdfs\/participacao\/pesquisa%20perfil%20da%20juventude%20snj.pdf\"><span style=\"font-size: medium\">Perfil da Juventude &#8211; SNJ (2013)<\/span><\/a><\/p>\n<p>&nbsp;<\/p>\n<h3><strong>Estatuto da Crian\u00e7a e do Adolescente &#8211; ECA:<\/strong> 17 de agosto, 19h-22h<\/h3>\n<p><strong>Convidado:<\/strong> <a href=\"http:\/\/lattes.cnpq.br\/8546389998834488\">Alexsandro Santos<\/a><\/p>\n<p><strong>Local:\u00a0<\/strong><a title=\"Sala Oscar Pedroso Horta \u2013 (\u201cSala B\u201d)\" href=\"http:\/\/www.saopaulo.sp.leg.br\/transparencia\/auditorios-online\/sala-oscar-pedroso-horta-sala-b\/\">Sala Oscar Pedroso Horta \u2013 (\u201cSala B\u201d)<\/a><\/p>\n<p><strong>Inscri\u00e7\u00f5es:\u00a0<\/strong>Encerradas. <a href=\"http:\/\/www.saopaulo.sp.leg.br\/escoladoparlamento\/wp-content\/uploads\/sites\/5\/2016\/07\/LISTA-DE-NOMES-CONVOCADOS-trocando-em-mi\u00fados-ALEX.pdf\">Lista de Nomes Convocados<\/a>.<\/p>\n<p>&nbsp;<\/p>\n","protected":false},"excerpt":{"rendered":"<p>Objetivos: Traduzir, para o p\u00fablico leigo, o conte\u00fado e principais trechos de documentos p\u00fablicos relevantes para o dia a dia do cidad\u00e3o e o planejamento e organiza\u00e7\u00e3o de pol\u00edticas p\u00fablicas. Diretora Respons\u00e1vel: Carolina Cutrupi Ferreira Coordenadora: Lara Mesquita Ramos &nbsp; Estatuto do Idoso: 5\/12, das 19h \u00e0s 22h Convidado: Renata Flores Tibyri\u00e7\u00e1 Local: Sala Oscar [&hellip;]<\/p>\n","protected":false},"author":183,"featured_media":0,"parent":3097,"menu_order":552,"comment_status":"closed","ping_status":"closed","template":"","meta":{"_acf_changed":false,"footnotes":""},"class_list":["post-4899","page","type-page","status-publish","hentry"],"acf":[],"_links":{"self":[{"href":"https:\/\/www.saopaulo.sp.leg.br\/escoladoparlamento\/wp-json\/wp\/v2\/pages\/4899","targetHints":{"allow":["GET"]}}],"collection":[{"href":"https:\/\/www.saopaulo.sp.leg.br\/escoladoparlamento\/wp-json\/wp\/v2\/pages"}],"about":[{"href":"https:\/\/www.saopaulo.sp.leg.br\/escoladoparlamento\/wp-json\/wp\/v2\/types\/page"}],"author":[{"embeddable":true,"href":"https:\/\/www.saopaulo.sp.leg.br\/escoladoparlamento\/wp-json\/wp\/v2\/users\/183"}],"replies":[{"embeddable":true,"href":"https:\/\/www.saopaulo.sp.leg.br\/escoladoparlamento\/wp-json\/wp\/v2\/comments?post=4899"}],"version-history":[{"count":0,"href":"https:\/\/www.saopaulo.sp.leg.br\/escoladoparlamento\/wp-json\/wp\/v2\/pages\/4899\/revisions"}],"up":[{"embeddable":true,"href":"https:\/\/www.saopaulo.sp.leg.br\/escoladoparlamento\/wp-json\/wp\/v2\/pages\/3097"}],"wp:attachment":[{"href":"https:\/\/www.saopaulo.sp.leg.br\/escoladoparlamento\/wp-json\/wp\/v2\/media?parent=4899"}],"curies":[{"name":"wp","href":"https:\/\/api.w.org\/{rel}","templated":true}]}}