{"id":4882,"date":"2016-07-29T12:47:39","date_gmt":"2016-07-29T15:47:39","guid":{"rendered":"http:\/\/www.saopaulo.sp.leg.br\/escoladoparlamento\/?page_id=4882"},"modified":"2018-05-11T16:24:52","modified_gmt":"2018-05-11T19:24:52","slug":"oficina-adentrasp","status":"publish","type":"page","link":"https:\/\/www.saopaulo.sp.leg.br\/escoladoparlamento\/cursos\/cursos-anteriores\/cursos-realizados-em-2016\/oficina-adentrasp\/","title":{"rendered":"Oficina AdentraSP &#8211; M\u00eddias sociais, participa\u00e7\u00e3o e mobiliza\u00e7\u00e3o"},"content":{"rendered":"<p><strong>Objetivo: <\/strong>As atividades desta oficina buscam orientar e capacitar l\u00edderes comunit\u00e1rios sobre a utiliza\u00e7\u00e3o das m\u00eddias sociais para o fomento da cidadania e participa\u00e7\u00e3o em suas redes de mobiliza\u00e7\u00e3o. Nas aulas, os participantes aprender\u00e3o a operar algumas ferramentas virtuais como Facebook, WhatsApp, Instagram e Google+, al\u00e9m de conhecer aplicativos f\u00e1ceis e gratuitos de edi\u00e7\u00e3o de imagens, aplica\u00e7\u00e3o de tipografia, etc.<\/p>\n<p><strong>Diretora Respons\u00e1vel:<\/strong> Carolina Cutrupi Ferreira<\/p>\n<p><strong>Coordenadora:<\/strong> Nath\u00e1lia Nogueira Marques<\/p>\n<p><strong>P\u00fablico Alvo:<\/strong> Servidores P\u00fablicos, Conselheiros, membros da sociedade civil organizada, estudantes e mun\u00edcipes em geral interessados no tema.<\/p>\n<p><strong>Vagas:<\/strong> 90<\/p>\n<p><strong>Carga Hor\u00e1ria:<\/strong> 5 horas<\/p>\n<p><strong>Inscri\u00e7\u00f5es: Encerradas! <\/strong><a href=\"http:\/\/www.saopaulo.sp.leg.br\/escoladoparlamento\/wp-content\/uploads\/sites\/5\/2016\/07\/Rela\u00e7\u00e3o-de-convocados-para-a-oficina-AdentraSP.pdf\">Rela\u00e7\u00e3o de Convocados<\/a><\/p>\n<p><strong>Programa\u00e7\u00e3o:\u00a0<\/strong><\/p>\n<table style=\"height: 140px\" width=\"895\">\n<tbody>\n<tr>\n<td><strong>Datas <\/strong><\/td>\n<td><strong>Hora<\/strong><\/td>\n<td><strong>Local<\/strong><\/td>\n<td><strong>Palestrante<\/strong><\/td>\n<td><strong>Conte\u00fado<\/strong><\/td>\n<\/tr>\n<tr>\n<td><strong>08\/08<\/strong><\/td>\n<td>19:30h-22h<\/td>\n<td>\u00a0\u00a0Sala S\u00e9rgio Vieira de Mello \u2013 (\u201cSala A\u201d)<\/td>\n<td rowspan=\"2\">Rose de Paula<\/td>\n<td rowspan=\"2\">Promo\u00e7\u00e3o de atividades pr\u00e1ticas com a finalidade de orientar l\u00edderes comunit\u00e1rios sobre a utiliza\u00e7\u00e3o das m\u00eddias sociais e outras ferramentas virtuais para o fomento da cidadania e participa\u00e7\u00e3o.<\/td>\n<\/tr>\n<tr>\n<td><strong>10\/08<\/strong><\/td>\n<td>19:30h-22h<\/td>\n<td>\u00a0\u00a0Sala S\u00e9rgio Vieira de Mello \u2013 (\u201cSala A\u201d)<\/td>\n<\/tr>\n<\/tbody>\n<\/table>\n","protected":false},"excerpt":{"rendered":"<p>Objetivo: As atividades desta oficina buscam orientar e capacitar l\u00edderes comunit\u00e1rios sobre a utiliza\u00e7\u00e3o das m\u00eddias sociais para o fomento da cidadania e participa\u00e7\u00e3o em suas redes de mobiliza\u00e7\u00e3o. Nas aulas, os participantes aprender\u00e3o a operar algumas ferramentas virtuais como Facebook, WhatsApp, Instagram e Google+, al\u00e9m de conhecer aplicativos f\u00e1ceis e gratuitos de edi\u00e7\u00e3o de [&hellip;]<\/p>\n","protected":false},"author":183,"featured_media":0,"parent":3097,"menu_order":553,"comment_status":"closed","ping_status":"closed","template":"","meta":{"_acf_changed":false,"footnotes":""},"class_list":["post-4882","page","type-page","status-publish","hentry"],"acf":[],"_links":{"self":[{"href":"https:\/\/www.saopaulo.sp.leg.br\/escoladoparlamento\/wp-json\/wp\/v2\/pages\/4882","targetHints":{"allow":["GET"]}}],"collection":[{"href":"https:\/\/www.saopaulo.sp.leg.br\/escoladoparlamento\/wp-json\/wp\/v2\/pages"}],"about":[{"href":"https:\/\/www.saopaulo.sp.leg.br\/escoladoparlamento\/wp-json\/wp\/v2\/types\/page"}],"author":[{"embeddable":true,"href":"https:\/\/www.saopaulo.sp.leg.br\/escoladoparlamento\/wp-json\/wp\/v2\/users\/183"}],"replies":[{"embeddable":true,"href":"https:\/\/www.saopaulo.sp.leg.br\/escoladoparlamento\/wp-json\/wp\/v2\/comments?post=4882"}],"version-history":[{"count":0,"href":"https:\/\/www.saopaulo.sp.leg.br\/escoladoparlamento\/wp-json\/wp\/v2\/pages\/4882\/revisions"}],"up":[{"embeddable":true,"href":"https:\/\/www.saopaulo.sp.leg.br\/escoladoparlamento\/wp-json\/wp\/v2\/pages\/3097"}],"wp:attachment":[{"href":"https:\/\/www.saopaulo.sp.leg.br\/escoladoparlamento\/wp-json\/wp\/v2\/media?parent=4882"}],"curies":[{"name":"wp","href":"https:\/\/api.w.org\/{rel}","templated":true}]}}