{"id":47,"date":"2015-05-11T20:54:57","date_gmt":"2015-05-11T20:54:57","guid":{"rendered":"http:\/\/toborino.net\/escola-parlamento\/?page_id=47"},"modified":"2024-01-15T18:28:07","modified_gmt":"2024-01-15T21:28:07","slug":"fale-conosco","status":"publish","type":"page","link":"https:\/\/www.saopaulo.sp.leg.br\/escoladoparlamento\/fale-conosco\/","title":{"rendered":"Fale Conosco"},"content":{"rendered":"<p>&nbsp;<\/p>\n<p><strong><a href=\"https:\/\/linktr.ee\/escoladoparlamento\"><img loading=\"lazy\" decoding=\"async\" class=\" wp-image-28742 alignleft\" src=\"https:\/\/www.saopaulo.sp.leg.br\/escoladoparlamento\/wp-content\/uploads\/sites\/5\/2023\/09\/logo-linktree.png\" alt=\"\" width=\"31\" height=\"38\" \/><\/a>Voc\u00ea quer conhecer as atividades que a Escola tem dispon\u00edveis hoje ou as que j\u00e1 aconteceram?<br \/>\nNo nosso <em>linktree<\/em> isso \u00e9 poss\u00edvel, acesse clicando na imagem ao lado.<br \/>\n<\/strong><\/p>\n<p>&nbsp;<\/p>\n<h3>Proponha uma atividade educacional para a Escola do Parlamento <a href=\"https:\/\/www.saopaulo.sp.leg.br\/escoladoparlamento\/parcerias\/proponha-uma-atividade\/\">aqui<\/a>.<\/h3>\n<h3>Solicite uma visita institucional <a href=\"https:\/\/www.saopaulo.sp.leg.br\/escoladoparlamento\/parcerias\/visitas-institucionais\/\">aqui<\/a>.<\/h3>\n<h3><\/h3>\n<p><strong>Se voc\u00ea tem sugest\u00f5es, quer esclarecer d\u00favidas ou tem qualquer tipo de solicita\u00e7\u00e3o, entre em contato atrav\u00e9s do <\/strong><br \/>\n<strong><em>e-mail<\/em>: <a href=\"mailto:atendimento.ep@saopaulo.sp.leg.br\">atendimento.ep@saopaulo.sp.leg.br<\/a><\/strong><br \/>\n<strong> ou pelo nosso <em>WhatsApp<\/em> no n\u00famero (11) 3396-4020<\/strong><\/p>\n<p>&nbsp;<\/p>\n<p><strong>Siga a Escola do Parlamento nas redes sociais:<\/strong><\/p>\n<p><a href=\"http:\/\/instagram.com\/escoladoparlamentosp\"><img loading=\"lazy\" decoding=\"async\" class=\" wp-image-28739 alignleft\" src=\"https:\/\/www.saopaulo.sp.leg.br\/escoladoparlamento\/wp-content\/uploads\/sites\/5\/2023\/09\/Logo-Insta_.png\" alt=\"\" width=\"44\" height=\"43\" \/><\/a><a href=\"https:\/\/www.facebook.com\/eparlamento\"><img loading=\"lazy\" decoding=\"async\" class=\" wp-image-28740 alignleft\" src=\"https:\/\/www.saopaulo.sp.leg.br\/escoladoparlamento\/wp-content\/uploads\/sites\/5\/2023\/09\/lofo-FB-e1695237900597.png\" alt=\"\" width=\"41\" height=\"41\" \/><\/a><a href=\"https:\/\/www.youtube.com\/@EscoladoParlamentoCMSP\"><img loading=\"lazy\" decoding=\"async\" class=\" wp-image-28738 alignleft\" src=\"https:\/\/www.saopaulo.sp.leg.br\/escoladoparlamento\/wp-content\/uploads\/sites\/5\/2023\/09\/Logo-YT.png\" alt=\"\" width=\"43\" height=\"46\" \/><\/a><\/p>\n<p><a href=\"https:\/\/api.whatsapp.com\/send?phone=551133964020\"><img loading=\"lazy\" decoding=\"async\" class=\"\" src=\"https:\/\/encrypted-tbn0.gstatic.com\/images?q=tbn:ANd9GcRO2ttLmQYHFD55ySswzRwdfXzirIOO6kKGsw&amp;usqp=CAU\" width=\"46\" height=\"47\" \/><\/a><\/p>\n<h3><strong>Onde Estamos<\/strong><\/h3>\n<p><strong>Sala 10C &#8211; 1\u00ba Subsolo do PAL\u00c1CIO ANCHIETA<\/strong><br \/>\n<strong>VIADUTO JACARE\u00cd, 100 &#8211; BELA VISTA &#8211; S\u00c3O PAULO-SP<\/strong><\/p>\n<p>&nbsp;<\/p>\n<h3><strong>Atendimento<\/strong><\/h3>\n<p><strong>O atendimento ao p\u00fablico \u00e9 realizado de\u00a0segunda a sexta-feira, das 10h \u00e0s 18h.<\/strong><\/p>\n<h2 style=\"text-align: left\"><\/h2>\n","protected":false},"excerpt":{"rendered":"<p>&nbsp; Voc\u00ea quer conhecer as atividades que a Escola tem dispon\u00edveis hoje ou as que j\u00e1 aconteceram? No nosso linktree isso \u00e9 poss\u00edvel, acesse clicando na imagem ao lado. &nbsp; Proponha uma atividade educacional para a Escola do Parlamento aqui. Solicite uma visita institucional aqui. Se voc\u00ea tem sugest\u00f5es, quer esclarecer d\u00favidas ou tem qualquer [&hellip;]<\/p>\n","protected":false},"author":19,"featured_media":0,"parent":0,"menu_order":704,"comment_status":"open","ping_status":"open","template":"","meta":{"_acf_changed":false,"footnotes":""},"class_list":["post-47","page","type-page","status-publish","hentry"],"acf":[],"_links":{"self":[{"href":"https:\/\/www.saopaulo.sp.leg.br\/escoladoparlamento\/wp-json\/wp\/v2\/pages\/47","targetHints":{"allow":["GET"]}}],"collection":[{"href":"https:\/\/www.saopaulo.sp.leg.br\/escoladoparlamento\/wp-json\/wp\/v2\/pages"}],"about":[{"href":"https:\/\/www.saopaulo.sp.leg.br\/escoladoparlamento\/wp-json\/wp\/v2\/types\/page"}],"author":[{"embeddable":true,"href":"https:\/\/www.saopaulo.sp.leg.br\/escoladoparlamento\/wp-json\/wp\/v2\/users\/19"}],"replies":[{"embeddable":true,"href":"https:\/\/www.saopaulo.sp.leg.br\/escoladoparlamento\/wp-json\/wp\/v2\/comments?post=47"}],"version-history":[{"count":0,"href":"https:\/\/www.saopaulo.sp.leg.br\/escoladoparlamento\/wp-json\/wp\/v2\/pages\/47\/revisions"}],"wp:attachment":[{"href":"https:\/\/www.saopaulo.sp.leg.br\/escoladoparlamento\/wp-json\/wp\/v2\/media?parent=47"}],"curies":[{"name":"wp","href":"https:\/\/api.w.org\/{rel}","templated":true}]}}