{"id":4635,"date":"2016-07-04T17:19:07","date_gmt":"2016-07-04T20:19:07","guid":{"rendered":"http:\/\/www.saopaulo.sp.leg.br\/escoladoparlamento\/?page_id=4635"},"modified":"2018-05-11T16:40:24","modified_gmt":"2018-05-11T19:40:24","slug":"reporter-do-futuro-descobrir-sao-paulo-descobrir-se-reporter","status":"publish","type":"page","link":"https:\/\/www.saopaulo.sp.leg.br\/escoladoparlamento\/cursos\/cursos-anteriores\/cursos-realizados-em-2016\/reporter-do-futuro-descobrir-sao-paulo-descobrir-se-reporter\/","title":{"rendered":"Rep\u00f3rter do Futuro: \u201cDescobrir S\u00e3o Paulo, Descobrir-se Rep\u00f3rter\u201d"},"content":{"rendered":"<p><iframe loading=\"lazy\" title=\"Escola do Parlamento da C\u00e2mara e Obor\u00e9 Comunica\u00e7\u00f5es lan\u00e7am &quot;Rep\u00f3rter do Futuro&quot;\" width=\"640\" height=\"480\" src=\"https:\/\/www.youtube.com\/embed\/RJBBBftdf_Y?feature=oembed\" frameborder=\"0\" allow=\"accelerometer; autoplay; clipboard-write; encrypted-media; gyroscope; picture-in-picture; web-share\" referrerpolicy=\"strict-origin-when-cross-origin\" allowfullscreen><\/iframe><\/p>\n<p><iframe loading=\"lazy\" title=\"Clipping Eletr\u00f4nico | Projeto Rep\u00f3rter do Futuro\" width=\"640\" height=\"480\" src=\"https:\/\/www.youtube.com\/embed\/LRjbSRzJT5I?feature=oembed\" frameborder=\"0\" allow=\"accelerometer; autoplay; clipboard-write; encrypted-media; gyroscope; picture-in-picture; web-share\" referrerpolicy=\"strict-origin-when-cross-origin\" allowfullscreen><\/iframe><\/p>\n<hr \/>\n<figure id=\"attachment_4644\" aria-describedby=\"caption-attachment-4644\" style=\"width: 139px\" class=\"wp-caption alignright\"><a href=\"http:\/\/www.saopaulo.sp.leg.br\/escoladoparlamento\/wp-content\/uploads\/sites\/5\/2016\/07\/oborc3a9-73.jpg\"><img loading=\"lazy\" decoding=\"async\" class=\"wp-image-4644\" src=\"http:\/\/www.saopaulo.sp.leg.br\/escoladoparlamento\/wp-content\/uploads\/sites\/5\/2016\/07\/oborc3a9-73.jpg\" alt=\"Projetos Especiais em Comunica\u00e7\u00f5es e Artes\" width=\"139\" height=\"74\" \/><\/a><figcaption id=\"caption-attachment-4644\" class=\"wp-caption-text\">Este curso \u00e9 uma parceria com o OBOR\u00c9 &#8211; Projetos Especiais em Comunica\u00e7\u00f5es e Artes<\/figcaption><\/figure>\n<p><strong>Objetivo:<\/strong> Aproximar estudantes de Jornalismo das grandes quest\u00f5es que desafiam o crescimento de uma cidade como S\u00e3o Paulo, vistas sob a \u00f3tica dos gestores p\u00fablicos ligados ao poder executivo ou legislativo, estudiosos e especialistas, mas tamb\u00e9m vivenciadas nas visitas aos bairros \u2013 momento em que os jovens s\u00e3o estimulados a traduzir a complexidade da cidade e o cotidiano do seu povo em entrevistas e reportagens de campo.<\/p>\n<p><strong>Coordena\u00e7\u00e3o:<\/strong>\u00a0Ana Luisa Zaniboni Gomes (OBOR\u00c9) e Cristina Thomaz Cavalcanti<\/p>\n<p><strong>P\u00fablico-alvo:<\/strong> Estudantes universit\u00e1rios de gradua\u00e7\u00e3o em Jornalismo.<\/p>\n<p><strong>Carga Hor\u00e1ria:<\/strong> 60 horas, sendo 18h\/aula de atividades presenciais + 6h de leituras + 36h de atividades pr\u00e1ticas de reportagens e produ\u00e7\u00e3o de textos.<\/p>\n<p><strong>Local:\u00a0<\/strong>C\u00e2mara Municipal de S\u00e3o Paulo<\/p>\n<p><strong>Inscri\u00e7\u00f5es: Encerradas.<\/strong><\/p>\n<p><strong>Per\u00edodo para avalia\u00e7\u00e3o de testes de sele\u00e7\u00e3o<\/strong>: 16 de\u00a0agosto a 02 de setembro<\/p>\n<h3><a href=\"http:\/\/www.saopaulo.sp.leg.br\/escoladoparlamento\/wp-content\/uploads\/sites\/5\/2016\/07\/LISTA-DE-NOMES-CONVOCADOS-reporterdofuturo.pdf\"><strong>Lista de alunos selecionados<\/strong><\/a><\/h3>\n<p><strong>Matr\u00edculas:<\/strong> 14 e 15 de setembro<\/p>\n<p><strong>Programa\u00e7\u00e3o:<\/strong><\/p>\n<table>\n<tbody>\n<tr>\n<td><strong>Data<\/strong><\/td>\n<td><strong>Tema<\/strong><\/td>\n<\/tr>\n<tr>\n<td><strong>13\/8<\/strong>\u00a0(13h \u00e0s 17h)<\/p>\n<p><a href=\"http:\/\/www.saopaulo.sp.leg.br\/transparencia\/auditorios-online\/sala-sergio-vieira-de-mello-sala\/\">Sala S\u00e9rgio Vieira de Mello<\/a><\/td>\n<td><strong>ENCONTRO DE SELE\u00c7\u00c3O | Aula Magna<\/strong><\/p>\n<p><strong>\u201cVamos falar de desigualdades sociais\u201d\u00a0<\/strong><\/p>\n<p><strong>Jo\u00e3o Guilherme Vargas Netto<\/strong>\u00a0|<\/td>\n<\/tr>\n<tr>\n<td><strong>17\/9 <\/strong>(13h \u00e0s 17h)<\/p>\n<p><a href=\"http:\/\/www.saopaulo.sp.leg.br\/transparencia\/auditorios-online\/sala-tiradentes\/\">Sala Tiradentes<\/a><\/td>\n<td>Tema 1 | <strong>Megacidade<\/strong> \u2013 Erm\u00ednia Maricato |<\/td>\n<\/tr>\n<tr>\n<td><strong>21\/9<\/strong>\u00a0(13h \u00e0s 17h)<\/p>\n<p><a title=\"Audit\u00f3rio Freitas Nobre \u2013 Externo\" href=\"http:\/\/www.saopaulo.sp.leg.br\/transparencia\/auditorios-online\/auditorio-freitas-nobre-externo\/\">Audit\u00f3rio Freitas Nobre \u2013 Externo<\/a><\/td>\n<td>Atividade Extra |\u00a0<strong>Conhecendo a C\u00e2mara Municipal: Centro de Mem\u00f3ria da CMSP<\/strong> |<\/td>\n<\/tr>\n<tr>\n<td><strong>24\/9<\/strong>\u00a0(13h \u00e0s 17h)<\/p>\n<p><a href=\"http:\/\/www.saopaulo.sp.leg.br\/transparencia\/auditorios-online\/sala-tiradentes\/\">Sala Tiradentes<\/a><\/td>\n<td>Tema 2 |\u00a0<strong>Sa\u00fade<\/strong>\u00a0&#8211; Marco Manfredini<\/td>\n<\/tr>\n<tr>\n<td>&nbsp;<\/p>\n<p><strong>15\/10<\/strong> (13h \u00e0s 17h)<\/p>\n<p><a href=\"http:\/\/www.saopaulo.sp.leg.br\/transparencia\/auditorios-online\/sala-tiradentes\/\">Sala Tiradentes<\/a><\/td>\n<td>Encontro de discuss\u00e3o interna<\/td>\n<\/tr>\n<tr>\n<td>&nbsp;<\/p>\n<p><strong>22\/10<\/strong>\u00a0(13h \u00e0s 17h)<\/p>\n<p><a href=\"http:\/\/www.saopaulo.sp.leg.br\/transparencia\/auditorios-online\/sala-tiradentes\/\">Sala Tiradentes<\/a><\/td>\n<td>Tema 3 \u00a0|\u00a0<strong>Educa\u00e7\u00e3o\u00a0<\/strong>&#8211; Celso Napolitano<\/td>\n<\/tr>\n<tr>\n<td><strong>5\/11<\/strong>\u00a0(13h \u00e0s 17h)<\/p>\n<p><a href=\"http:\/\/www.saopaulo.sp.leg.br\/transparencia\/auditorios-online\/sala-tiradentes\/\">Sala Tiradentes<\/a><\/p>\n<p>&nbsp;<\/td>\n<td>Tema 4 \u00a0|\u00a0<strong>Mobilidade Urbana &#8211;\u00a0<\/strong>Fred Bussinger<\/td>\n<\/tr>\n<tr>\n<td><strong>19\/11<\/strong>\u00a0(13h \u00e0s 17h)<\/p>\n<p><a href=\"http:\/\/www.saopaulo.sp.leg.br\/transparencia\/auditorios-online\/sala-tiradentes\/\">Sala Tiradentes<\/a><\/p>\n<p>&nbsp;<\/td>\n<td>Tema 5 \u00a0|\u00a0<strong>Sustentabilidade\u00a0<\/strong>&#8211; Jos\u00e9 Eli da Veiga<\/td>\n<\/tr>\n<tr>\n<td><strong>At\u00e9 27\/11<\/strong><\/p>\n<p>Reportagem\u00a0|\u00a0Campo<\/td>\n<td>Opera\u00e7\u00e3o Ponto Final<\/td>\n<\/tr>\n<tr>\n<td><strong>3\/12<\/strong>\u00a0(10h \u00e0s 17h)<\/p>\n<p><a href=\"http:\/\/www.saopaulo.sp.leg.br\/transparencia\/auditorios-online\/sala-tiradentes\/\">Sala Tiradentes<\/a><\/td>\n<td>Apresenta\u00e7\u00e3o das reportagens, avalia\u00e7\u00e3o do m\u00f3dulo e entrega dos certificados<\/td>\n<\/tr>\n<\/tbody>\n<\/table>\n<table>\n<tbody>\n<tr>\n<td><strong>Data<\/strong><\/td>\n<td><strong>Tema<\/strong><\/td>\n<\/tr>\n<tr>\n<td><strong>13\/8<\/strong>\u00a0(13h \u00e0s 17h)<\/p>\n<p><a href=\"http:\/\/www.saopaulo.sp.leg.br\/transparencia\/auditorios-online\/sala-sergio-vieira-de-mello-sala\/\">Sala S\u00e9rgio Vieira de Mello<\/a><\/td>\n<td><strong>ENCONTRO DE SELE\u00c7\u00c3O | Aula Magna<\/strong><\/p>\n<p><strong>\u201cVamos falar de desigualdades sociais\u201d\u00a0<\/strong><\/p>\n<p><strong>Jo\u00e3o Guilherme Vargas Netto<\/strong>\u00a0|<\/td>\n<\/tr>\n<tr>\n<td><strong>17\/9 <\/strong>(13h \u00e0s 17h)<\/p>\n<p><a href=\"http:\/\/www.saopaulo.sp.leg.br\/transparencia\/auditorios-online\/sala-tiradentes\/\">Sala Tiradentes<\/a><\/td>\n<td>Tema 1 | <strong>Megacidade<\/strong> \u2013 Erm\u00ednia Maricato |<\/td>\n<\/tr>\n<tr>\n<td><strong>21\/9<\/strong>\u00a0(13h \u00e0s 17h)<\/p>\n<p><a title=\"Audit\u00f3rio Freitas Nobre \u2013 Externo\" href=\"http:\/\/www.saopaulo.sp.leg.br\/transparencia\/auditorios-online\/auditorio-freitas-nobre-externo\/\">Audit\u00f3rio Freitas Nobre \u2013 Externo<\/a><\/td>\n<td>Atividade Extra |\u00a0<strong>Conhecendo a C\u00e2mara Municipal: Centro de Mem\u00f3ria da CMSP<\/strong> |<\/td>\n<\/tr>\n<\/tbody>\n<\/table>\n","protected":false},"excerpt":{"rendered":"<p>Objetivo: Aproximar estudantes de Jornalismo das grandes quest\u00f5es que desafiam o crescimento de uma cidade como S\u00e3o Paulo, vistas sob a \u00f3tica dos gestores p\u00fablicos ligados ao poder executivo ou legislativo, estudiosos e especialistas, mas tamb\u00e9m vivenciadas nas visitas aos bairros \u2013 momento em que os jovens s\u00e3o estimulados a traduzir a complexidade da cidade [&hellip;]<\/p>\n","protected":false},"author":183,"featured_media":0,"parent":3097,"menu_order":558,"comment_status":"closed","ping_status":"closed","template":"","meta":{"_acf_changed":false,"footnotes":""},"class_list":["post-4635","page","type-page","status-publish","hentry"],"acf":[],"_links":{"self":[{"href":"https:\/\/www.saopaulo.sp.leg.br\/escoladoparlamento\/wp-json\/wp\/v2\/pages\/4635","targetHints":{"allow":["GET"]}}],"collection":[{"href":"https:\/\/www.saopaulo.sp.leg.br\/escoladoparlamento\/wp-json\/wp\/v2\/pages"}],"about":[{"href":"https:\/\/www.saopaulo.sp.leg.br\/escoladoparlamento\/wp-json\/wp\/v2\/types\/page"}],"author":[{"embeddable":true,"href":"https:\/\/www.saopaulo.sp.leg.br\/escoladoparlamento\/wp-json\/wp\/v2\/users\/183"}],"replies":[{"embeddable":true,"href":"https:\/\/www.saopaulo.sp.leg.br\/escoladoparlamento\/wp-json\/wp\/v2\/comments?post=4635"}],"version-history":[{"count":0,"href":"https:\/\/www.saopaulo.sp.leg.br\/escoladoparlamento\/wp-json\/wp\/v2\/pages\/4635\/revisions"}],"up":[{"embeddable":true,"href":"https:\/\/www.saopaulo.sp.leg.br\/escoladoparlamento\/wp-json\/wp\/v2\/pages\/3097"}],"wp:attachment":[{"href":"https:\/\/www.saopaulo.sp.leg.br\/escoladoparlamento\/wp-json\/wp\/v2\/media?parent=4635"}],"curies":[{"name":"wp","href":"https:\/\/api.w.org\/{rel}","templated":true}]}}