{"id":4581,"date":"2016-06-30T17:20:36","date_gmt":"2016-06-30T20:20:36","guid":{"rendered":"http:\/\/www.saopaulo.sp.leg.br\/escoladoparlamento\/?page_id=4581"},"modified":"2022-08-04T15:16:56","modified_gmt":"2022-08-04T18:16:56","slug":"livros","status":"publish","type":"page","link":"https:\/\/www.saopaulo.sp.leg.br\/escoladoparlamento\/publicacoes\/livros\/","title":{"rendered":"Livros"},"content":{"rendered":"<h2>Desafios do Desenvolvimento P\u00f3s-Covid-19, uma parceria com NEEDDS-UFABC<\/h2>\n<p><a href=\"https:\/\/www.saopaulo.sp.leg.br\/escoladoparlamento\/wp-content\/uploads\/sites\/5\/2022\/08\/EBOOK_Desafios-do-desenvolvimento-brasileiro-po\u0301s-Covid-19-Revisado.pdf\"><img loading=\"lazy\" decoding=\"async\" class=\"wp-image-27890 aligncenter\" src=\"https:\/\/www.saopaulo.sp.leg.br\/escoladoparlamento\/wp-content\/uploads\/sites\/5\/2022\/08\/Post.png\" alt=\"\" width=\"364\" height=\"364\" srcset=\"https:\/\/www.saopaulo.sp.leg.br\/escoladoparlamento\/wp-content\/uploads\/sites\/5\/2022\/08\/Post.png 1080w, https:\/\/www.saopaulo.sp.leg.br\/escoladoparlamento\/wp-content\/uploads\/sites\/5\/2022\/08\/Post-300x300.png 300w, https:\/\/www.saopaulo.sp.leg.br\/escoladoparlamento\/wp-content\/uploads\/sites\/5\/2022\/08\/Post-1024x1024.png 1024w, https:\/\/www.saopaulo.sp.leg.br\/escoladoparlamento\/wp-content\/uploads\/sites\/5\/2022\/08\/Post-150x150.png 150w, https:\/\/www.saopaulo.sp.leg.br\/escoladoparlamento\/wp-content\/uploads\/sites\/5\/2022\/08\/Post-768x768.png 768w\" sizes=\"auto, (max-width: 364px) 100vw, 364px\" \/><\/a><\/p>\n<h2><\/h2>\n<h2><a href=\"https:\/\/www.saopaulo.sp.leg.br\/escoladoparlamento\/wp-content\/uploads\/sites\/5\/2021\/04\/LivroIDLSPv5_compressed-2.pdf\"><img loading=\"lazy\" decoding=\"async\" class=\"wp-image-25642 aligncenter\" src=\"https:\/\/www.saopaulo.sp.leg.br\/escoladoparlamento\/wp-content\/uploads\/sites\/5\/2021\/04\/LivroIDLSP-v5-1_capa_page-0001.jpg\" alt=\"\" width=\"298\" height=\"421\" srcset=\"https:\/\/www.saopaulo.sp.leg.br\/escoladoparlamento\/wp-content\/uploads\/sites\/5\/2021\/04\/LivroIDLSP-v5-1_capa_page-0001.jpg 1241w, https:\/\/www.saopaulo.sp.leg.br\/escoladoparlamento\/wp-content\/uploads\/sites\/5\/2021\/04\/LivroIDLSP-v5-1_capa_page-0001-212x300.jpg 212w, https:\/\/www.saopaulo.sp.leg.br\/escoladoparlamento\/wp-content\/uploads\/sites\/5\/2021\/04\/LivroIDLSP-v5-1_capa_page-0001-725x1024.jpg 725w, https:\/\/www.saopaulo.sp.leg.br\/escoladoparlamento\/wp-content\/uploads\/sites\/5\/2021\/04\/LivroIDLSP-v5-1_capa_page-0001-768x1085.jpg 768w, https:\/\/www.saopaulo.sp.leg.br\/escoladoparlamento\/wp-content\/uploads\/sites\/5\/2021\/04\/LivroIDLSP-v5-1_capa_page-0001-1087x1536.jpg 1087w\" sizes=\"auto, (max-width: 298px) 100vw, 298px\" \/><\/a><\/h2>\n<h2><a href=\"http:\/\/www.saopaulo.sp.leg.br\/memoria\/pasta\/publicacoes\/\"><img loading=\"lazy\" decoding=\"async\" class=\"aligncenter wp-image-8373 size-full\" src=\"http:\/\/www.saopaulo.sp.leg.br\/escoladoparlamento\/wp-content\/uploads\/sites\/5\/2017\/11\/VF-CONFIRA-HISTORIA-DAS-LEGISLATURAS-1.jpg\" alt=\"\" width=\"2625\" height=\"1113\" srcset=\"https:\/\/www.saopaulo.sp.leg.br\/escoladoparlamento\/wp-content\/uploads\/sites\/5\/2017\/11\/VF-CONFIRA-HISTORIA-DAS-LEGISLATURAS-1.jpg 2625w, https:\/\/www.saopaulo.sp.leg.br\/escoladoparlamento\/wp-content\/uploads\/sites\/5\/2017\/11\/VF-CONFIRA-HISTORIA-DAS-LEGISLATURAS-1-300x127.jpg 300w, https:\/\/www.saopaulo.sp.leg.br\/escoladoparlamento\/wp-content\/uploads\/sites\/5\/2017\/11\/VF-CONFIRA-HISTORIA-DAS-LEGISLATURAS-1-768x326.jpg 768w, https:\/\/www.saopaulo.sp.leg.br\/escoladoparlamento\/wp-content\/uploads\/sites\/5\/2017\/11\/VF-CONFIRA-HISTORIA-DAS-LEGISLATURAS-1-1024x434.jpg 1024w\" sizes=\"auto, (max-width: 2625px) 100vw, 2625px\" \/><\/a><\/h2>\n<p><iframe loading=\"lazy\" title=\"Hist\u00f3ria das Legislaturas Contempor\u00e2neas - 1952 a 1963\" width=\"640\" height=\"360\" src=\"https:\/\/www.youtube.com\/embed\/IirnPYkQxK8?feature=oembed\" frameborder=\"0\" allow=\"accelerometer; autoplay; clipboard-write; encrypted-media; gyroscope; picture-in-picture; web-share\" referrerpolicy=\"strict-origin-when-cross-origin\" allowfullscreen><\/iframe><\/p>\n<h2 style=\"text-align: center\">SP 2030<\/h2>\n<h2 style=\"text-align: center\"><a href=\"http:\/\/www.saopaulo.sp.leg.br\/escoladoparlamento\/wp-content\/uploads\/sites\/5\/2016\/06\/Relatorio-SP2030.pdf\"><img loading=\"lazy\" decoding=\"async\" class=\"aligncenter wp-image-6226 \" src=\"http:\/\/www.saopaulo.sp.leg.br\/escoladoparlamento\/wp-content\/uploads\/sites\/5\/2016\/06\/sp-2030.png\" alt=\"sp-2030\" width=\"298\" height=\"366\" srcset=\"https:\/\/www.saopaulo.sp.leg.br\/escoladoparlamento\/wp-content\/uploads\/sites\/5\/2016\/06\/sp-2030.png 475w, https:\/\/www.saopaulo.sp.leg.br\/escoladoparlamento\/wp-content\/uploads\/sites\/5\/2016\/06\/sp-2030-244x300.png 244w\" sizes=\"auto, (max-width: 298px) 100vw, 298px\" \/><\/a><\/h2>\n<h2 style=\"text-align: center\">Pol\u00edticas P\u00fablicas de Cultura:<\/h2>\n<h2 style=\"text-align: center\"><a href=\"http:\/\/www.saopaulo.sp.leg.br\/escoladoparlamento\/wp-content\/uploads\/sites\/5\/2016\/06\/20161006_LIVRO_DIGITAL_POLITICAS_PUBLICAS.pdf\"><img loading=\"lazy\" decoding=\"async\" class=\"aligncenter wp-image-5605\" src=\"http:\/\/www.saopaulo.sp.leg.br\/escoladoparlamento\/wp-content\/uploads\/sites\/5\/2016\/06\/Pol-Cultura.png\" alt=\"pol-cultura\" width=\"268\" height=\"268\" srcset=\"https:\/\/www.saopaulo.sp.leg.br\/escoladoparlamento\/wp-content\/uploads\/sites\/5\/2016\/06\/Pol-Cultura.png 548w, https:\/\/www.saopaulo.sp.leg.br\/escoladoparlamento\/wp-content\/uploads\/sites\/5\/2016\/06\/Pol-Cultura-150x150.png 150w, https:\/\/www.saopaulo.sp.leg.br\/escoladoparlamento\/wp-content\/uploads\/sites\/5\/2016\/06\/Pol-Cultura-300x300.png 300w\" sizes=\"auto, (max-width: 268px) 100vw, 268px\" \/><\/a><\/h2>\n<h2 style=\"text-align: center\">Projeto Rep\u00f3rter do Futuro:<\/h2>\n<p><a href=\"http:\/\/www.saopaulo.sp.leg.br\/escoladoparlamento\/wp-content\/uploads\/sites\/5\/2015\/05\/Capa-Reporter-do-Futuro.png\"><img loading=\"lazy\" decoding=\"async\" class=\"aligncenter wp-image-4574\" src=\"http:\/\/www.saopaulo.sp.leg.br\/escoladoparlamento\/wp-content\/uploads\/sites\/5\/2015\/05\/Capa-Reporter-do-Futuro.png\" alt=\"Capa Reporter do Futuro\" width=\"319\" height=\"229\" srcset=\"https:\/\/www.saopaulo.sp.leg.br\/escoladoparlamento\/wp-content\/uploads\/sites\/5\/2015\/05\/Capa-Reporter-do-Futuro.png 962w, https:\/\/www.saopaulo.sp.leg.br\/escoladoparlamento\/wp-content\/uploads\/sites\/5\/2015\/05\/Capa-Reporter-do-Futuro-300x215.png 300w, https:\/\/www.saopaulo.sp.leg.br\/escoladoparlamento\/wp-content\/uploads\/sites\/5\/2015\/05\/Capa-Reporter-do-Futuro-768x550.png 768w\" sizes=\"auto, (max-width: 319px) 100vw, 319px\" \/><\/a><\/p>\n<h3 style=\"text-align: center\"><a href=\"http:\/\/www.saopaulo.sp.leg.br\/escoladoparlamento\/wp-content\/uploads\/sites\/5\/2015\/05\/caderno-eletronico-videos-links_revisado-2.pdf\">E-Book<\/a>\u00a0&#8211; <a href=\"http:\/\/www.saopaulo.sp.leg.br\/escoladoparlamento\/wp-content\/uploads\/sites\/5\/2015\/05\/Caderno-de-Jornalismo-Escola-do-Parlamento-vers\u00e3o-impressa.pdf\">Vers\u00e3o impressa<\/a><\/h3>\n<p style=\"text-align: center\"><a href=\"http:\/\/www.saopaulo.sp.leg.br\/wp-content\/uploads\/dce\/escola_do_parlamento\/ciclo-de-debates-pensando-sao-paulo.pdf\" target=\"_blank\" rel=\"noopener\"><img loading=\"lazy\" decoding=\"async\" class=\" aligncenter\" src=\"http:\/\/www.saopaulo.sp.leg.br\/wp-content\/uploads\/dce\/escola_do_parlamento\/publicacoes\/ciclo_debates.jpg\" alt=\"\" width=\"150\" height=\"215\" \/><\/a>Ciclo de Debates\u00a0Pensando S\u00e3o Paulo<\/p>\n<p style=\"text-align: center\"><img loading=\"lazy\" decoding=\"async\" class=\" size-full wp-image-677 aligncenter\" src=\"http:\/\/www.saopaulo.sp.leg.br\/escoladoparlamento\/wp-content\/uploads\/sites\/5\/2015\/05\/CAPA_Ciclo-Ed-Sustentaveis_pg.jpg\" alt=\"CAPA_Ciclo-Ed-Sustentaveis_pg\" width=\"150\" height=\"215\" \/>Ciclo Edif\u00edcios Sustent\u00e1veis<\/p>\n<p><iframe loading=\"lazy\" title=\"Diretor da Escola do Parlamento fala sobre edif\u00edcios sustent\u00e1veis\" width=\"640\" height=\"480\" src=\"https:\/\/www.youtube.com\/embed\/I34poxeMmYE?feature=oembed\" frameborder=\"0\" allow=\"accelerometer; autoplay; clipboard-write; encrypted-media; gyroscope; picture-in-picture; web-share\" referrerpolicy=\"strict-origin-when-cross-origin\" allowfullscreen><\/iframe><\/p>\n","protected":false},"excerpt":{"rendered":"<p>Desafios do Desenvolvimento P\u00f3s-Covid-19, uma parceria com NEEDDS-UFABC SP 2030 Pol\u00edticas P\u00fablicas de Cultura: Projeto Rep\u00f3rter do Futuro: E-Book\u00a0&#8211; Vers\u00e3o impressa Ciclo de Debates\u00a0Pensando S\u00e3o Paulo Ciclo Edif\u00edcios Sustent\u00e1veis<\/p>\n","protected":false},"author":127,"featured_media":0,"parent":43,"menu_order":559,"comment_status":"closed","ping_status":"closed","template":"","meta":{"_acf_changed":false,"footnotes":""},"class_list":["post-4581","page","type-page","status-publish","hentry"],"acf":[],"_links":{"self":[{"href":"https:\/\/www.saopaulo.sp.leg.br\/escoladoparlamento\/wp-json\/wp\/v2\/pages\/4581","targetHints":{"allow":["GET"]}}],"collection":[{"href":"https:\/\/www.saopaulo.sp.leg.br\/escoladoparlamento\/wp-json\/wp\/v2\/pages"}],"about":[{"href":"https:\/\/www.saopaulo.sp.leg.br\/escoladoparlamento\/wp-json\/wp\/v2\/types\/page"}],"author":[{"embeddable":true,"href":"https:\/\/www.saopaulo.sp.leg.br\/escoladoparlamento\/wp-json\/wp\/v2\/users\/127"}],"replies":[{"embeddable":true,"href":"https:\/\/www.saopaulo.sp.leg.br\/escoladoparlamento\/wp-json\/wp\/v2\/comments?post=4581"}],"version-history":[{"count":0,"href":"https:\/\/www.saopaulo.sp.leg.br\/escoladoparlamento\/wp-json\/wp\/v2\/pages\/4581\/revisions"}],"up":[{"embeddable":true,"href":"https:\/\/www.saopaulo.sp.leg.br\/escoladoparlamento\/wp-json\/wp\/v2\/pages\/43"}],"wp:attachment":[{"href":"https:\/\/www.saopaulo.sp.leg.br\/escoladoparlamento\/wp-json\/wp\/v2\/media?parent=4581"}],"curies":[{"name":"wp","href":"https:\/\/api.w.org\/{rel}","templated":true}]}}