{"id":4331,"date":"2016-06-16T14:51:48","date_gmt":"2016-06-16T17:51:48","guid":{"rendered":"http:\/\/www.saopaulo.sp.leg.br\/escoladoparlamento\/?page_id=4331"},"modified":"2018-05-11T16:49:35","modified_gmt":"2018-05-11T19:49:35","slug":"fundamentos-da-politica-e-dos-direitos-da-populacao-em-situacao-de-rua","status":"publish","type":"page","link":"https:\/\/www.saopaulo.sp.leg.br\/escoladoparlamento\/cursos\/cursos-anteriores\/cursos-realizados-em-2016\/fundamentos-da-politica-e-dos-direitos-da-populacao-em-situacao-de-rua\/","title":{"rendered":"Fundamentos da Pol\u00edtica e dos Direitos da Popula\u00e7\u00e3o em Situa\u00e7\u00e3o de Rua"},"content":{"rendered":"<p align=\"justify\"><strong>Objetivos:<\/strong> Nos \u00faltimos tempos, os olhares t\u00eam se voltado cada vez mais \u00e0queles que fazem da rua o espa\u00e7o de sobreviv\u00eancia.\u00a0A exist\u00eancia de condi\u00e7\u00f5es t\u00e3o aviltantes aos direitos humanos nos requisita a entender e construir respostas atrav\u00e9s de pol\u00edticas p\u00fablicas a essa manifesta\u00e7\u00e3o do pauperismo e da desigualdade social.\u00a0A Pol\u00edtica Nacional para a Inclus\u00e3o Social da Popula\u00e7\u00e3o em Situa\u00e7\u00e3o de Rua vem orientar a constru\u00e7\u00e3o e execu\u00e7\u00e3o de pol\u00edticas p\u00fablicas na contram\u00e3o dos estigmas, viol\u00eancias e viola\u00e7\u00f5es de direitos a que s\u00e3o submetidas essa popula\u00e7\u00e3o, buscando reunir esfor\u00e7os para contribuir na reconstru\u00e7\u00e3o dos projetos de vida mais dignos.\u00a0H\u00e1 uma crescente preocupa\u00e7\u00e3o dos formuladores das pol\u00edticas p\u00fablicas em desenvolver a\u00e7\u00f5es voltadas \u00e0 popula\u00e7\u00e3o que faz da rua sua moradia, e dai adv\u00e9m a proposta desse curso, possibilitando reflex\u00f5es, an\u00e1lises e estrat\u00e9gias de a\u00e7\u00e3o frente a essa quest\u00e3o t\u00e3o complexa.<\/p>\n<p><strong>Diretora Respons\u00e1vel<\/strong>: Lara Mesquita<\/p>\n<p><strong>Coordenadora do Curso<\/strong>: Joana Duarte e Damares P. Vicente<\/p>\n<p align=\"justify\"><strong>P\u00fablico Alvo:<\/strong> Profissionais de n\u00edvel m\u00e9dio e de n\u00edvel universit\u00e1rio que trabalham com essa popula\u00e7\u00e3o nas \u00e1reas da Assist\u00eancia Social, Sa\u00fade e Previd\u00eancia Social; parlamentares e assessores\/as de gabinetes; demais cidad\u00e3os da sociedade civil pertencentes aos mecanismos de participa\u00e7\u00e3o popular e de controle social, especialmente conselheiros dos diversos conselhos de pol\u00edticas p\u00fablicas afeitos ao tema.<\/p>\n<p><strong>Carga Hor\u00e1ria:<\/strong> 15h (5 aulas de 3h)<\/p>\n<p><strong>Local:<\/strong> \u00a0<a title=\"Audit\u00f3rio Prestes Maia\" href=\"http:\/\/www.saopaulo.sp.leg.br\/transparencia\/auditorios-online\/auditorio-prestes-maia\/\">Audit\u00f3rio Prestes Maia<\/a>\u00a0(Plenarinho) e Sal\u00e3o Nobre<\/p>\n<p><strong>Inscritos:<\/strong>\u00a0<a href=\"http:\/\/www.saopaulo.sp.leg.br\/escoladoparlamento\/wp-content\/uploads\/sites\/5\/2016\/06\/Rela\u00e7\u00e3o-final-de-selecionados-para-o-curso-de-Fundamentos-da-pol\u00edtica-e-dos-direitos-da-popula\u00e7\u00e3o-em-situa\u00e7\u00e3o-de-rua.pdf\">Rela\u00e7\u00e3o final de selecionados<\/a><\/p>\n<p>Para garantir o acesso \u00e0 vers\u00e3o mais recente da p\u00e1gina digite CTRL+F5.<\/p>\n<p><strong>Programa\u00e7\u00e3o e material:<\/strong><\/p>\n<table>\n<tbody>\n<tr>\n<td><strong>Data<\/strong><\/td>\n<td><strong>Local<\/strong><\/td>\n<td><strong>Hora<\/strong><\/td>\n<td><strong>Palestrante<\/strong><\/td>\n<td><strong>Tema da palestra\/aula<\/strong><\/td>\n<\/tr>\n<tr>\n<td>20\/jul<\/td>\n<td><a title=\"Audit\u00f3rio Prestes Maia\" href=\"http:\/\/www.saopaulo.sp.leg.br\/transparencia\/auditorios-online\/auditorio-prestes-maia\/\">Audit\u00f3rio Prestes Maia<\/a>\u00a0(Plenarinho)<\/td>\n<td>19-22h<\/td>\n<td>Carolina Ferro<\/td>\n<td><em>Pol\u00edtica Nacional \u2013 verticalidade federativa <a href=\"http:\/\/www.saopaulo.sp.leg.br\/escoladoparlamento\/wp-content\/uploads\/sites\/5\/2016\/06\/PopRua-Aula-1-Carolina-Ferro.pdf\">[Slide]<\/a>\u00a0<\/em><\/td>\n<\/tr>\n<tr>\n<td>22\/jul<\/td>\n<td><a title=\"Sal\u00e3o Nobre Presidente Jo\u00e3o Brasil Vita\" href=\"http:\/\/www.saopaulo.sp.leg.br\/transparencia\/auditorios-online\/salao-nobre-presidente-joao-brasil-vita\/\">Sal\u00e3o Nobre Presidente Jo\u00e3o Brasil Vita<\/a><\/td>\n<td>19-22h<\/td>\n<td>Carolina Ferro<\/td>\n<td><em>Pol\u00edtica Nacional e Comit\u00ea Intersetorial [<a href=\"http:\/\/www.saopaulo.sp.leg.br\/escoladoparlamento\/wp-content\/uploads\/sites\/5\/2016\/06\/PopRua-Aula-2-Carolina-Ferro-2.pdf\">Slide <\/a>&#8211; <a href=\"http:\/\/www.saopaulo.sp.leg.br\/escoladoparlamento\/wp-content\/uploads\/sites\/5\/2016\/06\/2009-Decreto-n\u00ba-7.053-de-23-de-dezembro-Pol\u00edtica-Nacional.pdf\">Decreto 7.053<\/a>]<\/em><\/td>\n<\/tr>\n<tr>\n<td>25\/jul<\/td>\n<td><a title=\"Audit\u00f3rio Prestes Maia\" href=\"http:\/\/www.saopaulo.sp.leg.br\/transparencia\/auditorios-online\/auditorio-prestes-maia\/\">Audit\u00f3rio Prestes Maia<\/a>\u00a0(Plenarinho)<\/td>\n<td>19-22h<\/td>\n<td>Damares Pereira Vicente<\/td>\n<td><em>Determina\u00e7\u00f5es sociohist\u00f3ricas e popula\u00e7\u00e3o em situa\u00e7\u00e3o de rua [<a href=\"http:\/\/www.saopaulo.sp.leg.br\/escoladoparlamento\/wp-content\/uploads\/sites\/5\/2016\/06\/DAMARES.MOD1_.AULA3_.pdf\">Slides<\/a>]\u00a0<\/em><\/td>\n<\/tr>\n<tr>\n<td>27\/jul<\/td>\n<td><a title=\"Audit\u00f3rio Prestes Maia\" href=\"http:\/\/www.saopaulo.sp.leg.br\/transparencia\/auditorios-online\/auditorio-prestes-maia\/\">Audit\u00f3rio Prestes Maia<\/a>\u00a0(Plenarinho)<\/td>\n<td>19-22h<\/td>\n<td>Damares Pereira Vicente<\/td>\n<td><em>Interdisciplinaridade\/Intersetorialidade [<a href=\"http:\/\/www.saopaulo.sp.leg.br\/escoladoparlamento\/wp-content\/uploads\/sites\/5\/2016\/06\/DAMARES.MOD1_.AULA4_.pdf\">Slides<\/a>]\u00a0<\/em><\/td>\n<\/tr>\n<tr>\n<td>29\/jul<\/td>\n<td><a title=\"Sal\u00e3o Nobre Presidente Jo\u00e3o Brasil Vita\" href=\"http:\/\/www.saopaulo.sp.leg.br\/transparencia\/auditorios-online\/salao-nobre-presidente-joao-brasil-vita\/\">Sal\u00e3o Nobre Presidente Jo\u00e3o Brasil Vita<\/a><\/td>\n<td>19-22h<\/td>\n<td>Damares Pereira Vicente e Rodrigo Leal (Defensoria)<\/td>\n<td><em>Territ\u00f3rio e Diversidades [<a href=\"http:\/\/www.saopaulo.sp.leg.br\/escoladoparlamento\/wp-content\/uploads\/sites\/5\/2016\/06\/DAMARESMOD1-AULA5.pdf\">Slide1 <\/a>&#8211; <a href=\"http:\/\/www.saopaulo.sp.leg.br\/escoladoparlamento\/wp-content\/uploads\/sites\/5\/2016\/06\/RODRIGO.MOD1_.AULA5_.pdf\">Slide2<\/a>]\u00a0<\/em><\/td>\n<\/tr>\n<\/tbody>\n<\/table>\n<h5>*Programa\u00e7\u00e3o sujeita a altera\u00e7\u00f5es<\/h5>\n<p>O segundo m\u00f3dulo do curso acontecer\u00e1 no segundo semestre deste ano.<\/p>\n<p>Fique atento ao site e \u00e0s divulga\u00e7\u00f5es!<\/p>\n","protected":false},"excerpt":{"rendered":"<p>Objetivos: Nos \u00faltimos tempos, os olhares t\u00eam se voltado cada vez mais \u00e0queles que fazem da rua o espa\u00e7o de sobreviv\u00eancia.\u00a0A exist\u00eancia de condi\u00e7\u00f5es t\u00e3o aviltantes aos direitos humanos nos requisita a entender e construir respostas atrav\u00e9s de pol\u00edticas p\u00fablicas a essa manifesta\u00e7\u00e3o do pauperismo e da desigualdade social.\u00a0A Pol\u00edtica Nacional para a Inclus\u00e3o Social [&hellip;]<\/p>\n","protected":false},"author":183,"featured_media":0,"parent":3097,"menu_order":733,"comment_status":"closed","ping_status":"closed","template":"","meta":{"_acf_changed":false,"footnotes":""},"class_list":["post-4331","page","type-page","status-publish","hentry"],"acf":[],"_links":{"self":[{"href":"https:\/\/www.saopaulo.sp.leg.br\/escoladoparlamento\/wp-json\/wp\/v2\/pages\/4331","targetHints":{"allow":["GET"]}}],"collection":[{"href":"https:\/\/www.saopaulo.sp.leg.br\/escoladoparlamento\/wp-json\/wp\/v2\/pages"}],"about":[{"href":"https:\/\/www.saopaulo.sp.leg.br\/escoladoparlamento\/wp-json\/wp\/v2\/types\/page"}],"author":[{"embeddable":true,"href":"https:\/\/www.saopaulo.sp.leg.br\/escoladoparlamento\/wp-json\/wp\/v2\/users\/183"}],"replies":[{"embeddable":true,"href":"https:\/\/www.saopaulo.sp.leg.br\/escoladoparlamento\/wp-json\/wp\/v2\/comments?post=4331"}],"version-history":[{"count":0,"href":"https:\/\/www.saopaulo.sp.leg.br\/escoladoparlamento\/wp-json\/wp\/v2\/pages\/4331\/revisions"}],"up":[{"embeddable":true,"href":"https:\/\/www.saopaulo.sp.leg.br\/escoladoparlamento\/wp-json\/wp\/v2\/pages\/3097"}],"wp:attachment":[{"href":"https:\/\/www.saopaulo.sp.leg.br\/escoladoparlamento\/wp-json\/wp\/v2\/media?parent=4331"}],"curies":[{"name":"wp","href":"https:\/\/api.w.org\/{rel}","templated":true}]}}