{"id":43,"date":"2015-05-11T20:52:48","date_gmt":"2015-05-11T20:52:48","guid":{"rendered":"http:\/\/toborino.net\/escola-parlamento\/?page_id=43"},"modified":"2023-01-13T15:44:57","modified_gmt":"2023-01-13T18:44:57","slug":"publicacoes","status":"publish","type":"page","link":"https:\/\/www.saopaulo.sp.leg.br\/escoladoparlamento\/publicacoes\/","title":{"rendered":"Publica\u00e7\u00f5es"},"content":{"rendered":"<p>A <a href=\"http:\/\/www.saopaulo.sp.leg.br\/escoladoparlamento\/publicacoes\/parlamento-e-sociedade\/\"><strong>REVISTA PARLAMENTO &amp; SOCIEDADE <\/strong><\/a>\u00e9 uma publica\u00e7\u00e3o acad\u00eamica da Escola do Parlamento da C\u00e2mara Municipal de S\u00e3o Paulo com periodicidade semestral.<\/p>\n<p>A Revista publica artigos, resenhas e ensaios in\u00e9ditos que se enquadrem na tem\u00e1tica \u201c<strong>Pol\u00edticas P\u00fablicas e Poder Legislativo no \u00e2mbito do Munic\u00edpio<\/strong>\u201d nas variadas \u00e1reas do conhecimento social \u2013 Ci\u00eancias Sociais, Hist\u00f3ria, Filosofia, Direito, Arquitetura e Urbanismo, Administra\u00e7\u00e3o e Gest\u00e3o P\u00fablicas, Educa\u00e7\u00e3o e Economia.<\/p>\n<p>Al\u00e9m da revista Parlamento e Sociedade temos tamb\u00e9m publica\u00e7\u00e3o de <a href=\"http:\/\/www.saopaulo.sp.leg.br\/escoladoparlamento\/publicacoes\/livros\/\">livros<\/a>, <a href=\"http:\/\/www.saopaulo.sp.leg.br\/escoladoparlamento\/publicacoes\/cadernos-e-relatorios\/\">cadernos e relat\u00f3rios de pesquisa<\/a>.<\/p>\n","protected":false},"excerpt":{"rendered":"<p>A REVISTA PARLAMENTO &amp; SOCIEDADE \u00e9 uma publica\u00e7\u00e3o acad\u00eamica da Escola do Parlamento da C\u00e2mara Municipal de S\u00e3o Paulo com periodicidade semestral. A Revista publica artigos, resenhas e ensaios in\u00e9ditos que se enquadrem na tem\u00e1tica \u201cPol\u00edticas P\u00fablicas e Poder Legislativo no \u00e2mbito do Munic\u00edpio\u201d nas variadas \u00e1reas do conhecimento social \u2013 Ci\u00eancias Sociais, Hist\u00f3ria, Filosofia, [&hellip;]<\/p>\n","protected":false},"author":19,"featured_media":0,"parent":0,"menu_order":728,"comment_status":"open","ping_status":"open","template":"","meta":{"_acf_changed":false,"footnotes":""},"class_list":["post-43","page","type-page","status-publish","hentry"],"acf":[],"_links":{"self":[{"href":"https:\/\/www.saopaulo.sp.leg.br\/escoladoparlamento\/wp-json\/wp\/v2\/pages\/43","targetHints":{"allow":["GET"]}}],"collection":[{"href":"https:\/\/www.saopaulo.sp.leg.br\/escoladoparlamento\/wp-json\/wp\/v2\/pages"}],"about":[{"href":"https:\/\/www.saopaulo.sp.leg.br\/escoladoparlamento\/wp-json\/wp\/v2\/types\/page"}],"author":[{"embeddable":true,"href":"https:\/\/www.saopaulo.sp.leg.br\/escoladoparlamento\/wp-json\/wp\/v2\/users\/19"}],"replies":[{"embeddable":true,"href":"https:\/\/www.saopaulo.sp.leg.br\/escoladoparlamento\/wp-json\/wp\/v2\/comments?post=43"}],"version-history":[{"count":0,"href":"https:\/\/www.saopaulo.sp.leg.br\/escoladoparlamento\/wp-json\/wp\/v2\/pages\/43\/revisions"}],"wp:attachment":[{"href":"https:\/\/www.saopaulo.sp.leg.br\/escoladoparlamento\/wp-json\/wp\/v2\/media?parent=43"}],"curies":[{"name":"wp","href":"https:\/\/api.w.org\/{rel}","templated":true}]}}