{"id":4232,"date":"2016-06-07T16:22:09","date_gmt":"2016-06-07T19:22:09","guid":{"rendered":"http:\/\/www.saopaulo.sp.leg.br\/escoladoparlamento\/?page_id=4232"},"modified":"2018-05-11T16:48:36","modified_gmt":"2018-05-11T19:48:36","slug":"ead-curso-de-direitos-humanos","status":"publish","type":"page","link":"https:\/\/www.saopaulo.sp.leg.br\/escoladoparlamento\/cursos\/cursos-anteriores\/cursos-realizados-em-2016\/ead-curso-de-direitos-humanos\/","title":{"rendered":"Direitos Humanos &#8211; EAD"},"content":{"rendered":"<p><iframe loading=\"lazy\" title=\"Escola do Parlamento promove curso de Direitos Humanos em EAD\" width=\"640\" height=\"480\" src=\"https:\/\/www.youtube.com\/embed\/rgikkl5Yo9g?feature=oembed\" frameborder=\"0\" allow=\"accelerometer; autoplay; clipboard-write; encrypted-media; gyroscope; picture-in-picture; web-share\" referrerpolicy=\"strict-origin-when-cross-origin\" allowfullscreen><\/iframe><\/p>\n<figure id=\"attachment_4233\" aria-describedby=\"caption-attachment-4233\" style=\"width: 300px\" class=\"wp-caption alignright\"><a href=\"http:\/\/www.saopaulo.sp.leg.br\/escoladoparlamento\/wp-content\/uploads\/sites\/5\/2016\/06\/Unifesp-600px.jpg\"><img loading=\"lazy\" decoding=\"async\" class=\"wp-image-4233 size-medium\" src=\"http:\/\/www.saopaulo.sp.leg.br\/escoladoparlamento\/wp-content\/uploads\/sites\/5\/2016\/06\/Unifesp-600px-300x178.jpg\" alt=\"LOGO UNIFESP\" width=\"300\" height=\"178\" srcset=\"https:\/\/www.saopaulo.sp.leg.br\/escoladoparlamento\/wp-content\/uploads\/sites\/5\/2016\/06\/Unifesp-600px-300x178.jpg 300w, https:\/\/www.saopaulo.sp.leg.br\/escoladoparlamento\/wp-content\/uploads\/sites\/5\/2016\/06\/Unifesp-600px.jpg 626w\" sizes=\"auto, (max-width: 300px) 100vw, 300px\" \/><\/a><figcaption id=\"caption-attachment-4233\" class=\"wp-caption-text\">Este curso \u00e9 uma parceria com a Universidade Federal de S\u00e3o Paulo &#8211; UNIFESP<\/figcaption><\/figure>\n<p><strong>Apresenta\u00e7\u00e3o:\u00a0<\/strong>Primeira atividade fruto da parceria entre a Escola do Parlamento e a UNIFESP, este curso na modalidade EAD\u00a0aborda a constru\u00e7\u00e3o de uma cultura de direitos humanos, problematizando as concep\u00e7\u00f5es dominantes referentes ao trin\u00f4mio sujeito-sociedade-mundo e as potencialidades dos processos formativos\u00a0e das a\u00e7\u00f5es coletivas. Confira o\u00a0<a href=\"http:\/\/www.saopaulo.sp.leg.br\/escoladoparlamento\/wp-content\/uploads\/sites\/5\/2016\/06\/Programa-EAD-para-Portal-1.pdf\">Programa Completo<\/a>\u00a0do curso.<\/p>\n<p><strong>Objetivos:<\/strong> Ofertar a\u00e7\u00f5es de forma\u00e7\u00e3o que provoquem, motivem e subsidiem a efetiva\u00e7\u00e3o de pr\u00e1ticas, atitudes e processos geradores de uma cultura pautada pelos fundamentos e conquistas dos direitos humanos.<\/p>\n<p><strong>Diretor Respons\u00e1vel:<\/strong> Christy Ganzert Pato<\/p>\n<p><strong>Coordenador: <\/strong>Ana Lucia Lana\u00a0Nemi<\/p>\n<p><strong>Vagas:<\/strong> 150. Crit\u00e9rios para a composi\u00e7\u00e3o da turma:<\/p>\n<ul>\n<li>50 vagas reservadas para o p\u00fablico <a href=\"http:\/\/www.unifesp.br\/reitoria\/proex\/artigos-home\/132-processo-seletivo\/383-edital-n-172-2016-abertura-das-inscricoes-cursos-de-extensao-em-direitos-humanos\">UNIFESP<\/a><\/li>\n<li>20 vagas abertas ao p\u00fablico em geral<\/li>\n<li>80 vagas reservadas para servidores p\u00fablicos da PMSP, assim distribu\u00eddas:\n<ul>\n<li>50 vagas definidas pela Escola Municipal de Administra\u00e7\u00e3o P\u00fablica de S\u00e3o Paulo (<a href=\"http:\/\/www.prefeitura.sp.gov.br\/cidade\/secretarias\/gestao\/emasp\/\">EMASP<\/a>\/PMSP)<\/li>\n<li>30 vagas reservadas aos servidores da C\u00e2mara Municipal de S\u00e3o Paulo (CMSP)<\/li>\n<\/ul>\n<\/li>\n<\/ul>\n<p>Obs. 1: A sele\u00e7\u00e3o dos candidatos \u00e0s 20 vagas abertas ao p\u00fablico em geral ser\u00e1 feita por ordem de inscri\u00e7\u00e3o.<\/p>\n<p>Obs. 2: As inscri\u00e7\u00f5es para o p\u00fablico em geral ser\u00e3o abertas no dia 21\/06 \u00e0s 15h e ser\u00e3o encerradas ao se alcan\u00e7ar o limite de vagas.<\/p>\n<p><strong>Carga Hor\u00e1ria:<\/strong> 30h cada m\u00f3dulo (3h presenciais em cada m\u00f3dulo).<\/p>\n<h3><strong>Inscri\u00e7\u00f5es:<\/strong><\/h3>\n<h3>Servidores CMSP: Encerradas.<\/h3>\n<h3>P\u00fablico em geral: Encerradas.<\/h3>\n<p><a href=\"http:\/\/www.saopaulo.sp.leg.br\/escoladoparlamento\/wp-content\/uploads\/sites\/5\/2016\/06\/Rela\u00e7\u00e3o-de-inscritos-para-o-curso-de-DIREITOS-HUMANOS-1.pdf\">Rela\u00e7\u00e3o de inscritos para o curso de DIREITOS HUMANOS<\/a><\/p>\n<p><strong>Programa\u00e7\u00e3o das aulas presenciais:<\/strong><\/p>\n<table>\n<tbody>\n<tr>\n<td><strong>Data<\/strong><\/td>\n<td><strong>Hora<\/strong><\/td>\n<td><strong>Local<\/strong><\/td>\n<td><strong>Tema<\/strong><\/td>\n<td><strong>Palestrantes<\/strong><\/td>\n<\/tr>\n<tr>\n<td><strong> 01\/08<\/strong><\/p>\n<p><em>Aula Magna Presencial <strong>M\u00f3dulo 1<\/strong><\/em><\/td>\n<td>19h \u2013 22h<\/td>\n<td>\u00a0<a title=\"Audit\u00f3rio Prestes Maia\" href=\"http:\/\/www.saopaulo.sp.leg.br\/transparencia\/auditorios-online\/auditorio-prestes-maia\/\">Audit\u00f3rio Prestes Maia (Plenarinho)<\/a><\/td>\n<td>\u00a0<em>Fundamentos Filos\u00f3ficos e Hist\u00f3ricos dos Direitos Humanos e a constru\u00e7\u00e3o dos marcos regulat\u00f3rios\u00a0<\/em><\/td>\n<td>Ana Nemi<\/td>\n<\/tr>\n<tr>\n<td><strong> 01\/09<\/strong><\/p>\n<p><em>Aula Magna Presencial <strong>M\u00f3dulo 2<\/strong><\/em><\/td>\n<td>19h \u2013 22h<\/td>\n<td>\u00a0<a title=\"Audit\u00f3rio Prestes Maia\" href=\"http:\/\/www.saopaulo.sp.leg.br\/transparencia\/auditorios-online\/auditorio-prestes-maia\/\">Audit\u00f3rio Prestes Maia (Plenarinho)<\/a><\/td>\n<td><em>Direitos Humanos: sociedade, cultura e educa\u00e7\u00e3o\u00a0<\/em><\/td>\n<td>Raiane Patr\u00edcia Severino Assump\u00e7\u00e3o<\/td>\n<\/tr>\n<tr>\n<td><strong>3\/10<\/strong><\/p>\n<p><em>Aula Magna Presencial <strong>M\u00f3dulo 3<\/strong><\/em><\/td>\n<td>19h \u2013 22h<\/td>\n<td>\u00a0<a title=\"Audit\u00f3rio Prestes Maia\" href=\"http:\/\/www.saopaulo.sp.leg.br\/transparencia\/auditorios-online\/auditorio-prestes-maia\/\">Audit\u00f3rio Prestes Maia (Plenarinho)<\/a><\/td>\n<td><em>Direitos Humanos: a import\u00e2ncia das reivindica\u00e7\u00f5es<\/em><\/td>\n<td>Bruno Comparato<\/td>\n<\/tr>\n<\/tbody>\n<\/table>\n<p><strong>Ana Nemi:<\/strong> Possui Mestrado em Hist\u00f3ria social pela Universidade de S\u00e3o Paulo (1994), Doutorado em Ci\u00eancias Sociais pela Universidade de Campinas (2003), p\u00f3s-Doutorado em Hist\u00f3ria pela UNIFESP e pela Universidade de Lisboa (2006) e p\u00f3s-doutorado pela Unicamp (2012).\u00a0\u00c9 professora de Hist\u00f3ria Contempor\u00e2nea e do Programa de P\u00f3s-gradua\u00e7\u00e3o em Hist\u00f3ria e Historiografia na UNIFESP\u00a0(<a href=\"http:\/\/lattes.cnpq.br\/3238114239917472\">Lattes<\/a>).<\/p>\n<p><strong>Raiane Patr\u00edcia Severino Assump\u00e7\u00e3o:<\/strong> Doutora\u00a0(2008) em Sociologia pela UNESP. Docente DE na Universidade Federal de S\u00e3o Paulo (UNIFESP) &#8211; Campus Baixada Santista. Atuando como professora no curso de Servi\u00e7o Social, na coordena\u00e7\u00e3o do Centro de Educa\u00e7\u00e3o em Direitos Humanos\/ UNIFESP-BS, na coordenadoria de Apoio \u00e0s Pol\u00edticas de Estado da PROEX\/UNIFESP.\u00a0(<a href=\"http:\/\/lattes.cnpq.br\/2899447703219719\">Lattes<\/a>).<\/p>\n<p><strong>Bruno Konder Comparato:<\/strong> Doutor em Ci\u00eancia Pol\u00edtica pela USP (2006). Atualmente \u00e9 professor no curso de ci\u00eancias sociais da UNIFESP.\u00a0\u00c9 autor de um livro did\u00e1tico para o ensino de sociologia no ensino m\u00e9dio (<a href=\"http:\/\/lattes.cnpq.br\/6195755585703714\">Lattes<\/a>).<\/p>\n<p>&nbsp;<\/p>\n","protected":false},"excerpt":{"rendered":"<p>Apresenta\u00e7\u00e3o:\u00a0Primeira atividade fruto da parceria entre a Escola do Parlamento e a UNIFESP, este curso na modalidade EAD\u00a0aborda a constru\u00e7\u00e3o de uma cultura de direitos humanos, problematizando as concep\u00e7\u00f5es dominantes referentes ao trin\u00f4mio sujeito-sociedade-mundo e as potencialidades dos processos formativos\u00a0e das a\u00e7\u00f5es coletivas. Confira o\u00a0Programa Completo\u00a0do curso. Objetivos: Ofertar a\u00e7\u00f5es de forma\u00e7\u00e3o que provoquem, motivem [&hellip;]<\/p>\n","protected":false},"author":127,"featured_media":0,"parent":3097,"menu_order":562,"comment_status":"closed","ping_status":"closed","template":"","meta":{"_acf_changed":false,"footnotes":""},"class_list":["post-4232","page","type-page","status-publish","hentry"],"acf":[],"_links":{"self":[{"href":"https:\/\/www.saopaulo.sp.leg.br\/escoladoparlamento\/wp-json\/wp\/v2\/pages\/4232","targetHints":{"allow":["GET"]}}],"collection":[{"href":"https:\/\/www.saopaulo.sp.leg.br\/escoladoparlamento\/wp-json\/wp\/v2\/pages"}],"about":[{"href":"https:\/\/www.saopaulo.sp.leg.br\/escoladoparlamento\/wp-json\/wp\/v2\/types\/page"}],"author":[{"embeddable":true,"href":"https:\/\/www.saopaulo.sp.leg.br\/escoladoparlamento\/wp-json\/wp\/v2\/users\/127"}],"replies":[{"embeddable":true,"href":"https:\/\/www.saopaulo.sp.leg.br\/escoladoparlamento\/wp-json\/wp\/v2\/comments?post=4232"}],"version-history":[{"count":0,"href":"https:\/\/www.saopaulo.sp.leg.br\/escoladoparlamento\/wp-json\/wp\/v2\/pages\/4232\/revisions"}],"up":[{"embeddable":true,"href":"https:\/\/www.saopaulo.sp.leg.br\/escoladoparlamento\/wp-json\/wp\/v2\/pages\/3097"}],"wp:attachment":[{"href":"https:\/\/www.saopaulo.sp.leg.br\/escoladoparlamento\/wp-json\/wp\/v2\/media?parent=4232"}],"curies":[{"name":"wp","href":"https:\/\/api.w.org\/{rel}","templated":true}]}}