{"id":419,"date":"2015-06-11T22:00:12","date_gmt":"2015-06-11T22:00:12","guid":{"rendered":"http:\/\/www.saopaulo.sp.leg.br\/escoladoparlamento\/?page_id=419"},"modified":"2020-03-16T18:04:02","modified_gmt":"2020-03-16T21:04:02","slug":"missao","status":"publish","type":"page","link":"https:\/\/www.saopaulo.sp.leg.br\/escoladoparlamento\/a-escola\/missao\/","title":{"rendered":"Miss\u00e3o"},"content":{"rendered":"<p>A miss\u00e3o da Escola do Parlamento (EP) da C\u00e2mara Municipal de S\u00e3o Paulo \u00e9 aproximar o poder parlamentar da sociedade, com a forma\u00e7\u00e3o e a capacita\u00e7\u00e3o de agentes p\u00fablicos e mun\u00edcipes. Por meio de suas atividades de ensino, pesquisa e extens\u00e3o, a escola promove a difus\u00e3o de conhecimentos socioecon\u00f4micos, pol\u00edticos, ambientais, educacionais e culturais da cidade de S\u00e3o Paulo. Al\u00e9m de a\u00e7\u00f5es voltadas para a forma\u00e7\u00e3o pol\u00edtica, como cursos e semin\u00e1rios, dentre outras atividades, a EP fomenta a pesquisa t\u00e9cnico-acad\u00eamica em coopera\u00e7\u00e3o com outras institui\u00e7\u00f5es de ensino. Em parceria com pesquisadores, docentes e especialistas, a escola tamb\u00e9m publica estudos a respeito de quest\u00f5es relevantes tanto para<span class=\"Apple-converted-space\">\u00a0<\/span>a<span class=\"Apple-converted-space\">\u00a0<\/span>sociedade paulistana quanto para o legislativo local.<\/p>\n<p>A Escola, institu\u00edda originalmente pelo <a href=\"http:\/\/www.saopaulo.sp.leg.br\/iah\/fulltext\/atoscmsp\/AC113111.pdf\">Ato 1131\/2011<\/a>, tem sua estrutura, organiza\u00e7\u00e3o e objetivos previstos na <a href=\"http:\/\/www.saopaulo.sp.leg.br\/iah\/fulltext\/leis\/L15506.pdf\" target=\"_blank\" rel=\"noopener noreferrer\">Lei n\u00ba. 15.506\/2011<\/a>:<br \/>\n<strong>a) <\/strong>Oferecer ao parlamentar e aos mun\u00edcipes subs\u00eddios para a identifica\u00e7\u00e3o da miss\u00e3o do Poder Legislativo, para que exer\u00e7am de forma eficaz suas atividades;<br \/>\n<strong><strong>b) <\/strong><\/strong>Desenvolver programas de ensino, cursos e palestras, objetivando a forma\u00e7\u00e3o e a qualifica\u00e7\u00e3o de lideran\u00e7as comunit\u00e1rias e pol\u00edticas;<strong><strong><br \/>\n<strong>c)<\/strong> <\/strong><\/strong>Estimular a pesquisa t\u00e9cnica-acad\u00eamica voltada \u00e0 C\u00e2mara Municipal em coopera\u00e7\u00e3o com outras institui\u00e7\u00f5es de ensino.<strong><strong><br \/>\n<strong>d)<\/strong><\/strong><\/strong> Preparar o planejamento estrat\u00e9gico administrativo da C\u00e2mara Municipal, dentro de suas compet\u00eancias, em coopera\u00e7\u00e3o com institui\u00e7\u00f5es de ensino;<strong><strong><br \/>\n<strong>e)<\/strong> <\/strong><\/strong>Realizar eventos, semin\u00e1rios e encontros no \u00e2mbito de suas compet\u00eancias;<\/p>\n<p><strong><strong><br \/>\n<\/strong><\/strong>Al\u00e9m da <a href=\"http:\/\/www.saopaulo.sp.leg.br\/iah\/fulltext\/leis\/L15506.pdf\" target=\"_blank\" rel=\"noopener noreferrer\">Lei n\u00ba. 15.506\/2011<\/a>, a <a href=\"http:\/\/www.saopaulo.sp.leg.br\/iah\/fulltext\/leis\/L17153.pdf\">Lei n\u00ba 17.153\/2019<\/a> reorganiza a Escola do Parlamento, e, finalmente, o <a href=\"http:\/\/www.saopaulo.sp.leg.br\/iah\/fulltext\/atoscmsp\/AC145920.pdf\" target=\"_blank\" rel=\"noopener noreferrer\">Regimento interno<\/a> disp\u00f5e sobre a sua organiza\u00e7\u00e3o, estrutura e funcionamento. J\u00e1 o <a href=\"http:\/\/www.saopaulo.sp.leg.br\/iah\/fulltext\/atoscmsp\/AC138817.pdf\">Ato 1388\/2017<\/a> traz as principais regras para o credenciamento e contrata\u00e7\u00e3o de docentes.<\/p>\n","protected":false},"excerpt":{"rendered":"<p>A miss\u00e3o da Escola do Parlamento (EP) da C\u00e2mara Municipal de S\u00e3o Paulo \u00e9 aproximar o poder parlamentar da sociedade, com a forma\u00e7\u00e3o e a capacita\u00e7\u00e3o de agentes p\u00fablicos e mun\u00edcipes. Por meio de suas atividades de ensino, pesquisa e extens\u00e3o, a escola promove a difus\u00e3o de conhecimentos socioecon\u00f4micos, pol\u00edticos, ambientais, educacionais e culturais da [&hellip;]<\/p>\n","protected":false},"author":19,"featured_media":0,"parent":38,"menu_order":700,"comment_status":"open","ping_status":"open","template":"","meta":{"_acf_changed":false,"footnotes":""},"class_list":["post-419","page","type-page","status-publish","hentry"],"acf":[],"_links":{"self":[{"href":"https:\/\/www.saopaulo.sp.leg.br\/escoladoparlamento\/wp-json\/wp\/v2\/pages\/419","targetHints":{"allow":["GET"]}}],"collection":[{"href":"https:\/\/www.saopaulo.sp.leg.br\/escoladoparlamento\/wp-json\/wp\/v2\/pages"}],"about":[{"href":"https:\/\/www.saopaulo.sp.leg.br\/escoladoparlamento\/wp-json\/wp\/v2\/types\/page"}],"author":[{"embeddable":true,"href":"https:\/\/www.saopaulo.sp.leg.br\/escoladoparlamento\/wp-json\/wp\/v2\/users\/19"}],"replies":[{"embeddable":true,"href":"https:\/\/www.saopaulo.sp.leg.br\/escoladoparlamento\/wp-json\/wp\/v2\/comments?post=419"}],"version-history":[{"count":0,"href":"https:\/\/www.saopaulo.sp.leg.br\/escoladoparlamento\/wp-json\/wp\/v2\/pages\/419\/revisions"}],"up":[{"embeddable":true,"href":"https:\/\/www.saopaulo.sp.leg.br\/escoladoparlamento\/wp-json\/wp\/v2\/pages\/38"}],"wp:attachment":[{"href":"https:\/\/www.saopaulo.sp.leg.br\/escoladoparlamento\/wp-json\/wp\/v2\/media?parent=419"}],"curies":[{"name":"wp","href":"https:\/\/api.w.org\/{rel}","templated":true}]}}