{"id":4170,"date":"2016-06-01T17:44:14","date_gmt":"2016-06-01T20:44:14","guid":{"rendered":"http:\/\/www.saopaulo.sp.leg.br\/escoladoparlamento\/?page_id=4170"},"modified":"2018-05-11T16:25:55","modified_gmt":"2018-05-11T19:25:55","slug":"financiamento-de-campanhas-limpas-transparentes-e-participativas","status":"publish","type":"page","link":"https:\/\/www.saopaulo.sp.leg.br\/escoladoparlamento\/cursos\/cursos-anteriores\/cursos-realizados-em-2016\/financiamento-de-campanhas-limpas-transparentes-e-participativas\/","title":{"rendered":"Campanhas limpas, transparentes e participativas"},"content":{"rendered":"<p><iframe loading=\"lazy\" title=\"Escola do Parlamento debate financiamento de campanhas eleitorais\" width=\"640\" height=\"480\" src=\"https:\/\/www.youtube.com\/embed\/jKE8PZYE4DI?feature=oembed\" frameborder=\"0\" allow=\"accelerometer; autoplay; clipboard-write; encrypted-media; gyroscope; picture-in-picture; web-share\" referrerpolicy=\"strict-origin-when-cross-origin\" allowfullscreen><\/iframe><\/p>\n<hr \/>\n<p>O curso contar\u00e1 com <strong>tradu\u00e7\u00e3o simult\u00e2nea<\/strong>!<\/p>\n<p align=\"justify\"><em>Os eventos realizados no \u00e2mbito da parceria Escola do Parlamento, EuVoto-Open Knowledge t\u00eam por finalidade ampliar o conhecimento da sociedade sobre o papel e o funcionamento da C\u00e2mara Municipal, identificando as atuais e potenciais iniciativas para amplia\u00e7\u00e3o da transpar\u00eancia, participa\u00e7\u00e3o e controle social, al\u00e9m de promover conex\u00f5es com outras iniciativas internacionais de inova\u00e7\u00e3o pol\u00edtica.<\/em><\/p>\n<p><strong>Objetivos: <\/strong>Com o intuito de debater a import\u00e2ncia do papel ativo dos cidad\u00e3os-eleitores nas campanhas e no cotidiano da atividade pol\u00edtica, e debater formas alternativas e mais baratas de se fazer campanha, e apresentar o app \u201cO Voto Legal\u201d.<\/p>\n<p><strong>Diretor Respons\u00e1vel<\/strong>: Christy Ganzert Pato<\/p>\n<p><strong>Coordenador:<\/strong>\u00a0Lara Mesquita<\/p>\n<p><strong>P\u00fablico Alvo:<\/strong> Servidores P\u00fablicos, Conselheiros, membros da sociedade civil organizada, estudantes e mun\u00edcipes em geral interessados no tema.<\/p>\n<p><strong>Vagas<\/strong>: 48<\/p>\n<p><strong>Carga Hor\u00e1ria<\/strong>: 3h<\/p>\n<p><strong>Inscri\u00e7\u00f5es<\/strong>: Sem inscri\u00e7\u00e3o pr\u00e9via<\/p>\n<table>\n<tbody>\n<tr>\n<td><strong>Data<\/strong><\/td>\n<td><strong>Hora<\/strong><\/td>\n<td><strong>Local<\/strong><\/td>\n<td><strong>Palestrante<\/strong><\/td>\n<td><strong>Tema da palestra\/aula<\/strong><\/td>\n<\/tr>\n<tr>\n<td><strong>10\/06<\/strong><\/td>\n<td>15h \u00e0s 17:30h<\/td>\n<td><a title=\"Sala Oscar Pedroso Horta \u2013 (\u201cSala B\u201d)\" href=\"http:\/\/www.saopaulo.sp.leg.br\/transparencia\/auditorios-online\/sala-oscar-pedroso-horta-sala-b\/\">Sala Oscar Pedroso Horta \u2013 (\u201cSala B\u201d)<\/a><\/td>\n<td>Craig Holman (Especialista norte-americano em reforma do financiamento da campanha eleitoral)<\/p>\n<p>Luciano Santos (Diretor MCCE)<\/p>\n<p>Ariel Kogan (<em>Open Knowledge)<\/em><\/td>\n<td>Financiamento de campanhas limpas, transparentes e participativas<\/p>\n<p>Apresenta\u00e7\u00e3o do app Voto Legal<\/p>\n<p>&nbsp;<\/td>\n<\/tr>\n<\/tbody>\n<\/table>\n","protected":false},"excerpt":{"rendered":"<p>O curso contar\u00e1 com tradu\u00e7\u00e3o simult\u00e2nea! Os eventos realizados no \u00e2mbito da parceria Escola do Parlamento, EuVoto-Open Knowledge t\u00eam por finalidade ampliar o conhecimento da sociedade sobre o papel e o funcionamento da C\u00e2mara Municipal, identificando as atuais e potenciais iniciativas para amplia\u00e7\u00e3o da transpar\u00eancia, participa\u00e7\u00e3o e controle social, al\u00e9m de promover conex\u00f5es com outras [&hellip;]<\/p>\n","protected":false},"author":183,"featured_media":0,"parent":3097,"menu_order":564,"comment_status":"closed","ping_status":"closed","template":"","meta":{"_acf_changed":false,"footnotes":""},"class_list":["post-4170","page","type-page","status-publish","hentry"],"acf":[],"_links":{"self":[{"href":"https:\/\/www.saopaulo.sp.leg.br\/escoladoparlamento\/wp-json\/wp\/v2\/pages\/4170","targetHints":{"allow":["GET"]}}],"collection":[{"href":"https:\/\/www.saopaulo.sp.leg.br\/escoladoparlamento\/wp-json\/wp\/v2\/pages"}],"about":[{"href":"https:\/\/www.saopaulo.sp.leg.br\/escoladoparlamento\/wp-json\/wp\/v2\/types\/page"}],"author":[{"embeddable":true,"href":"https:\/\/www.saopaulo.sp.leg.br\/escoladoparlamento\/wp-json\/wp\/v2\/users\/183"}],"replies":[{"embeddable":true,"href":"https:\/\/www.saopaulo.sp.leg.br\/escoladoparlamento\/wp-json\/wp\/v2\/comments?post=4170"}],"version-history":[{"count":0,"href":"https:\/\/www.saopaulo.sp.leg.br\/escoladoparlamento\/wp-json\/wp\/v2\/pages\/4170\/revisions"}],"up":[{"embeddable":true,"href":"https:\/\/www.saopaulo.sp.leg.br\/escoladoparlamento\/wp-json\/wp\/v2\/pages\/3097"}],"wp:attachment":[{"href":"https:\/\/www.saopaulo.sp.leg.br\/escoladoparlamento\/wp-json\/wp\/v2\/media?parent=4170"}],"curies":[{"name":"wp","href":"https:\/\/api.w.org\/{rel}","templated":true}]}}