{"id":4132,"date":"2016-05-31T11:41:11","date_gmt":"2016-05-31T14:41:11","guid":{"rendered":"http:\/\/www.saopaulo.sp.leg.br\/escoladoparlamento\/?page_id=4132"},"modified":"2018-05-11T16:32:04","modified_gmt":"2018-05-11T19:32:04","slug":"curso-cidadania-e-politica","status":"publish","type":"page","link":"https:\/\/www.saopaulo.sp.leg.br\/escoladoparlamento\/cursos\/cursos-anteriores\/cursos-realizados-em-2016\/curso-cidadania-e-politica\/","title":{"rendered":"Cidadania e Pol\u00edtica"},"content":{"rendered":"<p><iframe loading=\"lazy\" title=\"Curso discute funcionamento do sistema pol\u00edtico\" width=\"640\" height=\"480\" src=\"https:\/\/www.youtube.com\/embed\/UJWmkv9YwpI?feature=oembed\" frameborder=\"0\" allow=\"accelerometer; autoplay; clipboard-write; encrypted-media; gyroscope; picture-in-picture; web-share\" referrerpolicy=\"strict-origin-when-cross-origin\" allowfullscreen><\/iframe><\/p>\n<hr \/>\n<p><strong>Objetivos:<\/strong> Aproximar cidad\u00e3os dos conceitos cotidianos da pol\u00edtica auxiliando na compreens\u00e3o do funcionamento das institui\u00e7\u00f5es eleitorais e pol\u00edticas. Democracia, separa\u00e7\u00e3o de poderes, governabilidade e representa\u00e7\u00e3o s\u00e3o palavras que fazem parte do vocabul\u00e1rio pol\u00edtico cotidiano, mas muitos cidad\u00e3os n\u00e3o sabem ao certo seu significado. O intuito dessa atividade \u00e9 oferecer um curso introdut\u00f3rio de Inicia\u00e7\u00e3o Pol\u00edtica, tornando conceitos corriqueiros da pol\u00edtica conhecidos do p\u00fablico em geral. Essa atividade se encaixa em dois dos eixos de atividades da Escola: Cultura e Educa\u00e7\u00e3o; e Estado, Institui\u00e7\u00f5es, Democracia e Participa\u00e7\u00e3o Social.<\/p>\n<p><b>Diretor Respons\u00e1vel:<\/b> Lara Mesquita<\/p>\n<p><strong>P\u00fablico Alvo:<\/strong> Conselheiros, servidores p\u00fablicos, estudantes e popula\u00e7\u00e3o em geral<\/p>\n<p><strong>Vagas:<\/strong> 100<\/p>\n<p><strong>Carga Hor\u00e1ria:<\/strong> 18h (6 encontros de 3h)<\/p>\n<h3><strong>Inscri\u00e7\u00f5es<\/strong>: Encerradas.<\/h3>\n<p><strong>Programa\u00e7\u00e3o<\/strong>:<\/p>\n<table>\n<tbody>\n<tr>\n<td><strong>Data<\/strong><\/td>\n<td><strong>Hora<\/strong><\/td>\n<td><strong>Local<\/strong><\/td>\n<td><strong>Palestrante<\/strong><\/td>\n<td><strong>Temas<\/strong><\/td>\n<\/tr>\n<tr>\n<td><strong>04\/07<\/strong><\/td>\n<td>19h \u2013 22h<\/td>\n<td><a title=\"Sala S\u00e9rgio Vieira de Mello \u2013 (\u201cSala A\u201d)\" href=\"http:\/\/www.saopaulo.sp.leg.br\/transparencia\/auditorios-online\/sala-sergio-vieira-de-mello-sala\/\">Sala S\u00e9rgio Vieira de Mello<\/a><\/td>\n<td>Alexandre Cunha<\/td>\n<td>O poder judici\u00e1rio: o papel dos ju\u00edzes e tribunais<\/td>\n<\/tr>\n<tr>\n<td><strong>06\/07<\/strong><\/td>\n<td>19h \u2013 22h<\/td>\n<td><a title=\"Sala S\u00e9rgio Vieira de Mello \u2013 (\u201cSala A\u201d)\" href=\"http:\/\/www.saopaulo.sp.leg.br\/transparencia\/auditorios-online\/sala-sergio-vieira-de-mello-sala\/\">Sala S\u00e9rgio Vieira de Mello<\/a><\/td>\n<td>Humberto Dantas<\/td>\n<td>O Poder Executivo: O papel do prefeito<\/td>\n<\/tr>\n<tr>\n<td><strong>11\/07<\/strong><\/td>\n<td>19h \u2013 22h<\/td>\n<td><a title=\"Sala S\u00e9rgio Vieira de Mello \u2013 (\u201cSala A\u201d)\" href=\"http:\/\/www.saopaulo.sp.leg.br\/transparencia\/auditorios-online\/sala-sergio-vieira-de-mello-sala\/\">Sala S\u00e9rgio Vieira de Mello<\/a><\/td>\n<td>Elaini Silva<\/td>\n<td>Organiza\u00e7\u00f5es internacionais: funcionamento da ONU e OEA<\/td>\n<\/tr>\n<tr>\n<td><strong>13\/07<\/strong><\/td>\n<td>19h \u2013 22h<\/td>\n<td><a title=\"Sala S\u00e9rgio Vieira de Mello \u2013 (\u201cSala A\u201d)\" href=\"http:\/\/www.saopaulo.sp.leg.br\/transparencia\/auditorios-online\/sala-sergio-vieira-de-mello-sala\/\">Sala S\u00e9rgio Vieira de Mello<\/a><\/td>\n<td>Humberto Dantas<\/td>\n<td>O Poder Legislativo: O papel do vereador<\/td>\n<\/tr>\n<tr>\n<td><strong>18\/07<\/strong><\/td>\n<td>19h \u2013 22h<\/td>\n<td><a title=\"Sala S\u00e9rgio Vieira de Mello \u2013 (\u201cSala A\u201d)\" href=\"http:\/\/www.saopaulo.sp.leg.br\/transparencia\/auditorios-online\/sala-sergio-vieira-de-mello-sala\/\">Sala S\u00e9rgio Vieira de Mello<\/a><\/td>\n<td>Lara Mesquita<\/td>\n<td>Sistema Eleitoral: Como vereadores e prefeitos s\u00e3o eleitos<\/td>\n<\/tr>\n<\/tbody>\n<\/table>\n","protected":false},"excerpt":{"rendered":"<p>Objetivos: Aproximar cidad\u00e3os dos conceitos cotidianos da pol\u00edtica auxiliando na compreens\u00e3o do funcionamento das institui\u00e7\u00f5es eleitorais e pol\u00edticas. Democracia, separa\u00e7\u00e3o de poderes, governabilidade e representa\u00e7\u00e3o s\u00e3o palavras que fazem parte do vocabul\u00e1rio pol\u00edtico cotidiano, mas muitos cidad\u00e3os n\u00e3o sabem ao certo seu significado. O intuito dessa atividade \u00e9 oferecer um curso introdut\u00f3rio de Inicia\u00e7\u00e3o Pol\u00edtica, [&hellip;]<\/p>\n","protected":false},"author":183,"featured_media":0,"parent":3097,"menu_order":735,"comment_status":"closed","ping_status":"closed","template":"","meta":{"_acf_changed":false,"footnotes":""},"class_list":["post-4132","page","type-page","status-publish","hentry"],"acf":[],"_links":{"self":[{"href":"https:\/\/www.saopaulo.sp.leg.br\/escoladoparlamento\/wp-json\/wp\/v2\/pages\/4132","targetHints":{"allow":["GET"]}}],"collection":[{"href":"https:\/\/www.saopaulo.sp.leg.br\/escoladoparlamento\/wp-json\/wp\/v2\/pages"}],"about":[{"href":"https:\/\/www.saopaulo.sp.leg.br\/escoladoparlamento\/wp-json\/wp\/v2\/types\/page"}],"author":[{"embeddable":true,"href":"https:\/\/www.saopaulo.sp.leg.br\/escoladoparlamento\/wp-json\/wp\/v2\/users\/183"}],"replies":[{"embeddable":true,"href":"https:\/\/www.saopaulo.sp.leg.br\/escoladoparlamento\/wp-json\/wp\/v2\/comments?post=4132"}],"version-history":[{"count":0,"href":"https:\/\/www.saopaulo.sp.leg.br\/escoladoparlamento\/wp-json\/wp\/v2\/pages\/4132\/revisions"}],"up":[{"embeddable":true,"href":"https:\/\/www.saopaulo.sp.leg.br\/escoladoparlamento\/wp-json\/wp\/v2\/pages\/3097"}],"wp:attachment":[{"href":"https:\/\/www.saopaulo.sp.leg.br\/escoladoparlamento\/wp-json\/wp\/v2\/media?parent=4132"}],"curies":[{"name":"wp","href":"https:\/\/api.w.org\/{rel}","templated":true}]}}