{"id":41,"date":"2015-05-11T20:52:19","date_gmt":"2015-05-11T20:52:19","guid":{"rendered":"http:\/\/toborino.net\/escola-parlamento\/?page_id=41"},"modified":"2023-07-26T15:48:45","modified_gmt":"2023-07-26T18:48:45","slug":"cursos","status":"publish","type":"page","link":"https:\/\/www.saopaulo.sp.leg.br\/escoladoparlamento\/cursos\/","title":{"rendered":"Cursos"},"content":{"rendered":"<p>&nbsp;<\/p>\n<p style=\"text-align: justify\">A Escola do Parlamento desenvolve <strong>atividades de ensino, pesquisa e extens\u00e3o, gratuitas e abertas aos cidad\u00e3os e servidores p\u00fablicos<\/strong>. As atividades de extens\u00e3o incluem <strong>ciclos de debates, semin\u00e1rios, palestras e outros eventos<\/strong>. As a\u00e7\u00f5es de pesquisa resultam em <strong>publica\u00e7\u00f5es e cadernos<\/strong>, al\u00e9m de estudos produzidos por professores e especialistas. Dentre as atividades de ensino est\u00e3o os <strong>cursos curtos e de m\u00e9dia dura\u00e7\u00e3o, al\u00e9m de cursos de P\u00f3s Gradua\u00e7\u00e3o nas modalidades de especializa\u00e7\u00e3o e aperfei\u00e7oamento.<\/strong><\/p>\n<p style=\"text-align: justify\">Os cursos, que podem ser <strong>presenciais ou remotos<\/strong>, t\u00eam transmiss\u00e3o ao vivo pelo <a href=\"http:\/\/www.saopaulo.sp.leg.br\/transparencia\/auditorios-online\/\">Audit\u00f3rios On-line<\/a> e <a href=\"https:\/\/www.youtube.com\/@camarasaopaulo\">canal da Rede C\u00e2mara<\/a>, ou pelo <a href=\"https:\/\/www.youtube.com\/@EscoladoParlamentoCMSP\">canal da Escola do Parlamento no YouTube<\/a>. <strong>Para ter direito \u00e0 certifica\u00e7\u00e3o \u00e9 necess\u00e1rio se inscrever na data e hor\u00e1rio indicados e obedecer as instru\u00e7\u00f5es na p\u00e1gina do curso<\/strong>.<\/p>\n<h3 style=\"text-align: justify\">Acompanhe sempre nosso site, fa\u00e7a a sua inscri\u00e7\u00e3o, ajude na divulga\u00e7\u00e3o e participe!<\/h3>\n<h3 style=\"text-align: justify\">Cidadania se conquista a partir do conhecimento.<\/h3>\n<p>&nbsp;<\/p>\n","protected":false},"excerpt":{"rendered":"<p>&nbsp; A Escola do Parlamento desenvolve atividades de ensino, pesquisa e extens\u00e3o, gratuitas e abertas aos cidad\u00e3os e servidores p\u00fablicos. As atividades de extens\u00e3o incluem ciclos de debates, semin\u00e1rios, palestras e outros eventos. As a\u00e7\u00f5es de pesquisa resultam em publica\u00e7\u00f5es e cadernos, al\u00e9m de estudos produzidos por professores e especialistas. Dentre as atividades de ensino [&hellip;]<\/p>\n","protected":false},"author":19,"featured_media":0,"parent":0,"menu_order":678,"comment_status":"open","ping_status":"open","template":"","meta":{"_acf_changed":false,"footnotes":""},"class_list":["post-41","page","type-page","status-publish","hentry"],"acf":[],"_links":{"self":[{"href":"https:\/\/www.saopaulo.sp.leg.br\/escoladoparlamento\/wp-json\/wp\/v2\/pages\/41","targetHints":{"allow":["GET"]}}],"collection":[{"href":"https:\/\/www.saopaulo.sp.leg.br\/escoladoparlamento\/wp-json\/wp\/v2\/pages"}],"about":[{"href":"https:\/\/www.saopaulo.sp.leg.br\/escoladoparlamento\/wp-json\/wp\/v2\/types\/page"}],"author":[{"embeddable":true,"href":"https:\/\/www.saopaulo.sp.leg.br\/escoladoparlamento\/wp-json\/wp\/v2\/users\/19"}],"replies":[{"embeddable":true,"href":"https:\/\/www.saopaulo.sp.leg.br\/escoladoparlamento\/wp-json\/wp\/v2\/comments?post=41"}],"version-history":[{"count":0,"href":"https:\/\/www.saopaulo.sp.leg.br\/escoladoparlamento\/wp-json\/wp\/v2\/pages\/41\/revisions"}],"wp:attachment":[{"href":"https:\/\/www.saopaulo.sp.leg.br\/escoladoparlamento\/wp-json\/wp\/v2\/media?parent=41"}],"curies":[{"name":"wp","href":"https:\/\/api.w.org\/{rel}","templated":true}]}}