{"id":3987,"date":"2016-05-13T16:02:18","date_gmt":"2016-05-13T19:02:18","guid":{"rendered":"http:\/\/www.saopaulo.sp.leg.br\/escoladoparlamento\/?page_id=3987"},"modified":"2018-05-11T16:32:16","modified_gmt":"2018-05-11T19:32:16","slug":"o-crece-a-democracia-participativa-e-a-qualidade-social-da-educacao","status":"publish","type":"page","link":"https:\/\/www.saopaulo.sp.leg.br\/escoladoparlamento\/cursos\/cursos-anteriores\/cursos-realizados-em-2016\/o-crece-a-democracia-participativa-e-a-qualidade-social-da-educacao\/","title":{"rendered":"O CRECE, a Democracia Participativa e a Qualidade Social da Educa\u00e7\u00e3o"},"content":{"rendered":"<p><strong>Objetivos:<\/strong> Oferecer processo de forma\u00e7\u00e3o para Conselheiros do CRECE \u2013 Regionais e Central das escolas municipais da rede de ensino de S\u00e3o Paulo<\/p>\n<p><strong>Diretor Respons\u00e1vel:<\/strong> Christy Ganzert Pato<\/p>\n<p><strong>Coordena\u00e7\u00e3o:<\/strong> Silvia Carvalho<\/p>\n<p><strong>P\u00fablico Alvo:<\/strong> Conselheiros do CRECE &#8211; Conselho de Representantes de Conselhos de Escolas Municipais de S\u00e3o Paulo<\/p>\n<p><strong>Vagas:<\/strong> 350<\/p>\n<p><strong>Carga Hor\u00e1ria:<\/strong> 12h.<\/p>\n<h3><strong>Inscri\u00e7\u00f5es:<\/strong> Procure o Conselho de sua Escola para mais informa\u00e7\u00f5es.<\/h3>\n<p><strong>Local:<\/strong> <a title=\"Sal\u00e3o Nobre Presidente Jo\u00e3o Brasil Vita\" href=\"http:\/\/www.saopaulo.sp.leg.br\/transparencia\/auditorios-online\/salao-nobre-presidente-joao-brasil-vita\/\">Sal\u00e3o Nobre Presidente Jo\u00e3o Brasil Vita<\/a>, no 8o andar da C\u00e2mara Municipal de S\u00e3o Paulo.<\/p>\n<p><strong>Programa\u00e7\u00e3o:<\/strong><\/p>\n<table>\n<tbody>\n<tr>\n<td><strong>Semin\u00e1rio<\/strong><\/td>\n<td><strong>Data<\/strong><\/td>\n<td><strong>Turma<\/strong><\/td>\n<td><strong>Tema<\/strong><\/td>\n<td><strong>Palestrante<\/strong><\/td>\n<\/tr>\n<tr>\n<td rowspan=\"2\">I<\/td>\n<td>23\/mai [<a href=\"http:\/\/camarasp.flashserverbr.com\/21617\">V\u00eddeo<\/a>]<\/td>\n<td>1<\/td>\n<td rowspan=\"2\">A Lei 16213 e o Decreto 56520: suas implica\u00e7\u00f5es, seus desdobramentos<\/td>\n<td rowspan=\"2\">Prof\u00aa Dr\u00aa \u00c2ngela Antunes<\/td>\n<\/tr>\n<tr>\n<td>30\/mai [<a href=\"http:\/\/camarasp.flashserverbr.com\/21660\">V\u00eddeo 1<\/a>] [<a href=\"http:\/\/camarasp.flashserverbr.com\/21662\">V\u00eddeo 2<\/a>]\u00a0[<a href=\"http:\/\/camarasp.flashserverbr.com\/21663\">V\u00eddeo 3<\/a>] [<a href=\"http:\/\/camarasp.flashserverbr.com\/21667\">V\u00eddeo 4<\/a>]<\/td>\n<td>2<\/td>\n<\/tr>\n<tr>\n<td rowspan=\"2\">II<\/td>\n<td>06\/jun [<a href=\"http:\/\/camarasp.flashserverbr.com\/21753\">V\u00eddeo 1<\/a>]\u00a0[<a href=\"http:\/\/camarasp.flashserverbr.com\/21755\">V\u00eddeo 2<\/a>]<\/td>\n<td>1<\/td>\n<td rowspan=\"2\">A Comunidade na Escola e a Escola na Comunidade: os territ\u00f3rios educativos<\/td>\n<td rowspan=\"2\">Prof\u00aa Dr\u00aa Cileda Perrella<\/td>\n<\/tr>\n<tr>\n<td>10\/jun [<a href=\"http:\/\/camarasp.flashserverbr.com\/21831\">V\u00eddeo<\/a>]<\/td>\n<td>2<\/td>\n<\/tr>\n<tr>\n<td rowspan=\"2\">III<\/td>\n<td>10\/ago<\/td>\n<td>1<\/td>\n<td rowspan=\"2\">O Protagonismo Infantil e Juvenil: a participa\u00e7\u00e3o das crian\u00e7as e dos jovens na educa\u00e7\u00e3o municipal<\/td>\n<td rowspan=\"2\">Prof\u00aa Dr\u00aa M\u00e1rcia Gobbi<\/td>\n<\/tr>\n<tr>\n<td>11\/ago<\/td>\n<td>2<\/td>\n<\/tr>\n<tr>\n<td rowspan=\"2\">IV<\/td>\n<td>29\/ago<\/td>\n<td>1<\/td>\n<td rowspan=\"2\">As quest\u00f5es de g\u00eanero e \u00e9tnico raciais no territ\u00f3rio educativo<\/td>\n<td rowspan=\"2\">Prof\u00aa Mariana Venturini<\/td>\n<\/tr>\n<tr>\n<td>31\/ago<\/td>\n<td>2<\/td>\n<\/tr>\n<\/tbody>\n<\/table>\n<p><b><strong>Bibliografia:<\/strong><\/b><\/p>\n<p>Lei 16213, de 17 de junho de 2015.<\/p>\n<p>Decreto 56520, de 16 de outubro de 2015<\/p>\n<p>BENEVIDES, Maria Vit\u00f3ria. <em>A Cidadania Ativa: referendo, plebiscito e iniciativa popular<\/em>. S\u00e3o Paulo, Editora \u00c1tica, 1991.<\/p>\n<p>CISESKI, \u00c2ngela Antunes. <em>Aceita um Conselho? Teoria e pr\u00e1tica da gest\u00e3o participativa na escola p\u00fablica<\/em>. Disserta\u00e7\u00e3o de Mestrado. S\u00e3o Paulo: FEUSP, 1997.<\/p>\n<p>AGUIAR, R.C.L.; GR\u00c1CIO J. C. <em>Gr\u00eamio Estudantil: construindo novas rela\u00e7\u00f5es na escola<\/em>. In BASTOS, J. B. Gest\u00e3o Democr\u00e1tica. 3\u00aa edi\u00e7\u00e3o. Rio de Janeiro: 2002, p. 73-82.<\/p>\n","protected":false},"excerpt":{"rendered":"<p>Objetivos: Oferecer processo de forma\u00e7\u00e3o para Conselheiros do CRECE \u2013 Regionais e Central das escolas municipais da rede de ensino de S\u00e3o Paulo Diretor Respons\u00e1vel: Christy Ganzert Pato Coordena\u00e7\u00e3o: Silvia Carvalho P\u00fablico Alvo: Conselheiros do CRECE &#8211; Conselho de Representantes de Conselhos de Escolas Municipais de S\u00e3o Paulo Vagas: 350 Carga Hor\u00e1ria: 12h. Inscri\u00e7\u00f5es: Procure [&hellip;]<\/p>\n","protected":false},"author":127,"featured_media":0,"parent":3097,"menu_order":565,"comment_status":"closed","ping_status":"closed","template":"","meta":{"_acf_changed":false,"footnotes":""},"class_list":["post-3987","page","type-page","status-publish","hentry"],"acf":[],"_links":{"self":[{"href":"https:\/\/www.saopaulo.sp.leg.br\/escoladoparlamento\/wp-json\/wp\/v2\/pages\/3987","targetHints":{"allow":["GET"]}}],"collection":[{"href":"https:\/\/www.saopaulo.sp.leg.br\/escoladoparlamento\/wp-json\/wp\/v2\/pages"}],"about":[{"href":"https:\/\/www.saopaulo.sp.leg.br\/escoladoparlamento\/wp-json\/wp\/v2\/types\/page"}],"author":[{"embeddable":true,"href":"https:\/\/www.saopaulo.sp.leg.br\/escoladoparlamento\/wp-json\/wp\/v2\/users\/127"}],"replies":[{"embeddable":true,"href":"https:\/\/www.saopaulo.sp.leg.br\/escoladoparlamento\/wp-json\/wp\/v2\/comments?post=3987"}],"version-history":[{"count":0,"href":"https:\/\/www.saopaulo.sp.leg.br\/escoladoparlamento\/wp-json\/wp\/v2\/pages\/3987\/revisions"}],"up":[{"embeddable":true,"href":"https:\/\/www.saopaulo.sp.leg.br\/escoladoparlamento\/wp-json\/wp\/v2\/pages\/3097"}],"wp:attachment":[{"href":"https:\/\/www.saopaulo.sp.leg.br\/escoladoparlamento\/wp-json\/wp\/v2\/media?parent=3987"}],"curies":[{"name":"wp","href":"https:\/\/api.w.org\/{rel}","templated":true}]}}