{"id":3858,"date":"2016-04-29T16:08:34","date_gmt":"2016-04-29T19:08:34","guid":{"rendered":"http:\/\/www.saopaulo.sp.leg.br\/escoladoparlamento\/?page_id=3858"},"modified":"2017-07-11T13:27:23","modified_gmt":"2017-07-11T16:27:23","slug":"forum-das-cidades","status":"publish","type":"page","link":"https:\/\/www.saopaulo.sp.leg.br\/escoladoparlamento\/cursos\/cursos-anteriores\/cursos-realizados-em-2016\/forum-das-cidades\/","title":{"rendered":"F\u00d3RUM DAS CIDADES"},"content":{"rendered":"<p><iframe loading=\"lazy\" title=\"Escola do Parlamento discute temas que afetam qualidade de vida\" width=\"640\" height=\"480\" src=\"https:\/\/www.youtube.com\/embed\/lnyqG1lD3eY?feature=oembed\" frameborder=\"0\" allow=\"accelerometer; autoplay; clipboard-write; encrypted-media; gyroscope; picture-in-picture; web-share\" referrerpolicy=\"strict-origin-when-cross-origin\" allowfullscreen><\/iframe><\/p>\n<hr \/>\n<p><strong>Objetivos:<\/strong> O principal objetivo do curso \u00e9 fazer com que a sociedade, atrav\u00e9s de vis\u00f5es de diversas \u00e1reas do conhecimento, discuta temas relevantes para o cotidiano de onde vivem. A ideia, assim, \u00e9 trazer \u00e0 discuss\u00e3o temas que repercutem na vida da cidade e de seus moradores. O evento pretende fazer com que os moradores da cidade reflitam sobre temas que impactam a qualidade de vida na cidade.<\/p>\n<p><strong>Diretora Respons\u00e1vel:<\/strong> Carolina Cutrupi Ferreira<\/p>\n<p><strong>Nome dos Coordenadores:<\/strong> Tatiana Seferjan e Alexandre Cunha<\/p>\n<p><strong>P\u00fablico Alvo:<\/strong> Servidores P\u00fablicos, Conselheiros, membros da sociedade civil organizada, estudantes e mun\u00edcipes em geral interessados no tema.<\/p>\n<p><strong>Carga Hor\u00e1ria Total:<\/strong> 6h<\/p>\n<p><strong>Vagas:<\/strong> 90<\/p>\n<p><strong>Programa\u00e7\u00e3o:<\/strong><\/p>\n<table>\n<tbody>\n<tr>\n<td><strong>Quando e Onde<\/strong><\/td>\n<td><strong>Palestrante<\/strong><\/td>\n<td><strong>Tema<\/strong><\/td>\n<\/tr>\n<tr>\n<td><strong>12\/05 (19h-22h)<\/strong><br \/>\n<a title=\"Sala S\u00e9rgio Vieira de Mello \u2013 (\u201cSala A\u201d)\" href=\"http:\/\/www.saopaulo.sp.leg.br\/transparencia\/auditorios-online\/sala-sergio-vieira-de-mello-sala\/\">Sala S\u00e9rgio Vieira de Mello<\/a><\/td>\n<td>Alexandra Fuchs (NEDU)<\/p>\n<p>Vitor Schirato (Direito\/USP)<\/p>\n<p>Marcos Perez (Direito\/USP)<\/td>\n<td>Infraestrutura e planejamento [<a href=\"http:\/\/camarasp.flashserverbr.com\/21463\">Parte 1<\/a>] [<a href=\"http:\/\/camarasp.flashserverbr.com\/21464\">Parte 2<\/a>]<\/td>\n<\/tr>\n<tr>\n<td><strong>19\/05 (19h-22h)<\/strong><br \/>\n<a title=\"Sala S\u00e9rgio Vieira de Mello \u2013 (\u201cSala A\u201d)\" href=\"http:\/\/www.saopaulo.sp.leg.br\/transparencia\/auditorios-online\/sala-sergio-vieira-de-mello-sala\/\">Sala S\u00e9rgio Vieira de Mello<\/a><\/td>\n<td>Odete Medauar (Direito\/USP)<\/p>\n<p>Jos\u00e9 Fernando Ferreira Brega (SNJ\/PMSP)<\/p>\n<p>Gustavo Partesani (SPUrbanismo)<\/p>\n<p>Alexandre Jorge Carneiro da Cunha\u00a0(NEDU)<\/td>\n<td><a href=\"http:\/\/camarasp.flashserverbr.com\/21555\">Direito de construir e fun\u00e7\u00e3o social da propriedade<\/a><\/td>\n<\/tr>\n<\/tbody>\n<\/table>\n","protected":false},"excerpt":{"rendered":"<p>Objetivos: O principal objetivo do curso \u00e9 fazer com que a sociedade, atrav\u00e9s de vis\u00f5es de diversas \u00e1reas do conhecimento, discuta temas relevantes para o cotidiano de onde vivem. A ideia, assim, \u00e9 trazer \u00e0 discuss\u00e3o temas que repercutem na vida da cidade e de seus moradores. O evento pretende fazer com que os moradores [&hellip;]<\/p>\n","protected":false},"author":183,"featured_media":0,"parent":3097,"menu_order":566,"comment_status":"closed","ping_status":"closed","template":"","meta":{"_acf_changed":false,"footnotes":""},"class_list":["post-3858","page","type-page","status-publish","hentry"],"acf":[],"_links":{"self":[{"href":"https:\/\/www.saopaulo.sp.leg.br\/escoladoparlamento\/wp-json\/wp\/v2\/pages\/3858","targetHints":{"allow":["GET"]}}],"collection":[{"href":"https:\/\/www.saopaulo.sp.leg.br\/escoladoparlamento\/wp-json\/wp\/v2\/pages"}],"about":[{"href":"https:\/\/www.saopaulo.sp.leg.br\/escoladoparlamento\/wp-json\/wp\/v2\/types\/page"}],"author":[{"embeddable":true,"href":"https:\/\/www.saopaulo.sp.leg.br\/escoladoparlamento\/wp-json\/wp\/v2\/users\/183"}],"replies":[{"embeddable":true,"href":"https:\/\/www.saopaulo.sp.leg.br\/escoladoparlamento\/wp-json\/wp\/v2\/comments?post=3858"}],"version-history":[{"count":0,"href":"https:\/\/www.saopaulo.sp.leg.br\/escoladoparlamento\/wp-json\/wp\/v2\/pages\/3858\/revisions"}],"up":[{"embeddable":true,"href":"https:\/\/www.saopaulo.sp.leg.br\/escoladoparlamento\/wp-json\/wp\/v2\/pages\/3097"}],"wp:attachment":[{"href":"https:\/\/www.saopaulo.sp.leg.br\/escoladoparlamento\/wp-json\/wp\/v2\/media?parent=3858"}],"curies":[{"name":"wp","href":"https:\/\/api.w.org\/{rel}","templated":true}]}}