{"id":3761,"date":"2016-04-11T18:20:53","date_gmt":"2016-04-11T21:20:53","guid":{"rendered":"http:\/\/www.saopaulo.sp.leg.br\/escoladoparlamento\/?page_id=3761"},"modified":"2018-05-11T16:25:19","modified_gmt":"2018-05-11T19:25:19","slug":"a-producao-legislativa-do-poder-executivo","status":"publish","type":"page","link":"https:\/\/www.saopaulo.sp.leg.br\/escoladoparlamento\/cursos\/cursos-anteriores\/cursos-realizados-em-2016\/a-producao-legislativa-do-poder-executivo\/","title":{"rendered":"A Produ\u00e7\u00e3o Legislativa do Poder Executivo"},"content":{"rendered":"<p><strong>Objetivos:<\/strong> Oferecer aos participantes conhecimentos b\u00e1sicos e intermedi\u00e1rios relativos ao processo de cria\u00e7\u00e3o de normas pelo Poder Executivo, bem como \u00e0 sua participa\u00e7\u00e3o no processo legislativo como um todo. Almeja desenvolver reflex\u00f5es cr\u00edticas a respeito dessa atividade e da doutrina tradicional que a avalia. Ao final do curso, pretende-se que o aluno consiga compreender com mais naturalidade o papel do Executivo no processo de elabora\u00e7\u00e3o normativa, mobilizando no\u00e7\u00f5es b\u00e1sicas de seus processos internos.<\/p>\n<p><strong>Diretor Respons\u00e1vel:<\/strong> Carolina Cutrupi Ferreira<\/p>\n<p><strong>Coordena\u00e7\u00e3o:<\/strong> Felipe de Paula<\/p>\n<p><strong>P\u00fablico Alvo:<\/strong> Interessados nas \u00e1reas de Direito, Ci\u00eancia Pol\u00edtica, servidores da administra\u00e7\u00e3o p\u00fablica municipal e cidad\u00e3os em geral.<\/p>\n<p><strong>Carga Hor\u00e1ria:<\/strong> 21h<\/p>\n<h3><strong>Inscri\u00e7\u00f5es:<\/strong> Encerradas.<\/h3>\n<p><strong>Programa\u00e7\u00e3o:<\/strong><\/p>\n<table>\n<tbody>\n<tr>\n<td><strong>Data<\/strong><\/td>\n<td><strong>Hora<\/strong><\/td>\n<td><strong>Local<\/strong><\/td>\n<td><strong>Palestrante<\/strong><\/td>\n<td><strong>Tema da aula<\/strong><\/td>\n<\/tr>\n<tr>\n<td>06\/06<\/td>\n<td>19h \u2013 22h<\/td>\n<td><a title=\"Audit\u00f3rio Prestes Maia\" href=\"http:\/\/www.saopaulo.sp.leg.br\/transparencia\/auditorios-online\/auditorio-prestes-maia\/\">Audit\u00f3rio Prestes Maia<\/a>\u00a0(Plenarinho)<\/td>\n<td>Felipe de Paula<\/td>\n<td><em>Separa\u00e7\u00e3o de Poderes e Atividade Legislativa do Poder Executivo<\/em><\/td>\n<\/tr>\n<tr>\n<td>08\/06<\/td>\n<td>19h \u2013 22h<\/td>\n<td><a title=\"Sala S\u00e9rgio Vieira de Mello \u2013 (\u201cSala A\u201d)\" href=\"http:\/\/www.saopaulo.sp.leg.br\/transparencia\/auditorios-online\/sala-sergio-vieira-de-mello-sala\/\">Sala S\u00e9rgio Vieira de Mello \u2013 (\u201cSala A\u201d)<\/a><\/td>\n<td>Felipe de Paula<\/td>\n<td><em>A Pr\u00e1tica Federal: a produ\u00e7\u00e3o normativa no Executivo\u00a0<\/em><\/td>\n<\/tr>\n<tr>\n<td>13\/06<\/td>\n<td>19h \u2013 22h<\/td>\n<td><a title=\"Sala Oscar Pedroso Horta \u2013 (\u201cSala B\u201d)\" href=\"http:\/\/www.saopaulo.sp.leg.br\/transparencia\/auditorios-online\/sala-oscar-pedroso-horta-sala-b\/\">Sala Oscar Pedroso Horta \u2013 (\u201cSala B\u201d)<\/a><\/td>\n<td>Jaime Oliveira<\/td>\n<td><em>A Pr\u00e1tica Federal: a produ\u00e7\u00e3o normativa das ag\u00eancias reguladoras\u00a0<\/em><\/td>\n<\/tr>\n<tr>\n<td>15\/06<\/td>\n<td>19h \u2013 22h<\/td>\n<td><a title=\"Sala Oscar Pedroso Horta \u2013 (\u201cSala B\u201d)\" href=\"http:\/\/www.saopaulo.sp.leg.br\/transparencia\/auditorios-online\/sala-oscar-pedroso-horta-sala-b\/\">Sala Oscar Pedroso Horta<\/a><\/td>\n<td>Paulo Dallari<\/td>\n<td><em>A Pr\u00e1tica Municipal: a produ\u00e7\u00e3o normativa do Executivo em S\u00e3o Paulo\u00a0<\/em><\/td>\n<\/tr>\n<tr>\n<td>20\/06<\/td>\n<td>19h \u2013 22h<\/td>\n<td><a title=\"Sala Oscar Pedroso Horta \u2013 (\u201cSala B\u201d)\" href=\"http:\/\/www.saopaulo.sp.leg.br\/transparencia\/auditorios-online\/sala-oscar-pedroso-horta-sala-b\/\">Sala Oscar Pedroso Horta<\/a><\/td>\n<td>Breno\u00a0Gandelman<\/td>\n<td><em>Produ\u00e7\u00e3o legislativa municipal: o papel do Parlamento\u00a0<\/em><\/td>\n<\/tr>\n<tr>\n<td>22\/06<\/td>\n<td>19h \u2013 22h<\/td>\n<td><a title=\"Sala Oscar Pedroso Horta \u2013 (\u201cSala B\u201d)\" href=\"http:\/\/www.saopaulo.sp.leg.br\/transparencia\/auditorios-online\/sala-oscar-pedroso-horta-sala-b\/\">Sala Oscar Pedroso Horta<\/a><\/td>\n<td>Paulo Dallari<\/td>\n<td><em>San\u00e7\u00e3o e Veto\u00a0<\/em><\/td>\n<\/tr>\n<tr>\n<td>27\/06<\/td>\n<td>19h \u2013 22h<\/td>\n<td><a title=\"Sala Oscar Pedroso Horta \u2013 (\u201cSala B\u201d)\" href=\"http:\/\/www.saopaulo.sp.leg.br\/transparencia\/auditorios-online\/sala-oscar-pedroso-horta-sala-b\/\">Sala Oscar Pedroso Horta<\/a><\/td>\n<td>Felipe de Paula<\/td>\n<td><em>Novas Fronteiras da Legisla\u00e7\u00e3o: qualificando a produ\u00e7\u00e3o normativa\u00a0<\/em><\/td>\n<\/tr>\n<\/tbody>\n<\/table>\n<p><strong>Bibliografia B\u00e1sica:<\/strong><br \/>\n\u2022 BRESSER-PEREIRA, Luis Carlos. A Administra\u00e7\u00e3o P\u00fablica Gerencial: estrat\u00e9gia e estrutura para um novo Estado. Texto para discuss\u00e3o 09. Bras\u00edlia: Escola Nacional de Administra\u00e7\u00e3o P\u00fablica &#8211; ENAP, 1996.<br \/>\n\u2022 ______. Da Administra\u00e7\u00e3o P\u00fablica Burocr\u00e1tica \u00e0 Gerencial. Revista do Servi\u00e7o P\u00fablico, v. 47(1) jan-abril, 1996. Dispon\u00edvel [on line] em &lt;<a href=\"http:\/\/www.bresserpereira.org.br\/papers\/1996\/95.AdmPublicaBurocraticaAGerencial.pdf\">http:\/\/www.bresserpereira.org.br\/papers\/1996\/95.AdmPublicaBurocraticaAGerencial.pdf<\/a>&gt;.<br \/>\n\u2022 FIGUEIREDO, Argelina C.; LIMONGI, Fernando. Executivo e Legislativo na Nova Ordem Constitucional. Rio de Janeiro: Ed FGV, 1999.<br \/>\n\u2022 LIMONGI, Fernando. A Democracia no Brasil: Presidencialismo, Coaliz\u00e3o Partid\u00e1ria e Processo Decis\u00f3rio. Novos Estudos &#8211; CEBRAP, v. 76, nov 2006, p. 17-41.<br \/>\n\u2022 ______; FIGUEIREDO, Argelina. As Bases Institucionais do Presidencialismo de Coaliz\u00e3o. Lua Nova, n. 44, 1998, p. 81-106.<br \/>\n\u2022 LOIS, Cecilia Caballero (coord.). Delimita\u00e7\u00e3o das Atribui\u00e7\u00f5es entre os Poderes Executivo e Legislativo no Tocante \u00e0 Regulamenta\u00e7\u00e3o sobre Organiza\u00e7\u00e3o e Funcionamento da Administra\u00e7\u00e3o P\u00fablica Federal (art. 84, VI c\/c art. 61, 1, II, e): iniciativa privativa do Presidente, decreto aut\u00f4nomo e emendas parlamentares em quest\u00e3o. Brasilia: Minist\u00e9rio da Justi\u00e7a \/ PNUD, 2009. (S\u00e9rie Pensando o Direito, n. 14).<br \/>\n\u2022 MENDES, Gilmar Ferreira. Quest\u00f5es Fundamentais de T\u00e9cnica Legislativa. Revista Trimestral de Direito P\u00fablico, n. 1, 1993, p. 255-271.<br \/>\n\u2022 PAULA, Felipe de. A Legisla\u00e7\u00e3o Brasileira Contempor\u00e2nea: produ\u00e7\u00e3o normativa, din\u00e2mica institucional e pol\u00edticas p\u00fablicas. Tese de Doutorado, 2016. Mimeo.<br \/>\n\u2022 RAMALHO, Pedro Ivo S. (org.). Regula\u00e7\u00e3o e Ag\u00eancias Reguladoras: governan\u00e7a e an\u00e1lise de impado regulat\u00f3rio. Bras\u00edlia: ANVISA, 2009.<br \/>\n\u2022 SAMPAIO, Marco Aur\u00e9lio. A Medida Provis\u00f3ria no Presidencialismo Brasileiro. S\u00e3o Paulo: Saraiva, 2007.<\/p>\n<p><strong>Bibliografia Complementar:<\/strong><br \/>\n\u2022 ABRAMOVAY, Pedro. Separa\u00e7\u00e3o de Poderes e Medidas Provis\u00f3rias. Rio de Janeiro: Campus Elsevier, 2012.<br \/>\n\u2022 ABRANCHES, S\u00e9rgio. Presidencialismo de coaliz\u00e3o: o dilema institucional brasileiro. Dados, v. 31, n. 1, 1988, p. 5-38.<br \/>\n\u2022 ACKERMAN, Bruce. The New Separation of Powers. Harvard Law Review, Cambridge, v. 113, jan. 2000, p. 633-727.<br \/>\n\u2022 ALMEIDA, Acir. Processo Legislativo: mudan\u00e7as recentes e desafios. Boletim de An\u00e1lise Pol\u00edtico-institucional, n. 7. Brasilia: IPEA, 2015. Dispon\u00edvel [on line] em &lt;<a href=\"http:\/\/www.ipea.gov.br\/portal\/images\/stories\/PDFs\/boletim_analise_politico\/150714_boletim_analisepolitico_07_cap6.pdf\">http:\/\/www.ipea.gov.br\/portal\/images\/stories\/PDFs\/boletim_analise_politico\/150714_boletim_analisepolitico_07_cap6.pdf<\/a>&gt;.<br \/>\n\u2022 ASSEMBL\u00c9IA LEGISLATIVA DO ESTADO DE MINAS GERAIS. Leg\u00edstica: qualidade da lei e desenvolvimento. Belo Horizonte: Assembl\u00e9ia Legislativa do Estado de Minas Gerais, 2009.<br \/>\n\u2022 CASTRO, Camila Moreira de. Some Aspects of Implementing Regulatory Impact Analysis in Brazil. Revista de Administra\u00e7\u00e3o P\u00fablica, v. 48, n. 2, 2014, p. 323-342.<br \/>\n\u2022 CHAISTY, Paul; CHEESEMAN, Nic; POWER, Timothy. Rethinking the \u2018presidentialism debate\u2019: conceptualizing coalitional politics in cross- regional perspective. Democratization, 21(1), 2014, p. 72-94.<br \/>\n\u2022 FERREIRA FILHO, Manoel Gon\u00e7alves. Do Processo Legislativo. 6a ed. S\u00e3o Paulo: Saraiva, 2007.<br \/>\n\u2022 FIGUEIREDO, Argelina C.; LIMONGI, Fernando.. Presidential Power, Legislative Organization, and Party Behavior in Brazil. Comparative Politics, v. 32, n 2, 2000, p. 151-170.<br \/>\n\u2022 HABER, Carolina Dzimidas. A Rela\u00e7\u00e3o entre o Direito e a Pol\u00edtica no Processo Legislativo Penal. Tese (Doutorado junto ao Departamento de Filosofia do Direito da Universidade de S\u00e3o Paulo), 2011.<br \/>\n\u2022 LAMOUNIER, Bol\u00edvar. Estrutura Institucional e Governabilidade na D\u00e9cada de 90. In VELLOSO, Jo\u00e3o Paulo dos Reis (org), O Brasil e as Reformas Pol\u00edticas. Rio de Janeiro: Jos\u00e9 Olympio, 1992.<br \/>\n\u2022 ______. A democracia brasileira de 1985 \u00e0 d\u00e9cada de 90: a s\u00edndrome da paralisia hiperativa. In VELLOSO, Jo\u00e3o Paulo Reis (org.), Governabilidade, sistema pol\u00edtico e viol\u00eancia urbana. Rio de Janeiro, Jos\u00e9 Olympio, 1994.<br \/>\n\u2022 MAJONE, G. As Transforma\u00e7\u00f5es do Estado Regulador. Revista de Direito Administrativo, v. 262, 2013, p. 11-43.<br \/>\n\u2022 PECI, Alketa. Avalia\u00e7\u00e3o do Impacto Regulat\u00f3rio e sua Difus\u00e3o no Contexto Brasileiro. Revista de Administra\u00e7\u00e3o de Empresas, v. 51, n. 4, jul\/ago 2011. Dispon\u00edvel [on line] em: &lt;<a href=\"http:\/\/dx.doi.org\/10.1590\/S0034-75902011000400003\">http:\/\/dx.doi.org\/10.1590\/S0034-75902011000400003<\/a>&gt;.<br \/>\n\u2022 ______. Desenho de uma estrat\u00e9gia de implanta\u00e7\u00e3o e institucionaliza\u00e7\u00e3o da An\u00e1lise do Impacto Regulat\u00f3rio. 2009. Dispon\u00edvel [on line] em &lt;<a href=\"http:\/\/www.regulacao.gov.br\/acompanhe-o-pro-reg\/trabalhos-de-consultoria\/desenho-de-uma-estrategia-de-implantacao-e-institucionalizacao-da-analise-do-impacto-regulatorio\/view\">http:\/\/www.regulacao.gov.br\/acompanhe-o-pro-reg\/trabalhos-de-consultoria\/desenho-de-uma-estrategia-de-implantacao-e-institucionalizacao-da-analise-do-impacto-regulatorio\/view<\/a>&gt;.<br \/>\n\u2022 SALINAS, Natasha S. C. A Lei como Instrumento Governamental: fundamentos te\u00f3ricos, limites e potencialidades. Revista da Faculdade de Direito da FMP, n. 8, 2013, p. 129-155.<br \/>\n\u2022 ______. Avalia\u00e7\u00e3o Legislativa no Brasil: Um Estudo de Caso sobre as Normas de Controle das Transfer\u00eancias Volunt\u00e1rias de Recursos P\u00fablicos para Entidades do Terceiro Setor. Disserta\u00e7\u00e3o (Mestrado apresentado junto ao Departamento de Filosofia do Direito da Universidade de S\u00e3o Paulo), 2008.<br \/>\n\u2022 ______. Legisla\u00e7\u00e3o e Pol\u00edticas P\u00fablicas: a lei enquanto instrumento de a\u00e7\u00e3o governamental. Tese (Doutorado apresentado junto ao Departamento de Filosofia e Teoria Geral do Direito da Universidade de S\u00e3o Paulo), 2012.<br \/>\n\u2022 SUNDFELD, Carlos Ari. Direito Administrativo para C\u00e9ticos. 2a ed. S\u00e3o Paulo: Malheiros, 2014.<br \/>\n\u2022 SUNSTEIN, Cass. Empirically Informed Regulation. The University of Chicago Law Review, n.78, 2011, p. 1349-1429.<br \/>\n\u2022 ______. Simpler: the future of the government. New York: Simon &amp; Schuster, 2013.<\/p>\n","protected":false},"excerpt":{"rendered":"<p>Objetivos: Oferecer aos participantes conhecimentos b\u00e1sicos e intermedi\u00e1rios relativos ao processo de cria\u00e7\u00e3o de normas pelo Poder Executivo, bem como \u00e0 sua participa\u00e7\u00e3o no processo legislativo como um todo. Almeja desenvolver reflex\u00f5es cr\u00edticas a respeito dessa atividade e da doutrina tradicional que a avalia. Ao final do curso, pretende-se que o aluno consiga compreender com [&hellip;]<\/p>\n","protected":false},"author":127,"featured_media":0,"parent":3097,"menu_order":569,"comment_status":"closed","ping_status":"closed","template":"","meta":{"_acf_changed":false,"footnotes":""},"class_list":["post-3761","page","type-page","status-publish","hentry"],"acf":[],"_links":{"self":[{"href":"https:\/\/www.saopaulo.sp.leg.br\/escoladoparlamento\/wp-json\/wp\/v2\/pages\/3761","targetHints":{"allow":["GET"]}}],"collection":[{"href":"https:\/\/www.saopaulo.sp.leg.br\/escoladoparlamento\/wp-json\/wp\/v2\/pages"}],"about":[{"href":"https:\/\/www.saopaulo.sp.leg.br\/escoladoparlamento\/wp-json\/wp\/v2\/types\/page"}],"author":[{"embeddable":true,"href":"https:\/\/www.saopaulo.sp.leg.br\/escoladoparlamento\/wp-json\/wp\/v2\/users\/127"}],"replies":[{"embeddable":true,"href":"https:\/\/www.saopaulo.sp.leg.br\/escoladoparlamento\/wp-json\/wp\/v2\/comments?post=3761"}],"version-history":[{"count":0,"href":"https:\/\/www.saopaulo.sp.leg.br\/escoladoparlamento\/wp-json\/wp\/v2\/pages\/3761\/revisions"}],"up":[{"embeddable":true,"href":"https:\/\/www.saopaulo.sp.leg.br\/escoladoparlamento\/wp-json\/wp\/v2\/pages\/3097"}],"wp:attachment":[{"href":"https:\/\/www.saopaulo.sp.leg.br\/escoladoparlamento\/wp-json\/wp\/v2\/media?parent=3761"}],"curies":[{"name":"wp","href":"https:\/\/api.w.org\/{rel}","templated":true}]}}