{"id":3738,"date":"2016-04-07T17:43:01","date_gmt":"2016-04-07T20:43:01","guid":{"rendered":"http:\/\/www.saopaulo.sp.leg.br\/escoladoparlamento\/?page_id=3738"},"modified":"2016-08-15T18:36:27","modified_gmt":"2016-08-15T21:36:27","slug":"i-congresso-internacional-de-contas-publicas","status":"publish","type":"page","link":"https:\/\/www.saopaulo.sp.leg.br\/escoladoparlamento\/cursos\/cursos-anteriores\/cursos-realizados-em-2016\/i-congresso-internacional-de-contas-publicas\/","title":{"rendered":"I CONGRESSO INTERNACIONAL DE CONTAS P\u00daBLICAS"},"content":{"rendered":"<p>Neste I Congresso Internacional de Contas P\u00fablicas, escrevemos as linhas mais importantes das Contas P\u00fablicas no s\u00e9culo XXI.\u00a0A passo e passo, mostraremos os cap\u00edtulos que integram este trabalho voltado para a experi\u00eancia dos povos na condu\u00e7\u00e3o dos seus destinos.\u00a0Os temas, inicialmente propostos sugerem que ao final do nosso encontro, a vis\u00e3o dos Projetos de Estado e dos Projetos de Governo estar\u00e3o claras fornecendo ao administrador p\u00fablico o caminho seguro no sentido de satisfazer as necessidades dos cidad\u00e3os.<\/p>\n<p><strong>Diretor Respons\u00e1vel:<\/strong> Christy Ganzert Pato<\/p>\n<p><strong>P\u00fablico Alvo:<\/strong>\u00a0Servidores P\u00fablicos, Aut\u00e1rquicos e de Funda\u00e7\u00f5es, da Administra\u00e7\u00e3o Direta e Indireta, de Empresas Estatais e de Economia Mista, nos n\u00edveis Municipal, Estadual e Federal dos Poderes Executivo, Legislativo e Judici\u00e1rio. Ocupantes de cargos eletivos. P\u00fablico em geral.<\/p>\n<p><strong>Local:<\/strong>\u00a0Assembleia Legislativa do Estado de S\u00e3o Paulo \u2013 Audit\u00f3rio Paulo Kobayashi.<\/p>\n<p><strong>Carga Hor\u00e1ria:<\/strong> 18 horas<\/p>\n<p><strong>Inscri\u00e7\u00f5es: <\/strong>Encerradas. Maiores informa\u00e7\u00f5es: <a href=\"http:\/\/www.fipe.org.br\/congresso\">www.fipe.org.br\/congresso<\/a>.<\/p>\n<p><strong>Programa\u00e7\u00e3o:\u00a0<\/strong><\/p>\n<table>\n<tbody>\n<tr>\n<td><strong>Data<\/strong><\/td>\n<td><strong>Hora<\/strong><\/td>\n<td><strong>Palestrante<\/strong><\/td>\n<td><strong>Tema da palestra\/aula<\/strong><\/td>\n<\/tr>\n<tr>\n<td><strong>18\/04<\/strong><\/td>\n<td>09:30h-12:30h<\/td>\n<td>M\u00d4NICA HERMAN SALEM CAGGIANO<br \/>\nJO\u00c3O AUGUSTO RIBEIRO NARDES<br \/>\nSIDNEY ESTANISLAU BERALDO<\/td>\n<td>INSTRUMENTOS DE MEDI\u00c7\u00c3O DO DESEMPENHO DA GEST\u00c3O P\u00daBLICA<\/td>\n<\/tr>\n<tr>\n<td><strong>18\/04<\/strong><\/td>\n<td>14:00h-17:00h<\/td>\n<td>SEBASTI\u00c3O HELVECIO RAMOS DE CASTRO<\/p>\n<p>M\u00c1RCIO LACERDA<\/p>\n<p>EDUARDO BENJAM\u00cdN GRINBERG<\/p>\n<p>JOS\u00c9 MAUR\u00cdCIO CONTI<\/td>\n<td>A PROGRAMA\u00c7\u00c3O OR\u00c7AMENT\u00c1RIA DAS CONTAS P\u00daBLICAS<\/td>\n<\/tr>\n<tr>\n<td><strong>19\/04<\/strong><\/td>\n<td>09:30h-12:30h<\/td>\n<td>EUR\u00cdPEDES SALES<\/p>\n<p>IVES GANDRA DA SILVA MARTINS<\/p>\n<p>EDSON SIM\u00d5ES<\/td>\n<td>OS DESAFIOS DOS TRIBUNAIS DE CONTAS NO S\u00c9CULO XXI<\/td>\n<\/tr>\n<tr>\n<td><strong>19\/04<\/strong><\/td>\n<td>14:00h-17:00h<\/td>\n<td>CARLOS PINNA DE ASSIS<\/p>\n<p>MARIA DEL PILAR TERESA JIM\u00c9NEZ TELLO<\/p>\n<p>RENATO DE MELLO JORGE SILVEIRA<\/p>\n<p>JOS\u00c9 CARLOS GUILLEM BLAT<\/td>\n<td width=\"302\">A RESPONSABILIDADE PELO USO DO ER\u00c1RIO P\u00daBLICO<\/td>\n<\/tr>\n<tr>\n<td><strong>20\/04<\/strong><\/td>\n<td>09:00h-12:00h<\/td>\n<td>\u00c1LVARO THEODOR HERMAN SALEM CAGGIANO<\/p>\n<p>R\u00c9GIS FERNANDES DE OLIVEIRA<\/p>\n<p>GILBERTO BERCOVICI<\/p>\n<p>EDMIR NETTO DE ARA\u00daJO<\/td>\n<td>LEG\u00cdSTICA OR\u00c7AMENT\u00c1RIA NA PERSPECTIVA DO DIREITO COMPARADO<\/td>\n<\/tr>\n<tr>\n<td><strong>20\/04<\/strong><\/td>\n<td>13:30h-16:30h<\/td>\n<td>CARLOS ANTONIO LUQUE<\/p>\n<p>ANTONIO ROQUE CITADINI<\/p>\n<p>MOACIR MARQUES DA SILVA<\/p>\n<p>CHRISTY GANZERT PATO<\/td>\n<td>GASTO P\u00daBLICO: T\u00c9CNICAS DE CONTROLE<\/td>\n<\/tr>\n<\/tbody>\n<\/table>\n","protected":false},"excerpt":{"rendered":"<p>Neste I Congresso Internacional de Contas P\u00fablicas, escrevemos as linhas mais importantes das Contas P\u00fablicas no s\u00e9culo XXI.\u00a0A passo e passo, mostraremos os cap\u00edtulos que integram este trabalho voltado para a experi\u00eancia dos povos na condu\u00e7\u00e3o dos seus destinos.\u00a0Os temas, inicialmente propostos sugerem que ao final do nosso encontro, a vis\u00e3o dos Projetos de Estado [&hellip;]<\/p>\n","protected":false},"author":183,"featured_media":0,"parent":3097,"menu_order":571,"comment_status":"closed","ping_status":"closed","template":"","meta":{"_acf_changed":false,"footnotes":""},"class_list":["post-3738","page","type-page","status-publish","hentry"],"acf":[],"_links":{"self":[{"href":"https:\/\/www.saopaulo.sp.leg.br\/escoladoparlamento\/wp-json\/wp\/v2\/pages\/3738","targetHints":{"allow":["GET"]}}],"collection":[{"href":"https:\/\/www.saopaulo.sp.leg.br\/escoladoparlamento\/wp-json\/wp\/v2\/pages"}],"about":[{"href":"https:\/\/www.saopaulo.sp.leg.br\/escoladoparlamento\/wp-json\/wp\/v2\/types\/page"}],"author":[{"embeddable":true,"href":"https:\/\/www.saopaulo.sp.leg.br\/escoladoparlamento\/wp-json\/wp\/v2\/users\/183"}],"replies":[{"embeddable":true,"href":"https:\/\/www.saopaulo.sp.leg.br\/escoladoparlamento\/wp-json\/wp\/v2\/comments?post=3738"}],"version-history":[{"count":0,"href":"https:\/\/www.saopaulo.sp.leg.br\/escoladoparlamento\/wp-json\/wp\/v2\/pages\/3738\/revisions"}],"up":[{"embeddable":true,"href":"https:\/\/www.saopaulo.sp.leg.br\/escoladoparlamento\/wp-json\/wp\/v2\/pages\/3097"}],"wp:attachment":[{"href":"https:\/\/www.saopaulo.sp.leg.br\/escoladoparlamento\/wp-json\/wp\/v2\/media?parent=3738"}],"curies":[{"name":"wp","href":"https:\/\/api.w.org\/{rel}","templated":true}]}}