{"id":3725,"date":"2016-04-06T16:54:20","date_gmt":"2016-04-06T19:54:20","guid":{"rendered":"http:\/\/www.saopaulo.sp.leg.br\/escoladoparlamento\/?page_id=3725"},"modified":"2018-05-11T16:28:49","modified_gmt":"2018-05-11T19:28:49","slug":"lancamento-da-revista-parlamento-e-sociedade-dossie-reforma-politica-seminario-conjuntura-politica-brasileira","status":"publish","type":"page","link":"https:\/\/www.saopaulo.sp.leg.br\/escoladoparlamento\/cursos\/cursos-anteriores\/cursos-realizados-em-2016\/lancamento-da-revista-parlamento-e-sociedade-dossie-reforma-politica-seminario-conjuntura-politica-brasileira\/","title":{"rendered":"Semin\u00e1rio Conjuntura Pol\u00edtica Brasileira e Lan\u00e7amento da Revista Parlamento e Sociedade: Dossi\u00ea Reforma Pol\u00edtica"},"content":{"rendered":"<p>http:\/\/www.saopaulo.sp.leg.br\/blog\/revista-parlamento-e-sociedade-aborda-reforma-politica\/<\/p>\n<hr \/>\n<p><strong>Objetivos:<\/strong>\u00a0A Escola do Parlamento organizou, entre 04 de maio e 29 de junho de 2015, o Ciclo de Debates Reforma Pol\u00edtica, que originou o dossi\u00ea de mesmo nome publicado nos n\u00fameros 4 e 5 da Revista Parlamento e Sociedade. Para marcar o lan\u00e7amento do Dossi\u00ea, e dar continuidade ao importante debate sobre a pol\u00edtica brasileira e os seus impactos na vida cotidiana dos cidad\u00e3os, a Escola promove o Semin\u00e1rio sobre Conjuntura Pol\u00edtica Brasileira.<\/p>\n<p><strong>Diretor Respons\u00e1vel:<\/strong> Antonio Rodrigues de Freitas Junior<\/p>\n<p><strong>Coordena\u00e7\u00e3o:<\/strong> Lara Mesquita<\/p>\n<p><strong>P\u00fablico alvo:<\/strong> Mun\u00edcipes, estudantes, corpo da CMSP e servidores p\u00fablicos.<\/p>\n<p><strong>Vagas:<\/strong> 180<\/p>\n<p><strong>Carga Hor\u00e1ria:<\/strong> 3h<\/p>\n<p><strong>Data:<\/strong> Dia 05\/05, das 19h \u00e0s 22h<\/p>\n<p><strong>Local:<\/strong> <a title=\"Audit\u00f3rio Prestes Maia\" href=\"http:\/\/www.saopaulo.sp.leg.br\/transparencia\/auditorios-online\/auditorio-prestes-maia\/\">Audit\u00f3rio Prestes Maia (Plenarinho)<\/a><\/p>\n<h3><strong>Inscri\u00e7\u00f5es: <\/strong>Encerradas<\/h3>\n<p><strong>Debatedores:<\/strong><\/p>\n<p>Maria Herm\u00ednia Tavares de Almeida (USP)<br \/>\nGeorge Avelino Filho (FGV-SP)<br \/>\nFernando Limongi (USP)<\/p>\n","protected":false},"excerpt":{"rendered":"<p>http:\/\/www.saopaulo.sp.leg.br\/blog\/revista-parlamento-e-sociedade-aborda-reforma-politica\/ Objetivos:\u00a0A Escola do Parlamento organizou, entre 04 de maio e 29 de junho de 2015, o Ciclo de Debates Reforma Pol\u00edtica, que originou o dossi\u00ea de mesmo nome publicado nos n\u00fameros 4 e 5 da Revista Parlamento e Sociedade. Para marcar o lan\u00e7amento do Dossi\u00ea, e dar continuidade ao importante debate sobre a pol\u00edtica [&hellip;]<\/p>\n","protected":false},"author":127,"featured_media":0,"parent":3097,"menu_order":572,"comment_status":"closed","ping_status":"closed","template":"","meta":{"_acf_changed":false,"footnotes":""},"class_list":["post-3725","page","type-page","status-publish","hentry"],"acf":[],"_links":{"self":[{"href":"https:\/\/www.saopaulo.sp.leg.br\/escoladoparlamento\/wp-json\/wp\/v2\/pages\/3725","targetHints":{"allow":["GET"]}}],"collection":[{"href":"https:\/\/www.saopaulo.sp.leg.br\/escoladoparlamento\/wp-json\/wp\/v2\/pages"}],"about":[{"href":"https:\/\/www.saopaulo.sp.leg.br\/escoladoparlamento\/wp-json\/wp\/v2\/types\/page"}],"author":[{"embeddable":true,"href":"https:\/\/www.saopaulo.sp.leg.br\/escoladoparlamento\/wp-json\/wp\/v2\/users\/127"}],"replies":[{"embeddable":true,"href":"https:\/\/www.saopaulo.sp.leg.br\/escoladoparlamento\/wp-json\/wp\/v2\/comments?post=3725"}],"version-history":[{"count":0,"href":"https:\/\/www.saopaulo.sp.leg.br\/escoladoparlamento\/wp-json\/wp\/v2\/pages\/3725\/revisions"}],"up":[{"embeddable":true,"href":"https:\/\/www.saopaulo.sp.leg.br\/escoladoparlamento\/wp-json\/wp\/v2\/pages\/3097"}],"wp:attachment":[{"href":"https:\/\/www.saopaulo.sp.leg.br\/escoladoparlamento\/wp-json\/wp\/v2\/media?parent=3725"}],"curies":[{"name":"wp","href":"https:\/\/api.w.org\/{rel}","templated":true}]}}