{"id":3569,"date":"2016-03-23T16:56:04","date_gmt":"2016-03-23T19:56:04","guid":{"rendered":"http:\/\/www.saopaulo.sp.leg.br\/escoladoparlamento\/?page_id=3569"},"modified":"2017-07-11T15:45:33","modified_gmt":"2017-07-11T18:45:33","slug":"memoria-institucional-e-legislativo-recursos-e-possibilidades","status":"publish","type":"page","link":"https:\/\/www.saopaulo.sp.leg.br\/escoladoparlamento\/cursos\/cursos-anteriores\/cursos-realizados-em-2016\/memoria-institucional-e-legislativo-recursos-e-possibilidades\/","title":{"rendered":"Mem\u00f3ria Institucional e Legislativo: recursos e possibilidades"},"content":{"rendered":"<p><iframe loading=\"lazy\" title=\"Semin\u00e1rio resgata mem\u00f3ria e hist\u00f3rias da C\u00e2mara Municipal\" width=\"640\" height=\"480\" src=\"https:\/\/www.youtube.com\/embed\/RHTV-PKr-mg?feature=oembed\" frameborder=\"0\" allow=\"accelerometer; autoplay; clipboard-write; encrypted-media; gyroscope; picture-in-picture; web-share\" referrerpolicy=\"strict-origin-when-cross-origin\" allowfullscreen><\/iframe><\/p>\n<hr \/>\n<h3>Semin\u00e1rio organizado em parceria com a Equipe de Arquivo Geral\u00a0&#8211;\u00a0SGP.32 e do Centro de Mem\u00f3ria da CMSP.<\/h3>\n<p>Dia 24 de mar\u00e7o de 2016<\/p>\n<p>Plen\u00e1rio \u2013 15h \u00e0s 17h<\/p>\n<p>[<a href=\"http:\/\/camarasp.flashserverbr.com\/20878\">V\u00eddeo<\/a>]<\/p>\n<p><strong>Programa\u00e7\u00e3o:<\/strong><\/p>\n<p>Abertura: Christy Ganzert Pato<\/p>\n<p><strong>Tema 1:<\/strong> Mem\u00f3ria e Hist\u00f3ria da C\u00e2mara: panorama geral.<\/p>\n<p><em>Ubirajara de Farias Prestes Filho<\/em> \u2013 Supervisor do Arquivo Geral da C\u00e2mara e Consultor T\u00e9cnico Legislativo (Hist\u00f3ria)<\/p>\n<p><strong>Tema 2:<\/strong> O acesso a informa\u00e7\u00e3o na Secretaria de Documenta\u00e7\u00e3o da C\u00e2mara<\/p>\n<p><em>Angelo Caio Monteiro da Cruz <\/em>\u2013 Consultor T\u00e9cnico Legislativo (Biblioteconomia)<\/p>\n<p><strong>Tema 3:<\/strong> O Papel do jornalismo na mem\u00f3ria institucional<\/p>\n<p><em>Rodrigo Garcia<\/em> (consultor t\u00e9cnico &#8211; jornalista &#8211; CCI.3)<\/p>\n<p><strong><span style=\"color: #800000\">N\u00e3o \u00e9 necess\u00e1ria inscri\u00e7\u00e3o pr\u00e9via<\/span><\/strong><\/p>\n","protected":false},"excerpt":{"rendered":"<p>Semin\u00e1rio organizado em parceria com a Equipe de Arquivo Geral\u00a0&#8211;\u00a0SGP.32 e do Centro de Mem\u00f3ria da CMSP. Dia 24 de mar\u00e7o de 2016 Plen\u00e1rio \u2013 15h \u00e0s 17h [V\u00eddeo] Programa\u00e7\u00e3o: Abertura: Christy Ganzert Pato Tema 1: Mem\u00f3ria e Hist\u00f3ria da C\u00e2mara: panorama geral. Ubirajara de Farias Prestes Filho \u2013 Supervisor do Arquivo Geral da C\u00e2mara [&hellip;]<\/p>\n","protected":false},"author":127,"featured_media":0,"parent":3097,"menu_order":574,"comment_status":"closed","ping_status":"closed","template":"","meta":{"_acf_changed":false,"footnotes":""},"class_list":["post-3569","page","type-page","status-publish","hentry"],"acf":[],"_links":{"self":[{"href":"https:\/\/www.saopaulo.sp.leg.br\/escoladoparlamento\/wp-json\/wp\/v2\/pages\/3569","targetHints":{"allow":["GET"]}}],"collection":[{"href":"https:\/\/www.saopaulo.sp.leg.br\/escoladoparlamento\/wp-json\/wp\/v2\/pages"}],"about":[{"href":"https:\/\/www.saopaulo.sp.leg.br\/escoladoparlamento\/wp-json\/wp\/v2\/types\/page"}],"author":[{"embeddable":true,"href":"https:\/\/www.saopaulo.sp.leg.br\/escoladoparlamento\/wp-json\/wp\/v2\/users\/127"}],"replies":[{"embeddable":true,"href":"https:\/\/www.saopaulo.sp.leg.br\/escoladoparlamento\/wp-json\/wp\/v2\/comments?post=3569"}],"version-history":[{"count":0,"href":"https:\/\/www.saopaulo.sp.leg.br\/escoladoparlamento\/wp-json\/wp\/v2\/pages\/3569\/revisions"}],"up":[{"embeddable":true,"href":"https:\/\/www.saopaulo.sp.leg.br\/escoladoparlamento\/wp-json\/wp\/v2\/pages\/3097"}],"wp:attachment":[{"href":"https:\/\/www.saopaulo.sp.leg.br\/escoladoparlamento\/wp-json\/wp\/v2\/media?parent=3569"}],"curies":[{"name":"wp","href":"https:\/\/api.w.org\/{rel}","templated":true}]}}