{"id":3221,"date":"2016-02-25T19:04:46","date_gmt":"2016-02-25T22:04:46","guid":{"rendered":"http:\/\/www.saopaulo.sp.leg.br\/escoladoparlamento\/?page_id=3221"},"modified":"2018-08-09T16:56:37","modified_gmt":"2018-08-09T19:56:37","slug":"mostra-cultural-de-fora-para-dentro-uma-ocupacao-poetica-da-cmsp","status":"publish","type":"page","link":"https:\/\/www.saopaulo.sp.leg.br\/escoladoparlamento\/cursos\/cursos-anteriores\/cursos-realizados-em-2012\/mostra-cultural-de-fora-para-dentro-uma-ocupacao-poetica-da-cmsp\/","title":{"rendered":"Mostra Cultural De fora para dentro \u2013 Uma ocupa\u00e7\u00e3o po\u00e9tica da CMSP"},"content":{"rendered":"<p class=\"yiv613685868msonormal\">\u00a0A 1\u00aa Mostra Cultural da Escola do Parlamento reunir\u00e1 literatura e\u00a0audiovisuais que rastreiam e registram fragmentos da di\u00e1spora urbana recente, que o centro de S\u00e3o Paulo espreita, mas n\u00e3o encara. Ser\u00e3o r\u00e9citas, textos,\u00a0document\u00e1rios e fotografias cujo principal m\u00e9rito \u00e9 o de trazer \u00e0 luz a tens\u00e3o crua e a sutil poesia no embate cotidiano por um peda\u00e7o de ch\u00e3o, um porto seguro ao final do dia. Nos escombros de pr\u00e9dios revitalizados pelas fam\u00edlias sem-teto se desvela um cen\u00e1rio de pessoas que anseiam por uma morada digna e, apesar de toda adversidade, n\u00e3o se furtam de tecer em verso a urdidura de seu sofrimento.<\/p>\n<p class=\"yiv613685868msonormal\"><strong>Data:<\/strong> 10 a 17 de setembro<\/p>\n<p><strong>Exposi\u00e7\u00e3o de fotografias e instala\u00e7\u00e3o \u201cA casa sem-teto\u201d <\/strong>(p\u00e1tio interno, ao lado do audit\u00f3rio Freitas Nobre)<\/p>\n<p>Fotografias de:<\/p>\n<p><em>Elaine Campos<\/em> \u2013 Militante do movimento feminista, fot\u00f3grafa, colaboradora do Sarau da Ocupa<\/p>\n<p><em>Anderson Barbosa<\/em> \u2013 Fotojornalista<\/p>\n<p>Instala\u00e7\u00e3o de:<\/p>\n<p><em>Nazar\u00e9 Brasil<\/em> \u2013 Cen\u00f3grafa e coordenadora do Espa\u00e7o Cultural S\u00e3o Jo\u00e3o<\/p>\n<p><em>Andr\u00e9 Sodr\u00e9<\/em> \u2013 Cenot\u00e9cnico<\/p>\n<p>&#8220;Lambes&#8221; de:<\/p>\n<p><em>Zito<\/em> \u2013 Muralista<\/p>\n<p><em>Pique<\/em> \u2013 Muralista<\/p>\n<p>Grafites de:<\/p>\n<p><em>Thiago Mundano<\/em> \u2013 Artista pl\u00e1stico<\/p>\n<p><strong>Ready-Mades <\/strong>(Sagu\u00e3o T\u00e9rreo)<\/p>\n<p>de<em> Nazar\u00e9 Brasil<\/em><\/p>\n<p>Fotografias do <em>Projeto Ocupa\u00e7\u00e3o Cultural<\/em><\/p>\n<p><strong>Exibi\u00e7\u00e3o de document\u00e1rios<\/strong> (Sala S\u00e9rgio Vieira de Mello, 1\u00ba subsolo, \u00e0s 19h)<\/p>\n<p>Dia 10\/09 \u2013 \u201cLeva\u201d \u2013 Dire\u00e7\u00e3o: <em>Juliana Vicente<\/em> e <em>Luiza Marques<\/em>, 54 min.<\/p>\n<p>Dia 11\/09 \u2013\u00a0\u201cTodas as mulheres do mundo\u201d \u2013 Dire\u00e7\u00e3o: <em>Fernando Knup<\/em>, 20 min; \u201cO movimento\u201d \u2013 Dire\u00e7\u00e3o: <em>M\u00e1rcio Ramos<\/em>, 50 min.<\/p>\n<p>Dia 12\/09 \u2013 \u201cDia de festa\u201d Dire\u00e7\u00e3o: <em>Toni Venturi<\/em> e <em>Pablo Georgieff<\/em>, 77 min.<\/p>\n<p>Dia 17\/09 \u2013 \u201cTobias 700\u201d, Dire\u00e7\u00e3o: <em>Daniel A. Rubio<\/em>, 69 min.<\/p>\n<p><strong>Exposi\u00e7\u00e3o de livros, zines, panfletos <\/strong>(Sagu\u00e3o da Biblioteca, 2\u00ba andar)<\/p>\n<p>Observa\u00e7\u00e3o: transferimos esta exposi\u00e7\u00e3o para o t\u00e9rreo.<\/p>\n<p><strong>Sarau da Ocupa<\/strong> (Plen\u00e1rio Externo Freitas Nobre, 14\/09, \u00e0s 19h30)<\/p>\n<p>Coordena\u00e7\u00e3o de:<\/p>\n<p><em>Ruivo Lopes \u2013<\/em> Educador popular e idealizador do Sarau da Ocupa<\/p>\n<p><em>V\u00f3 da S\u00e3o Jo\u00e3o<\/em> \u2013 Colaboradora do Sarau da Ocupa<\/p>\n<p><strong>Realiza\u00e7\u00e3o: <\/strong>CMSP, Escola do Parlamento, FLM \u2013 Frente de Luta por Moradia e Projeto Ocupa\u00e7\u00e3o Cultural<\/p>\n<p><strong>Agradecimentos especiais:<\/strong> Antonio Rodrigues de Freitas Jr., Camila Breitenwieser, Ednei Arakaki, Fernanda Cardoso, Fernanda Motta, Juliana Trufino, Leonardo Barbagallo, Lilian Yumi Simofusa, Luiz Casadei,\u00a0Rafael Robles, Rayd\u00e1lia Bittencourt, Simone Fantucci, Thiago Mori.<\/p>\n<p><a href=\"http:\/\/www.saopaulo.sp.leg.br\/escoladoparlamento\/wp-content\/uploads\/sites\/5\/2018\/08\/Cartaz-De-Fora-pra-Dentro.jpeg\"><img loading=\"lazy\" decoding=\"async\" class=\"aligncenter wp-image-10236 size-large\" src=\"http:\/\/www.saopaulo.sp.leg.br\/escoladoparlamento\/wp-content\/uploads\/sites\/5\/2018\/08\/Cartaz-De-Fora-pra-Dentro-726x1024.jpeg\" alt=\"\" width=\"640\" height=\"903\" srcset=\"https:\/\/www.saopaulo.sp.leg.br\/escoladoparlamento\/wp-content\/uploads\/sites\/5\/2018\/08\/Cartaz-De-Fora-pra-Dentro-726x1024.jpeg 726w, https:\/\/www.saopaulo.sp.leg.br\/escoladoparlamento\/wp-content\/uploads\/sites\/5\/2018\/08\/Cartaz-De-Fora-pra-Dentro-213x300.jpeg 213w, https:\/\/www.saopaulo.sp.leg.br\/escoladoparlamento\/wp-content\/uploads\/sites\/5\/2018\/08\/Cartaz-De-Fora-pra-Dentro-768x1083.jpeg 768w\" sizes=\"auto, (max-width: 640px) 100vw, 640px\" \/><\/a><\/p>\n","protected":false},"excerpt":{"rendered":"<p>\u00a0A 1\u00aa Mostra Cultural da Escola do Parlamento reunir\u00e1 literatura e\u00a0audiovisuais que rastreiam e registram fragmentos da di\u00e1spora urbana recente, que o centro de S\u00e3o Paulo espreita, mas n\u00e3o encara. Ser\u00e3o r\u00e9citas, textos,\u00a0document\u00e1rios e fotografias cujo principal m\u00e9rito \u00e9 o de trazer \u00e0 luz a tens\u00e3o crua e a sutil poesia no embate cotidiano por [&hellip;]<\/p>\n","protected":false},"author":127,"featured_media":0,"parent":1339,"menu_order":589,"comment_status":"closed","ping_status":"closed","template":"","meta":{"_acf_changed":false,"footnotes":""},"class_list":["post-3221","page","type-page","status-publish","hentry"],"acf":[],"_links":{"self":[{"href":"https:\/\/www.saopaulo.sp.leg.br\/escoladoparlamento\/wp-json\/wp\/v2\/pages\/3221","targetHints":{"allow":["GET"]}}],"collection":[{"href":"https:\/\/www.saopaulo.sp.leg.br\/escoladoparlamento\/wp-json\/wp\/v2\/pages"}],"about":[{"href":"https:\/\/www.saopaulo.sp.leg.br\/escoladoparlamento\/wp-json\/wp\/v2\/types\/page"}],"author":[{"embeddable":true,"href":"https:\/\/www.saopaulo.sp.leg.br\/escoladoparlamento\/wp-json\/wp\/v2\/users\/127"}],"replies":[{"embeddable":true,"href":"https:\/\/www.saopaulo.sp.leg.br\/escoladoparlamento\/wp-json\/wp\/v2\/comments?post=3221"}],"version-history":[{"count":0,"href":"https:\/\/www.saopaulo.sp.leg.br\/escoladoparlamento\/wp-json\/wp\/v2\/pages\/3221\/revisions"}],"up":[{"embeddable":true,"href":"https:\/\/www.saopaulo.sp.leg.br\/escoladoparlamento\/wp-json\/wp\/v2\/pages\/1339"}],"wp:attachment":[{"href":"https:\/\/www.saopaulo.sp.leg.br\/escoladoparlamento\/wp-json\/wp\/v2\/media?parent=3221"}],"curies":[{"name":"wp","href":"https:\/\/api.w.org\/{rel}","templated":true}]}}