{"id":3097,"date":"2016-02-22T17:10:41","date_gmt":"2016-02-22T20:10:41","guid":{"rendered":"http:\/\/www.saopaulo.sp.leg.br\/escoladoparlamento\/?page_id=3097"},"modified":"2018-03-16T14:00:44","modified_gmt":"2018-03-16T17:00:44","slug":"cursos-realizados-em-2016","status":"publish","type":"page","link":"https:\/\/www.saopaulo.sp.leg.br\/escoladoparlamento\/cursos\/cursos-anteriores\/cursos-realizados-em-2016\/","title":{"rendered":"Cursos Realizados em 2016"},"content":{"rendered":"<p><a href=\"http:\/\/www.saopaulo.sp.leg.br\/escoladoparlamento\/cursos\/cursos-realizados-em-2016\/i-congresso-internacional-de-contas-publicas\/\">I Congresso Internacional de Contas P\u00fablicas<\/a><\/p>\n<p><a href=\"http:\/\/www.saopaulo.sp.leg.br\/escoladoparlamento\/cursos\/em-andamento\/oficina-adentrasp\/\">Oficina AdentraSP \u2013 M\u00eddias sociais, participa\u00e7\u00e3o e mobiliza\u00e7\u00e3o<\/a><\/p>\n<p><a href=\"http:\/\/www.saopaulo.sp.leg.br\/escoladoparlamento\/cursos\/cursos-anteriores\/cursos-realizados-em-2016\/abrindo-a-camara\/\">Abrindo a C\u00e2mara<\/a><\/p>\n<p><a href=\"http:\/\/www.saopaulo.sp.leg.br\/escoladoparlamento\/cursos\/cursos-anteriores\/cursos-realizados-em-2016\/a-producao-legislativa-do-poder-executivo\/\">A Produ\u00e7\u00e3o Legislativa do Poder Executivo<\/a><\/p>\n<p><a href=\"http:\/\/www.saopaulo.sp.leg.br\/escoladoparlamento\/cursos\/cursos-inscricoes-abertas\/seminario-balanco-critico-da-habitat-iii-as-cidades-latino-americanas-e-os-desafios-da-nova-agenda-urbana\/\">Semin\u00e1rio Balan\u00e7o cr\u00edtico da Habitat III: as cidades latino-americanas e os desafios da Nova Agenda Urbana<\/a><\/p>\n<p><a href=\"http:\/\/www.saopaulo.sp.leg.br\/escoladoparlamento\/cursos\/cursos-realizados-em-2016\/financiamento-de-campanhas-limpas-transparentes-e-participativas\/\">Campanhas Limpas, Transparentes e Participativas<\/a><\/p>\n<p><a href=\"http:\/\/www.saopaulo.sp.leg.br\/escoladoparlamento\/cursos\/cursos-realizados-em-2016\/ciclo-de-debates-sp-2030-2o-encontro-inovacao\/\">Ciclo de Debates SP 2030<\/a><\/p>\n<p><a href=\"http:\/\/www.saopaulo.sp.leg.br\/escoladoparlamento\/cursos\/em-andamento\/curso-cidadania-e-politica\/\">Cidadania e Pol\u00edtica<\/a><\/p>\n<p><a href=\"http:\/\/www.saopaulo.sp.leg.br\/escoladoparlamento\/cursos\/cursos-anteriores\/cursos-realizados-em-2016\/o-crece-a-democracia-participativa-e-a-qualidade-social-da-educacao\/\">O CRECE, a Democracia Participativa e a Qualidade Social da Educa\u00e7\u00e3o<\/a><\/p>\n<p><a href=\"http:\/\/www.saopaulo.sp.leg.br\/escoladoparlamento\/cursos\/cursos-realizados-em-2016\/decifrando-as-pesquisas-eleitorais\/\">Decifrando as Pesquisas Eleitorais<\/a><\/p>\n<p><a href=\"http:\/\/www.saopaulo.sp.leg.br\/escoladoparlamento\/cursos\/cursos-anteriores\/cursos-realizados-em-2016\/desafios-do-mundo-do-trabalho-a-representacao-de-empregados-na-gestao-de-empresas\/\">Desafios do Mundo do Trabalho: a representa\u00e7\u00e3o de empregados na gest\u00e3o de empresas p\u00fablicas<\/a><\/p>\n<p><a href=\"http:\/\/www.saopaulo.sp.leg.br\/escoladoparlamento\/cursos\/em-andamento\/5o-dialogo-brasil-alemanha-de-ciencia-pesquisa-e-inovacao\/\">5\u00ba Di\u00e1logo Brasil-Alemanha de Ci\u00eancia, Pesquisa e Inova\u00e7\u00e3o<\/a><\/p>\n<p><a href=\"http:\/\/www.saopaulo.sp.leg.br\/escoladoparlamento\/cursos\/cursos-inscricoes-abertas\/dialogos-cfp-escola-do-parlamento-plano-municipal-de-cultura-2\/\">Di\u00e1logos CPF &amp; Escola do Parlamento \u2013 Plano Municipal de Cultura<\/a><\/p>\n<p><a href=\"http:\/\/www.saopaulo.sp.leg.br\/escoladoparlamento\/cursos\/cursos-inscricoes-abertas\/dialogos-cfp-escola-do-parlamento-plano-municipal-de-cultura\/\">Di\u00e1logos CPF &amp; Escola do Parlamento: Leis de Fomento \u00e0 Cultura em SP<\/a><\/p>\n<p><a href=\"http:\/\/www.saopaulo.sp.leg.br\/escoladoparlamento\/cursos\/em-andamento\/dimensoes-politicas-e-tecnico-operativas-na-atencao-a-populacao-em-situacao-de-rua\/\">Dimens\u00f5es pol\u00edticas e t\u00e9cnico-operativas na aten\u00e7\u00e3o \u00e0 popula\u00e7\u00e3o em situa\u00e7\u00e3o de rua<\/a><\/p>\n<p><a href=\"http:\/\/www.saopaulo.sp.leg.br\/escoladoparlamento\/cursos\/cursos-anteriores\/cursos-realizados-em-2016\/direito-eleitoral-eleicoes-2016\/\">Direito Eleitoral \u2013 Elei\u00e7\u00f5es 2016<\/a><\/p>\n<p><a href=\"http:\/\/www.saopaulo.sp.leg.br\/escoladoparlamento\/cursos\/cursos-anteriores\/cursos-realizados-em-2016\/direitos-das-pessoas-com-deficiencia\/\">Direitos das Pessoas com Defici\u00eancia<\/a><\/p>\n<p><a href=\"http:\/\/www.saopaulo.sp.leg.br\/escoladoparlamento\/cursos\/cursos-realizados-em-2016\/direitos-fundamentais\/\">Direitos Fundamentais<\/a><\/p>\n<p><a href=\"http:\/\/www.saopaulo.sp.leg.br\/escoladoparlamento\/cursos\/em-andamento\/ead-curso-de-direitos-humanos\/\">Direitos Humanos \u2013 EAD<\/a><\/p>\n<p><a href=\"http:\/\/www.saopaulo.sp.leg.br\/escoladoparlamento\/cursos\/cursos-anteriores\/cursos-realizados-em-2016\/eleicoes-municipais-novas-regras\/\">Elei\u00e7\u00f5es Municipais &#8211; Novas Regras<\/a><\/p>\n<p><a href=\"http:\/\/www.saopaulo.sp.leg.br\/escoladoparlamento\/cursos\/em-andamento\/estado-direito-do-trabalho-e-desenvolvimento-economico\/\">Estado, Direito do Trabalho e Desenvolvimento Econ\u00f4mico<\/a><\/p>\n<p><a href=\"http:\/\/www.saopaulo.sp.leg.br\/escoladoparlamento\/cursos\/cursos-realizados-em-2016\/federalismo-e-politicas-publicas\/\">Federalismo e Pol\u00edticas P\u00fablicas<\/a><\/p>\n<p><a href=\"http:\/\/www.saopaulo.sp.leg.br\/escoladoparlamento\/cursos\/cursos-anteriores\/cursos-realizados-em-2016\/ciclo-de-debates-financiamento-e-politicas-publicas-2\/\">Financiamento e Pol\u00edticas P\u00fablicas (Ciclo de Debates)<\/a><\/p>\n<p><a href=\"http:\/\/www.saopaulo.sp.leg.br\/escoladoparlamento\/cursos\/cursos-realizados-em-2016\/forum-das-cidades\/\">F\u00f3rum das Cidades<\/a><\/p>\n<p><a href=\"http:\/\/www.saopaulo.sp.leg.br\/escoladoparlamento\/cursos\/em-andamento\/fundamentos-da-politica-e-dos-direitos-da-populacao-em-situacao-de-rua\/\">Fundamentos da Pol\u00edtica e dos Direitos da Popula\u00e7\u00e3o em Situa\u00e7\u00e3o de Rua<\/a><\/p>\n<p><a href=\"http:\/\/www.saopaulo.sp.leg.br\/escoladoparlamento\/cursos\/em-andamento\/gestao-de-equipes-desenvolvimento-de-competencias-conversacionais\/\">Gest\u00e3o de Equipes \u2013 Desenvolvimento de Compet\u00eancias Conversacionais<\/a><\/p>\n<p><a href=\"http:\/\/www.saopaulo.sp.leg.br\/escoladoparlamento\/cursos\/em-andamento\/curso-de-extensao-gestao-de-contratos-e-licitacoes\/\">Gest\u00e3o de Contratos e Licita\u00e7\u00f5es (Curso de Extens\u00e3o)<\/a><\/p>\n<p><a href=\"http:\/\/www.saopaulo.sp.leg.br\/escoladoparlamento\/cursos\/cursos-realizados-em-2016\/gestao-da-informacao-publica-do-impresso-ao-digital\/\">Gest\u00e3o da Informa\u00e7\u00e3o P\u00fablica: do impresso ao digital<\/a><\/p>\n<p><a href=\"http:\/\/www.saopaulo.sp.leg.br\/escoladoparlamento\/cursos\/em-andamento\/o-plano-nacional-de-educacao-e-a-gestao-e-qualidade-das-politicas-educacionais-no-brasil\/\">GEST\u00c3O E QUALIDADE DAS POL\u00cdTICAS EDUCACIONAIS NO BRASIL<\/a><\/p>\n<p><a href=\"http:\/\/www.saopaulo.sp.leg.br\/escoladoparlamento\/cursos\/cursos-anteriores\/cursos-realizados-em-2016\/gestao-de-recursos-naturais-e-ambientais-conceitos-e-problemas\/\">Gest\u00e3o de Recursos Naturais e Ambientais: Conceitos e Problemas<\/a><\/p>\n<p><a href=\"http:\/\/www.saopaulo.sp.leg.br\/escoladoparlamento\/cursos\/cursos-anteriores\/cursos-realizados-em-2016\/seminario-governanca-metropolitana-desafios-e-perspectivas\/\">Governan\u00e7a Metropolitana: Desafios e Perspectivas<\/a><\/p>\n<p><a href=\"http:\/\/www.saopaulo.sp.leg.br\/escoladoparlamento\/cursos\/em-andamento\/igualdade-de-genero\/\">Igualdade de G\u00eanero<\/a><\/p>\n<p><a href=\"http:\/\/www.saopaulo.sp.leg.br\/escoladoparlamento\/cursos\/cursos-realizados-em-2016\/introducao-ao-direito-constitucional\/\">Introdu\u00e7\u00e3o ao Direito Constitucional<\/a><\/p>\n<p><a href=\"http:\/\/www.saopaulo.sp.leg.br\/escoladoparlamento\/cursos\/cursos-anteriores\/cursos-realizados-em-2016\/introducao-ao-direito-constitucional-segunda-edicao\/\">Introdu\u00e7\u00e3o ao Direito Constitucional &#8211; Segunda Edi\u00e7\u00e3o<\/a><\/p>\n<p><a href=\"http:\/\/www.saopaulo.sp.leg.br\/escoladoparlamento\/cursos\/em-andamento\/i-jornada-de-formacao-para-conselheiros-representantes-do-crece\/\">I Jornada de Forma\u00e7\u00e3o para Conselheiros Representantes do CRECE<\/a><\/p>\n<p><a href=\"http:\/\/www.saopaulo.sp.leg.br\/escoladoparlamento\/cursos\/cursos-anteriores\/cursos-realizados-em-2016\/jovem-e-politica-tudo-a-ver\/\">Jovem e Pol\u00edtica: Tudo a Ver<\/a><\/p>\n<p><a href=\"http:\/\/www.saopaulo.sp.leg.br\/escoladoparlamento\/cursos\/cursos-anteriores\/cursos-realizados-em-2016\/judicializacao-da-politica-e-das-politicas-publicas-no-brasil\/\">Judicializa\u00e7\u00e3o das Pol\u00edticas P\u00fablicas no Brasil<\/a><\/p>\n<p><a href=\"http:\/\/www.saopaulo.sp.leg.br\/escoladoparlamento\/cursos\/cursos-anteriores\/cursos-realizados-em-2016\/marco-regulatorio-das-organizacoes-da-sociedade-civil\/\">Marco Regulat\u00f3rio das Organiza\u00e7\u00f5es da Sociedade Civil &#8211; Parceria com a SME\/SP<\/a><\/p>\n<p><a href=\"http:\/\/www.saopaulo.sp.leg.br\/escoladoparlamento\/cursos\/em-andamento\/mostra-de-cinema-sao-paulo-cidade-aberta\/\">Mostra de Cinema \u2013 S\u00e3o Paulo Cidade Aberta<\/a><\/p>\n<p><a href=\"http:\/\/www.saopaulo.sp.leg.br\/escoladoparlamento\/cursos\/cursos-realizados-em-2016\/memoria-institucional-e-legislativo-recursos-e-possibilidades\/\">Mem\u00f3ria Institucional e Legislativo: recursos e possibilidades<\/a><\/p>\n<p><a href=\"http:\/\/www.saopaulo.sp.leg.br\/escoladoparlamento\/cursos\/cursos-anteriores\/cursos-realizados-em-2016\/seminario-mulher-politicas-e-direitos\/\">Semin\u00e1rio Mulher, Pol\u00edticas e Direitos<\/a><\/p>\n<p><a href=\"http:\/\/www.saopaulo.sp.leg.br\/escoladoparlamento\/cursos\/cursos-anteriores\/oficina-editais-de-cultura\/\">Oficina Editais de Cultura<\/a><\/p>\n<p><a href=\"http:\/\/www.saopaulo.sp.leg.br\/escoladoparlamento\/cursos\/cursos-anteriores\/cursos-realizados-em-2016\/apresentacao-do-curso-de-pos-graduacao-e-oficina-de-elaboracao-de-projeto-de-pesquisa\/\">Oficina de elabora\u00e7\u00e3o de projeto de pesquisa e apresenta\u00e7\u00e3o do curso de p\u00f3s-gradua\u00e7\u00e3o<\/a><\/p>\n<p><a href=\"http:\/\/www.saopaulo.sp.leg.br\/escoladoparlamento\/cursos\/cursos-anteriores\/cursos-realizados-em-2016\/participacao-politica-das-mulheres-em-espacos-de-poder-e-decisao\/\">Participa\u00e7\u00e3o Pol\u00edtica das Mulheres em Espa\u00e7os de Poder e Decis\u00e3o<\/a><\/p>\n<p><a href=\"http:\/\/www.saopaulo.sp.leg.br\/escoladoparlamento\/cursos\/cursos-anteriores\/cursos-realizados-em-2016\/participacao-social-e-politica\/\">Participa\u00e7\u00e3o Social e Pol\u00edtica<\/a><\/p>\n<p><a href=\"http:\/\/www.saopaulo.sp.leg.br\/escoladoparlamento\/cursos\/cursos-anteriores\/cursos-realizados-em-2016\/planejamento-de-eventos-corporativos-cerimonial-e-protocolo-nacional-e-internacional\/\">Planejamento de eventos corporativos, cerimonial e protocolo nacional e internacional<\/a><\/p>\n<p><a href=\"http:\/\/www.saopaulo.sp.leg.br\/escoladoparlamento\/cursos\/cursos-realizados-em-2016\/curso-politicas-publicas-da-agenda-a-avaliacao\/\">Pol\u00edticas P\u00fablicas: da agenda \u00e0 avalia\u00e7\u00e3o<\/a><\/p>\n<p><a href=\"http:\/\/www.saopaulo.sp.leg.br\/escoladoparlamento\/cursos\/em-andamento\/previdencia-social-reformas-e-perspectivas\/\">Previd\u00eancia Social: Reformas e Perspectivas<\/a><\/p>\n<p><a href=\"http:\/\/www.saopaulo.sp.leg.br\/escoladoparlamento\/cursos\/cursos-anteriores\/cursos-realizados-em-2016\/curso-politicas-de-promocao-da-igualdade-racial\/\">Pol\u00edticas de Promo\u00e7\u00e3o da Igualdade Racial e a D\u00e9cada Internacional dos Afrodescendentes<\/a><\/p>\n<p><a href=\"http:\/\/www.saopaulo.sp.leg.br\/escoladoparlamento\/cursos\/em-andamento\/quintas-consultivas\/\">Quintas Consultivas: A Import\u00e2ncia das Consultorias e Apresenta\u00e7\u00e3o do GEOSAMPA\u00a0<\/a><\/p>\n<p><a href=\"http:\/\/www.saopaulo.sp.leg.br\/escoladoparlamento\/cursos\/cursos-anteriores\/cursos-realizados-em-2016\/4550-2\/\">Rep\u00f3rter do Futuro: Lan\u00e7amento dos \u201cCadernos de Jornalismo\u201d e Divulga\u00e7\u00e3o do 9\u00ba M\u00f3dulo do Curso<\/a><\/p>\n<p><a href=\"http:\/\/www.saopaulo.sp.leg.br\/escoladoparlamento\/cursos\/em-andamento\/reporter-do-futuro-descobrir-sao-paulo-descobrir-se-reporter\/\">Rep\u00f3rter do Futuro: \u201cDescobrir S\u00e3o Paulo, Descobrir-se Rep\u00f3rter\u201d &#8211; Edi\u00e7\u00e3o 2016<\/a><\/p>\n<p><a href=\"http:\/\/www.saopaulo.sp.leg.br\/escoladoparlamento\/cursos\/em-andamento\/curso-sp-de-todos-os-imigrantes\/\">S\u00e3o Paulo de Todos os Imigrantes<\/a><\/p>\n<p><a href=\"http:\/\/www.saopaulo.sp.leg.br\/escoladoparlamento\/cursos\/cursos-anteriores\/cursos-realizados-em-2016\/ciclo-de-debates-sobre-saude-mental-2\/\">Ciclo de Debates sobre Sa\u00fade Mental<\/a><\/p>\n<p><a href=\"http:\/\/www.saopaulo.sp.leg.br\/escoladoparlamento\/cursos\/cursos-realizados-em-2016\/lancamento-da-revista-parlamento-e-sociedade-dossie-reforma-politica-seminario-conjuntura-politica-brasileira\/\">Semin\u00e1rio Conjuntura Pol\u00edtica Brasileira e Lan\u00e7amento da Revista Parlamento e Sociedade: Dossi\u00ea Reforma Pol\u00edtica<\/a><\/p>\n<p><a href=\"http:\/\/www.saopaulo.sp.leg.br\/escoladoparlamento\/cursos\/cursos-anteriores\/cursos-realizados-em-2016\/seminario-transhumanismo\/\">Transhumanismo<\/a><\/p>\n<p><a href=\"http:\/\/www.saopaulo.sp.leg.br\/escoladoparlamento\/cursos\/cursos-realizados-em-2016\/seminario-transporte-publico-e-transporte-nao-motorizado\/\">Transporte Coletivo e N\u00e3o Motorizado<\/a><\/p>\n<p><a href=\"http:\/\/www.saopaulo.sp.leg.br\/escoladoparlamento\/cursos\/cursos-anteriores\/cursos-realizados-em-2016\/trocando-em-miudos-leitura-comentada-de-documentos-publicos\/\">Trocando em Mi\u00fados<\/a><\/p>\n<hr \/>\n<p><iframe loading=\"lazy\" title=\"Escola do Parlamento programa novos semin\u00e1rios para fevereiro\" width=\"640\" height=\"480\" src=\"https:\/\/www.youtube.com\/embed\/s3fPy2dcXpA?feature=oembed\" frameborder=\"0\" allow=\"accelerometer; autoplay; clipboard-write; encrypted-media; gyroscope; picture-in-picture; web-share\" referrerpolicy=\"strict-origin-when-cross-origin\" allowfullscreen><\/iframe><\/p>\n","protected":false},"excerpt":{"rendered":"<p>I Congresso Internacional de Contas P\u00fablicas Oficina AdentraSP \u2013 M\u00eddias sociais, participa\u00e7\u00e3o e mobiliza\u00e7\u00e3o Abrindo a C\u00e2mara A Produ\u00e7\u00e3o Legislativa do Poder Executivo Semin\u00e1rio Balan\u00e7o cr\u00edtico da Habitat III: as cidades latino-americanas e os desafios da Nova Agenda Urbana Campanhas Limpas, Transparentes e Participativas Ciclo de Debates SP 2030 Cidadania e Pol\u00edtica O CRECE, a [&hellip;]<\/p>\n","protected":false},"author":127,"featured_media":0,"parent":169,"menu_order":736,"comment_status":"closed","ping_status":"closed","template":"","meta":{"_acf_changed":false,"footnotes":""},"class_list":["post-3097","page","type-page","status-publish","hentry"],"acf":[],"_links":{"self":[{"href":"https:\/\/www.saopaulo.sp.leg.br\/escoladoparlamento\/wp-json\/wp\/v2\/pages\/3097","targetHints":{"allow":["GET"]}}],"collection":[{"href":"https:\/\/www.saopaulo.sp.leg.br\/escoladoparlamento\/wp-json\/wp\/v2\/pages"}],"about":[{"href":"https:\/\/www.saopaulo.sp.leg.br\/escoladoparlamento\/wp-json\/wp\/v2\/types\/page"}],"author":[{"embeddable":true,"href":"https:\/\/www.saopaulo.sp.leg.br\/escoladoparlamento\/wp-json\/wp\/v2\/users\/127"}],"replies":[{"embeddable":true,"href":"https:\/\/www.saopaulo.sp.leg.br\/escoladoparlamento\/wp-json\/wp\/v2\/comments?post=3097"}],"version-history":[{"count":0,"href":"https:\/\/www.saopaulo.sp.leg.br\/escoladoparlamento\/wp-json\/wp\/v2\/pages\/3097\/revisions"}],"up":[{"embeddable":true,"href":"https:\/\/www.saopaulo.sp.leg.br\/escoladoparlamento\/wp-json\/wp\/v2\/pages\/169"}],"wp:attachment":[{"href":"https:\/\/www.saopaulo.sp.leg.br\/escoladoparlamento\/wp-json\/wp\/v2\/media?parent=3097"}],"curies":[{"name":"wp","href":"https:\/\/api.w.org\/{rel}","templated":true}]}}