{"id":3050,"date":"2016-02-19T16:49:17","date_gmt":"2016-02-19T18:49:17","guid":{"rendered":"http:\/\/www.saopaulo.sp.leg.br\/escoladoparlamento\/?page_id=3050"},"modified":"2016-05-23T16:15:23","modified_gmt":"2016-05-23T19:15:23","slug":"decifrando-as-pesquisas-eleitorais","status":"publish","type":"page","link":"https:\/\/www.saopaulo.sp.leg.br\/escoladoparlamento\/cursos\/cursos-anteriores\/cursos-realizados-em-2016\/decifrando-as-pesquisas-eleitorais\/","title":{"rendered":"Decifrando as Pesquisas Eleitorais"},"content":{"rendered":"<p><strong>Objetivos:<\/strong> A principal finalidade do curso \u00e9 ensinar, numa linguagem acess\u00edvel ao cidad\u00e3o comum, como s\u00e3o feitas as pesquisas por amostragem e, em particular, as pesquisas de inten\u00e7\u00e3o de voto. As aulas partir\u00e3o do conceito de opini\u00e3o p\u00fablica e das diferen\u00e7as entre as pesquisas &#8220;quanti&#8221; e &#8220;quali&#8221;. Na sequ\u00eancia, veremos a elabora\u00e7\u00e3o de amostras e de question\u00e1rios \u00a0nas pesquisas quantitativas, bem como a realiza\u00e7\u00e3o do trabalho de campo. Por fim, a partir de exemplos pr\u00e1ticos de pesquisas eleitorais do passado, os alunos conhecer\u00e3o algumas ferramentas para analisar corretamente os resultados das pesquisas.<\/p>\n<p><strong>P\u00fablico Alvo<\/strong>: Servidores P\u00fablicos, Conselheiros, membros da sociedade civil organizada, estudantes e mun\u00edcipes em geral interessados no tema.<\/p>\n<p><strong>Diretor Respons\u00e1vel<\/strong>: Lara Mesquita<\/p>\n<p><strong>Coordenador:<\/strong>\u00a0Rog\u00e9rio Schmitt<\/p>\n<p><strong>Carga Hor\u00e1ria<\/strong>: 12 horas<\/p>\n<p><strong>Inscri\u00e7\u00f5es: <\/strong>Encerradas.<\/p>\n<p><strong>Programa\u00e7\u00e3o:<\/strong><\/p>\n<table>\n<tbody>\n<tr>\n<td><strong>Data<\/strong><\/td>\n<td><strong>Hora<\/strong><\/td>\n<td><strong>Local<\/strong><\/td>\n<td><strong>Palestrante<\/strong><\/td>\n<td><strong>Tema da palestra\/aula<\/strong><\/td>\n<\/tr>\n<tr>\n<td><strong>09\/03<\/strong><\/td>\n<td>19h-22h<\/td>\n<td><a title=\"Sala S\u00e9rgio Vieira de Mello \u2013 (\u201cSala A\u201d)\" href=\"http:\/\/www.saopaulo.sp.leg.br\/transparencia\/auditorios-online\/sala-sergio-vieira-de-mello-sala\/\">Sala S\u00e9rgio Vieira de Mello<\/a><\/td>\n<td>Rog\u00e9rio Schmitt<\/td>\n<td>Opini\u00e3o p\u00fablica: pesquisas quantitativas e qualitativas [<a href=\"http:\/\/camarasp.flashserverbr.com\/20673\">Parte 1<\/a>] [<a href=\"http:\/\/camarasp.flashserverbr.com\/20676\">Parte 2<\/a>]<\/td>\n<\/tr>\n<tr>\n<td><strong>16\/03<\/strong><\/td>\n<td>19h-22h<\/td>\n<td><a title=\"Sala S\u00e9rgio Vieira de Mello \u2013 (\u201cSala A\u201d)\" href=\"http:\/\/www.saopaulo.sp.leg.br\/transparencia\/auditorios-online\/sala-sergio-vieira-de-mello-sala\/\">Sala S\u00e9rgio Vieira de Mello<\/a><\/td>\n<td>Rog\u00e9rio Schmitt<\/td>\n<td><a href=\"http:\/\/camarasp.flashserverbr.com\/20777\">Pesquisas quanti 1: tipos de amostragem e elabora\u00e7\u00e3o de question\u00e1rios<\/a><\/td>\n<\/tr>\n<tr>\n<td><strong>23\/03<\/strong><\/td>\n<td>19h-22h<\/td>\n<td><a title=\"Sala S\u00e9rgio Vieira de Mello \u2013 (\u201cSala A\u201d)\" href=\"http:\/\/www.saopaulo.sp.leg.br\/transparencia\/auditorios-online\/sala-sergio-vieira-de-mello-sala\/\">Sala S\u00e9rgio Vieira de Mello<\/a><\/td>\n<td>Rog\u00e9rio Schmitt<\/td>\n<td>Pesquisas quanti 2: a condu\u00e7\u00e3o do trabalho de campo [<a href=\"http:\/\/camarasp.flashserverbr.com\/20865\">Parte 1<\/a>] [<a href=\"http:\/\/camarasp.flashserverbr.com\/20867\">Parte 2<\/a>]<\/td>\n<\/tr>\n<tr>\n<td><strong>30\/03<\/strong><\/td>\n<td>19h-22h<\/td>\n<td><a title=\"Sala S\u00e9rgio Vieira de Mello \u2013 (\u201cSala A\u201d)\" href=\"http:\/\/www.saopaulo.sp.leg.br\/transparencia\/auditorios-online\/sala-sergio-vieira-de-mello-sala\/\">Sala S\u00e9rgio Vieira de Mello<\/a><\/td>\n<td>Rog\u00e9rio Schmitt<\/td>\n<td><a href=\"http:\/\/camarasp.flashserverbr.com\/20933\">Pesquisas de inten\u00e7\u00e3o de voto: exemplos pr\u00e1ticos e interpreta\u00e7\u00e3o <\/a><\/td>\n<\/tr>\n<\/tbody>\n<\/table>\n<h6>Programa\u00e7\u00e3o sujeita \u00e0 altera\u00e7\u00e3o.<\/h6>\n","protected":false},"excerpt":{"rendered":"<p>Objetivos: A principal finalidade do curso \u00e9 ensinar, numa linguagem acess\u00edvel ao cidad\u00e3o comum, como s\u00e3o feitas as pesquisas por amostragem e, em particular, as pesquisas de inten\u00e7\u00e3o de voto. As aulas partir\u00e3o do conceito de opini\u00e3o p\u00fablica e das diferen\u00e7as entre as pesquisas &#8220;quanti&#8221; e &#8220;quali&#8221;. Na sequ\u00eancia, veremos a elabora\u00e7\u00e3o de amostras e [&hellip;]<\/p>\n","protected":false},"author":127,"featured_media":0,"parent":3097,"menu_order":618,"comment_status":"closed","ping_status":"closed","template":"","meta":{"_acf_changed":false,"footnotes":""},"class_list":["post-3050","page","type-page","status-publish","hentry"],"acf":[],"_links":{"self":[{"href":"https:\/\/www.saopaulo.sp.leg.br\/escoladoparlamento\/wp-json\/wp\/v2\/pages\/3050","targetHints":{"allow":["GET"]}}],"collection":[{"href":"https:\/\/www.saopaulo.sp.leg.br\/escoladoparlamento\/wp-json\/wp\/v2\/pages"}],"about":[{"href":"https:\/\/www.saopaulo.sp.leg.br\/escoladoparlamento\/wp-json\/wp\/v2\/types\/page"}],"author":[{"embeddable":true,"href":"https:\/\/www.saopaulo.sp.leg.br\/escoladoparlamento\/wp-json\/wp\/v2\/users\/127"}],"replies":[{"embeddable":true,"href":"https:\/\/www.saopaulo.sp.leg.br\/escoladoparlamento\/wp-json\/wp\/v2\/comments?post=3050"}],"version-history":[{"count":0,"href":"https:\/\/www.saopaulo.sp.leg.br\/escoladoparlamento\/wp-json\/wp\/v2\/pages\/3050\/revisions"}],"up":[{"embeddable":true,"href":"https:\/\/www.saopaulo.sp.leg.br\/escoladoparlamento\/wp-json\/wp\/v2\/pages\/3097"}],"wp:attachment":[{"href":"https:\/\/www.saopaulo.sp.leg.br\/escoladoparlamento\/wp-json\/wp\/v2\/media?parent=3050"}],"curies":[{"name":"wp","href":"https:\/\/api.w.org\/{rel}","templated":true}]}}