{"id":3047,"date":"2016-02-19T13:48:57","date_gmt":"2016-02-19T15:48:57","guid":{"rendered":"http:\/\/www.saopaulo.sp.leg.br\/escoladoparlamento\/?page_id=3047"},"modified":"2016-05-23T16:11:18","modified_gmt":"2016-05-23T19:11:18","slug":"federalismo-e-politicas-publicas","status":"publish","type":"page","link":"https:\/\/www.saopaulo.sp.leg.br\/escoladoparlamento\/cursos\/cursos-anteriores\/cursos-realizados-em-2016\/federalismo-e-politicas-publicas\/","title":{"rendered":"Federalismo e Pol\u00edticas P\u00fablicas"},"content":{"rendered":"<p><strong>Objetivo<\/strong>: Curso na \u00e1rea de gest\u00e3o p\u00fablica inserido no Programa de Capacita\u00e7\u00e3o Profissional e no Eixo Gest\u00e3o e Pol\u00edticas P\u00fablicas da Escola do Parlamento da CMSP. Entender como a forma de organiza\u00e7\u00e3o federativa do Estado Brasileiro impacta na elabora\u00e7\u00e3o, implementa\u00e7\u00e3o e financiamento das pol\u00edticas p\u00fablicas \u00e9 de suma import\u00e2ncia para uma reflex\u00e3o mais profunda e de qualidade sobre os alcances e limites das iniciativas do Estado.<\/p>\n<p><strong>P\u00fablico Alvo<\/strong>: Servidores p\u00fablicos, estudantes e cidad\u00e3os em geral.<\/p>\n<p><strong>Diretor Respons\u00e1vel<\/strong>: Lara Mesquita<\/p>\n<p><strong>Coordenadores:<\/strong> Marta Arretche e Rogerio Schlegel<\/p>\n<p><strong>Vagas:<\/strong> 90<\/p>\n<p><strong>Carga Hor\u00e1ria<\/strong>: 24 horas<\/p>\n<h3><strong>Inscri\u00e7\u00f5es:<\/strong>\u00a0Encerradas<\/h3>\n<p><strong>Programa\u00e7\u00e3o:<\/strong><\/p>\n<table>\n<tbody>\n<tr>\n<td><strong>Data<\/strong><\/td>\n<td><strong>Hora<\/strong><\/td>\n<td><strong>Sala<\/strong><\/td>\n<td><strong>Palestrante<\/strong><\/td>\n<td><strong>Tema<\/strong><\/td>\n<\/tr>\n<tr>\n<td><strong>11\/04<\/strong><\/td>\n<td>19h-22h<\/td>\n<td><a title=\"Sala S\u00e9rgio Vieira de Mello \u2013 (\u201cSala A\u201d)\" href=\"http:\/\/www.saopaulo.sp.leg.br\/transparencia\/auditorios-online\/sala-sergio-vieira-de-mello-sala\/\">Sala S\u00e9rgio Vieira de Mello<\/a><\/td>\n<td>Marta Arretche (USP)<\/td>\n<td><a href=\"http:\/\/camarasp.flashserverbr.com\/21064\"><em>A Federa\u00e7\u00e3o brasileira e as desigualdades regionais<\/em><\/a><\/td>\n<\/tr>\n<tr>\n<td><strong>13\/04<\/strong><\/td>\n<td>19h-22h<\/td>\n<td><a title=\"Audit\u00f3rio Prestes Maia\" href=\"http:\/\/www.saopaulo.sp.leg.br\/transparencia\/auditorios-online\/auditorio-prestes-maia\/\">Audit\u00f3rio Prestes Maia<\/a>\u00a0(Plenarinho)<\/td>\n<td>Murilo Junqueira (Secretaria do Planejamento do Est. S. Paulo)<\/td>\n<td><a href=\"http:\/\/camarasp.flashserverbr.com\/21109\"><em>O caminho dos recursos na Federa\u00e7\u00e3o<\/em><\/a><\/td>\n<\/tr>\n<tr>\n<td><strong>18\/04<\/strong><\/td>\n<td>19h-22h<\/td>\n<td><a title=\"Sala S\u00e9rgio Vieira de Mello \u2013 (\u201cSala A\u201d)\" href=\"http:\/\/www.saopaulo.sp.leg.br\/transparencia\/auditorios-online\/sala-sergio-vieira-de-mello-sala\/\">Sala S\u00e9rgio Vieira de Mello<\/a><\/td>\n<td>Rogerio Schlegel (Unifesp)<\/td>\n<td><a href=\"http:\/\/camarasp.flashserverbr.com\/21153\"><em>Federalismo na educa\u00e7\u00e3o<\/em><\/a><\/td>\n<\/tr>\n<tr>\n<td><strong>20\/04<\/strong><\/td>\n<td>19h-22h<\/td>\n<td><a title=\"Sala S\u00e9rgio Vieira de Mello \u2013 (\u201cSala A\u201d)\" href=\"http:\/\/www.saopaulo.sp.leg.br\/transparencia\/auditorios-online\/sala-sergio-vieira-de-mello-sala\/\">Sala S\u00e9rgio Vieira de Mello<\/a><\/td>\n<td>Renata Bichir (USP)<\/td>\n<td><em>Federalismo nos programas sociais <\/em>[<a href=\"http:\/\/camarasp.flashserverbr.com\/21171\">Parte 1<\/a>] [<a href=\"http:\/\/camarasp.flashserverbr.com\/21172\">Parte 2<\/a>]<\/td>\n<\/tr>\n<tr>\n<td><strong>27\/04<\/strong><\/td>\n<td>19h-22h<\/td>\n<td><a title=\"Audit\u00f3rio Prestes Maia\" href=\"http:\/\/www.saopaulo.sp.leg.br\/transparencia\/auditorios-online\/auditorio-prestes-maia\/\">Audit\u00f3rio Prestes Maia (Plenarinho)<\/a><\/td>\n<td>Telma Menicucci (UFMG)<\/td>\n<td><a href=\"http:\/\/camarasp.flashserverbr.com\/21228\"><em>Federalismo na sa\u00fade<\/em><\/a><\/td>\n<\/tr>\n<tr>\n<td><strong>02\/05<\/strong><\/td>\n<td>19h-22h<\/td>\n<td><a title=\"Sala S\u00e9rgio Vieira de Mello \u2013 (\u201cSala A\u201d)\" href=\"http:\/\/www.saopaulo.sp.leg.br\/transparencia\/auditorios-online\/sala-sergio-vieira-de-mello-sala\/\">Sala S\u00e9rgio Vieira de Mello<\/a><\/td>\n<td>Fabr\u00edcio Tomio (UFPR)<\/td>\n<td><em>Cria\u00e7\u00e3o de munic\u00edpios, mudan\u00e7as na Constitui\u00e7\u00e3o e impactos no federalismo <\/em>[<a href=\"http:\/\/camarasp.flashserverbr.com\/21264\">Parte 1<\/a>]<em>\u00a0<\/em>[<a href=\"http:\/\/camarasp.flashserverbr.com\/21265\">Parte 2<\/a>]<\/td>\n<\/tr>\n<tr>\n<td><strong>04\/05<\/strong><\/td>\n<td>19h-22h<\/td>\n<td><a title=\"Sala S\u00e9rgio Vieira de Mello \u2013 (\u201cSala A\u201d)\" href=\"http:\/\/www.saopaulo.sp.leg.br\/transparencia\/auditorios-online\/sala-sergio-vieira-de-mello-sala\/\">Sala S\u00e9rgio Vieira de Mello<\/a><\/td>\n<td>Patrick Silva (CEM)<\/td>\n<td><em>Legislativos municipais <\/em>[<a href=\"http:\/\/camarasp.flashserverbr.com\/21379\">Parte 1<\/a>] [<a href=\"http:\/\/camarasp.flashserverbr.com\/21375\">Parte 2<\/a>]<\/td>\n<\/tr>\n<tr>\n<td><strong>09\/05<\/strong><\/td>\n<td>19h-22h<\/td>\n<td><a title=\"Sala S\u00e9rgio Vieira de Mello \u2013 (\u201cSala A\u201d)\" href=\"http:\/\/www.saopaulo.sp.leg.br\/transparencia\/auditorios-online\/sala-sergio-vieira-de-mello-sala\/\">Sala S\u00e9rgio Vieira de Mello<\/a><\/td>\n<td>Rogerio Schlegel (Unifesp)<\/td>\n<td><a href=\"http:\/\/camarasp.flashserverbr.com\/21421\"><em>O que o brasileiro pensa da Federa\u00e7\u00e3o<\/em><\/a>\u00a0[<a href=\"http:\/\/camarasp.flashserverbr.com\/21419\">Parte 2<\/a>]<\/td>\n<\/tr>\n<\/tbody>\n<\/table>\n<h6>Programa\u00e7\u00e3o sujeita \u00e0 altera\u00e7\u00e3o.<\/h6>\n<p><strong>Bibliografia:<\/strong><\/p>\n<p>ARRETCHE, Marta. Federalismo e igualdade territorial: uma contradi\u00e7\u00e3o em termos? In: ____, Democracia, federalismo e centraliza\u00e7\u00e3o no Brasil. Rio de Janeiro: Editora FGV; Editora Fiocruz, 2012.<\/p>\n<p>MARTINS, Paulo de Sena. Financiamento da educa\u00e7\u00e3o no munic\u00edpio. In: RODRIGUES, Maristela Marques; GI\u00c1GIO, M\u00f4nica (orgs.). Guia de Consulta para o Prasem III (Programa de Apoio aos Secret\u00e1rios Municipais de Educa\u00e7\u00e3o). Bras\u00edlia: MEC\/Fundescola, 2001. Dispon\u00edvel em: <a href=\"http:\/\/livros01.livrosgratis.com.br\/me002351.pdf\">http:\/\/livros01.livrosgratis.com.br\/me002351.pdf<\/a>.<\/p>\n<p>MENICUCCI, T. M. G.. A rela\u00e7\u00e3o entre o p\u00fablico-privado e o contexto federativo do SUS: uma an\u00e1lise institucional. Pol\u00edtica Social, v. 196, p. 3-56, 2014.<\/p>\n<p>MACHADO, Jos\u00e9 Angelo. Pacto de gest\u00e3o na Sa\u00fade: ate onde esperar uma \u2018regionaliza\u00e7\u00e3o solid\u00e1ria e cooperativa\u2019? In: HOCHMAN, Gilberto; PIMENTA DE FARIA, Carlos Aur\u00e9lio. Federalismo e pol\u00edticas p\u00fablicas no Brasil. Rio de Janeiro: Editora Fiocruz, 2013.<\/p>\n<p>BATISTA JR., Paulo Nogueira. Fiscaliza\u00e7\u00e3o tribut\u00e1ria no Brasil: uma perspectiva macroecon\u00f4mica. In: ____. A economia como ela \u00e9&#8230; S\u00e3o Paulo: Boitempo, 3\u00aa edi\u00e7\u00e3o, 2002.<\/p>\n<p>BICHIR, Renata. Os mecanismos de coordena\u00e7\u00e3o federal do Programa Bolsa Fam\u00edlia. Paper apresentado no encontro anual 2012 da Associa\u00e7\u00e3o Brasileira de Ci\u00eancia Pol\u00edtica. Dispon\u00edvel em: <a href=\"http:\/\/www.cienciapolitica.org.br\/wp-content\/uploads\/2014\/04\/28_6_2012_22_3_15.pdf\">http:\/\/www.cienciapolitica.org.br\/wp-content\/uploads\/2014\/04\/28_6_2012_22_3_15.pdf<\/a>.<\/p>\n<p>TOMIO, Fabricio Ricardo de Limas. A cria\u00e7\u00e3o de munic\u00edpios ap\u00f3s a Constitui\u00e7\u00e3o de 1988.\u00a0Revista Brasileira de Ci\u00eancias Sociais. S\u00e3o Paulo ,\u00a0 v. 17,\u00a0n. 48,\u00a0p. 61-89,\u00a0Feb.\u00a0 2002 . \u00a0 Dispon\u00edvel em: &lt;<a href=\"http:\/\/www.scielo.br\/scielo.php?script=sci_arttext&amp;pid=S0102-69092002000100006&amp;lng=en&amp;nrm=iso\">http:\/\/www.scielo.br\/scielo.php?script=sci_arttext&amp;pid=S0102-69092002000100006&amp;lng=en&amp;nrm=iso<\/a>&gt;.<\/p>\n<p>SILVA, Patrick. O Poder Legislativo municipal: estrutura, composi\u00e7\u00e3o e produ\u00e7\u00e3o. Cap\u00edtulo 4 &#8211;\u00a0 A produ\u00e7\u00e3o legislativa. Disserta\u00e7\u00e3o de Mestrado. S\u00e3o Paulo, USP, 2014. Dispon\u00edvel em: Disserta\u00e7\u00e3o de Mestrado. S\u00e3o Paulo, USP, 2014. Dispon\u00edvel em: <a href=\"http:\/\/www.teses.usp.br\/teses\/disponiveis\/8\/8131\/tde-21052015-113557\/en.php\">http:\/\/www.teses.usp.br\/teses\/disponiveis\/8\/8131\/tde-21052015-113557\/en.php<\/a><\/p>\n<p>&nbsp;<\/p>\n","protected":false},"excerpt":{"rendered":"<p>Objetivo: Curso na \u00e1rea de gest\u00e3o p\u00fablica inserido no Programa de Capacita\u00e7\u00e3o Profissional e no Eixo Gest\u00e3o e Pol\u00edticas P\u00fablicas da Escola do Parlamento da CMSP. Entender como a forma de organiza\u00e7\u00e3o federativa do Estado Brasileiro impacta na elabora\u00e7\u00e3o, implementa\u00e7\u00e3o e financiamento das pol\u00edticas p\u00fablicas \u00e9 de suma import\u00e2ncia para uma reflex\u00e3o mais profunda e [&hellip;]<\/p>\n","protected":false},"author":127,"featured_media":0,"parent":3097,"menu_order":619,"comment_status":"closed","ping_status":"closed","template":"","meta":{"_acf_changed":false,"footnotes":""},"class_list":["post-3047","page","type-page","status-publish","hentry"],"acf":[],"_links":{"self":[{"href":"https:\/\/www.saopaulo.sp.leg.br\/escoladoparlamento\/wp-json\/wp\/v2\/pages\/3047","targetHints":{"allow":["GET"]}}],"collection":[{"href":"https:\/\/www.saopaulo.sp.leg.br\/escoladoparlamento\/wp-json\/wp\/v2\/pages"}],"about":[{"href":"https:\/\/www.saopaulo.sp.leg.br\/escoladoparlamento\/wp-json\/wp\/v2\/types\/page"}],"author":[{"embeddable":true,"href":"https:\/\/www.saopaulo.sp.leg.br\/escoladoparlamento\/wp-json\/wp\/v2\/users\/127"}],"replies":[{"embeddable":true,"href":"https:\/\/www.saopaulo.sp.leg.br\/escoladoparlamento\/wp-json\/wp\/v2\/comments?post=3047"}],"version-history":[{"count":0,"href":"https:\/\/www.saopaulo.sp.leg.br\/escoladoparlamento\/wp-json\/wp\/v2\/pages\/3047\/revisions"}],"up":[{"embeddable":true,"href":"https:\/\/www.saopaulo.sp.leg.br\/escoladoparlamento\/wp-json\/wp\/v2\/pages\/3097"}],"wp:attachment":[{"href":"https:\/\/www.saopaulo.sp.leg.br\/escoladoparlamento\/wp-json\/wp\/v2\/media?parent=3047"}],"curies":[{"name":"wp","href":"https:\/\/api.w.org\/{rel}","templated":true}]}}