{"id":3043,"date":"2016-02-19T13:33:58","date_gmt":"2016-02-19T15:33:58","guid":{"rendered":"http:\/\/www.saopaulo.sp.leg.br\/escoladoparlamento\/?page_id=3043"},"modified":"2018-05-11T16:48:18","modified_gmt":"2018-05-11T19:48:18","slug":"direitos-fundamentais","status":"publish","type":"page","link":"https:\/\/www.saopaulo.sp.leg.br\/escoladoparlamento\/cursos\/cursos-anteriores\/cursos-realizados-em-2016\/direitos-fundamentais\/","title":{"rendered":"Direitos Fundamentais"},"content":{"rendered":"<p><strong>Objetivos:<\/strong> Curso inserido no Eixo Estado, Institui\u00e7\u00f5es e Democracia e Participa\u00e7\u00e3o Social da Escola do Parlamento, que pretende traduzir aos cidad\u00e3os comuns, n\u00e3o familiarizados com a linguagem jur\u00eddica, os direitos fundamentais previstos na legisla\u00e7\u00e3o brasileira. Parceria da Escola do Parlamento com o Centro de Estudos Jur\u00eddicos (CEJUR) da Procuradoria Geral do Munic\u00edpio de S\u00e3o Paulo.<\/p>\n<p><strong>P\u00fablico Alvo:<\/strong>\u00a0Servidores P\u00fablicos, Conselheiros, membros da sociedade civil organizada, estudantes e mun\u00edcipes em geral interessados no tema.<\/p>\n<p><strong>Diretor Respons\u00e1vel:<\/strong> Lara Mesquita<\/p>\n<p><strong>Coordenador<\/strong>: Tatiana Seferjan (CEJUR)<\/p>\n<p><strong>Vagas: <\/strong>60<\/p>\n<p><strong>Carga hor\u00e1ria<\/strong>: 21h<\/p>\n<h3><strong>Inscri\u00e7\u00f5es: Encerradas.<\/strong><\/h3>\n<p><strong>Programa\u00e7\u00e3o:<\/strong><\/p>\n<table>\n<tbody>\n<tr>\n<td><strong>Data<\/strong><\/td>\n<td><strong>Hora<\/strong><\/td>\n<td><strong>Local<\/strong><\/td>\n<td><strong>Palestrante<\/strong><\/td>\n<td><strong>Tema da palestra\/aula<\/strong><\/td>\n<\/tr>\n<tr>\n<td><strong>31\/03<\/strong><\/td>\n<td>19h \u2013 22h<\/td>\n<td><a title=\"Sala S\u00e9rgio Vieira de Mello \u2013 (\u201cSala A\u201d)\" href=\"http:\/\/www.saopaulo.sp.leg.br\/transparencia\/auditorios-online\/sala-sergio-vieira-de-mello-sala\/\">Sala S\u00e9rgio Vieira de Mello<\/a><\/td>\n<td>Tatiana Robles Seferjan<\/td>\n<td><em>Introdu\u00e7\u00e3o<\/em> [<a href=\"http:\/\/camarasp.flashserverbr.com\/20999\">Parte 1<\/a>] [<a href=\"http:\/\/camarasp.flashserverbr.com\/20946\">Parte 2<\/a>] [<a href=\"http:\/\/camarasp.flashserverbr.com\/20947\">Parte 3<\/a>]<\/td>\n<\/tr>\n<tr>\n<td><strong>05\/04<\/strong><\/td>\n<td>19h \u2013 22h<\/td>\n<td><a title=\"Sal\u00e3o Nobre Presidente Jo\u00e3o Brasil Vita\" href=\"http:\/\/www.saopaulo.sp.leg.br\/transparencia\/auditorios-online\/salao-nobre-presidente-joao-brasil-vita\/\">Sal\u00e3o Nobre Presidente Jo\u00e3o Brasil Vita<\/a><\/td>\n<td>Luciana Russo<\/td>\n<td><em>Direito \u00e0 igualdade e princ\u00edpio da legalidade <\/em>[<a href=\"http:\/\/camarasp.flashserverbr.com\/20999\">Parte 1<\/a>] [<a href=\"http:\/\/camarasp.flashserverbr.com\/21000\">Parte 2<\/a>]<\/td>\n<\/tr>\n<tr>\n<td><strong>07\/04<\/strong><\/td>\n<td>19h \u2013 22h<\/td>\n<td><a title=\"Sala S\u00e9rgio Vieira de Mello \u2013 (\u201cSala A\u201d)\" href=\"http:\/\/www.saopaulo.sp.leg.br\/transparencia\/auditorios-online\/sala-sergio-vieira-de-mello-sala\/\">Sala S\u00e9rgio Vieira de Mello<\/a><\/td>\n<td>Reinaldo Roberto Ghesso<\/td>\n<td><em>Garantias do Processo Penal\u00a0<\/em><\/td>\n<\/tr>\n<tr>\n<td><strong>12\/04<\/strong><\/td>\n<td>19h \u2013 22h<\/td>\n<td><a title=\"Audit\u00f3rio Prestes Maia\" href=\"http:\/\/www.saopaulo.sp.leg.br\/transparencia\/auditorios-online\/auditorio-prestes-maia\/\">Audit\u00f3rio Prestes Maia<\/a>\u00a0(Plenarinho)<\/td>\n<td>Renata Orsi Bulgueroni<\/td>\n<td><em>Direitos sociais<\/em><\/td>\n<\/tr>\n<tr>\n<td><del><strong>14\/04<\/strong><\/del><\/td>\n<td><del>19h \u2013 22h<\/del><\/td>\n<td><del><a title=\"Sala S\u00e9rgio Vieira de Mello \u2013 (\u201cSala A\u201d)\" href=\"http:\/\/www.saopaulo.sp.leg.br\/transparencia\/auditorios-online\/sala-sergio-vieira-de-mello-sala\/\">Sala S\u00e9rgio Vieira de Mello<\/a><\/del><\/td>\n<td><del>Tatiana Robles Seferjan<\/del><\/td>\n<td><del><em>Liberdades p\u00fablicas I<\/em><\/del><\/td>\n<\/tr>\n<tr>\n<td><strong>19\/04<\/strong><\/td>\n<td>19h \u2013 22h<\/td>\n<td><a title=\"Plen\u00e1rio 1\u00ba de Maio\" href=\"http:\/\/www.saopaulo.sp.leg.br\/transparencia\/auditorios-online\/plenario-1o-de-maio\/\">Plen\u00e1rio 1\u00ba de Maio<\/a><\/td>\n<td>Reinaldo Roberto Ghesso<\/td>\n<td><em>Liberdades p\u00fablicas II <\/em>[<a href=\"http:\/\/camarasp.flashserverbr.com\/21166\">Parte 1<\/a>] [<a href=\"http:\/\/camarasp.flashserverbr.com\/21169\">Parte 2<\/a>]<\/td>\n<\/tr>\n<tr>\n<td><strong>26\/04<\/strong><\/td>\n<td>19h \u2013 22h<\/td>\n<td><a title=\"Sala Oscar Pedroso Horta \u2013 (\u201cSala B\u201d)\" href=\"http:\/\/www.saopaulo.sp.leg.br\/transparencia\/auditorios-online\/sala-oscar-pedroso-horta-sala-b\/\">Sala Oscar Pedroso Horta<\/a><\/td>\n<td>Waltirene dos Santos Tavares Costa<\/td>\n<td><em>Direitos de terceira gera\u00e7\u00e3o\u00a0<\/em><\/td>\n<\/tr>\n<tr>\n<td><strong>29\/04<\/strong><\/td>\n<td>19h \u2013 22h<\/td>\n<td><a title=\"Audit\u00f3rio Prestes Maia\" href=\"http:\/\/www.saopaulo.sp.leg.br\/transparencia\/auditorios-online\/auditorio-prestes-maia\/\">Audit\u00f3rio Prestes Maia<\/a>\u00a0(Plenarinho)<\/td>\n<td>\u00a0Tatiana Robles Seferjan<\/td>\n<td>\u00a0Liberdades p\u00fablicas I [<a href=\"http:\/\/camarasp.flashserverbr.com\/21246\">Parte 1<\/a>] [<a href=\"http:\/\/camarasp.flashserverbr.com\/21248\">Parte 2<\/a>]<\/td>\n<\/tr>\n<\/tbody>\n<\/table>\n<h6>Programa\u00e7\u00e3o sujeita \u00e0 altera\u00e7\u00e3o.<\/h6>\n","protected":false},"excerpt":{"rendered":"<p>Objetivos: Curso inserido no Eixo Estado, Institui\u00e7\u00f5es e Democracia e Participa\u00e7\u00e3o Social da Escola do Parlamento, que pretende traduzir aos cidad\u00e3os comuns, n\u00e3o familiarizados com a linguagem jur\u00eddica, os direitos fundamentais previstos na legisla\u00e7\u00e3o brasileira. Parceria da Escola do Parlamento com o Centro de Estudos Jur\u00eddicos (CEJUR) da Procuradoria Geral do Munic\u00edpio de S\u00e3o Paulo. [&hellip;]<\/p>\n","protected":false},"author":127,"featured_media":0,"parent":3097,"menu_order":621,"comment_status":"closed","ping_status":"closed","template":"","meta":{"_acf_changed":false,"footnotes":""},"class_list":["post-3043","page","type-page","status-publish","hentry"],"acf":[],"_links":{"self":[{"href":"https:\/\/www.saopaulo.sp.leg.br\/escoladoparlamento\/wp-json\/wp\/v2\/pages\/3043","targetHints":{"allow":["GET"]}}],"collection":[{"href":"https:\/\/www.saopaulo.sp.leg.br\/escoladoparlamento\/wp-json\/wp\/v2\/pages"}],"about":[{"href":"https:\/\/www.saopaulo.sp.leg.br\/escoladoparlamento\/wp-json\/wp\/v2\/types\/page"}],"author":[{"embeddable":true,"href":"https:\/\/www.saopaulo.sp.leg.br\/escoladoparlamento\/wp-json\/wp\/v2\/users\/127"}],"replies":[{"embeddable":true,"href":"https:\/\/www.saopaulo.sp.leg.br\/escoladoparlamento\/wp-json\/wp\/v2\/comments?post=3043"}],"version-history":[{"count":0,"href":"https:\/\/www.saopaulo.sp.leg.br\/escoladoparlamento\/wp-json\/wp\/v2\/pages\/3043\/revisions"}],"up":[{"embeddable":true,"href":"https:\/\/www.saopaulo.sp.leg.br\/escoladoparlamento\/wp-json\/wp\/v2\/pages\/3097"}],"wp:attachment":[{"href":"https:\/\/www.saopaulo.sp.leg.br\/escoladoparlamento\/wp-json\/wp\/v2\/media?parent=3043"}],"curies":[{"name":"wp","href":"https:\/\/api.w.org\/{rel}","templated":true}]}}