{"id":3036,"date":"2016-02-19T12:59:12","date_gmt":"2016-02-19T14:59:12","guid":{"rendered":"http:\/\/www.saopaulo.sp.leg.br\/escoladoparlamento\/?page_id=3036"},"modified":"2016-05-24T14:43:18","modified_gmt":"2016-05-24T17:43:18","slug":"gestao-da-informacao-publica-do-impresso-ao-digital","status":"publish","type":"page","link":"https:\/\/www.saopaulo.sp.leg.br\/escoladoparlamento\/cursos\/cursos-anteriores\/cursos-realizados-em-2016\/gestao-da-informacao-publica-do-impresso-ao-digital\/","title":{"rendered":"Gest\u00e3o da Informa\u00e7\u00e3o P\u00fablica:  do impresso ao digital"},"content":{"rendered":"<p><strong>Objetivos:<\/strong>\u00a0Disseminar uma ampla vis\u00e3o da gest\u00e3o de documentos e da seguran\u00e7a da informa\u00e7\u00e3o, indicando boas pr\u00e1ticas, m\u00e9todos e t\u00e9cnicas arquiv\u00edsticas para a eficiente pr\u00e1tica documental, para a preserva\u00e7\u00e3o digital e para o processo administrativo e legislativo. Objetiva-se alcan\u00e7ar uma maior efici\u00eancia na gest\u00e3o de processos de trabalho e, em especial, em rela\u00e7\u00e3o \u00e0s novas tecnologias da informa\u00e7\u00e3o.<\/p>\n<p><strong>P\u00fablico Alvo<\/strong>:\u00a0Funcion\u00e1rios p\u00fablicos em geral, em especial da C\u00e2mara Municipal e da Prefeitura de S\u00e3o Paulo, al\u00e9m da sociedade em geral. Profissionais das \u00e1reas de Direito, de Biblioteconomia e de Arquivo e de Tecnologia da Informa\u00e7\u00e3o.<\/p>\n<p><strong>Coordenador:<\/strong> Prof. Msc. Charlley Luz<\/p>\n<p><strong>Diretor Respons\u00e1vel<\/strong>: Gustavo Costa Dias<\/p>\n<p><strong>Vagas:<\/strong> 60<\/p>\n<p><strong>Carga Hor\u00e1ria<\/strong>: 21h<\/p>\n<p><strong>Inscri\u00e7\u00f5es:<\/strong>\u00a0Encerradas.<\/p>\n<p><strong>Programa\u00e7\u00e3o:<\/strong><\/p>\n<table style=\"height: 954px\" width=\"725\">\n<tbody>\n<tr>\n<td><strong>Data<\/strong><\/td>\n<td><strong>Hora<\/strong><\/td>\n<td><strong>Local<\/strong><\/td>\n<td><strong>Palestrante<\/strong><\/td>\n<td><strong>Tema<\/strong><\/td>\n<\/tr>\n<tr>\n<td><strong>05\/04<\/strong><\/td>\n<td>09:30h-12:30h<\/td>\n<td>Audit\u00f3rio Prestes Maia<\/td>\n<td>Prof. Msc. Charlley Luz<\/td>\n<td><em>Apresenta\u00e7\u00e3o do curso e alinhamento de conceitos: <\/em><em>O que \u00e9 o Mundo digital?\u00a0<\/em><\/p>\n<p>V\u00eddeos: [<a href=\"http:\/\/camarasp.flashserverbr.com\/20979\">Parte 1<\/a>] [<a href=\"http:\/\/camarasp.flashserverbr.com\/20981\">Parte 2<\/a>] [<a href=\"http:\/\/www.saopaulo.sp.leg.br\/escoladoparlamento\/wp-content\/uploads\/sites\/5\/2016\/02\/01_AULA_GIP_CHARLLEY_CONCEITOS.pdf\">Slides<\/a>]<\/td>\n<\/tr>\n<tr>\n<td><strong>07\/04<\/strong><\/td>\n<td>09:30h-12:30h<\/td>\n<td>Sala S\u00e9rgio Vieira de Mello<\/td>\n<td>Profa. Dra. Ana C\u00e9lia Rodrigues<\/td>\n<td><em><em>Gest\u00e3o de documentos e acesso \u00e0 informa\u00e7\u00f5es na administra\u00e7\u00e3o p\u00fablica.<\/em><\/em>V\u00eddeos: [<a href=\"http:\/\/camarasp.flashserverbr.com\/21027\">Parte 1<\/a>] [<a href=\"http:\/\/camarasp.flashserverbr.com\/21029\">Parte 2<\/a>] [<a href=\"http:\/\/www.saopaulo.sp.leg.br\/escoladoparlamento\/wp-content\/uploads\/sites\/5\/2016\/02\/02_AULA_GIP_ANA_CELIA_GESTAO_DOCUMENTOS.pdf\">Slides<\/a>]<\/td>\n<\/tr>\n<tr>\n<td><strong>12\/04<\/strong><\/td>\n<td>09:30h-12:30h<\/td>\n<td>Sala S\u00e9rgio Vieira de Mello<\/td>\n<td>Prof. Dr. Vanderlei Santos<\/td>\n<td><em>Gest\u00e3o de Documentos Eletr\u00f4nicos na Administra\u00e7\u00e3o P\u00fablica.\u00a0<\/em><\/p>\n<p>V\u00eddeos: [<a href=\"http:\/\/camarasp.flashserverbr.com\/21066\">Parte 1<\/a>] [<a href=\"http:\/\/camarasp.flashserverbr.com\/21071\">Parte 2<\/a>] [<a href=\"http:\/\/www.saopaulo.sp.leg.br\/escoladoparlamento\/wp-content\/uploads\/sites\/5\/2016\/02\/03_AULA_GIP_VANDERLEI_GESTAO_DE_DOCUMENTOS.pdf\">Slides<\/a>]<\/td>\n<\/tr>\n<tr>\n<td><strong>14\/04<\/strong><\/td>\n<td>09:30h-12:30h<\/td>\n<td>Audit\u00f3rio Prestes Maia\u00a0(Plenarinho)<\/td>\n<td>Prof. Msc. Walter Koch.<\/td>\n<td><em>Gest\u00e3o de processos: do papel ao BPM. <\/em>Lan\u00e7amento do Site do Centro de Mem\u00f3ria da CMSP.V\u00eddeos: [<a href=\"http:\/\/camarasp.flashserverbr.com\/21112\">Parte 1<\/a>] [<a href=\"http:\/\/camarasp.flashserverbr.com\/21117\">Parte 2<\/a>] [<a href=\"http:\/\/www.saopaulo.sp.leg.br\/escoladoparlamento\/wp-content\/uploads\/sites\/5\/2016\/02\/04_AULA_GIP_WALTER_GESTAO_POR_PROCESSOS.pdf\">Slides<\/a>]<\/td>\n<\/tr>\n<tr>\n<td><strong>19\/04<\/strong><\/td>\n<td>09:30h-12:30h<\/td>\n<td>Sala S\u00e9rgio Vieira de Mello<\/td>\n<td>Prof. Dr. Daniel Flores<\/td>\n<td><em><em>Manuten\u00e7\u00e3o da autenticidade, confiabilidade e fonte de prova dos documentos arquiv\u00edsticos digitais (do SIGAD ao RDC-Arq)\u00a0<\/em><\/em>[<a href=\"http:\/\/camarasp.flashserverbr.com\/21156\">V\u00eddeo<\/a>] [<a href=\"http:\/\/www.saopaulo.sp.leg.br\/escoladoparlamento\/wp-content\/uploads\/sites\/5\/2016\/02\/05_AULA_GIP_FLORES_AUTENTICIDADE.pdf\">Slides<\/a>]<\/td>\n<\/tr>\n<tr>\n<td><strong>26\/04<\/strong><\/td>\n<td>09:30h-12:30h<\/td>\n<td>Sala S\u00e9rgio Vieira de Mello<\/td>\n<td>Prof. Dr. Miguel Ardellano<\/td>\n<td><em><em>Preserva\u00e7\u00e3o da Informa\u00e7\u00e3o Digital e difus\u00e3o.\u00a0<\/em><\/em>V\u00eddeos: [<a href=\"http:\/\/camarasp.flashserverbr.com\/21189\">Parte 1<\/a>] [<a href=\"http:\/\/camarasp.flashserverbr.com\/21190\">Parte 2<\/a>] [<a href=\"http:\/\/www.saopaulo.sp.leg.br\/escoladoparlamento\/wp-content\/uploads\/sites\/5\/2016\/02\/06_AULA_GIP_MIGUEL_PRESERVA\u00c7\u00c3O.pdf\">Slides<\/a>]<\/td>\n<\/tr>\n<tr>\n<td><strong>28\/04<\/strong><\/td>\n<td>09:30h-12:30h<\/td>\n<td>Sala S\u00e9rgio Vieira de Mello<\/td>\n<td>Profa. Dra. Natalia Tognoli<\/td>\n<td><em><em>Tipologia e gest\u00e3o documental contempor\u00e2nea.\u00a0<\/em><\/em>V\u00eddeos: [<a href=\"http:\/\/camarasp.flashserverbr.com\/21233\">Parte 1<\/a>] [<a href=\"http:\/\/camarasp.flashserverbr.com\/21237\">Parte 2<\/a>] [<a href=\"http:\/\/www.saopaulo.sp.leg.br\/escoladoparlamento\/wp-content\/uploads\/sites\/5\/2016\/02\/07_AULA_GIP_NATALIA_TIPOLOGIA.pdf\">Slides<\/a>]<\/td>\n<\/tr>\n<\/tbody>\n<\/table>\n<p><strong>Bibliografia:<\/strong><br \/>\n<a href=\"http:\/\/bit.ly\/diferencaGEDxGDE\">http:\/\/bit.ly\/diferencaGEDxGDE<\/a><\/p>\n<p><a href=\"http:\/\/bit.ly\/primitivosdigitais\">http:\/\/bit.ly\/primitivosdigitais<\/a><\/p>\n<p>RODRIGUES, Ana C\u00e9lia.<strong>\u00a0<\/strong>Identifica\u00e7\u00e3o como requisito metodol\u00f3gico para a gest\u00e3o de documentos e acesso a informa\u00e7\u00f5es na administra\u00e7\u00e3o p\u00fablica brasileira.\u00a0<strong>Ci. Inf.<\/strong>, Bras\u00edlia, DF, v. 41 n. 1, p.64-80 jan.\/abr., 2013. Dispon\u00edvel em:\u00a0<a href=\"http:\/\/revista.ibict.br\/ciinf\/article\/view\/1395\">http:\/\/revista.ibict.br\/ciinf\/article\/view\/1395<\/a>.<\/p>\n<p>Gest\u00e3o de documentos arquiv\u00edsticos eletr\u00f4nicos: o caminho percorrido pela administra\u00e7\u00e3o p\u00fablica brasileira, dispon\u00edvel em:<br \/>\n<a href=\"http:\/\/periodicos.pucminas.br\/index.php\/cadernoshistoria\/article\/view\/5192\">http:\/\/periodicos.pucminas.br\/index.php\/cadernoshistoria\/article\/view\/5192<\/a><\/p>\n<p>8 Things You Need to Know About Business Process Automation and Workflow, dispon\u00edvel em:<br \/>\n<a href=\"http:\/\/info.aiim.org\/digital-landfill\/newaiimo\/2013\/04\/01\/8-things-you-need-to-know-about-business-process-automation-and-workflow\">http:\/\/info.aiim.org\/digital-landfill\/newaiimo\/2013\/04\/01\/8-things-you-need-to-know-about-business-process-automation-and-workflow<\/a><\/p>\n<p>Documentos Digitais: Preserva\u00e7\u00e3o e Estrat\u00e9gias para garantia da confian\u00e7a, dispon\u00edvel em:<br \/>\n<a href=\"http:\/\/www.seer.furg.br\/biblos\/article\/view\/2654\">http:\/\/www.seer.furg.br\/biblos\/article\/view\/2654<\/a><\/p>\n<p>Preserva\u00e7\u00e3o de Documentos Digitais, dispon\u00edvel em:<br \/>\n<a href=\"http:\/\/revista.ibict.br\/ciinf\/issue\/view\/106\/showToc\">http:\/\/revista.ibict.br\/index.php\/ciinf\/article\/view\/305<\/a><\/p>\n<p>A organizac\u0327a\u0303o do conhecimento arquivi\u0301stico: perspectivas de renovac\u0327a\u0303o a partir das abordagens cienti\u0301ficas canadenses, dispon\u00edvel em:\u00a0 <a href=\"http:\/\/www.scielo.br\/pdf\/pci\/v16n1\/a03v16n1\">http:\/\/www.scielo.br\/pdf\/pci\/v16n1\/a03v16n1<\/a><\/p>\n<p>Diretrizes para a implementac\u0327a\u0303o de Reposito\u0301rios Arquiv\u00edsticos Digitais Confia\u0301veis \u2013 RDC-ARQ -, dispon\u00edvel em:<br \/>\n<a href=\"http:\/\/conarq.gov.br\/images\/publicacoes_textos\/diretrizes_rdc_arq.pdf\">http:\/\/conarq.gov.br\/images\/publicacoes_textos\/diretrizes_rdc_arq.pdf<\/a><\/p>\n<p>E-Arq Brasil: Modelo de Requisitos para Sistemas Informatizados de Gesta\u0303o Arquivi\u0301stica de Documentos, dispon\u00edvel em: <a href=\"http:\/\/www.documentoseletronicos.arquivonacional.gov.br\/images\/publicacoes_textos\/earqbrasil_model_requisitos_2009.pdf\">http:\/\/www.documentoseletronicos.arquivonacional.gov.br\/images\/publicacoes_textos\/earqbrasil_model_requisitos_2009.pdf<\/a><\/p>\n","protected":false},"excerpt":{"rendered":"<p>Objetivos:\u00a0Disseminar uma ampla vis\u00e3o da gest\u00e3o de documentos e da seguran\u00e7a da informa\u00e7\u00e3o, indicando boas pr\u00e1ticas, m\u00e9todos e t\u00e9cnicas arquiv\u00edsticas para a eficiente pr\u00e1tica documental, para a preserva\u00e7\u00e3o digital e para o processo administrativo e legislativo. Objetiva-se alcan\u00e7ar uma maior efici\u00eancia na gest\u00e3o de processos de trabalho e, em especial, em rela\u00e7\u00e3o \u00e0s novas tecnologias [&hellip;]<\/p>\n","protected":false},"author":127,"featured_media":0,"parent":3097,"menu_order":620,"comment_status":"closed","ping_status":"closed","template":"","meta":{"_acf_changed":false,"footnotes":""},"class_list":["post-3036","page","type-page","status-publish","hentry"],"acf":[],"_links":{"self":[{"href":"https:\/\/www.saopaulo.sp.leg.br\/escoladoparlamento\/wp-json\/wp\/v2\/pages\/3036","targetHints":{"allow":["GET"]}}],"collection":[{"href":"https:\/\/www.saopaulo.sp.leg.br\/escoladoparlamento\/wp-json\/wp\/v2\/pages"}],"about":[{"href":"https:\/\/www.saopaulo.sp.leg.br\/escoladoparlamento\/wp-json\/wp\/v2\/types\/page"}],"author":[{"embeddable":true,"href":"https:\/\/www.saopaulo.sp.leg.br\/escoladoparlamento\/wp-json\/wp\/v2\/users\/127"}],"replies":[{"embeddable":true,"href":"https:\/\/www.saopaulo.sp.leg.br\/escoladoparlamento\/wp-json\/wp\/v2\/comments?post=3036"}],"version-history":[{"count":0,"href":"https:\/\/www.saopaulo.sp.leg.br\/escoladoparlamento\/wp-json\/wp\/v2\/pages\/3036\/revisions"}],"up":[{"embeddable":true,"href":"https:\/\/www.saopaulo.sp.leg.br\/escoladoparlamento\/wp-json\/wp\/v2\/pages\/3097"}],"wp:attachment":[{"href":"https:\/\/www.saopaulo.sp.leg.br\/escoladoparlamento\/wp-json\/wp\/v2\/media?parent=3036"}],"curies":[{"name":"wp","href":"https:\/\/api.w.org\/{rel}","templated":true}]}}