{"id":3014,"date":"2016-02-18T18:53:05","date_gmt":"2016-02-18T20:53:05","guid":{"rendered":"http:\/\/www.saopaulo.sp.leg.br\/escoladoparlamento\/?page_id=3014"},"modified":"2016-02-19T19:11:39","modified_gmt":"2016-02-19T21:11:39","slug":"partidos-politicos-brasileiros-2014","status":"publish","type":"page","link":"https:\/\/www.saopaulo.sp.leg.br\/escoladoparlamento\/cursos\/cursos-anteriores\/cursos-realizados-em-2014\/partidos-politicos-brasileiros-2014\/","title":{"rendered":"Partidos Pol\u00edticos Brasileiros 2014"},"content":{"rendered":"<p>1. LOCAL, DATA E HORA:<\/p>\n<p>Sala S\u00e9rgio Vieira de Melo \u2013 1\u00ba Subsolo \u2013 CMSP.<\/p>\n<p>De 24 a 27 de fevereiro \u2013 de 2\u00aa a 5\u00aa feira.<\/p>\n<p>Hor\u00e1rio: das 19h \u00e0s 22h<\/p>\n<p>2. JUSTIFICATIVA\/ CONTEXTO: Curso na \u00e1rea de Ci\u00eancia Pol\u00edtica inserido no Programa de Capacita\u00e7\u00e3o de Agentes Pol\u00edticos e Comunit\u00e1rios e de Forma\u00e7\u00e3o para Cidadania da Escola do Parlamento da CMSP.<\/p>\n<p>3. OBJETIVOS:<\/p>\n<div>\n<ul>\n<li>Desenvolver o conhecimento dos participantes acerca do papel dos partidos pol\u00edticos;<\/li>\n<li>Permitir aos participantes a compreens\u00e3o acerca as prerrogativas do sistema partid\u00e1rio brasileiro;<\/li>\n<li>Propiciar aos participantes a reflex\u00e3o sobre temas pertinentes aos partidos pol\u00edticos, nomeadamente: hist\u00f3ria; pautas; car\u00e1ter social; participa\u00e7\u00e3o cidad\u00e3; elei\u00e7\u00f5es; reforma partid\u00e1ria.<\/li>\n<li>Fazer a compara\u00e7\u00e3o entre sistema pol\u00edtico bipartid\u00e1rio e multipartid\u00e1rio;<\/li>\n<li>Promover a reflex\u00e3o sobre a nova lei dos partidos pol\u00edticos e sobre as perspectivas de reforma partid\u00e1ria.<\/li>\n<\/ul>\n<\/div>\n<p>4. CERTIFICA\u00c7\u00c3O: Os participantes inscritos receber\u00e3o certificado de conclus\u00e3o correspondente \u00e0 carga hor\u00e1ria de 16 horas-aula desde que tenham frequ\u00eancia superior a 75%<\/p>\n<p>Lembre-se: O curso \u00e9 gratuito e a sua inscri\u00e7\u00e3o impediu algu\u00e9m de se inscrever.<\/p>\n<p>5. ESTRUTURA E CONTE\u00daDO:<\/p>\n<div>\n<table border=\"1\" cellspacing=\"0\" cellpadding=\"0\">\n<tbody>\n<tr>\n<td width=\"390\"><strong>Temas<\/strong><\/td>\n<\/tr>\n<tr>\n<td width=\"390\">Partidos pol\u00edticos: defini\u00e7\u00f5es<\/td>\n<\/tr>\n<tr>\n<td width=\"390\">Partidos pol\u00edticos: organiza\u00e7\u00e3o e ideologia<\/td>\n<\/tr>\n<tr>\n<td width=\"390\">Sistemas partid\u00e1rios: bipartidarismo e multipartidarismo<\/td>\n<\/tr>\n<tr>\n<td width=\"390\">Origens do atual sistema partid\u00e1rio brasileiro<\/td>\n<\/tr>\n<tr>\n<td width=\"390\">Mudan\u00e7as e consolida\u00e7\u00e3o do sistema partid\u00e1rio brasileiro<\/td>\n<\/tr>\n<tr>\n<td width=\"390\">Nova lei dos partidos pol\u00edticos<\/td>\n<\/tr>\n<tr>\n<td width=\"390\">Os partidos brasileiros s\u00e3o ideol\u00f3gicos ou pragm\u00e1ticos?<\/td>\n<\/tr>\n<tr>\n<td width=\"390\">Perspectivas de reforma partid\u00e1ria.<\/td>\n<\/tr>\n<\/tbody>\n<\/table>\n<\/div>\n","protected":false},"excerpt":{"rendered":"<p>1. LOCAL, DATA E HORA: Sala S\u00e9rgio Vieira de Melo \u2013 1\u00ba Subsolo \u2013 CMSP. De 24 a 27 de fevereiro \u2013 de 2\u00aa a 5\u00aa feira. Hor\u00e1rio: das 19h \u00e0s 22h 2. JUSTIFICATIVA\/ CONTEXTO: Curso na \u00e1rea de Ci\u00eancia Pol\u00edtica inserido no Programa de Capacita\u00e7\u00e3o de Agentes Pol\u00edticos e Comunit\u00e1rios e de Forma\u00e7\u00e3o para [&hellip;]<\/p>\n","protected":false},"author":127,"featured_media":0,"parent":1334,"menu_order":644,"comment_status":"closed","ping_status":"closed","template":"","meta":{"_acf_changed":false,"footnotes":""},"class_list":["post-3014","page","type-page","status-publish","hentry"],"acf":[],"_links":{"self":[{"href":"https:\/\/www.saopaulo.sp.leg.br\/escoladoparlamento\/wp-json\/wp\/v2\/pages\/3014","targetHints":{"allow":["GET"]}}],"collection":[{"href":"https:\/\/www.saopaulo.sp.leg.br\/escoladoparlamento\/wp-json\/wp\/v2\/pages"}],"about":[{"href":"https:\/\/www.saopaulo.sp.leg.br\/escoladoparlamento\/wp-json\/wp\/v2\/types\/page"}],"author":[{"embeddable":true,"href":"https:\/\/www.saopaulo.sp.leg.br\/escoladoparlamento\/wp-json\/wp\/v2\/users\/127"}],"replies":[{"embeddable":true,"href":"https:\/\/www.saopaulo.sp.leg.br\/escoladoparlamento\/wp-json\/wp\/v2\/comments?post=3014"}],"version-history":[{"count":0,"href":"https:\/\/www.saopaulo.sp.leg.br\/escoladoparlamento\/wp-json\/wp\/v2\/pages\/3014\/revisions"}],"up":[{"embeddable":true,"href":"https:\/\/www.saopaulo.sp.leg.br\/escoladoparlamento\/wp-json\/wp\/v2\/pages\/1334"}],"wp:attachment":[{"href":"https:\/\/www.saopaulo.sp.leg.br\/escoladoparlamento\/wp-json\/wp\/v2\/media?parent=3014"}],"curies":[{"name":"wp","href":"https:\/\/api.w.org\/{rel}","templated":true}]}}