{"id":3010,"date":"2016-02-18T18:41:52","date_gmt":"2016-02-18T20:41:52","guid":{"rendered":"http:\/\/www.saopaulo.sp.leg.br\/escoladoparlamento\/?page_id=3010"},"modified":"2016-02-19T14:46:46","modified_gmt":"2016-02-19T16:46:46","slug":"literatura-politica-e-historia","status":"publish","type":"page","link":"https:\/\/www.saopaulo.sp.leg.br\/escoladoparlamento\/cursos\/cursos-anteriores\/cursos-realizados-em-2014\/literatura-politica-e-historia\/","title":{"rendered":"Literatura, Pol\u00edtica e Hist\u00f3ria"},"content":{"rendered":"<p><strong>Justificativa\/Contexto:<\/strong> Curso na \u00e1rea de Literatura inserido no \u201cPrograma de Difus\u00e3o Cultural\u201d da Escola do Parlamento da CMSP.<\/p>\n<p><strong>Objetivo Geral:<\/strong> O presente curso tem como objetivo geral refletir sobre a intera\u00e7\u00e3o entre obra liter\u00e1ria e sociedade para compreens\u00e3o de processos hist\u00f3ricos e pol\u00edticos ocorridos no Brasil de maneira geral, e na cidade de S\u00e3o Paulo, em particular.<\/p>\n<p><strong>Ementa:<\/strong> Abordar a correspond\u00eancia entre a realidade objetiva e realidade figurada, percebendo a forma como uma tenciona a outra de acordo com o momento hist\u00f3rico e pol\u00edtico; apresentar algumas das principais obras produzidas no Brasil e mais propriamente em S\u00e3o Paulo &#8211; desde seus antecedentes (s\u00e9culo XVI) at\u00e9 \u00e0s manifesta\u00e7\u00f5es na fic\u00e7\u00e3o contempor\u00e2nea (s\u00e9culo XXI).<\/p>\n<p><strong>P\u00fablico Alvo:<\/strong> estudantes, servidores p\u00fablicos, cidad\u00e3os em geral.<\/p>\n<p><strong>Vagas:<\/strong> 60 (sessenta)<\/p>\n<p><strong>Carga Hor\u00e1ria:<\/strong> 21 horas-aula (7 encontros de 3 horas-aula)<\/p>\n<p><strong>Inscri\u00e7\u00f5es:<\/strong>\u00a0 de 06 a 10 de outubro.<\/p>\n<p><strong>Programa\u00e7\u00e3o: <\/strong>todos os encontros s\u00e3o na sala Oscar Pedroso Horta<\/p>\n<table>\n<tbody>\n<tr>\n<td><strong>Data<\/strong><\/td>\n<td><strong>Hora<\/strong><\/td>\n<td><strong>Tema<\/strong><\/td>\n<td><strong>Palestrante<\/strong><\/td>\n<\/tr>\n<tr>\n<td><strong>16\/out<\/strong><\/td>\n<td>9h-12h<\/td>\n<td>Palestra Inaugural: \u201cA literatura e engajamento social\u201d<\/td>\n<td>Alexandre Huady Torres<\/td>\n<\/tr>\n<tr>\n<td><strong>17\/out<\/strong><\/td>\n<td>9h-12h<\/td>\n<td>Brasil Col\u00f4nia: \u201cO mito fundador da Brasilidade nas narrativas coloniais\u201d<\/td>\n<td>Andr\u00e9 Arruda<\/td>\n<\/tr>\n<tr>\n<td><strong>20\/out<\/strong><\/td>\n<td>9h-12h<\/td>\n<td>Brasil Imp\u00e9rio: &#8220;\u201cA rom\u00e2ntica constru\u00e7\u00e3o da identidade nacional idealizada a meio caminho dos movimentos republicano e abolicionista\u201d<\/td>\n<td>Mariana Estevam<\/td>\n<\/tr>\n<tr>\n<td><strong>21\/out<\/strong><\/td>\n<td>9h-12h<\/td>\n<td>1\u00aa. Rep\u00fablica: \u201cPr\u00e9-Modernismo; Modernismo \u2013 1\u00aa. Gera\u00e7\u00e3o\u201d<\/td>\n<td>Alexandre Hecker<\/td>\n<\/tr>\n<tr>\n<td><strong>22\/out<\/strong><\/td>\n<td>9h-12h<\/td>\n<td>2\u00aa. Rep\u00fablica: \u201cAs fases matizadas e heroicas da identidade nacional nas 2\u00aa e 3\u00aa gera\u00e7\u00f5es do Modernismo\u201d<\/td>\n<td>Mariana Estevam<\/td>\n<\/tr>\n<tr>\n<td><strong>23\/out<\/strong><\/td>\n<td>9h-12h<\/td>\n<td>Literatura Marginal: \u201cResist\u00eancia e produ\u00e7\u00e3o de novos sentidos pol\u00edtico-liter\u00e1rios\u201d<\/td>\n<td>Cristine Fickelscherer<\/td>\n<\/tr>\n<tr>\n<td><strong>24\/out<\/strong><\/td>\n<td>9h-12h<\/td>\n<td>S\u00e3o Paulo: literatura e hist\u00f3ria &#8211; \u201cArtes Paulistanas e a S\u00e3o Paulo dos Bandeirantes\u201d<\/td>\n<td>Rosana Schwartz<\/td>\n<\/tr>\n<\/tbody>\n<\/table>\n","protected":false},"excerpt":{"rendered":"<p>Justificativa\/Contexto: Curso na \u00e1rea de Literatura inserido no \u201cPrograma de Difus\u00e3o Cultural\u201d da Escola do Parlamento da CMSP. Objetivo Geral: O presente curso tem como objetivo geral refletir sobre a intera\u00e7\u00e3o entre obra liter\u00e1ria e sociedade para compreens\u00e3o de processos hist\u00f3ricos e pol\u00edticos ocorridos no Brasil de maneira geral, e na cidade de S\u00e3o Paulo, [&hellip;]<\/p>\n","protected":false},"author":127,"featured_media":0,"parent":1334,"menu_order":636,"comment_status":"closed","ping_status":"closed","template":"","meta":{"_acf_changed":false,"footnotes":""},"class_list":["post-3010","page","type-page","status-publish","hentry"],"acf":[],"_links":{"self":[{"href":"https:\/\/www.saopaulo.sp.leg.br\/escoladoparlamento\/wp-json\/wp\/v2\/pages\/3010","targetHints":{"allow":["GET"]}}],"collection":[{"href":"https:\/\/www.saopaulo.sp.leg.br\/escoladoparlamento\/wp-json\/wp\/v2\/pages"}],"about":[{"href":"https:\/\/www.saopaulo.sp.leg.br\/escoladoparlamento\/wp-json\/wp\/v2\/types\/page"}],"author":[{"embeddable":true,"href":"https:\/\/www.saopaulo.sp.leg.br\/escoladoparlamento\/wp-json\/wp\/v2\/users\/127"}],"replies":[{"embeddable":true,"href":"https:\/\/www.saopaulo.sp.leg.br\/escoladoparlamento\/wp-json\/wp\/v2\/comments?post=3010"}],"version-history":[{"count":0,"href":"https:\/\/www.saopaulo.sp.leg.br\/escoladoparlamento\/wp-json\/wp\/v2\/pages\/3010\/revisions"}],"up":[{"embeddable":true,"href":"https:\/\/www.saopaulo.sp.leg.br\/escoladoparlamento\/wp-json\/wp\/v2\/pages\/1334"}],"wp:attachment":[{"href":"https:\/\/www.saopaulo.sp.leg.br\/escoladoparlamento\/wp-json\/wp\/v2\/media?parent=3010"}],"curies":[{"name":"wp","href":"https:\/\/api.w.org\/{rel}","templated":true}]}}