{"id":3006,"date":"2016-02-18T18:40:16","date_gmt":"2016-02-18T20:40:16","guid":{"rendered":"http:\/\/www.saopaulo.sp.leg.br\/escoladoparlamento\/?page_id=3006"},"modified":"2016-02-19T18:50:25","modified_gmt":"2016-02-19T20:50:25","slug":"legislacao-para-o-lixo-zero","status":"publish","type":"page","link":"https:\/\/www.saopaulo.sp.leg.br\/escoladoparlamento\/cursos\/cursos-anteriores\/cursos-realizados-em-2014\/legislacao-para-o-lixo-zero\/","title":{"rendered":"Legisla\u00e7\u00e3o para o Lixo Zero"},"content":{"rendered":"<p><strong>JUSTIFICATIVA\/ CONTEXTO:<\/strong> O evento contar\u00e1 com a participa\u00e7\u00e3o de grandes especialistas mundiais em gest\u00e3o de res\u00edduos s\u00f3lidos, e gestores de cidades que implementaram o Programa Lixo Zero. O evento ser\u00e1 composto por palestras e apresenta\u00e7\u00e3o de cases oportunizando assim o interc\u00e2mbio de conhecimentos e experi\u00eancias, firmando a import\u00e2ncia da valoriza\u00e7\u00e3o do conceito \u201cLixo Zero\u201d e a preocupa\u00e7\u00e3o com a melhoria da qualidade de vida para as pr\u00f3ximas gera\u00e7\u00f5es.<\/p>\n<p><strong>OBJETIVO GERAL:<\/strong> Apresentar, avaliar e discutir as melhores pr\u00e1ticas desenvolvidas e a legisla\u00e7\u00e3o implementadas pelos projetos de Cidade Lixo Zero. Mobilizar o Poder P\u00fablico Municipal a avaliar novas solu\u00e7\u00f5es e tecnologias para destina\u00e7\u00e3o de res\u00edduos s\u00f3lidos urbanos, contribuindo para redu\u00e7\u00e3o dos impactos sociais e ambientais do atual gerenciamento do lixo. Envolver todas as partes interessadas no processo de di\u00e1logo e engajamento: o Poder P\u00fablico, a Ind\u00fastria, o Cidad\u00e3o, a Sociedade, as Comunidades, entre outras, para debater as prioridades socioambientais de um novo modelo.<\/p>\n<p><strong>OBJETIVOS ESPEC\u00cdFICOS:<\/strong><\/p>\n<ol>\n<li>Avaliar o atual est\u00e1gio da legisla\u00e7\u00e3o em S\u00e3o Paulo e no Brasil;<\/li>\n<li>Sensibilizar e mobilizar a popula\u00e7\u00e3o;<\/li>\n<li>Estimular maior conscientiza\u00e7\u00e3o do Poder P\u00fablico Municipal, Estadual e Federal no reconhecimento de novas solu\u00e7\u00f5es tecnol\u00f3gicas socioambientais orientadas a redu\u00e7\u00e3o de impactos;<\/li>\n<li>Valorizar as melhores pr\u00e1ticas como refer\u00eancia;<\/li>\n<li>Valorizar e reconhecer as melhores pr\u00e1ticas que tenham maior impacto no desenvolvimento sustent\u00e1vel da gest\u00e3o do res\u00edduo urbano, buscando refer\u00eancias do mercado;<\/li>\n<li>Envolver elos da cadeia produtiva na busca de solu\u00e7\u00f5es compartilhadas;<\/li>\n<li>Debater com a cadeia de fornecimento (ind\u00fastria, varejo e consumidor) um programa de a\u00e7\u00f5es conjuntas para a destina\u00e7\u00e3o correta de res\u00edduos para melhoria da qualidade ambiental das suas opera\u00e7\u00f5es.<\/li>\n<\/ol>\n<p><strong>EMENTA:<\/strong> Ser\u00e3o abordados os principais temas relacionados ao conceito \u201cLixo Zero\u201d, entre eles alguns dos seguintes temas: Conceito Lixo Zero; Responsabilidade Ambiental; Plano Municipal de Res\u00edduos S\u00f3lidos de S\u00e3o Paulo; e Pol\u00edtica Nacional de Res\u00edduos S\u00f3lidos (PNRS).<\/p>\n<p><strong>P\u00daBLICO ALVO:<\/strong> cidad\u00e3os em geral, membros de partidos pol\u00edticos; servidores de C\u00e2maras Municipais e do poder p\u00fablico municipal.<\/p>\n<p><strong>VAGAS:<\/strong> 150<\/p>\n<p><strong>CARGA HOR\u00c1RIA:<\/strong> 5 horas-aula<\/p>\n<p><strong>LOCAL, DATA E HORA:<\/strong><br \/>\nPlen\u00e1rio 1\u00ba de Maio<br \/>\n12 de Maio de 2014<br \/>\nHor\u00e1rio: das 10h \u00e0s 17h<\/p>\n<p><strong>PROGRAMA\u00c7\u00c3O:<\/strong><br \/>\n<strong>AGENDA PRELIMINAR<\/strong><\/p>\n<p>10h00 \u2013 <strong>Cerim\u00f4nia de abertura: palavras do Presidente da C\u00e2mara e do presidente da Frente Parlamentar pela Sustentabilidade<\/strong><\/p>\n<p><strong><em>Vereador Jos\u00e9 Am\u00e9rico (PT-SP), presidente da C\u00e2mara Municipal de S\u00e3o Paulo<br \/>\nVereador Ricardo Young (PPS-SP), <\/em><\/strong><strong>presidente da Frente Parlamentar pela Sustentabilidade<\/strong><\/p>\n<p>10h40 \u2013 <strong>Panorama Mundial: iniciativas legislativas e a gest\u00e3o dos res\u00edduos s\u00f3lidos<\/strong><\/p>\n<ul>\n<li>Hist\u00f3rico<\/li>\n<li>Como se arquitetaram os principais projetos<\/li>\n<li>Quais as exig\u00eancias das legisla\u00e7\u00f5es internacionais<\/li>\n<li>Quais oportunidades no mercado da reciclagem<\/li>\n<\/ul>\n<p><strong><em>Leslie Lukacs, L2 Environmental<br \/>\nRodrigo Sabatini, Instituto Lixo Zero Brasil<\/em><\/strong><\/p>\n<p>12h00 \u2013 Intervalo para almo\u00e7o<\/p>\n<p>SESS\u00c3O EXPERI\u00caNCIA INTERNACIONAL \u2013 APRESENTA\u00c7\u00c3O DE ESTUDOS DE CASOS<\/p>\n<p>14h00 &#8211; <strong>Case Su\u00e9cia<\/strong><\/p>\n<ul>\n<li>Hist\u00f3rico<\/li>\n<li>Como funciona<\/li>\n<li>Quais exig\u00eancias da legisla\u00e7\u00e3o na Su\u00e9cia<\/li>\n<li>Experi\u00eancias lixo zero<\/li>\n<\/ul>\n<p><strong><em>Pal Martenson, Kretsloppsparken<\/em><\/strong><\/p>\n<p>14h30 \u2013 <strong>O papel do gestor p\u00fablico na gest\u00e3o dos res\u00edduos s\u00f3lidos e as iniciativas legislativas <\/strong><\/p>\n<ul>\n<li>PNRS: Impactos e prazos a serem cumpridos nos munic\u00edpios<\/li>\n<li>Plano Municipal de Res\u00edduos S\u00f3lidos de S\u00e3o Paulo<\/li>\n<\/ul>\n<p><strong><em>Silvano Silv\u00e9rio da Costa, Presidente da AMLURB (Autoridade Municipal de Limpeza Urbana)<br \/>\nSim\u00e3o Pedro Chiovetti,Secret\u00e1rio Municipal de Servi\u00e7os \u2013 Prefeitura de S\u00e3o Paulo<\/em><\/strong><\/p>\n<p>16h15 \u2013 <strong>Educa\u00e7\u00e3o Lixo Zero e Empreendorismo<\/strong><\/p>\n<p>Desenvolvimento de plataformas de educa\u00e7\u00e3o on-line de grande escala para apoiar o desenvolvimento de Pol\u00edticas e Infra esturura Lixo Zero e Empreendedorismo Social e a Cria\u00e7\u00e3o de empregos numa sociedade de lixo zero<\/p>\n<p><strong><em>Camille Duran, Compostory<br \/>\nTracie Bills, California Resource Recovery Association<\/em><\/strong><\/p>\n<p>17h00 &#8211; Encerramento do Semin\u00e1rio Internacional Legisla\u00e7\u00e3o para o Lixo<\/p>\n","protected":false},"excerpt":{"rendered":"<p>JUSTIFICATIVA\/ CONTEXTO: O evento contar\u00e1 com a participa\u00e7\u00e3o de grandes especialistas mundiais em gest\u00e3o de res\u00edduos s\u00f3lidos, e gestores de cidades que implementaram o Programa Lixo Zero. O evento ser\u00e1 composto por palestras e apresenta\u00e7\u00e3o de cases oportunizando assim o interc\u00e2mbio de conhecimentos e experi\u00eancias, firmando a import\u00e2ncia da valoriza\u00e7\u00e3o do conceito \u201cLixo Zero\u201d e [&hellip;]<\/p>\n","protected":false},"author":127,"featured_media":0,"parent":1334,"menu_order":623,"comment_status":"closed","ping_status":"closed","template":"","meta":{"_acf_changed":false,"footnotes":""},"class_list":["post-3006","page","type-page","status-publish","hentry"],"acf":[],"_links":{"self":[{"href":"https:\/\/www.saopaulo.sp.leg.br\/escoladoparlamento\/wp-json\/wp\/v2\/pages\/3006","targetHints":{"allow":["GET"]}}],"collection":[{"href":"https:\/\/www.saopaulo.sp.leg.br\/escoladoparlamento\/wp-json\/wp\/v2\/pages"}],"about":[{"href":"https:\/\/www.saopaulo.sp.leg.br\/escoladoparlamento\/wp-json\/wp\/v2\/types\/page"}],"author":[{"embeddable":true,"href":"https:\/\/www.saopaulo.sp.leg.br\/escoladoparlamento\/wp-json\/wp\/v2\/users\/127"}],"replies":[{"embeddable":true,"href":"https:\/\/www.saopaulo.sp.leg.br\/escoladoparlamento\/wp-json\/wp\/v2\/comments?post=3006"}],"version-history":[{"count":0,"href":"https:\/\/www.saopaulo.sp.leg.br\/escoladoparlamento\/wp-json\/wp\/v2\/pages\/3006\/revisions"}],"up":[{"embeddable":true,"href":"https:\/\/www.saopaulo.sp.leg.br\/escoladoparlamento\/wp-json\/wp\/v2\/pages\/1334"}],"wp:attachment":[{"href":"https:\/\/www.saopaulo.sp.leg.br\/escoladoparlamento\/wp-json\/wp\/v2\/media?parent=3006"}],"curies":[{"name":"wp","href":"https:\/\/api.w.org\/{rel}","templated":true}]}}