{"id":30050,"date":"2026-05-06T10:25:39","date_gmt":"2026-05-06T13:25:39","guid":{"rendered":"https:\/\/www.saopaulo.sp.leg.br\/escoladoparlamento\/?page_id=30050"},"modified":"2026-05-06T10:25:39","modified_gmt":"2026-05-06T13:25:39","slug":"2a-oficina-de-participacao-cidada-para-o-projeto-camara-na-rua-regiao-leste","status":"publish","type":"page","link":"https:\/\/www.saopaulo.sp.leg.br\/escoladoparlamento\/cursos\/cursos-anteriores\/cursos-realizados-em-2026\/2a-oficina-de-participacao-cidada-para-o-projeto-camara-na-rua-regiao-leste\/","title":{"rendered":"2\u00aa Oficina de Participa\u00e7\u00e3o Cidad\u00e3 para o Projeto C\u00e2mara na Rua &#8211; Regi\u00e3o Leste"},"content":{"rendered":"<div data-olk-copy-source=\"MailCompose\">A Escola do Parlamento da C\u00e2mara Municipal de S\u00e3o Paulo promove, ao longo de 2026, Oficinas de Prepara\u00e7\u00e3o para Participa\u00e7\u00e3o Cidad\u00e3 no \u00e2mbito do projeto C\u00e2mara na Rua.<\/div>\n<div><\/div>\n<div>As oficinas integram a estrat\u00e9gia institucional de fortalecimento da participa\u00e7\u00e3o cidad\u00e3 e t\u00eam como objetivo qualificar o di\u00e1logo entre a popula\u00e7\u00e3o e o Poder Legislativo municipal, oferecendo informa\u00e7\u00f5es e ferramentas para que cidad\u00e3os e cidad\u00e3s possam compreender melhor o funcionamento do poder p\u00fablico e organizar demandas coletivas de interesse p\u00fablico.<\/div>\n<div><\/div>\n<div>A proposta das oficinas combina forma\u00e7\u00e3o conceitual e orienta\u00e7\u00e3o pr\u00e1tica, abordando temas como os fundamentos da democracia representativa at\u00e9 a tradu\u00e7\u00e3o de demandas da comunidade para a linguagem institucional e a utiliza\u00e7\u00e3o de instrumentos como a Lei Org\u00e2nica do Munic\u00edpio.<\/div>\n<div><\/div>\n<div>Cada encontro ocorrer\u00e1 na semana anterior \u00e0 respectiva edi\u00e7\u00e3o do projeto C\u00e2mara na Rua, com o objetivo de preparar participantes para um di\u00e1logo mais qualificado com o Legislativo municipal durante o evento.<\/div>\n<div><\/div>\n<div>Segunda oficina de 2026<\/div>\n<div>Data: 18 de abril de 2026<\/div>\n<div>Hor\u00e1rio: 9h<\/div>\n<div>Local: Centro Educacional Unificado (CEU) Rei Pel\u00e9<\/div>\n<div>Endere\u00e7o: Rua Camapu, 20 \u2013 Jardim Santa Maria\u00a0 \u2013 Zona Leste de S\u00e3o Paulo<\/div>\n<div><\/div>\n<div>Informa\u00e7\u00f5es da atividade<\/div>\n<div>P\u00fablico-alvo:\u00a0Cidad\u00e3os e cidad\u00e3s interessados em participa\u00e7\u00e3o social\u00a0e na compreens\u00e3o do funcionamento do poder p\u00fablico municipal.<\/div>\n<div>Dura\u00e7\u00e3o:\u00a03 horas.<\/div>\n<div>Modalidade:\u00a0Presencial.<\/div>\n<div><\/div>\n<div><strong>Inscri\u00e7\u00f5es:<\/strong> ENCERRADAS<\/div>\n<div>\n<div><\/div>\n<\/div>\n<div><b>Realiza\u00e7\u00e3o<\/b><\/div>\n<div>Escola do Parlamento da C\u00e2mara Municipal de S\u00e3o Paulo.<\/div>\n<div><b>\u00a0<\/b><\/div>\n<div><b>Sobre o projeto C\u00e2mara na Rua<\/b><\/div>\n<div>O C\u00e2mara na Rua \u00e9 uma iniciativa da C\u00e2mara Municipal de S\u00e3o Paulo voltada \u00e0 aproxima\u00e7\u00e3o entre o Legislativo e a popula\u00e7\u00e3o, promovendo atividades em diferentes territ\u00f3rios da cidade com o objetivo de ampliar canais de escuta, di\u00e1logo e participa\u00e7\u00e3o cidad\u00e3.<\/div>\n<div>As Oficinas de Prepara\u00e7\u00e3o para Participa\u00e7\u00e3o Cidad\u00e3 constituem uma a\u00e7\u00e3o formativa complementar a esse projeto, buscando fortalecer a compreens\u00e3o p\u00fablica sobre o funcionamento das institui\u00e7\u00f5es democr\u00e1ticas e estimular pr\u00e1ticas de participa\u00e7\u00e3o social.<\/div>\n","protected":false},"excerpt":{"rendered":"<p>A Escola do Parlamento da C\u00e2mara Municipal de S\u00e3o Paulo promove, ao longo de 2026, Oficinas de Prepara\u00e7\u00e3o para Participa\u00e7\u00e3o Cidad\u00e3 no \u00e2mbito do projeto C\u00e2mara na Rua. As oficinas integram a estrat\u00e9gia institucional de fortalecimento da participa\u00e7\u00e3o cidad\u00e3 e t\u00eam como objetivo qualificar o di\u00e1logo entre a popula\u00e7\u00e3o e o Poder Legislativo municipal, oferecendo [&hellip;]<\/p>\n","protected":false},"author":745,"featured_media":0,"parent":29942,"menu_order":0,"comment_status":"closed","ping_status":"closed","template":"","meta":{"_acf_changed":false,"footnotes":""},"class_list":["post-30050","page","type-page","status-publish","hentry"],"acf":[],"_links":{"self":[{"href":"https:\/\/www.saopaulo.sp.leg.br\/escoladoparlamento\/wp-json\/wp\/v2\/pages\/30050","targetHints":{"allow":["GET"]}}],"collection":[{"href":"https:\/\/www.saopaulo.sp.leg.br\/escoladoparlamento\/wp-json\/wp\/v2\/pages"}],"about":[{"href":"https:\/\/www.saopaulo.sp.leg.br\/escoladoparlamento\/wp-json\/wp\/v2\/types\/page"}],"author":[{"embeddable":true,"href":"https:\/\/www.saopaulo.sp.leg.br\/escoladoparlamento\/wp-json\/wp\/v2\/users\/745"}],"replies":[{"embeddable":true,"href":"https:\/\/www.saopaulo.sp.leg.br\/escoladoparlamento\/wp-json\/wp\/v2\/comments?post=30050"}],"version-history":[{"count":1,"href":"https:\/\/www.saopaulo.sp.leg.br\/escoladoparlamento\/wp-json\/wp\/v2\/pages\/30050\/revisions"}],"predecessor-version":[{"id":30051,"href":"https:\/\/www.saopaulo.sp.leg.br\/escoladoparlamento\/wp-json\/wp\/v2\/pages\/30050\/revisions\/30051"}],"up":[{"embeddable":true,"href":"https:\/\/www.saopaulo.sp.leg.br\/escoladoparlamento\/wp-json\/wp\/v2\/pages\/29942"}],"wp:attachment":[{"href":"https:\/\/www.saopaulo.sp.leg.br\/escoladoparlamento\/wp-json\/wp\/v2\/media?parent=30050"}],"curies":[{"name":"wp","href":"https:\/\/api.w.org\/{rel}","templated":true}]}}