{"id":29995,"date":"2026-03-12T14:29:05","date_gmt":"2026-03-12T17:29:05","guid":{"rendered":"https:\/\/www.saopaulo.sp.leg.br\/escoladoparlamento\/?page_id=29995"},"modified":"2026-05-04T13:08:03","modified_gmt":"2026-05-04T16:08:03","slug":"1a-oficina-de-participacao-cidada","status":"publish","type":"page","link":"https:\/\/www.saopaulo.sp.leg.br\/escoladoparlamento\/cursos\/cursos-anteriores\/cursos-realizados-em-2026\/1a-oficina-de-participacao-cidada\/","title":{"rendered":"1\u00aa Oficina de Participa\u00e7\u00e3o Cidad\u00e3 no Projeto C\u00e2mara na Rua"},"content":{"rendered":"<p data-start=\"239\" data-end=\"420\"><span class=\"BZ_Pyq_fadeIn\">A <\/span><span class=\"BZ_Pyq_fadeIn\">Escola <\/span><span class=\"BZ_Pyq_fadeIn\">do <\/span><span class=\"BZ_Pyq_fadeIn\">Parlamento <\/span><span class=\"BZ_Pyq_fadeIn\">da <\/span><span class=\"BZ_Pyq_fadeIn\">C\u00e2mara <\/span><span class=\"BZ_Pyq_fadeIn\">Municipal <\/span><span class=\"BZ_Pyq_fadeIn\">de <\/span><span class=\"BZ_Pyq_fadeIn\">S\u00e3o <\/span><span class=\"BZ_Pyq_fadeIn\">Paulo <\/span><span class=\"BZ_Pyq_fadeIn\">promove, <\/span><span class=\"BZ_Pyq_fadeIn\">ao <\/span><span class=\"BZ_Pyq_fadeIn\">longo <\/span><span class=\"BZ_Pyq_fadeIn\">de 2026, <\/span><strong data-start=\"324\" data-end=\"380\"><span class=\"BZ_Pyq_fadeIn\">Oficinas <\/span><span class=\"BZ_Pyq_fadeIn\">de Participa\u00e7\u00e3o Cidad\u00e3<\/span><\/strong>\u00a0<span class=\"BZ_Pyq_fadeIn\">no <\/span><span class=\"BZ_Pyq_fadeIn\">\u00e2mbito <\/span><span class=\"BZ_Pyq_fadeIn\">do <\/span><span class=\"BZ_Pyq_fadeIn\">projeto <\/span><strong data-start=\"402\" data-end=\"419\"><span class=\"BZ_Pyq_fadeIn\">C\u00e2mara <\/span><span class=\"BZ_Pyq_fadeIn\">na <\/span><span class=\"BZ_Pyq_fadeIn\">Rua<\/span><\/strong><span class=\"BZ_Pyq_fadeIn\">.<\/span><\/p>\n<p data-start=\"422\" data-end=\"783\"><span class=\"BZ_Pyq_fadeIn\">As <\/span><span class=\"BZ_Pyq_fadeIn\">oficinas <\/span><span class=\"BZ_Pyq_fadeIn\">integram <\/span><span class=\"BZ_Pyq_fadeIn\">a <\/span><span class=\"BZ_Pyq_fadeIn\">estrat\u00e9gia <\/span><span class=\"BZ_Pyq_fadeIn\">institucional <\/span><span class=\"BZ_Pyq_fadeIn\">de <\/span><span class=\"BZ_Pyq_fadeIn\">fortalecimento <\/span><span class=\"BZ_Pyq_fadeIn\">da <\/span><span class=\"BZ_Pyq_fadeIn\">participa\u00e7\u00e3o <\/span><span class=\"BZ_Pyq_fadeIn\">cidad\u00e3 <\/span><span class=\"BZ_Pyq_fadeIn\">e <\/span><span class=\"BZ_Pyq_fadeIn\">t\u00eam <\/span><span class=\"BZ_Pyq_fadeIn\">como <\/span><span class=\"BZ_Pyq_fadeIn\">objetivo <\/span><strong data-start=\"531\" data-end=\"605\"><span class=\"BZ_Pyq_fadeIn\">qualificar <\/span><span class=\"BZ_Pyq_fadeIn\">o <\/span><span class=\"BZ_Pyq_fadeIn\">di\u00e1logo <\/span><span class=\"BZ_Pyq_fadeIn\">entre <\/span><span class=\"BZ_Pyq_fadeIn\">a <\/span><span class=\"BZ_Pyq_fadeIn\">popula\u00e7\u00e3o <\/span><span class=\"BZ_Pyq_fadeIn\">e <\/span><span class=\"BZ_Pyq_fadeIn\">o <\/span><span class=\"BZ_Pyq_fadeIn\">Poder <\/span><span class=\"BZ_Pyq_fadeIn\">Legislativo <\/span><span class=\"BZ_Pyq_fadeIn\">municipal<\/span><\/strong><span class=\"BZ_Pyq_fadeIn\">, <\/span><span class=\"BZ_Pyq_fadeIn\">oferecendo <\/span><span class=\"BZ_Pyq_fadeIn\">informa\u00e7\u00f5es <\/span><span class=\"BZ_Pyq_fadeIn\">e <\/span><span class=\"BZ_Pyq_fadeIn\">ferramentas <\/span><span class=\"BZ_Pyq_fadeIn\">para <\/span><span class=\"BZ_Pyq_fadeIn\">que <\/span><span class=\"BZ_Pyq_fadeIn\">cidad\u00e3os <\/span><span class=\"BZ_Pyq_fadeIn\">e <\/span><span class=\"BZ_Pyq_fadeIn\">cidad\u00e3s <\/span><span class=\"BZ_Pyq_fadeIn\">possam <\/span><span class=\"BZ_Pyq_fadeIn\">compreender <\/span><span class=\"BZ_Pyq_fadeIn\">melhor <\/span><span class=\"BZ_Pyq_fadeIn\">o <\/span><span class=\"BZ_Pyq_fadeIn\">funcionamento <\/span><span class=\"BZ_Pyq_fadeIn\">do <\/span><span class=\"BZ_Pyq_fadeIn\">poder <\/span><span class=\"BZ_Pyq_fadeIn\">p\u00fablico <\/span><span class=\"BZ_Pyq_fadeIn\">e <\/span><span class=\"BZ_Pyq_fadeIn\">organizar <\/span><span class=\"BZ_Pyq_fadeIn\">demandas <\/span><span class=\"BZ_Pyq_fadeIn\">coletivas <\/span><span class=\"BZ_Pyq_fadeIn\">de <\/span><span class=\"BZ_Pyq_fadeIn\">interesse <\/span><span class=\"BZ_Pyq_fadeIn\">p\u00fablico.<\/span><\/p>\n<p data-start=\"785\" data-end=\"884\"><span class=\"BZ_Pyq_fadeIn\">A <\/span><span class=\"BZ_Pyq_fadeIn\">proposta <\/span><span class=\"BZ_Pyq_fadeIn\">das <\/span><span class=\"BZ_Pyq_fadeIn\">oficinas <\/span><span class=\"BZ_Pyq_fadeIn\">combina <\/span><strong data-start=\"817\" data-end=\"861\"><span class=\"BZ_Pyq_fadeIn\">forma\u00e7\u00e3o <\/span><span class=\"BZ_Pyq_fadeIn\">conceitual <\/span><span class=\"BZ_Pyq_fadeIn\">e <\/span><span class=\"BZ_Pyq_fadeIn\">orienta\u00e7\u00e3o <\/span><span class=\"BZ_Pyq_fadeIn\">pr\u00e1tica<\/span><\/strong><span class=\"BZ_Pyq_fadeIn\">, <\/span><span class=\"BZ_Pyq_fadeIn\">abordando <\/span><span class=\"BZ_Pyq_fadeIn\">temas <\/span><span class=\"BZ_Pyq_fadeIn\">como:<\/span><\/p>\n<ul data-start=\"886\" data-end=\"1259\">\n<li data-section-id=\"amowuh\" data-start=\"886\" data-end=\"956\">\n<p data-start=\"888\" data-end=\"956\"><span class=\"BZ_Pyq_fadeIn\">fundamentos <\/span><span class=\"BZ_Pyq_fadeIn\">da <\/span><span class=\"BZ_Pyq_fadeIn\">democracia <\/span><span class=\"BZ_Pyq_fadeIn\">representativa <\/span><span class=\"BZ_Pyq_fadeIn\">e <\/span><span class=\"BZ_Pyq_fadeIn\">da <\/span><span class=\"BZ_Pyq_fadeIn\">participa\u00e7\u00e3o <\/span><span class=\"BZ_Pyq_fadeIn\">cidad\u00e3;<\/span><\/p>\n<\/li>\n<li data-section-id=\"a8s799\" data-start=\"957\" data-end=\"1037\">\n<p data-start=\"959\" data-end=\"1037\"><span class=\"BZ_Pyq_fadeIn\">funcionamento <\/span><span class=\"BZ_Pyq_fadeIn\">do <\/span><span class=\"BZ_Pyq_fadeIn\">Poder <\/span><span class=\"BZ_Pyq_fadeIn\">Legislativo <\/span><span class=\"BZ_Pyq_fadeIn\">e <\/span><span class=\"BZ_Pyq_fadeIn\">do <\/span><span class=\"BZ_Pyq_fadeIn\">Poder <\/span><span class=\"BZ_Pyq_fadeIn\">Executivo <\/span><span class=\"BZ_Pyq_fadeIn\">no <\/span><span class=\"BZ_Pyq_fadeIn\">\u00e2mbito <\/span><span class=\"BZ_Pyq_fadeIn\">municipal;<\/span><\/p>\n<\/li>\n<li data-section-id=\"17di13k\" data-start=\"1038\" data-end=\"1095\">\n<p data-start=\"1040\" data-end=\"1095\"><span class=\"BZ_Pyq_fadeIn\">identifica\u00e7\u00e3o <\/span><span class=\"BZ_Pyq_fadeIn\">e <\/span><span class=\"BZ_Pyq_fadeIn\">organiza\u00e7\u00e3o <\/span><span class=\"BZ_Pyq_fadeIn\">de <\/span><span class=\"BZ_Pyq_fadeIn\">demandas <\/span><span class=\"BZ_Pyq_fadeIn\">territoriais;<\/span><\/p>\n<\/li>\n<li data-section-id=\"12im582\" data-start=\"1096\" data-end=\"1166\">\n<p data-start=\"1098\" data-end=\"1166\"><span class=\"BZ_Pyq_fadeIn\">tradu\u00e7\u00e3o <\/span><span class=\"BZ_Pyq_fadeIn\">de <\/span><span class=\"BZ_Pyq_fadeIn\">demandas <\/span><span class=\"BZ_Pyq_fadeIn\">da <\/span><span class=\"BZ_Pyq_fadeIn\">comunidade <\/span><span class=\"BZ_Pyq_fadeIn\">para <\/span><span class=\"BZ_Pyq_fadeIn\">a <\/span><span class=\"BZ_Pyq_fadeIn\">linguagem <\/span><span class=\"BZ_Pyq_fadeIn\">institucional;<\/span><\/p>\n<\/li>\n<li data-section-id=\"ql0ft9\" data-start=\"1167\" data-end=\"1259\">\n<p data-start=\"1169\" data-end=\"1259\"><span class=\"BZ_Pyq_fadeIn\">utiliza\u00e7\u00e3o <\/span><span class=\"BZ_Pyq_fadeIn\">de <\/span><span class=\"BZ_Pyq_fadeIn\">instrumentos <\/span><span class=\"BZ_Pyq_fadeIn\">como <\/span><span class=\"BZ_Pyq_fadeIn\">a <\/span><strong data-start=\"1203\" data-end=\"1232\"><span class=\"BZ_Pyq_fadeIn\">Lei <\/span><span class=\"BZ_Pyq_fadeIn\">Org\u00e2nica <\/span><span class=\"BZ_Pyq_fadeIn\">do <\/span><span class=\"BZ_Pyq_fadeIn\">Munic\u00edpio<\/span><\/strong> <span class=\"BZ_Pyq_fadeIn\">e <\/span><span class=\"BZ_Pyq_fadeIn\">a <\/span><strong data-start=\"1237\" data-end=\"1258\"><span class=\"BZ_Pyq_fadeIn\">Carta <\/span><span class=\"BZ_Pyq_fadeIn\">de <\/span><span class=\"BZ_Pyq_fadeIn\">Servi\u00e7os<\/span><\/strong><span class=\"BZ_Pyq_fadeIn\">.<\/span><\/p>\n<\/li>\n<\/ul>\n<p data-start=\"1261\" data-end=\"1376\"><span class=\"BZ_Pyq_fadeIn\">As <\/span><span class=\"BZ_Pyq_fadeIn\">atividades <\/span><span class=\"BZ_Pyq_fadeIn\">s\u00e3o <\/span><span class=\"BZ_Pyq_fadeIn\">conduzidas <\/span><span class=\"BZ_Pyq_fadeIn\">por <\/span><span class=\"BZ_Pyq_fadeIn\">profissionais <\/span><span class=\"BZ_Pyq_fadeIn\">credenciados <\/span><span class=\"BZ_Pyq_fadeIn\">pela <\/span><span class=\"BZ_Pyq_fadeIn\">Escola <\/span><span class=\"BZ_Pyq_fadeIn\">do <\/span><span class=\"BZ_Pyq_fadeIn\">Parlamento <\/span><span class=\"BZ_Pyq_fadeIn\">e <\/span><span class=\"BZ_Pyq_fadeIn\">t\u00eam <\/span><span class=\"BZ_Pyq_fadeIn\">dura\u00e7\u00e3o <\/span><span class=\"BZ_Pyq_fadeIn\">de <\/span><strong data-start=\"1364\" data-end=\"1375\"><span class=\"BZ_Pyq_fadeIn\">3 <\/span><span class=\"BZ_Pyq_fadeIn\">horas<\/span><\/strong><span class=\"BZ_Pyq_fadeIn\">.<\/span><\/p>\n<p data-start=\"1378\" data-end=\"1614\"><span class=\"BZ_Pyq_fadeIn\">Cada <\/span><span class=\"BZ_Pyq_fadeIn\">oficina <\/span><span class=\"BZ_Pyq_fadeIn\">ocorrer\u00e1 <\/span><strong data-start=\"1400\" data-end=\"1467\"><span class=\"BZ_Pyq_fadeIn\">na <\/span><span class=\"BZ_Pyq_fadeIn\">semana <\/span><span class=\"BZ_Pyq_fadeIn\">anterior <\/span><span class=\"BZ_Pyq_fadeIn\">\u00e0 <\/span><span class=\"BZ_Pyq_fadeIn\">respectiva <\/span><span class=\"BZ_Pyq_fadeIn\">edi\u00e7\u00e3o <\/span><span class=\"BZ_Pyq_fadeIn\">do <\/span><span class=\"BZ_Pyq_fadeIn\">projeto <\/span><span class=\"BZ_Pyq_fadeIn\">C\u00e2mara <\/span><span class=\"BZ_Pyq_fadeIn\">na <\/span><span class=\"BZ_Pyq_fadeIn\">Rua<\/span><\/strong><span class=\"BZ_Pyq_fadeIn\">, <\/span><span class=\"BZ_Pyq_fadeIn\">com <\/span><span class=\"BZ_Pyq_fadeIn\">o <\/span><span class=\"BZ_Pyq_fadeIn\">objetivo <\/span><span class=\"BZ_Pyq_fadeIn\">de <\/span><span class=\"BZ_Pyq_fadeIn\">preparar <\/span><span class=\"BZ_Pyq_fadeIn\">participantes <\/span><span class=\"BZ_Pyq_fadeIn\">e <\/span><span class=\"BZ_Pyq_fadeIn\">lideran\u00e7as <\/span><span class=\"BZ_Pyq_fadeIn\">comunit\u00e1rias <\/span><span class=\"BZ_Pyq_fadeIn\">para <\/span><span class=\"BZ_Pyq_fadeIn\">um <\/span><span class=\"BZ_Pyq_fadeIn\">di\u00e1logo <\/span><span class=\"BZ_Pyq_fadeIn\">mais <\/span><span class=\"BZ_Pyq_fadeIn\">qualificado <\/span><span class=\"BZ_Pyq_fadeIn\">com <\/span><span class=\"BZ_Pyq_fadeIn\">o <\/span><span class=\"BZ_Pyq_fadeIn\">Legislativo <\/span><span class=\"BZ_Pyq_fadeIn\">municipal <\/span><span class=\"BZ_Pyq_fadeIn\">durante <\/span><span class=\"BZ_Pyq_fadeIn\">o <\/span><span class=\"BZ_Pyq_fadeIn\">evento.<\/span><\/p>\n<hr data-start=\"1616\" data-end=\"1619\" \/>\n<h2 data-section-id=\"1cn13dq\" data-start=\"1621\" data-end=\"1648\"><span class=\"BZ_Pyq_fadeIn\">Primeira <\/span><span class=\"BZ_Pyq_fadeIn\">oficina <\/span><span class=\"BZ_Pyq_fadeIn\">de 2026<\/span><\/h2>\n<p data-start=\"1650\" data-end=\"1847\"><strong data-start=\"1650\" data-end=\"1659\"><span class=\"BZ_Pyq_fadeIn\">Data:<\/span><\/strong><span class=\"BZ_Pyq_fadeIn\"> 21 <\/span><span class=\"BZ_Pyq_fadeIn\">de <\/span><span class=\"BZ_Pyq_fadeIn\">mar\u00e7o <\/span><span class=\"BZ_Pyq_fadeIn\">de 2026<\/span><br data-start=\"1679\" data-end=\"1682\" \/><strong data-start=\"1682\" data-end=\"1694\"><span class=\"BZ_Pyq_fadeIn\">Hor\u00e1rio:<\/span><\/strong> <span class=\"BZ_Pyq_fadeIn\">9h<\/span><br data-start=\"1697\" data-end=\"1700\" \/><strong data-start=\"1700\" data-end=\"1710\"><span class=\"BZ_Pyq_fadeIn\">Local:<\/span><\/strong> <span class=\"BZ_Pyq_fadeIn\">Centro <\/span><span class=\"BZ_Pyq_fadeIn\">Educacional <\/span><span class=\"BZ_Pyq_fadeIn\">Unificado (<\/span><span class=\"BZ_Pyq_fadeIn\">CEU) <\/span><span class=\"BZ_Pyq_fadeIn\">Ja\u00e7an\u00e3<\/span><br data-start=\"1752\" data-end=\"1755\" \/><strong data-start=\"1755\" data-end=\"1768\"><span class=\"BZ_Pyq_fadeIn\">Endere\u00e7o:<\/span><\/strong> <span class=\"BZ_Pyq_fadeIn\">Rua <\/span><span class=\"BZ_Pyq_fadeIn\">Francisca <\/span><span class=\"BZ_Pyq_fadeIn\">Esp\u00f3sito <\/span><span class=\"BZ_Pyq_fadeIn\">Tonetti, 105 \u2013 <\/span><span class=\"BZ_Pyq_fadeIn\">Jardim <\/span><span class=\"BZ_Pyq_fadeIn\">Guapira \u2013 <\/span><span class=\"BZ_Pyq_fadeIn\">Zona <\/span><span class=\"BZ_Pyq_fadeIn\">Norte <\/span><span class=\"BZ_Pyq_fadeIn\">de <\/span><span class=\"BZ_Pyq_fadeIn\">S\u00e3o <\/span><span class=\"BZ_Pyq_fadeIn\">Paulo<\/span><\/p>\n<p data-start=\"1849\" data-end=\"1952\"><span class=\"BZ_Pyq_fadeIn\">A <\/span><span class=\"BZ_Pyq_fadeIn\">atividade <\/span><span class=\"BZ_Pyq_fadeIn\">ser\u00e1 <\/span><span class=\"BZ_Pyq_fadeIn\">realizada <\/span><span class=\"BZ_Pyq_fadeIn\">no <\/span><span class=\"BZ_Pyq_fadeIn\">mesmo <\/span><span class=\"BZ_Pyq_fadeIn\">local <\/span><span class=\"BZ_Pyq_fadeIn\">onde <\/span><span class=\"BZ_Pyq_fadeIn\">ocorrer\u00e1 <\/span><span class=\"BZ_Pyq_fadeIn\">a <\/span><span class=\"BZ_Pyq_fadeIn\">primeira <\/span><span class=\"BZ_Pyq_fadeIn\">edi\u00e7\u00e3o <\/span><span class=\"BZ_Pyq_fadeIn\">do <\/span><strong data-start=\"1926\" data-end=\"1943\"><span class=\"BZ_Pyq_fadeIn\">C\u00e2mara <\/span><span class=\"BZ_Pyq_fadeIn\">na <\/span><span class=\"BZ_Pyq_fadeIn\">Rua<\/span><\/strong> <span class=\"BZ_Pyq_fadeIn\">em 2026.<\/span><\/p>\n<p data-start=\"1954\" data-end=\"2027\"><span class=\"BZ_Pyq_fadeIn\">&#x1f517; <\/span><strong data-start=\"1957\" data-end=\"1990\"><span class=\"BZ_Pyq_fadeIn\">Inscri\u00e7\u00f5es <\/span><span class=\"BZ_Pyq_fadeIn\">para <\/span><span class=\"BZ_Pyq_fadeIn\">esta <\/span><span class=\"BZ_Pyq_fadeIn\">oficina: ENCERRADAS<\/span><\/strong><\/p>\n<p data-start=\"1954\" data-end=\"2027\"><strong><span class=\"BZ_Pyq_fadeIn\">&#x1f517; <\/span>Relat\u00f3rio da Primeira Oficina:\u00a0<a href=\"https:\/\/escoladoparlamentosp-source.github.io\/oficinas-camara-na-rua\/ep-relatorio-jacana-2026.html\">https:\/\/escoladoparlamentosp-source.github.io\/oficinas-camara-na-rua\/ep-relatorio-jacana-2026.html<\/a><\/strong><\/p>\n<hr data-start=\"2029\" data-end=\"2032\" \/>\n<h2 data-section-id=\"my95w3\" data-start=\"2034\" data-end=\"2061\"><span class=\"BZ_Pyq_fadeIn\">Informa\u00e7\u00f5es <\/span><span class=\"BZ_Pyq_fadeIn\">da <\/span><span class=\"BZ_Pyq_fadeIn\">atividade<\/span><\/h2>\n<p data-start=\"2063\" data-end=\"2356\"><strong data-start=\"2063\" data-end=\"2079\"><span class=\"BZ_Pyq_fadeIn\">P\u00fablico-<\/span><span class=\"BZ_Pyq_fadeIn\">alvo<\/span><\/strong><br data-start=\"2079\" data-end=\"2082\" \/><span class=\"BZ_Pyq_fadeIn\">Cidad\u00e3os <\/span><span class=\"BZ_Pyq_fadeIn\">e <\/span><span class=\"BZ_Pyq_fadeIn\">cidad\u00e3s <\/span><span class=\"BZ_Pyq_fadeIn\">interessados <\/span><span class=\"BZ_Pyq_fadeIn\">em <\/span><span class=\"BZ_Pyq_fadeIn\">participa\u00e7\u00e3o <\/span><span class=\"BZ_Pyq_fadeIn\">social, <\/span><span class=\"BZ_Pyq_fadeIn\">lideran\u00e7as <\/span><span class=\"BZ_Pyq_fadeIn\">comunit\u00e1rias, <\/span><span class=\"BZ_Pyq_fadeIn\">integrantes <\/span><span class=\"BZ_Pyq_fadeIn\">de <\/span><span class=\"BZ_Pyq_fadeIn\">organiza\u00e7\u00f5es <\/span><span class=\"BZ_Pyq_fadeIn\">da <\/span><span class=\"BZ_Pyq_fadeIn\">sociedade <\/span><span class=\"BZ_Pyq_fadeIn\">civil, <\/span><span class=\"BZ_Pyq_fadeIn\">estudantes <\/span><span class=\"BZ_Pyq_fadeIn\">e <\/span><span class=\"BZ_Pyq_fadeIn\">demais <\/span><span class=\"BZ_Pyq_fadeIn\">pessoas <\/span><span class=\"BZ_Pyq_fadeIn\">interessadas <\/span><span class=\"BZ_Pyq_fadeIn\">em <\/span><span class=\"BZ_Pyq_fadeIn\">compreender <\/span><span class=\"BZ_Pyq_fadeIn\">melhor <\/span><span class=\"BZ_Pyq_fadeIn\">o <\/span><span class=\"BZ_Pyq_fadeIn\">funcionamento <\/span><span class=\"BZ_Pyq_fadeIn\">do <\/span><span class=\"BZ_Pyq_fadeIn\">poder <\/span><span class=\"BZ_Pyq_fadeIn\">p\u00fablico <\/span><span class=\"BZ_Pyq_fadeIn\">municipal <\/span><span class=\"BZ_Pyq_fadeIn\">e <\/span><span class=\"BZ_Pyq_fadeIn\">os <\/span><span class=\"BZ_Pyq_fadeIn\">mecanismos <\/span><span class=\"BZ_Pyq_fadeIn\">de <\/span><span class=\"BZ_Pyq_fadeIn\">participa\u00e7\u00e3o <\/span><span class=\"BZ_Pyq_fadeIn\">cidad\u00e3.<\/span><\/p>\n<p data-start=\"2358\" data-end=\"2380\"><strong data-start=\"2358\" data-end=\"2369\"><span class=\"BZ_Pyq_fadeIn\">Dura\u00e7\u00e3o<\/span><\/strong><br data-start=\"2369\" data-end=\"2372\" \/><span class=\"BZ_Pyq_fadeIn\">3 <\/span><span class=\"BZ_Pyq_fadeIn\">horas.<\/span><\/p>\n<p data-start=\"2382\" data-end=\"2410\"><strong data-start=\"2382\" data-end=\"2396\"><span class=\"BZ_Pyq_fadeIn\">Modalidade<\/span><\/strong><br data-start=\"2396\" data-end=\"2399\" \/><span class=\"BZ_Pyq_fadeIn\">Presencial.<\/span><\/p>\n<p data-start=\"2412\" data-end=\"2483\"><strong data-start=\"2412\" data-end=\"2426\"><span class=\"BZ_Pyq_fadeIn\">Realiza\u00e7\u00e3o<\/span><\/strong><br data-start=\"2426\" data-end=\"2429\" \/><span class=\"BZ_Pyq_fadeIn\">Escola <\/span><span class=\"BZ_Pyq_fadeIn\">do <\/span><span class=\"BZ_Pyq_fadeIn\">Parlamento <\/span><span class=\"BZ_Pyq_fadeIn\">da <\/span><span class=\"BZ_Pyq_fadeIn\">C\u00e2mara <\/span><span class=\"BZ_Pyq_fadeIn\">Municipal <\/span><span class=\"BZ_Pyq_fadeIn\">de <\/span><span class=\"BZ_Pyq_fadeIn\">S\u00e3o <\/span><span class=\"BZ_Pyq_fadeIn\">Paulo.<\/span><\/p>\n<hr data-start=\"2485\" data-end=\"2488\" \/>\n<h2 data-section-id=\"1swd9sd\" data-start=\"2490\" data-end=\"2522\"><span class=\"BZ_Pyq_fadeIn\">Sobre <\/span><span class=\"BZ_Pyq_fadeIn\">o <\/span><span class=\"BZ_Pyq_fadeIn\">projeto <\/span><span class=\"BZ_Pyq_fadeIn\">C\u00e2mara <\/span><span class=\"BZ_Pyq_fadeIn\">na <\/span><span class=\"BZ_Pyq_fadeIn\">Rua<\/span><\/h2>\n<p data-start=\"2524\" data-end=\"2783\"><span class=\"BZ_Pyq_fadeIn\">O <\/span><strong data-start=\"2526\" data-end=\"2543\"><span class=\"BZ_Pyq_fadeIn\">C\u00e2mara <\/span><span class=\"BZ_Pyq_fadeIn\">na <\/span><span class=\"BZ_Pyq_fadeIn\">Rua<\/span><\/strong> <span class=\"BZ_Pyq_fadeIn\">\u00e9 <\/span><span class=\"BZ_Pyq_fadeIn\">uma <\/span><span class=\"BZ_Pyq_fadeIn\">iniciativa <\/span><span class=\"BZ_Pyq_fadeIn\">da <\/span><span class=\"BZ_Pyq_fadeIn\">C\u00e2mara <\/span><span class=\"BZ_Pyq_fadeIn\">Municipal <\/span><span class=\"BZ_Pyq_fadeIn\">de <\/span><span class=\"BZ_Pyq_fadeIn\">S\u00e3o <\/span><span class=\"BZ_Pyq_fadeIn\">Paulo <\/span><span class=\"BZ_Pyq_fadeIn\">voltada <\/span><span class=\"BZ_Pyq_fadeIn\">\u00e0 <\/span><span class=\"BZ_Pyq_fadeIn\">aproxima\u00e7\u00e3o <\/span><span class=\"BZ_Pyq_fadeIn\">entre <\/span><span class=\"BZ_Pyq_fadeIn\">o <\/span><span class=\"BZ_Pyq_fadeIn\">Legislativo <\/span><span class=\"BZ_Pyq_fadeIn\">e <\/span><span class=\"BZ_Pyq_fadeIn\">a <\/span><span class=\"BZ_Pyq_fadeIn\">popula\u00e7\u00e3o, <\/span><span class=\"BZ_Pyq_fadeIn\">promovendo <\/span><span class=\"BZ_Pyq_fadeIn\">atividades <\/span><span class=\"BZ_Pyq_fadeIn\">em <\/span><span class=\"BZ_Pyq_fadeIn\">diferentes <\/span><span class=\"BZ_Pyq_fadeIn\">territ\u00f3rios <\/span><span class=\"BZ_Pyq_fadeIn\">da <\/span><span class=\"BZ_Pyq_fadeIn\">cidade <\/span><span class=\"BZ_Pyq_fadeIn\">com <\/span><span class=\"BZ_Pyq_fadeIn\">o <\/span><span class=\"BZ_Pyq_fadeIn\">objetivo <\/span><span class=\"BZ_Pyq_fadeIn\">de <\/span><span class=\"BZ_Pyq_fadeIn\">ampliar <\/span><span class=\"BZ_Pyq_fadeIn\">canais <\/span><span class=\"BZ_Pyq_fadeIn\">de <\/span><span class=\"BZ_Pyq_fadeIn\">escuta, <\/span><span class=\"BZ_Pyq_fadeIn\">di\u00e1logo <\/span><span class=\"BZ_Pyq_fadeIn\">e <\/span><span class=\"BZ_Pyq_fadeIn\">participa\u00e7\u00e3o <\/span><span class=\"BZ_Pyq_fadeIn\">cidad\u00e3.<\/span><\/p>\n<p data-start=\"2785\" data-end=\"3042\"><span class=\"BZ_Pyq_fadeIn\">As <\/span><strong data-start=\"2788\" data-end=\"2844\"><span class=\"BZ_Pyq_fadeIn\">Oficinas <\/span><span class=\"BZ_Pyq_fadeIn\">de <\/span><span class=\"BZ_Pyq_fadeIn\">Prepara\u00e7\u00e3o <\/span><span class=\"BZ_Pyq_fadeIn\">para <\/span><span class=\"BZ_Pyq_fadeIn\">Participa\u00e7\u00e3o <\/span><span class=\"BZ_Pyq_fadeIn\">Qualificada<\/span><\/strong> <span class=\"BZ_Pyq_fadeIn\">constituem <\/span><span class=\"BZ_Pyq_fadeIn\">uma <\/span><span class=\"BZ_Pyq_fadeIn\">a\u00e7\u00e3o <\/span><span class=\"BZ_Pyq_fadeIn\">formativa <\/span><span class=\"BZ_Pyq_fadeIn\">complementar <\/span><span class=\"BZ_Pyq_fadeIn\">a <\/span><span class=\"BZ_Pyq_fadeIn\">esse <\/span><span class=\"BZ_Pyq_fadeIn\">projeto, <\/span><span class=\"BZ_Pyq_fadeIn\">buscando <\/span><span class=\"BZ_Pyq_fadeIn\">fortalecer <\/span><span class=\"BZ_Pyq_fadeIn\">a <\/span><span class=\"BZ_Pyq_fadeIn\">compreens\u00e3o <\/span><span class=\"BZ_Pyq_fadeIn\">p\u00fablica <\/span><span class=\"BZ_Pyq_fadeIn\">sobre <\/span><span class=\"BZ_Pyq_fadeIn\">o <\/span><span class=\"BZ_Pyq_fadeIn\">funcionamento <\/span><span class=\"BZ_Pyq_fadeIn\">das <\/span><span class=\"BZ_Pyq_fadeIn\">institui\u00e7\u00f5es <\/span><span class=\"BZ_Pyq_fadeIn\">democr\u00e1ticas <\/span><span class=\"BZ_Pyq_fadeIn\">e <\/span><span class=\"BZ_Pyq_fadeIn\">estimular <\/span><span class=\"BZ_Pyq_fadeIn\">pr\u00e1ticas <\/span><span class=\"BZ_Pyq_fadeIn\">de <\/span><span class=\"BZ_Pyq_fadeIn\">participa\u00e7\u00e3o <\/span><span class=\"BZ_Pyq_fadeIn\">social.<\/span><\/p>\n","protected":false},"excerpt":{"rendered":"<p>A Escola do Parlamento da C\u00e2mara Municipal de S\u00e3o Paulo promove, ao longo de 2026, Oficinas de Participa\u00e7\u00e3o Cidad\u00e3\u00a0no \u00e2mbito do projeto C\u00e2mara na Rua. As oficinas integram a estrat\u00e9gia institucional de fortalecimento da participa\u00e7\u00e3o cidad\u00e3 e t\u00eam como objetivo qualificar o di\u00e1logo entre a popula\u00e7\u00e3o e o Poder Legislativo municipal, oferecendo informa\u00e7\u00f5es e ferramentas [&hellip;]<\/p>\n","protected":false},"author":297,"featured_media":0,"parent":29942,"menu_order":3,"comment_status":"closed","ping_status":"closed","template":"","meta":{"_acf_changed":false,"footnotes":""},"class_list":["post-29995","page","type-page","status-publish","hentry"],"acf":[],"_links":{"self":[{"href":"https:\/\/www.saopaulo.sp.leg.br\/escoladoparlamento\/wp-json\/wp\/v2\/pages\/29995","targetHints":{"allow":["GET"]}}],"collection":[{"href":"https:\/\/www.saopaulo.sp.leg.br\/escoladoparlamento\/wp-json\/wp\/v2\/pages"}],"about":[{"href":"https:\/\/www.saopaulo.sp.leg.br\/escoladoparlamento\/wp-json\/wp\/v2\/types\/page"}],"author":[{"embeddable":true,"href":"https:\/\/www.saopaulo.sp.leg.br\/escoladoparlamento\/wp-json\/wp\/v2\/users\/297"}],"replies":[{"embeddable":true,"href":"https:\/\/www.saopaulo.sp.leg.br\/escoladoparlamento\/wp-json\/wp\/v2\/comments?post=29995"}],"version-history":[{"count":5,"href":"https:\/\/www.saopaulo.sp.leg.br\/escoladoparlamento\/wp-json\/wp\/v2\/pages\/29995\/revisions"}],"predecessor-version":[{"id":30021,"href":"https:\/\/www.saopaulo.sp.leg.br\/escoladoparlamento\/wp-json\/wp\/v2\/pages\/29995\/revisions\/30021"}],"up":[{"embeddable":true,"href":"https:\/\/www.saopaulo.sp.leg.br\/escoladoparlamento\/wp-json\/wp\/v2\/pages\/29942"}],"wp:attachment":[{"href":"https:\/\/www.saopaulo.sp.leg.br\/escoladoparlamento\/wp-json\/wp\/v2\/media?parent=29995"}],"curies":[{"name":"wp","href":"https:\/\/api.w.org\/{rel}","templated":true}]}}