{"id":29973,"date":"2026-02-20T11:18:03","date_gmt":"2026-02-20T14:18:03","guid":{"rendered":"https:\/\/www.saopaulo.sp.leg.br\/escoladoparlamento\/?page_id=29973"},"modified":"2026-03-31T18:41:06","modified_gmt":"2026-03-31T21:41:06","slug":"o-orcamento-da-cidade-em-nossas-maos-2a-edicao","status":"publish","type":"page","link":"https:\/\/www.saopaulo.sp.leg.br\/escoladoparlamento\/cursos\/cursos-anteriores\/cursos-realizados-em-2026\/o-orcamento-da-cidade-em-nossas-maos-2a-edicao\/","title":{"rendered":"O Or\u00e7amento da Cidade em Nossas M\u00e3os &#8211; 2\u00aa Edi\u00e7\u00e3o"},"content":{"rendered":"<p><b>Contexto e Justificativa:<\/b><\/p>\n<p><b><br \/>\n<\/b>A participa\u00e7\u00e3o social ocorre em diversos espa\u00e7os p\u00fablicos e \u00e9 garantida tanto pela Lei Org\u00e2nica do Munic\u00edpio de S\u00e3o Paulo quanto pelo Regimento Interno da C\u00e2mara Municipal, que preveem mecanismos institucionais para esse fim. O pleno exerc\u00edcio desses instrumentos depende do conhecimento sobre seu funcionamento e suas possibilidades de uso. Diante disso, torna-se fundamental promover espa\u00e7os formativos que contribuam para o fortalecimento da participa\u00e7\u00e3o social e do controle social sobre o or\u00e7amento p\u00fablico municipal. Com esse objetivo, a Escola do Parlamento, juntamente com organiza\u00e7\u00f5es sociais e com o apoio da EACH-USP, organizou uma s\u00e9rie de encontros presenciais voltados \u00e0 reflex\u00e3o e ao aprendizado coletivo sobre o tema.<\/p>\n<p><b>Objetivos:<\/b><\/p>\n<ul>\n<li>Promover o conhecimento sobre os mecanismos institucionais de participa\u00e7\u00e3o social previstos na legisla\u00e7\u00e3o municipal<\/li>\n<li>Estimular a compreens\u00e3o do funcionamento da C\u00e2mara Municipal de S\u00e3o Paulo e de seus instrumentos<\/li>\n<li>Fortalecer a participa\u00e7\u00e3o social e o controle do or\u00e7amento p\u00fablico<\/li>\n<li>Dar in\u00edcio a um processo formativo continuado sobre participa\u00e7\u00e3o e controle social<\/li>\n<\/ul>\n<p><b>P\u00fablico-Alvo:<\/b><b><br \/>\n<\/b>Integrantes de organiza\u00e7\u00f5es da sociedade civil, coletivos e movimentos sociais, estudantes, pesquisadores, lideran\u00e7as comunit\u00e1rias e cidad\u00e3os interessados na participa\u00e7\u00e3o social e no controle do or\u00e7amento p\u00fablico.<\/p>\n<p><b>Servi\u00e7o:<\/b><b><br \/>\n<\/b>Data: 23 a 27 de fevereiro de 2026<br \/>\nHor\u00e1rio: 18h30 \u00e0s 20h30<br \/>\n<span style=\"color: #000000\">Local: Sindnapi &#8211; Rua do Carmo, 171 &#8211; Metr\u00f4 S\u00e9, pr\u00f3ximo ao Sesc do Carmo<\/span><\/p>\n<h3><span style=\"color: #000000\"><strong>Inscri\u00e7\u00f5es:\u00a0<\/strong>ENCERRADAS<\/span><\/h3>\n<p>&nbsp;<\/p>\n<p><span style=\"color: #000000\"><strong>Palestrantes:<\/strong><\/span><\/p>\n<p><span style=\"color: #000000\"><strong>Luzia Monteiro Ara\u00fajo Soares<\/strong>\u00a0\u2013 Economista e Historiadora com mais de 50 anos de trajet\u00f3ria no ativismo social e na gest\u00e3o de pol\u00edticas p\u00fablicas. Especialista em Planejamento Energ\u00e9tico e Ci\u00eancia Pol\u00edtica (IFCH\/UNICAMP), al\u00e9m de Geoprocessamento Ambiental (UNICSUL), une an\u00e1lise t\u00e9cnica de dados socioecon\u00f4micos ao desenvolvimento de comunidades vulner\u00e1veis. Consultora credenciada do SEBRAE em Desenvolvimento Local desde 2008, uma das mentoras da metodologia Base Comum de Conhecimento Cidad\u00e3o (BCCC), projeto premiado internacionalmente pela IFLA (Canad\u00e1) e replicado no Equador e da C\u00e2mara de Anima\u00e7\u00e3o Econ\u00f4mica do Itaim Paulista (CAE-IP), premiado pelo SEBRAE. Atualmente, \u00e9 s\u00f3cia da Audoc.con \u2013 Consultoria e presidente do Instituto Makambira.<\/span><\/p>\n<p><span style=\"color: #000000\"><strong>Marcelo Arno Nerling<\/strong>\u00a0 \u2013 Bacharel em direito, especialista em pedagogia universit\u00e1ria, mestre em institui\u00e7\u00f5es jur\u00eddico pol\u00edticas, doutor em direito do Estado e p\u00f3s-doutor em engenharia e gest\u00e3o do conhecimento. Com a ci\u00eancia por voca\u00e7\u00e3o emprega metodologias ativas e flexibiliza\u00e7\u00e3o curricular na educa\u00e7\u00e3o continuada de adultos. Prepara para o exerc\u00edcio da cidadania na universidade necess\u00e1ria.<\/span><br \/>\n<span style=\"color: #000000\">Professor na Universidade de S\u00e3o Paulo (USP) ensina no Curso de Gest\u00e3o de Pol\u00edticas P\u00fablicas (GPP) da Escola de Artes, Ci\u00eancias e Humanidades (EACH), e no Programa Interdisciplinar em Humanidades, Direitos e Outras Legitimidades da Faculdade de Filosofia, Letras e Ci\u00eancias Humanas (FFLCH), em Coopera\u00e7\u00e3o T\u00e9cnica com a Escola do Parlamento (EP-CMVSP). Estuda o direito da gest\u00e3o de pol\u00edticas p\u00fablicas com vontade de Constitui\u00e7\u00e3o, e orienta a participa\u00e7\u00e3o social para cidades inteligentes, constitucionais e org\u00e2nicas.<\/span><\/p>\n<p>&nbsp;<\/p>\n","protected":false},"excerpt":{"rendered":"<p>Contexto e Justificativa: A participa\u00e7\u00e3o social ocorre em diversos espa\u00e7os p\u00fablicos e \u00e9 garantida tanto pela Lei Org\u00e2nica do Munic\u00edpio de S\u00e3o Paulo quanto pelo Regimento Interno da C\u00e2mara Municipal, que preveem mecanismos institucionais para esse fim. O pleno exerc\u00edcio desses instrumentos depende do conhecimento sobre seu funcionamento e suas possibilidades de uso. Diante disso, [&hellip;]<\/p>\n","protected":false},"author":731,"featured_media":0,"parent":29942,"menu_order":4,"comment_status":"closed","ping_status":"closed","template":"","meta":{"_acf_changed":false,"footnotes":""},"class_list":["post-29973","page","type-page","status-publish","hentry"],"acf":[],"_links":{"self":[{"href":"https:\/\/www.saopaulo.sp.leg.br\/escoladoparlamento\/wp-json\/wp\/v2\/pages\/29973","targetHints":{"allow":["GET"]}}],"collection":[{"href":"https:\/\/www.saopaulo.sp.leg.br\/escoladoparlamento\/wp-json\/wp\/v2\/pages"}],"about":[{"href":"https:\/\/www.saopaulo.sp.leg.br\/escoladoparlamento\/wp-json\/wp\/v2\/types\/page"}],"author":[{"embeddable":true,"href":"https:\/\/www.saopaulo.sp.leg.br\/escoladoparlamento\/wp-json\/wp\/v2\/users\/731"}],"replies":[{"embeddable":true,"href":"https:\/\/www.saopaulo.sp.leg.br\/escoladoparlamento\/wp-json\/wp\/v2\/comments?post=29973"}],"version-history":[{"count":5,"href":"https:\/\/www.saopaulo.sp.leg.br\/escoladoparlamento\/wp-json\/wp\/v2\/pages\/29973\/revisions"}],"predecessor-version":[{"id":30024,"href":"https:\/\/www.saopaulo.sp.leg.br\/escoladoparlamento\/wp-json\/wp\/v2\/pages\/29973\/revisions\/30024"}],"up":[{"embeddable":true,"href":"https:\/\/www.saopaulo.sp.leg.br\/escoladoparlamento\/wp-json\/wp\/v2\/pages\/29942"}],"wp:attachment":[{"href":"https:\/\/www.saopaulo.sp.leg.br\/escoladoparlamento\/wp-json\/wp\/v2\/media?parent=29973"}],"curies":[{"name":"wp","href":"https:\/\/api.w.org\/{rel}","templated":true}]}}