{"id":2996,"date":"2016-02-18T17:54:57","date_gmt":"2016-02-18T19:54:57","guid":{"rendered":"http:\/\/www.saopaulo.sp.leg.br\/escoladoparlamento\/?page_id=2996"},"modified":"2016-02-22T18:59:43","modified_gmt":"2016-02-22T21:59:43","slug":"igualdade-de-genero-lgbt-2014","status":"publish","type":"page","link":"https:\/\/www.saopaulo.sp.leg.br\/escoladoparlamento\/cursos\/cursos-anteriores\/cursos-realizados-em-2014\/igualdade-de-genero-lgbt-2014\/","title":{"rendered":"Igualdade de G\u00eanero &#8211; Perspectiva LGBT 2014"},"content":{"rendered":"<p><strong>OBJETIVO:<\/strong> O presente curso tem como objetivo geral abordar conceitos, retomar fatos hist\u00f3ricos e discutir pol\u00edticas p\u00fablicas relacionadas \u00e0 tem\u00e1tica da igualdade de g\u00eanero, tendo como foco principal as demandas do movimento LGBT.<\/p>\n<p><strong>CARGA HOR\u00c1RIA:<\/strong> 25 horas-aula (10 encontros de 2,5 horas).<\/p>\n<p><strong>LOCAL:<\/strong> C\u00e2mara Municipal de S\u00e3o Paulo \u2013 Sala Tiradentes (8\u00ba andar) e Sala B &#8211; Oscar Pedroso Horta (1\u00ba subsolo).<\/p>\n<p><strong>CERTIFICA\u00c7\u00c3O:<\/strong> ser\u00e1 concedido certificado de participa\u00e7\u00e3o para quem tiver no m\u00ednimo 75% de frequ\u00eancia.<\/p>\n<p><strong>Inscri\u00e7\u00f5es<\/strong>: 25\/10 a 1\u00ba\/11 (ou at\u00e9 perdurarem as vagas). <strong>Inscri\u00e7\u00f5es encerradas!<\/strong><\/p>\n<p><strong>ESTRUTURA E CONTE\u00daDO<\/strong><strong>:<\/strong><\/p>\n<table>\n<tbody>\n<tr>\n<td><strong>Data<\/strong><\/td>\n<td><strong>Tema<\/strong><\/td>\n<td><strong>Palestrante<\/strong><\/td>\n<\/tr>\n<tr>\n<td>05\/11<\/p>\n<p>(19h \u00e0s 21h30)<\/p>\n<p>Sala Tiradentes<\/td>\n<td><strong>O que \u00e9 perspectiva de g\u00eanero?<\/strong><\/p>\n<p><em>Conceitos de constru\u00e7\u00e3o social dos pap\u00e9is de g\u00eanero, identidade de g\u00eanero, orienta\u00e7\u00e3o sexual e diversidade sexual humana<\/em><\/td>\n<td>Dario Neto<\/td>\n<\/tr>\n<tr>\n<td>07\/11 (19h \u00e0s 21h30) Sala B<\/td>\n<td><strong>\u00a0<\/strong><strong>Movimento LGBT e a homossexualidade atrav\u00e9s dos s\u00e9culos<\/strong><\/p>\n<p><em>A elabora\u00e7\u00e3o da homossexualidade ao longo da trajet\u00f3ria da civiliza\u00e7\u00e3o humana. Hist\u00f3rico do movimento LGBT no mundo e no Brasil<\/em><\/td>\n<td>Mar\u00edlia Pacios<\/td>\n<\/tr>\n<tr>\n<td>12\/11 (19h \u00e0s 21h30) Sala Tiradentes<\/td>\n<td><strong>A Constru\u00e7\u00e3o do Estado Laico<\/strong><\/p>\n<p><em>A liberdade de cren\u00e7a em rela\u00e7\u00e3o \u00e0s outras liberdades individuais<\/em><\/td>\n<td>Joana Zylbersztajn<\/td>\n<\/tr>\n<tr>\n<td>14\/11 (19h \u00e0s 21h30) Sala B<\/td>\n<td><strong>\u00a0<\/strong><strong>Participa\u00e7\u00e3o e Representa\u00e7\u00e3o Pol\u00edtica LGBT<\/strong><\/p>\n<p>&nbsp;<\/td>\n<td>Rute Alonso da Silva<\/td>\n<\/tr>\n<tr>\n<td>19\/11<\/p>\n<p>(19h \u00e0s 21h30)<\/p>\n<p>Sala Tiradentes<\/td>\n<td><strong>A Constitui\u00e7\u00e3o e os direitos LGBT<em>;<\/em><\/strong><\/p>\n<p><em>A Constitui\u00e7\u00e3o de 1988 e o respeito \u00e0 diversidade; marcos internacionais de defesa dos direitos LGBT<\/em><\/td>\n<td>Paulo Iotti<\/td>\n<\/tr>\n<tr>\n<td>\n21\/11<br \/>\n(19h \u00e0s 21h30)<br \/>\nSala B<\/td>\n<td><strong>Intersec\u00e7\u00f5es entre o debate feminista e LGBT: combate ao machismo e atua\u00e7\u00e3o do Movimento L\u00e9sbico<\/strong><\/td>\n<td>Rita Quadros<\/td>\n<\/tr>\n<tr>\n<td>26\/11 (19h \u00e0s 21h30) Sala Tiradentes<\/td>\n<td><strong>M\u00eddia e Diversidade: visibilidade e constru\u00e7\u00f5es das representa\u00e7\u00f5es LGBT<\/strong><\/td>\n<td>Gean Gon\u00e7alves<\/td>\n<\/tr>\n<tr>\n<td>28\/11\u00a0 (19h \u00e0s 21h30)\u00a0 Sala B<\/td>\n<td><strong>\u00a0<\/strong><br \/>\n<strong>Transexualidade e Travestilidade: Pol\u00edticas P\u00fablicas de Sa\u00fade e Inser\u00e7\u00e3o Social <\/strong><\/td>\n<td><strong>\u00a0<\/strong><br \/>\nDaniela Andrade<\/td>\n<\/tr>\n<tr>\n<td>03\/12\u00a0 (19h \u00e0s 21h30)\u00a0Sala B<\/td>\n<td><strong>\u00a0<\/strong><br \/>\n<strong>Viol\u00eancia Contra LGBT \u2013 Conceito, Contexto e Pol\u00edticas P\u00fablicas de Combate<\/strong><br \/>\n<em>Conceito de homofobia e PLC\/2006. Viol\u00eancia f\u00edsica\/emocional\/institucional\/simb\u00f3lica<\/em><br \/>\n<em>\u00a0<\/em><strong>\u00a0<\/strong><\/td>\n<td width=\"246\"><strong>\u00a0<\/strong>Luiz Mott<\/td>\n<\/tr>\n<tr>\n<td>05\/12\u00a0(19h \u00e0s 21h30)\u00a0Sala B<\/td>\n<td><strong>\u00a0<\/strong><br \/>\n<strong>Pol\u00edticas P\u00fablicas para a Igualdade de G\u00eanero sob a perspectiva LGBT<\/strong><br \/>\n<em>Fechamento do curso e apontamentos de propostas de pol\u00edticas p\u00fablicas LGBT<\/em><br \/>\n<em>\u00a0<\/em><\/td>\n<td><em><strong>Gustavo Bernardes<\/strong><\/em><\/td>\n<\/tr>\n<\/tbody>\n<\/table>\n<p>&nbsp;<\/p>\n","protected":false},"excerpt":{"rendered":"<p>OBJETIVO: O presente curso tem como objetivo geral abordar conceitos, retomar fatos hist\u00f3ricos e discutir pol\u00edticas p\u00fablicas relacionadas \u00e0 tem\u00e1tica da igualdade de g\u00eanero, tendo como foco principal as demandas do movimento LGBT. CARGA HOR\u00c1RIA: 25 horas-aula (10 encontros de 2,5 horas). LOCAL: C\u00e2mara Municipal de S\u00e3o Paulo \u2013 Sala Tiradentes (8\u00ba andar) e Sala [&hellip;]<\/p>\n","protected":false},"author":127,"featured_media":0,"parent":1334,"menu_order":624,"comment_status":"closed","ping_status":"closed","template":"","meta":{"_acf_changed":false,"footnotes":""},"class_list":["post-2996","page","type-page","status-publish","hentry"],"acf":[],"_links":{"self":[{"href":"https:\/\/www.saopaulo.sp.leg.br\/escoladoparlamento\/wp-json\/wp\/v2\/pages\/2996","targetHints":{"allow":["GET"]}}],"collection":[{"href":"https:\/\/www.saopaulo.sp.leg.br\/escoladoparlamento\/wp-json\/wp\/v2\/pages"}],"about":[{"href":"https:\/\/www.saopaulo.sp.leg.br\/escoladoparlamento\/wp-json\/wp\/v2\/types\/page"}],"author":[{"embeddable":true,"href":"https:\/\/www.saopaulo.sp.leg.br\/escoladoparlamento\/wp-json\/wp\/v2\/users\/127"}],"replies":[{"embeddable":true,"href":"https:\/\/www.saopaulo.sp.leg.br\/escoladoparlamento\/wp-json\/wp\/v2\/comments?post=2996"}],"version-history":[{"count":0,"href":"https:\/\/www.saopaulo.sp.leg.br\/escoladoparlamento\/wp-json\/wp\/v2\/pages\/2996\/revisions"}],"up":[{"embeddable":true,"href":"https:\/\/www.saopaulo.sp.leg.br\/escoladoparlamento\/wp-json\/wp\/v2\/pages\/1334"}],"wp:attachment":[{"href":"https:\/\/www.saopaulo.sp.leg.br\/escoladoparlamento\/wp-json\/wp\/v2\/media?parent=2996"}],"curies":[{"name":"wp","href":"https:\/\/api.w.org\/{rel}","templated":true}]}}