{"id":29946,"date":"2026-02-05T12:10:23","date_gmt":"2026-02-05T15:10:23","guid":{"rendered":"https:\/\/www.saopaulo.sp.leg.br\/escoladoparlamento\/?page_id=29946"},"modified":"2026-02-20T11:15:11","modified_gmt":"2026-02-20T14:15:11","slug":"a-cidade-constitucional-e-organica-1o-semestre-2026","status":"publish","type":"page","link":"https:\/\/www.saopaulo.sp.leg.br\/escoladoparlamento\/cursos\/em-andamento\/a-cidade-constitucional-e-organica-1o-semestre-2026\/","title":{"rendered":"A Cidade Constitucional e Org\u00e2nica \u2013 1\u00ba semestre 2026"},"content":{"rendered":"<article id=\"post-1720\" class=\"post-1720 servicos type-servicos status-publish hentry keywords-s-aluno-especial keywords-s-alunos-graduacao keywords-s-disciplinas-avulsas categorias-s-cursos-e-atividades-de-ensino-usp post\">\n<div class=\"corp-content-wrapper\">\n<div class=\"entry-content\">\n<h3>Disciplina de Gradua\u00e7\u00e3o do Curso de Gest\u00e3o de Politicas P\u00fablicas da EACH-USP<\/h3>\n<\/div>\n<\/div>\n<\/article>\n<p><em>A Cidade Constitucional e Org\u00e2nica<\/em>\u00a0\u00e9 uma disciplina de campo com uma proposta did\u00e1tico-pedag\u00f3gica que visa aproximar o aluno das institui\u00e7\u00f5es do Estado Democr\u00e1tico de Direito a partir de sua observa\u00e7\u00e3o\u00a0<em>in loco<\/em>.<\/p>\n<p><strong>Com o apoio da Escola do Parlamento, ela \u00e9 regularmente oferecida no \u00e2mbito da C\u00e2mara, tendo como foco a estrutura e o funcionamento do Poder Legislativo Municipal.<\/strong><\/p>\n<p><strong>OBJETIVOS:<\/strong><\/p>\n<p>Preparar para o exerc\u00edcio da cidadania pelo ensino com extens\u00e3o e pesquisa do direito constitucional e da gest\u00e3o de pol\u00edticas p\u00fablicas de compet\u00eancia dos entes, entidades e \u00f3rg\u00e3os dos poderes da Rep\u00fablica. Como m\u00e9todo, reaplic\u00e1vel portanto, busca superar as no\u00e7\u00f5es tradicionais do processo de ensino e aprendizagem, notadamente pautado pela ideia de grade, disciplina, prova, parede da sala e limitada aos muros da universidade. Valorizar dados e informa\u00e7\u00f5es, conhecimento expresso e t\u00e1cito, diretamente dos agentes, servidores, empregados que podem descrever as estruturas e o funcionamento de programas, projetos, atividades e a\u00e7\u00f5es, bem como indicadores de efici\u00eancia e efetividade da pol\u00edtica p\u00fablica estudada.<\/p>\n<p><strong>PROGRAMA\u00c7\u00c3O:<\/strong><\/p>\n<p>Os encontros acontecem no Pal\u00e1cio Anchieta, sede da\u00a0<a href=\"https:\/\/www.google.com\/maps\/place\/C%C3%A2mara+Municipal+de+S%C3%A3o+Paulo+-+Pal%C3%A1cio+Anchieta\/@-23.5506557,-46.6436629,17z\/data=!3m1!5s0x94cf211daeec9dcb:0xff6430902b59c19b!4m10!1m2!2m1!1sc%C3%A2mara+municipal+de+s%C3%A3o+paulo!3m6!1s0x94ce59ad4e919fa1:0x8b4970d9095ec081!8m2!3d-23.5506143!4d-46.6410749!15sCh9jw6JtYXJhIG11bmljaXBhbCBkZSBzw6NvIHBhdWxvkgEQZGlzdHJpY3RfY291bmNpbOABAA!16s%2Fg%2F1tcy5fh3?authuser=0&amp;entry=ttu\">C\u00e2mara Municipal de S\u00e3o Paulo<\/a>, na Sala S\u00e9rgio Vieira de Melo, sempre \u00e0s quartas-feiras a partir do m\u00eas de mar\u00e7o, das 10h \u00e0s 14h.<\/p>\n<p><strong>30 VAGAS<\/strong><\/p>\n<p><strong>CARGA HOR\u00c1RIA TOTAL<\/strong><\/p>\n<p>90 horas<\/p>\n<p>O aluno que completar a carga hor\u00e1ria da disciplina receber\u00e1 o certificado de aluno especial pela EACH-USP.<\/p>\n<h3><strong>INSCRI\u00c7\u00d5ES\u00a0 &#8211; ENCERRADAS<\/strong><\/h3>\n<h3>As inscri\u00e7\u00f5es ser\u00e3o realizadas de <span style=\"color: #ff0000\">06 a 18 de Fevereiro de 2026<\/span>, na modalidade aluno especial, por meio de link de inscri\u00e7\u00e3o e apresenta\u00e7\u00e3o dos documentos listados:<\/h3>\n<ul>\n<li>Certificado de Conclus\u00e3o e Hist\u00f3rico Escolar do Ensino M\u00e9dio<\/li>\n<li>Documento de Identidade (RG ou, quando estrangeiro, RNE) \u2013 c\u00f3pia simples acompanhada do original ou c\u00f3pia autenticada (quando solicitado presencialmente)<\/li>\n<\/ul>\n<p><strong>Crit\u00e9rio de desempate:<\/strong>\u00a0Em casos de maior n\u00famero de inscritos em rela\u00e7\u00e3o as vagas disponibilizadas nas disciplinas, o crit\u00e9rio de desempate utilizado ser\u00e1 o de maior idade (ano, m\u00eas e dia)<\/p>\n<p>Informa\u00e7\u00f5es \u2013 telefone (11) 3091-1004 ou e-mail sgraduacao-each@usp.br<\/p>\n<h3><span style=\"color: #ff0000\">Resultado das inscri\u00e7\u00f5es a partir de 19 de fevereiro<\/span>, acesse: <a href=\"https:\/\/www5.each.usp.br\/avisos-graduacao\/inscricoes-para-estudantes-especiais-2-2025\/\">https:\/\/www5.each.usp.br\/avisos-graduacao\/inscricoes-para-estudantes-especiais-2-2025\/<\/a><\/h3>\n<p>&nbsp;<\/p>\n<p><strong>DOCENTE:<\/strong><\/p>\n<p><strong>Prof. Dr. Marcelo Arno Nerling<\/strong>\u00a0\u2013\u00a0<em>Bacharel em direito, especialista em pedagogia universit\u00e1ria, mestre em institui\u00e7\u00f5es jur\u00eddico pol\u00edticas, doutor em direito do Estado e p\u00f3s-doutor em engenharia e gest\u00e3o do conhecimento, o Professor Nerling adotou a ci\u00eancia por voca\u00e7\u00e3o. Emprega metodologias ativas e flexibiliza\u00e7\u00e3o curricular na educa\u00e7\u00e3o continuada de adultos, preparando para o exerc\u00edcio da cidadania na universidade necess\u00e1ria. Ocupa um cargo de provimento efetivo na Universidade de S\u00e3o Paulo. Na gradua\u00e7\u00e3o, est\u00e1 vinculado ao Projeto Pol\u00edtico Pedag\u00f3gico do Curso de Gest\u00e3o de Pol\u00edticas P\u00fablicas na Escola de Artes, Ci\u00eancias e Humanidades. Na p\u00f3s-gradua\u00e7\u00e3o comp\u00f5e o Programa Interdisciplinar em Humanidades, Direitos e Outras Legitimidades, da Faculdade de Filosofia, Letras e Ci\u00eancias Humanas. Com ensino, pesquisa e extens\u00e3o, estuda, formula, implementa e avalia a gest\u00e3o de pol\u00edticas p\u00fablicas. Lente do direito, com vontade de Constitui\u00e7\u00e3o, promove o di\u00e1logo interdisciplinar colaborativo na cidade constitucional.<\/em><\/p>\n<p>&nbsp;<\/p>\n<p class=\"nome\"><strong>Profa. Dra. Marisa Accioly R C Domingues &#8211; <\/strong><em>Doutora e Mestra em Sa\u00fade P\u00fablica, assistente social e especialista em Gerontologia, atua principalmente nas \u00e1reas de envelhecimento, suporte social e pol\u00edticas p\u00fablicas para a pessoa idosa. Possui experi\u00eancia na \u00e1rea hospitalar em geriatria, com atua\u00e7\u00e3o no Hospital das Cl\u00ednicas da FMUSP, onde tamb\u00e9m desenvolve atividades de pesquisa. \u00c9 docente e vice-coordenadora do curso de Gradua\u00e7\u00e3o em Gerontologia e docente do Programa de P\u00f3s-gradua\u00e7\u00e3o em Gerontologia da EACH-USP. Atua ainda em inst\u00e2ncias acad\u00eamicas, cient\u00edficas e de controle social, participando de conselhos, comiss\u00f5es, coaliz\u00f5es nacionais e conv\u00eanios internacionais, com destaque para sua atua\u00e7\u00e3o na SBGG, no Conselho Municipal da Pessoa Idosa e em projetos de pesquisa financiados por ag\u00eancias de fomento.<\/em><\/p>\n","protected":false},"excerpt":{"rendered":"<p>Disciplina de Gradua\u00e7\u00e3o do Curso de Gest\u00e3o de Politicas P\u00fablicas da EACH-USP A Cidade Constitucional e Org\u00e2nica\u00a0\u00e9 uma disciplina de campo com uma proposta did\u00e1tico-pedag\u00f3gica que visa aproximar o aluno das institui\u00e7\u00f5es do Estado Democr\u00e1tico de Direito a partir de sua observa\u00e7\u00e3o\u00a0in loco. Com o apoio da Escola do Parlamento, ela \u00e9 regularmente oferecida no [&hellip;]<\/p>\n","protected":false},"author":731,"featured_media":0,"parent":699,"menu_order":7,"comment_status":"closed","ping_status":"closed","template":"","meta":{"_acf_changed":false,"footnotes":""},"class_list":["post-29946","page","type-page","status-publish","hentry"],"acf":[],"_links":{"self":[{"href":"https:\/\/www.saopaulo.sp.leg.br\/escoladoparlamento\/wp-json\/wp\/v2\/pages\/29946","targetHints":{"allow":["GET"]}}],"collection":[{"href":"https:\/\/www.saopaulo.sp.leg.br\/escoladoparlamento\/wp-json\/wp\/v2\/pages"}],"about":[{"href":"https:\/\/www.saopaulo.sp.leg.br\/escoladoparlamento\/wp-json\/wp\/v2\/types\/page"}],"author":[{"embeddable":true,"href":"https:\/\/www.saopaulo.sp.leg.br\/escoladoparlamento\/wp-json\/wp\/v2\/users\/731"}],"replies":[{"embeddable":true,"href":"https:\/\/www.saopaulo.sp.leg.br\/escoladoparlamento\/wp-json\/wp\/v2\/comments?post=29946"}],"version-history":[{"count":5,"href":"https:\/\/www.saopaulo.sp.leg.br\/escoladoparlamento\/wp-json\/wp\/v2\/pages\/29946\/revisions"}],"predecessor-version":[{"id":29972,"href":"https:\/\/www.saopaulo.sp.leg.br\/escoladoparlamento\/wp-json\/wp\/v2\/pages\/29946\/revisions\/29972"}],"up":[{"embeddable":true,"href":"https:\/\/www.saopaulo.sp.leg.br\/escoladoparlamento\/wp-json\/wp\/v2\/pages\/699"}],"wp:attachment":[{"href":"https:\/\/www.saopaulo.sp.leg.br\/escoladoparlamento\/wp-json\/wp\/v2\/media?parent=29946"}],"curies":[{"name":"wp","href":"https:\/\/api.w.org\/{rel}","templated":true}]}}