{"id":29942,"date":"2026-02-05T11:54:34","date_gmt":"2026-02-05T14:54:34","guid":{"rendered":"https:\/\/www.saopaulo.sp.leg.br\/escoladoparlamento\/?page_id=29942"},"modified":"2026-05-06T10:29:40","modified_gmt":"2026-05-06T13:29:40","slug":"cursos-realizados-em-2026","status":"publish","type":"page","link":"https:\/\/www.saopaulo.sp.leg.br\/escoladoparlamento\/cursos\/cursos-anteriores\/cursos-realizados-em-2026\/","title":{"rendered":"Cursos Realizados em 2026"},"content":{"rendered":"<p><strong>Janeiro<\/strong><\/p>\n<p><a href=\"https:\/\/www.saopaulo.sp.leg.br\/escoladoparlamento\/cursos\/cursos-anteriores\/cursos-realizados-em-2026\/o-orcamento-da-cidade-em-nossas-maos\/\">O or\u00e7amento da Cidade em Nossas M\u00e3os\u00a0<\/a><\/p>\n<p><strong>Fevereiro<\/strong><\/p>\n<p><a href=\"https:\/\/www.saopaulo.sp.leg.br\/escoladoparlamento\/cursos\/em-andamento\/o-orcamento-da-cidade-em-nossas-maos-2a-edicao\/\">O or\u00e7amento da Cidade em Nossas M\u00e3os &#8211; 2\u00aa Edi\u00e7\u00e3o<\/a><\/p>\n<p><a href=\"https:\/\/www.saopaulo.sp.leg.br\/escoladoparlamento\/cursos\/em-andamento\/o-orcamento-da-cidade-em-nossas-maos-imersao-em-tecnologia-da-informacao-e-ia\/\">O or\u00e7amento da Cidade em Nossas M\u00e3os &#8211; Imers\u00e3o em Tecnologia da Informa\u00e7\u00e3o e IA<\/a><\/p>\n<p><strong>Mar\u00e7o<\/strong><\/p>\n<p><a href=\"https:\/\/www.saopaulo.sp.leg.br\/escoladoparlamento\/cursos\/em-andamento\/seminario-memoria-e-democracia-a-preservacao-da-memoria-como-ferramenta-para-o-fortalecimento-da-democracia-no-parlamento-municipal\/\">Semin\u00e1rio Democracia e Mem\u00f3ria<\/a><\/p>\n<p><a href=\"https:\/\/www.saopaulo.sp.leg.br\/escoladoparlamento\/cursos\/cursos-anteriores\/cursos-realizados-em-2026\/1a-oficina-de-participacao-cidada\/\">1\u00aa Oficina de Participa\u00e7\u00e3o Cidad\u00e3 no Projeto C\u00e2mara na Rua<\/a><\/p>\n<p><strong>Abril<\/strong><\/p>\n<p class=\"sc-57018dea-0 fVgDPM\" data-testid=\"event-title\"><a href=\"https:\/\/www.saopaulo.sp.leg.br\/escoladoparlamento\/cursos\/cursos-anteriores\/cursos-realizados-em-2026\/2a-oficina-de-participacao-cidada-para-o-projeto-camara-na-rua-regiao-leste\/\">2\u00aa Oficina de Participa\u00e7\u00e3o Cidad\u00e3 para o Projeto C\u00e2mara na Rua &#8211; Regi\u00e3o Leste<\/a><\/p>\n","protected":false},"excerpt":{"rendered":"<p>Janeiro O or\u00e7amento da Cidade em Nossas M\u00e3os\u00a0 Fevereiro O or\u00e7amento da Cidade em Nossas M\u00e3os &#8211; 2\u00aa Edi\u00e7\u00e3o O or\u00e7amento da Cidade em Nossas M\u00e3os &#8211; Imers\u00e3o em Tecnologia da Informa\u00e7\u00e3o e IA Mar\u00e7o Semin\u00e1rio Democracia e Mem\u00f3ria 1\u00aa Oficina de Participa\u00e7\u00e3o Cidad\u00e3 no Projeto C\u00e2mara na Rua Abril 2\u00aa Oficina de Participa\u00e7\u00e3o Cidad\u00e3 [&hellip;]<\/p>\n","protected":false},"author":731,"featured_media":0,"parent":169,"menu_order":8,"comment_status":"closed","ping_status":"closed","template":"","meta":{"_acf_changed":false,"footnotes":""},"class_list":["post-29942","page","type-page","status-publish","hentry"],"acf":[],"_links":{"self":[{"href":"https:\/\/www.saopaulo.sp.leg.br\/escoladoparlamento\/wp-json\/wp\/v2\/pages\/29942","targetHints":{"allow":["GET"]}}],"collection":[{"href":"https:\/\/www.saopaulo.sp.leg.br\/escoladoparlamento\/wp-json\/wp\/v2\/pages"}],"about":[{"href":"https:\/\/www.saopaulo.sp.leg.br\/escoladoparlamento\/wp-json\/wp\/v2\/types\/page"}],"author":[{"embeddable":true,"href":"https:\/\/www.saopaulo.sp.leg.br\/escoladoparlamento\/wp-json\/wp\/v2\/users\/731"}],"replies":[{"embeddable":true,"href":"https:\/\/www.saopaulo.sp.leg.br\/escoladoparlamento\/wp-json\/wp\/v2\/comments?post=29942"}],"version-history":[{"count":6,"href":"https:\/\/www.saopaulo.sp.leg.br\/escoladoparlamento\/wp-json\/wp\/v2\/pages\/29942\/revisions"}],"predecessor-version":[{"id":30054,"href":"https:\/\/www.saopaulo.sp.leg.br\/escoladoparlamento\/wp-json\/wp\/v2\/pages\/29942\/revisions\/30054"}],"up":[{"embeddable":true,"href":"https:\/\/www.saopaulo.sp.leg.br\/escoladoparlamento\/wp-json\/wp\/v2\/pages\/169"}],"wp:attachment":[{"href":"https:\/\/www.saopaulo.sp.leg.br\/escoladoparlamento\/wp-json\/wp\/v2\/media?parent=29942"}],"curies":[{"name":"wp","href":"https:\/\/api.w.org\/{rel}","templated":true}]}}