{"id":2992,"date":"2016-02-18T17:54:03","date_gmt":"2016-02-18T19:54:03","guid":{"rendered":"http:\/\/www.saopaulo.sp.leg.br\/escoladoparlamento\/?page_id=2992"},"modified":"2016-02-19T17:13:47","modified_gmt":"2016-02-19T19:13:47","slug":"formacao-politica-e-cidadania","status":"publish","type":"page","link":"https:\/\/www.saopaulo.sp.leg.br\/escoladoparlamento\/cursos\/cursos-anteriores\/cursos-realizados-em-2014\/formacao-politica-e-cidadania\/","title":{"rendered":"Forma\u00e7\u00e3o Pol\u00edtica e Cidadania"},"content":{"rendered":"<p><strong>JUSTIFICATIVA\/ CONTEXTO<\/strong>: nas \u00faltimas d\u00e9cadas h\u00e1 uma crescente busca pelo aumento da qualidade das atividades desempenhadas pelo Estado, seja no \u00e2mbito do Executivo, do Legislativo ou do Judici\u00e1rio. Esta demanda inclui a qualifica\u00e7\u00e3o dos membros dos \u00f3rg\u00e3os do Estado, incluindo a forma\u00e7\u00e3o de servidores p\u00fablicos.<\/p>\n<p><strong>OBJETIVOS GERAIS<\/strong>: apresentar conceitos fundamentais no \u00e2mbito da ci\u00eancia pol\u00edtica e teoria geral do Direito; descrever os principais aspectos da legisla\u00e7\u00e3o brasileira, com \u00eanfase\u00a0em temas ligados \u00e0 administra\u00e7\u00e3o p\u00fablica e cidadania.<\/p>\n<p><strong>EMENTA:<\/strong> 4.1) Estado, Economia e Finan\u00e7as P\u00fablicas. 4.2) Teoria do Estado e Filosofia Pol\u00edtica. 4.3) Filosofia e Sociologia do Direito. 4.4) Estado Brasileiro e Constitucionalismo. 4.5) Administra\u00e7\u00e3o P\u00fablica.<\/p>\n<p><strong>P\u00daBLICO ALVO:<\/strong> servidores p\u00fablicos<\/p>\n<p><strong>VAGAS:<\/strong>\u00a032 (trinta e duas) vagas complementares.<\/p>\n<p><strong>CARGA HOR\u00c1RIA:<\/strong>\u00a060 horas &#8211; Aula Magna e 20 (vinte) encontros.<\/p>\n<p><strong>CERTIFICA\u00c7\u00c3O:<\/strong> ser\u00e3o concedidos certificados de participa\u00e7\u00e3o no curso para quem obtiver o m\u00ednimo de 75% de frequ\u00eancia. No caso deste curso, com 20 palestras, isso implica que o n\u00famero m\u00e1ximo de faltas para obter certifica\u00e7\u00e3o \u00e9 de 5 (cinco).<\/p>\n<p><strong>LOCAL E HORA:<\/strong> Sede do Sindilex, Sindicato dos Servidores da C\u00e2mara Municipal e do Tribunal de Contas do Munic\u00edpio de S\u00e3o Paulo, Rua Japur\u00e1 43, das <strong>19:00 \u00e0s 22:00<\/strong>. De 04\/08 \u00e0 13\/010 \u2013 segundas e quartas-feiras<\/p>\n<p><strong>CONTATOS GERAIS<\/strong>: EMAIL &#8211; <a href=\"mailto:escoladoparlamento@saopaulo.sp.leg.br\">escoladoparlamento@saopaulo.sp.leg.br<\/a> Este endere\u00e7o de e-mail est\u00e1 protegido contra spambots. Voc\u00ea deve habilitar o JavaScript para visualiz\u00e1-lo. \/ Tel: (11) 3396-4020 \/ 3396-4960.<\/p>\n<p><strong>CONTE\u00daDO PROGRAM\u00c1TICO:<\/strong><\/p>\n<table>\n<tbody>\n<tr>\n<td><strong>Data<\/strong><\/td>\n<td><strong>Tema<\/strong><\/td>\n<td><strong>Palestrante<\/strong><\/td>\n<\/tr>\n<tr>\n<td><strong>04\/ago<\/strong><\/td>\n<td>Aula Magna: Os desafios pol\u00edticos do Estado Brasileiro no s\u00e9culo XXI\u00a0\u2013 1\u00ba encontro. (4\/8)<\/td>\n<td>Prof. Alysson Mascaro<\/td>\n<\/tr>\n<tr>\n<td colspan=\"3\">\n<h3>M\u00f3dulo I &#8211; Teoria do Estado e Filosofia Pol\u00edtica \u2013 3 aulas<\/h3>\n<\/td>\n<\/tr>\n<tr>\n<td><strong>06\/ago<\/strong><\/td>\n<td>Pensamento pol\u00edtico antigo, moderno e contempor\u00e2neo.<\/td>\n<td>Prof. Marcos Alcyr<\/td>\n<\/tr>\n<tr>\n<td><strong>25\/ago<\/strong><\/td>\n<td>Republicanismo, Cidadania e Democracia<\/td>\n<td>Prof. Camilo Onoda Caldas<\/td>\n<\/tr>\n<tr>\n<td><strong>01\/set<\/strong><\/td>\n<td>Teoria do Estado. Estado de Direito. Hermen\u00eautica jur\u00eddica e aplica\u00e7\u00e3o do Direito.<\/td>\n<td>Prof. Camilo Onoda Caldas<\/td>\n<\/tr>\n<tr>\n<td colspan=\"3\">\n<h3>M\u00f3dulo II &#8211; Administra\u00e7\u00e3o P\u00fablica<\/h3>\n<\/td>\n<\/tr>\n<tr>\n<td><strong>13\/ago<\/strong><\/td>\n<td>Princ\u00edpios e Poderes da Administra\u00e7\u00e3o P\u00fablica<\/td>\n<td>Prof. Marcelo Gomes Franco Grillo<\/td>\n<\/tr>\n<tr>\n<td><strong>18\/ago<\/strong><\/td>\n<td>Atos Administrativos (Atos jur\u00eddicos e Atos administrativos, Esp\u00e9cies e Classifica\u00e7\u00e3o, O procedimento administrativo)<\/td>\n<td>Prof. Marcelo Gomes Franco Grillo<\/td>\n<\/tr>\n<tr>\n<td><strong>20\/ago<\/strong><\/td>\n<td>Organiza\u00e7\u00e3o Administrativa (Administra\u00e7\u00e3o Direta e Indireta, Regimes Jur\u00eddicos).<\/td>\n<td>Prof. Marcelo Gomes Franco Grillo<\/td>\n<\/tr>\n<tr>\n<td><strong>27\/ago<\/strong><\/td>\n<td>\u00a0Controle da Administra\u00e7\u00e3o P\u00fablica<\/td>\n<td>Prof. Marcelo Gomes Franco Grillo<\/td>\n<\/tr>\n<tr>\n<td colspan=\"3\">\n<h3>M\u00f3dulo III &#8211; Filosofia e Sociologia do Direito<\/h3>\n<\/td>\n<\/tr>\n<tr>\n<td><strong>03\/set<\/strong><\/td>\n<td>Hist\u00f3ria da Filosofia do Direito \u2013 Da antiguidade ao Iluminismo.<\/td>\n<td>Prof. Luiz Ismael Pereira<\/td>\n<\/tr>\n<tr>\n<td><strong>08\/set<\/strong><\/td>\n<td>Caminhos da Filosofia do Direito Contempor\u00e2neo.<\/td>\n<td>Prof. Camilo Onoda Caldas<\/td>\n<\/tr>\n<tr>\n<td><strong>10\/set<\/strong><\/td>\n<td>Cl\u00e1ssicos do pensamento sociol\u00f3gico.<\/td>\n<td>Prof. Luiz Ismael Pereira<\/td>\n<\/tr>\n<tr>\n<td><strong>15\/set<\/strong><\/td>\n<td>Teorias sociol\u00f3gicas brasileiras: origem e desenvolvimento.<\/td>\n<td>Prof. Camilo Onoda Caldas<\/td>\n<\/tr>\n<tr>\n<td colspan=\"3\">\n<h3>M\u00f3dulo IV &#8211; Estado Brasileiro e Constitucionalismo<\/h3>\n<\/td>\n<\/tr>\n<tr>\n<td><strong>11\/set<\/strong><\/td>\n<td>Constitui\u00e7\u00e3o de 1988 e a organiza\u00e7\u00e3o do Estado.<\/td>\n<td>Prof. Luiz Ismael Pereira<\/td>\n<\/tr>\n<tr>\n<td><strong>17\/set<\/strong><\/td>\n<td>Constitui\u00e7\u00e3o de 1988 e sistema eleitoral.<\/td>\n<td>Prof. Renato Ribeiro de Almeida<\/td>\n<\/tr>\n<tr>\n<td><strong>08\/out<\/strong><\/td>\n<td>Controle de Constitucionalidade.<\/td>\n<td>Prof. Silvio Luiz de Almeida<\/td>\n<\/tr>\n<tr>\n<td><strong>24\/set<\/strong><\/td>\n<td>Constitui\u00e7\u00e3o de 1988 e hist\u00f3ria do sindicalismo no setor privado.<\/td>\n<td>Prof. Volnei Rosalen<\/td>\n<\/tr>\n<tr>\n<td><strong>01\/out<\/strong><\/td>\n<td>Constitui\u00e7\u00e3o de 1988 e hist\u00f3ria do sindicalismo no setor p\u00fablico.<\/td>\n<td>Prof. Caio Giannini<\/td>\n<\/tr>\n<tr>\n<td colspan=\"3\">\n<h3>M\u00f3dulo V &#8211; Estado, Economia e Finan\u00e7as P\u00fablicas<\/h3>\n<\/td>\n<\/tr>\n<tr>\n<td><strong>22\/set<\/strong><\/td>\n<td>Direito Tribut\u00e1rio e Financeiro: funcionamento no Brasil e princ\u00edpios constitucionais.<\/td>\n<td>Prof. Jonathan Erkert<\/td>\n<\/tr>\n<tr>\n<td><strong>13\/out<\/strong><\/td>\n<td>Teorias econ\u00f4micas e o papel do Estado<\/td>\n<td>Prof. Silvio Luiz de Almeida<\/td>\n<\/tr>\n<tr>\n<td><strong>29\/out<\/strong><\/td>\n<td>Direito Econ\u00f4mico (A interven\u00e7\u00e3o do Estado na Economia: instrumentos, A an\u00e1lise econ\u00f4mica do Direito e a an\u00e1lise jur\u00eddica da economia).<\/td>\n<td>Prof. Jonathan Erkert<\/td>\n<\/tr>\n<tr>\n<td><strong>06\/out<\/strong><\/td>\n<td>Direito Econ\u00f4mico (As teorias da regula\u00e7\u00e3o. A Constitui\u00e7\u00e3o de 1988 e a ordem econ\u00f4mica).<\/td>\n<td>Prof. Jonathan Erkert<\/td>\n<\/tr>\n<\/tbody>\n<\/table>\n","protected":false},"excerpt":{"rendered":"<p>JUSTIFICATIVA\/ CONTEXTO: nas \u00faltimas d\u00e9cadas h\u00e1 uma crescente busca pelo aumento da qualidade das atividades desempenhadas pelo Estado, seja no \u00e2mbito do Executivo, do Legislativo ou do Judici\u00e1rio. Esta demanda inclui a qualifica\u00e7\u00e3o dos membros dos \u00f3rg\u00e3os do Estado, incluindo a forma\u00e7\u00e3o de servidores p\u00fablicos. OBJETIVOS GERAIS: apresentar conceitos fundamentais no \u00e2mbito da ci\u00eancia pol\u00edtica [&hellip;]<\/p>\n","protected":false},"author":127,"featured_media":0,"parent":1334,"menu_order":627,"comment_status":"closed","ping_status":"closed","template":"","meta":{"_acf_changed":false,"footnotes":""},"class_list":["post-2992","page","type-page","status-publish","hentry"],"acf":[],"_links":{"self":[{"href":"https:\/\/www.saopaulo.sp.leg.br\/escoladoparlamento\/wp-json\/wp\/v2\/pages\/2992","targetHints":{"allow":["GET"]}}],"collection":[{"href":"https:\/\/www.saopaulo.sp.leg.br\/escoladoparlamento\/wp-json\/wp\/v2\/pages"}],"about":[{"href":"https:\/\/www.saopaulo.sp.leg.br\/escoladoparlamento\/wp-json\/wp\/v2\/types\/page"}],"author":[{"embeddable":true,"href":"https:\/\/www.saopaulo.sp.leg.br\/escoladoparlamento\/wp-json\/wp\/v2\/users\/127"}],"replies":[{"embeddable":true,"href":"https:\/\/www.saopaulo.sp.leg.br\/escoladoparlamento\/wp-json\/wp\/v2\/comments?post=2992"}],"version-history":[{"count":0,"href":"https:\/\/www.saopaulo.sp.leg.br\/escoladoparlamento\/wp-json\/wp\/v2\/pages\/2992\/revisions"}],"up":[{"embeddable":true,"href":"https:\/\/www.saopaulo.sp.leg.br\/escoladoparlamento\/wp-json\/wp\/v2\/pages\/1334"}],"wp:attachment":[{"href":"https:\/\/www.saopaulo.sp.leg.br\/escoladoparlamento\/wp-json\/wp\/v2\/media?parent=2992"}],"curies":[{"name":"wp","href":"https:\/\/api.w.org\/{rel}","templated":true}]}}