{"id":29884,"date":"2025-12-05T12:03:31","date_gmt":"2025-12-05T15:03:31","guid":{"rendered":"https:\/\/www.saopaulo.sp.leg.br\/escoladoparlamento\/?page_id=29884"},"modified":"2025-12-16T10:51:14","modified_gmt":"2025-12-16T13:51:14","slug":"lancamento-da-revista-parlamento-e-sociedade-25-regulacao-inovacao-e-mobilidade-urbana-na-era-digital","status":"publish","type":"page","link":"https:\/\/www.saopaulo.sp.leg.br\/escoladoparlamento\/cursos\/cursos-anteriores\/cursos-realizados-em-2025\/lancamento-da-revista-parlamento-e-sociedade-25-regulacao-inovacao-e-mobilidade-urbana-na-era-digital\/","title":{"rendered":"Lan\u00e7amento da Revista Parlamento e Sociedade 25: Regula\u00e7\u00e3o, Inova\u00e7\u00e3o e Mobilidade Urbana na Era Digital"},"content":{"rendered":"<p><img decoding=\"async\" src=\"http:\/\/www.saopaulo.sp.leg.br\/escoladoparlamento\/wp-content\/uploads\/sites\/5\/2025\/12\/WhatsApp-Image-2025-12-05-at-4.19.03-PM-1.jpeg\" \/><\/p>\n<p><strong>REVEJA O EVENTO <a href=\"https:\/\/www.youtube.com\/watch?v=ESRNCHTJyP0\">CLICANDO AQUI<\/a><\/strong><\/p>\n<p>&nbsp;<\/p>\n<p><strong>Diretor respons\u00e1vel<\/strong>: Marcelo Succi<\/p>\n<p><strong>Coordenadora respons\u00e1vel<\/strong>: Sandra M\u00e1ra da Silva<\/p>\n<p><strong>Apresenta\u00e7\u00e3o<\/strong><\/p>\n<p>A presente edi\u00e7\u00e3o da Revista Parlamento e Sociedade, em colabora\u00e7\u00e3o com o Centro de Estudos Legislativos (CELEG) da Procuradoria da C\u00e2mara Municipal de S\u00e3o Paulo, re\u00fane um conjunto de artigos que analisam os profundos desafios regulat\u00f3rios e jur\u00eddicos impostos pela r\u00e1pida transi\u00e7\u00e3o tecnol\u00f3gica e social no ambiente urbano contempor\u00e2neo. O tema central, \u201cCidades em Transforma\u00e7\u00e3o: Regula\u00e7\u00e3o, Inova\u00e7\u00e3o e Mobilidade na Era Digital\u201d, aborda as formas pelas quais novas tecnologias e modelos de neg\u00f3cio est\u00e3o reconfigurando a mobilidade, o uso do solo e a pr\u00f3pria gest\u00e3o democr\u00e1tica dos espa\u00e7os coletivos nas metr\u00f3poles.<\/p>\n<p><strong>Objetivos<\/strong><\/p>\n<ul>\n<li>Apresentar \u00e0 comunidade acad\u00eamica e \u00e0 sociedade os principais artigos e contribui\u00e7\u00f5es da nova edi\u00e7\u00e3o da\u00a0<em>Revista<\/em>\u00a0<em>Parlamento e Sociedade<\/em>;<\/li>\n<li>Estimular o debate interdisciplinar sobre os desafios contempor\u00e2neos da democracia brasileira;<\/li>\n<li>Valorizar e divulgar a produ\u00e7\u00e3o cient\u00edfica nacional nas \u00e1reas de ci\u00eancia pol\u00edtica, administra\u00e7\u00e3o p\u00fablica e estudos institucionais;<\/li>\n<li>Promover a intera\u00e7\u00e3o entre pesquisadores, gestores p\u00fablicos, estudantes e demais interessados no fortalecimento da democracia.<\/li>\n<\/ul>\n<p><strong>Programa\u00e7\u00e3o<\/strong><\/p>\n<ul>\n<li>Boas-vindas institucionais e apresenta\u00e7\u00e3o da Revista Parlamento e Sociedade 25<\/li>\n<li>Apresenta\u00e7\u00e3o e an\u00e1lise, por parte dos autores, dos temas abordados em seus artigos:<\/li>\n<\/ul>\n<ol>\n<li>Transporte Remunerado por Aplicativo: Considera\u00e7\u00f5es sobre a Mobilidade Urbana e a Justi\u00e7a Social<\/li>\n<\/ol>\n<p>Jeferson Sousa Oliveira<\/p>\n<ol start=\"2\">\n<li>A Batalha Judicial pelo Asfalto: a Tens\u00e3o Hermen\u00eautica entre Autonomia Municipal, Livre Iniciativa, Sa\u00fade, Assist\u00eancia Social e Seguran\u00e7a P\u00fablica na Regulamenta\u00e7\u00e3o do Servi\u00e7o de Motot\u00e1xi por Aplicativos<\/li>\n<\/ol>\n<p>Marcos Antonio Silva<\/p>\n<ol start=\"3\">\n<li>Micromobilidade Urbana no Munic\u00edpio de S\u00e3o Paulo<\/li>\n<\/ol>\n<p>Gabriela Souto Maior Baccarin, Nat\u00e1lia de Aquino Ces\u00e1rio<\/p>\n<ol start=\"4\">\n<li>Desafios Regulat\u00f3rios do Espa\u00e7o Urbano na Implanta\u00e7\u00e3o de Ve\u00edculos El\u00e9tricos de Pouso e Decolagem Vertical (eVOTLs): Novas Tecnologias para a Mobilidade Sustent\u00e1vel na Cidade de S\u00e3o Paulo<\/li>\n<\/ol>\n<p>Henrique Andrade Porto, Irene Patr\u00edcia Nohara, Carlos Eduardo de Araujo<\/p>\n<ol start=\"5\">\n<li>Desafios Jur\u00eddicos na Implementa\u00e7\u00e3o dos Parklets: Efetiva\u00e7\u00e3o do Direito \u00e0 Cidade ou Privatiza\u00e7\u00e3o de Espa\u00e7os P\u00fablicos?<\/li>\n<\/ol>\n<p>\u00c9rika Capella Fernandes Sfeir<\/p>\n<ol start=\"6\">\n<li>Dark Kitchens e a Cidade de S\u00e3o Paulo: Desafios Regulat\u00f3rios Urban\u00edsticos<\/li>\n<\/ol>\n<p>Irene Patr\u00edcia Nohara, Cintia de Castro Marino, Carlos Eduardo de Araujo<\/p>\n<ol start=\"7\">\n<li>Os Desafios da Regulamenta\u00e7\u00e3o pelos Munic\u00edpios das Loca\u00e7\u00f5es de Curta Dura\u00e7\u00e3o Realizadas por Meio de Plataformas Digitais<\/li>\n<\/ol>\n<p>Cristina Barbosa Rodrigues<\/p>\n<p><strong>Servi\u00e7o<\/strong><\/p>\n<p><strong>Data:<\/strong>\u00a011\/12\/2025 (quinta-feira)<\/p>\n<p><strong>Local:<\/strong>\u00a0Sala S\u00e9rgio Vieira de Mello, 1\u00b0 subsolo \u2013 C\u00e2mara Municipal de S\u00e3o Paulo<\/p>\n<p><strong>Hor\u00e1rio:<\/strong>\u00a013:30 \u00e0s 16:00<\/p>\n<p><strong>Inscri\u00e7\u00f5es: <\/strong>ENCERRADAS<\/p>\n","protected":false},"excerpt":{"rendered":"<p>REVEJA O EVENTO CLICANDO AQUI &nbsp; Diretor respons\u00e1vel: Marcelo Succi Coordenadora respons\u00e1vel: Sandra M\u00e1ra da Silva Apresenta\u00e7\u00e3o A presente edi\u00e7\u00e3o da Revista Parlamento e Sociedade, em colabora\u00e7\u00e3o com o Centro de Estudos Legislativos (CELEG) da Procuradoria da C\u00e2mara Municipal de S\u00e3o Paulo, re\u00fane um conjunto de artigos que analisam os profundos desafios regulat\u00f3rios e jur\u00eddicos [&hellip;]<\/p>\n","protected":false},"author":661,"featured_media":0,"parent":29358,"menu_order":10,"comment_status":"closed","ping_status":"closed","template":"","meta":{"_acf_changed":false,"footnotes":""},"class_list":["post-29884","page","type-page","status-publish","hentry"],"acf":[],"_links":{"self":[{"href":"https:\/\/www.saopaulo.sp.leg.br\/escoladoparlamento\/wp-json\/wp\/v2\/pages\/29884","targetHints":{"allow":["GET"]}}],"collection":[{"href":"https:\/\/www.saopaulo.sp.leg.br\/escoladoparlamento\/wp-json\/wp\/v2\/pages"}],"about":[{"href":"https:\/\/www.saopaulo.sp.leg.br\/escoladoparlamento\/wp-json\/wp\/v2\/types\/page"}],"author":[{"embeddable":true,"href":"https:\/\/www.saopaulo.sp.leg.br\/escoladoparlamento\/wp-json\/wp\/v2\/users\/661"}],"replies":[{"embeddable":true,"href":"https:\/\/www.saopaulo.sp.leg.br\/escoladoparlamento\/wp-json\/wp\/v2\/comments?post=29884"}],"version-history":[{"count":5,"href":"https:\/\/www.saopaulo.sp.leg.br\/escoladoparlamento\/wp-json\/wp\/v2\/pages\/29884\/revisions"}],"predecessor-version":[{"id":29920,"href":"https:\/\/www.saopaulo.sp.leg.br\/escoladoparlamento\/wp-json\/wp\/v2\/pages\/29884\/revisions\/29920"}],"up":[{"embeddable":true,"href":"https:\/\/www.saopaulo.sp.leg.br\/escoladoparlamento\/wp-json\/wp\/v2\/pages\/29358"}],"wp:attachment":[{"href":"https:\/\/www.saopaulo.sp.leg.br\/escoladoparlamento\/wp-json\/wp\/v2\/media?parent=29884"}],"curies":[{"name":"wp","href":"https:\/\/api.w.org\/{rel}","templated":true}]}}