{"id":29841,"date":"2025-11-06T14:31:17","date_gmt":"2025-11-06T17:31:17","guid":{"rendered":"https:\/\/www.saopaulo.sp.leg.br\/escoladoparlamento\/?page_id=29841"},"modified":"2025-12-10T10:55:53","modified_gmt":"2025-12-10T13:55:53","slug":"letramento-em-inteligencia-artificial-2a-edicao","status":"publish","type":"page","link":"https:\/\/www.saopaulo.sp.leg.br\/escoladoparlamento\/cursos\/cursos-anteriores\/cursos-realizados-em-2025\/letramento-em-inteligencia-artificial-2a-edicao\/","title":{"rendered":"Letramento em Intelig\u00eancia Artificial &#8211; 2\u00aa Edi\u00e7\u00e3o"},"content":{"rendered":"<h2 data-start=\"143\" data-end=\"164\"><strong>EXCLUSIVO PARA SERVIDORES \/ COLABORADORES DA C\u00c2MARA MUNICIPAL<\/strong><\/h2>\n<p style=\"font-weight: 400\"><b>Objetivo<\/b><\/p>\n<p style=\"font-weight: 400\"><span style=\"font-weight: 400\">Capacitar servidores e colaboradores da C\u00e2mara Municipal nos fundamentos da Intelig\u00eancia Artificial (IA), promovendo o letramento digital e habilitando-os a identificar, compreender e aplicar solu\u00e7\u00f5es de IA no contexto do servi\u00e7o p\u00fablico.<\/span><\/p>\n<p style=\"font-weight: 400\"><b>Conte\u00fado Program\u00e1tico<\/b><\/p>\n<ul style=\"font-weight: 400\">\n<li style=\"font-weight: 400\"><span style=\"font-weight: 400\">Introdu\u00e7\u00e3o \u00e0 Intelig\u00eancia Artificial: breve hist\u00f3rico e conceitos fundamentais<\/span><\/li>\n<li style=\"font-weight: 400\"><span style=\"font-weight: 400\">Letramento em IA: compreens\u00e3o dos principais termos, funcionamento de modelos de IA e impactos \u00e9ticos e sociais.<\/span><\/li>\n<li style=\"font-weight: 400\"><span style=\"font-weight: 400\">Engenharia de Prompt: t\u00e9cnicas b\u00e1sicas para interagir com sistemas de IA, elabora\u00e7\u00e3o de comandos e perguntas eficazes.<\/span><\/li>\n<li style=\"font-weight: 400\"><span style=\"font-weight: 400\">Aplica\u00e7\u00f5es Pr\u00e1ticas: exemplos e constru\u00e7\u00e3o de solu\u00e7\u00f5es simples para demandas do dia a dia na administra\u00e7\u00e3o p\u00fablica.<\/span><\/li>\n<\/ul>\n<p style=\"font-weight: 400\"><b>Metodologia<\/b><\/p>\n<ul style=\"font-weight: 400\">\n<li style=\"font-weight: 400\"><span style=\"font-weight: 400\">Aula expositiva presencial para contextualiza\u00e7\u00e3o te\u00f3rica;\u00a0<\/span><\/li>\n<li style=\"font-weight: 400\"><span style=\"font-weight: 400\">3 Aulas pr\u00e1ticas, presenciais: exerc\u00edcios orientados para experimenta\u00e7\u00e3o de ferramentas de IA, simula\u00e7\u00f5es de uso e resolu\u00e7\u00e3o de desafios relacionados ao ambiente da C\u00e2mara Municipal.<\/span><\/li>\n<\/ul>\n<p style=\"font-weight: 400\"><b>Docente<\/b><\/p>\n<p style=\"font-weight: 400\"><strong>Marcelo Succi &#8211; Diretor Acad\u00eamico da Escola do Parlamento<\/strong><\/p>\n<p style=\"font-weight: 400\">Advogado pela Faculdade de Direito do Largo S\u00e3o Francisco (USP), engenheiro pelo Instituto Tecnol\u00f3gico de Aeron\u00e1utica (ITA) com mestrado em Engenharia de Computa\u00e7\u00e3o pela Escola Polit\u00e9cnica da USP. Foi pesquisador da Escola Polit\u00e9cnica da USP. Integra a carreira de Consultor T\u00e9cnico Legislativo da C\u00e2mara Municipal de S\u00e3o Paulo desde 2008, tendo sido supervisor de unidade entre 2013 e 2018. Tem experi\u00eancia acad\u00eamica de aproximadamente 20 anos como professor universit\u00e1rio.<\/p>\n<p style=\"font-weight: 400\"><b>P\u00fablico-alvo<\/b><\/p>\n<p style=\"font-weight: 400\"><span style=\"font-weight: 400\">Servidores, assessores e demais colaboradores da C\u00e2mara Municipal interessados em adquirir conhecimentos pr\u00e1ticos e estrat\u00e9gicos sobre Intelig\u00eancia Artificial.<\/span><\/p>\n<p style=\"font-weight: 400\"><strong>Formato e datas:<\/strong><\/p>\n<p style=\"font-weight: 400\"><span style=\"font-weight: 400\"> Aula te\u00f3rica inicial: 31 de outubro (sexta-feira), das 14h00 \u00e0s 18h00, na Sala Oscar Pedroso Horta Aulas pr\u00e1ticas, <\/span>com exerc\u00edcios orientados e simula\u00e7\u00f5es de uso de ferramentas de IA:<\/p>\n<p style=\"font-weight: 400\">Turma A: segundas, 15h-17h, 10, 17 e 24\/nov<\/p>\n<p style=\"font-weight: 400\">Turma B: sextas-feiras, 15h-17h, 7, 14 e 28\/nov<\/p>\n<p style=\"font-weight: 400\"><b>Resultados Esperados<\/b><\/p>\n<ul style=\"font-weight: 400\">\n<li style=\"font-weight: 400\"><span style=\"font-weight: 400\">Compreens\u00e3o clara dos conceitos b\u00e1sicos de IA.<\/span><\/li>\n<li style=\"font-weight: 400\"><span style=\"font-weight: 400\">Capacidade de identificar oportunidades de aplica\u00e7\u00e3o de IA no ambiente de trabalho.<\/span><\/li>\n<li style=\"font-weight: 400\"><span style=\"font-weight: 400\">Habilidade para utilizar ferramentas de IA de forma \u00e9tica e eficiente.<\/span><\/li>\n<\/ul>\n<p><strong>Inscri\u00e7\u00f5es: <\/strong>ENCERRADAS<\/p>\n","protected":false},"excerpt":{"rendered":"<p>EXCLUSIVO PARA SERVIDORES \/ COLABORADORES DA C\u00c2MARA MUNICIPAL Objetivo Capacitar servidores e colaboradores da C\u00e2mara Municipal nos fundamentos da Intelig\u00eancia Artificial (IA), promovendo o letramento digital e habilitando-os a identificar, compreender e aplicar solu\u00e7\u00f5es de IA no contexto do servi\u00e7o p\u00fablico. Conte\u00fado Program\u00e1tico Introdu\u00e7\u00e3o \u00e0 Intelig\u00eancia Artificial: breve hist\u00f3rico e conceitos fundamentais Letramento em IA: [&hellip;]<\/p>\n","protected":false},"author":745,"featured_media":0,"parent":29358,"menu_order":11,"comment_status":"closed","ping_status":"closed","template":"","meta":{"_acf_changed":false,"footnotes":""},"class_list":["post-29841","page","type-page","status-publish","hentry"],"acf":[],"_links":{"self":[{"href":"https:\/\/www.saopaulo.sp.leg.br\/escoladoparlamento\/wp-json\/wp\/v2\/pages\/29841","targetHints":{"allow":["GET"]}}],"collection":[{"href":"https:\/\/www.saopaulo.sp.leg.br\/escoladoparlamento\/wp-json\/wp\/v2\/pages"}],"about":[{"href":"https:\/\/www.saopaulo.sp.leg.br\/escoladoparlamento\/wp-json\/wp\/v2\/types\/page"}],"author":[{"embeddable":true,"href":"https:\/\/www.saopaulo.sp.leg.br\/escoladoparlamento\/wp-json\/wp\/v2\/users\/745"}],"replies":[{"embeddable":true,"href":"https:\/\/www.saopaulo.sp.leg.br\/escoladoparlamento\/wp-json\/wp\/v2\/comments?post=29841"}],"version-history":[{"count":2,"href":"https:\/\/www.saopaulo.sp.leg.br\/escoladoparlamento\/wp-json\/wp\/v2\/pages\/29841\/revisions"}],"predecessor-version":[{"id":29845,"href":"https:\/\/www.saopaulo.sp.leg.br\/escoladoparlamento\/wp-json\/wp\/v2\/pages\/29841\/revisions\/29845"}],"up":[{"embeddable":true,"href":"https:\/\/www.saopaulo.sp.leg.br\/escoladoparlamento\/wp-json\/wp\/v2\/pages\/29358"}],"wp:attachment":[{"href":"https:\/\/www.saopaulo.sp.leg.br\/escoladoparlamento\/wp-json\/wp\/v2\/media?parent=29841"}],"curies":[{"name":"wp","href":"https:\/\/api.w.org\/{rel}","templated":true}]}}