{"id":29614,"date":"2025-08-13T13:56:08","date_gmt":"2025-08-13T16:56:08","guid":{"rendered":"https:\/\/www.saopaulo.sp.leg.br\/escoladoparlamento\/?page_id=29614"},"modified":"2025-09-16T12:05:31","modified_gmt":"2025-09-16T15:05:31","slug":"seminario_urbanismo_em_pauta","status":"publish","type":"page","link":"https:\/\/www.saopaulo.sp.leg.br\/escoladoparlamento\/cursos\/cursos-anteriores\/cursos-realizados-em-2025\/seminario_urbanismo_em_pauta\/","title":{"rendered":"Semin\u00e1rio &#8220;Urbanismo em Pauta&#8221;"},"content":{"rendered":"<p class=\"TypographyPresentation TypographyPresentation--colorDefault TypographyPresentation--h5 TypographyPresentation--fontWeightMedium TypographyPresentation--wrapStylePretty RichText3-header2--withVSpacingNormal RichText3-header2 HighlightSol HighlightSol--buildingBlock HighlightSol--core\"><strong>Como o Plano Diretor, o Zoneamento e outras leis ajudam a planejar a cidade<\/strong><\/p>\n<div class=\"TypographyPresentation TypographyPresentation--medium RichText3-paragraph--withVSpacingNormal RichText3-paragraph HighlightSol HighlightSol--buildingBlock\"><a href=\"http:\/\/www.saopaulo.sp.leg.br\/escoladoparlamento\/wp-content\/uploads\/sites\/5\/2025\/08\/instagram.png\"><img loading=\"lazy\" decoding=\"async\" class=\"alignnone wp-image-29629\" src=\"http:\/\/www.saopaulo.sp.leg.br\/escoladoparlamento\/wp-content\/uploads\/sites\/5\/2025\/08\/instagram.png\" alt=\"\" width=\"577\" height=\"722\" srcset=\"https:\/\/www.saopaulo.sp.leg.br\/escoladoparlamento\/wp-content\/uploads\/sites\/5\/2025\/08\/instagram.png 1080w, https:\/\/www.saopaulo.sp.leg.br\/escoladoparlamento\/wp-content\/uploads\/sites\/5\/2025\/08\/instagram-240x300.png 240w, https:\/\/www.saopaulo.sp.leg.br\/escoladoparlamento\/wp-content\/uploads\/sites\/5\/2025\/08\/instagram-819x1024.png 819w, https:\/\/www.saopaulo.sp.leg.br\/escoladoparlamento\/wp-content\/uploads\/sites\/5\/2025\/08\/instagram-768x960.png 768w\" sizes=\"auto, (max-width: 577px) 100vw, 577px\" \/><\/a><\/div>\n<div><\/div>\n<div class=\"TypographyPresentation TypographyPresentation--medium RichText3-paragraph--withVSpacingNormal RichText3-paragraph HighlightSol HighlightSol--buildingBlock\"><strong>Apresenta\u00e7\u00e3o<\/strong><\/div>\n<div><\/div>\n<div class=\"TypographyPresentation TypographyPresentation--medium RichText3-paragraph--withVSpacingNormal RichText3-paragraph HighlightSol HighlightSol--buildingBlock\">A Escola do Parlamento da C\u00e2mara Municipal de S\u00e3o Paulo, em parceria com a Secretaria Municipal de Urbanismo e Licenciamento (SMUL) e a SP Urbanismo, promove uma atividade voltada \u00e0 compreens\u00e3o dos principais instrumentos de planejamento urbano da cidade. A proposta \u00e9 explicar, de forma acess\u00edvel e orientativa, como legisla\u00e7\u00f5es como o Plano Diretor, a Lei de Zoneamento e outras normas estruturam o desenvolvimento urbano, influenciam a organiza\u00e7\u00e3o do territ\u00f3rio e possibilitam interven\u00e7\u00f5es para melhoria da qualidade de vida na cidade.<\/div>\n<div class=\"TypographyPresentation TypographyPresentation--medium RichText3-paragraph--withVSpacingNormal RichText3-paragraph HighlightSol HighlightSol--buildingBlock\"><\/div>\n<div class=\"TypographyPresentation TypographyPresentation--medium RichText3-paragraph--withVSpacingNormal RichText3-paragraph HighlightSol HighlightSol--buildingBlock\"><strong>Objetivos<\/strong><\/div>\n<ul class=\"RichTextList-bulleted\">\n<li>\n<div class=\"TypographyPresentation TypographyPresentation--medium RichText3-paragraph--withVSpacingNormal RichText3-paragraph HighlightSol HighlightSol--buildingBlock\">Explicar de forma simples os conceitos centrais do Plano Diretor e da Lei de Zoneamento.<\/div>\n<\/li>\n<li>\n<div class=\"TypographyPresentation TypographyPresentation--medium RichText3-paragraph--withVSpacingNormal RichText3-paragraph HighlightSol HighlightSol--buildingBlock\">Apresentar ferramentas digitais e processos de licenciamento urbano voltados \u00e0 habita\u00e7\u00e3o social.<\/div>\n<\/li>\n<li>\n<div class=\"TypographyPresentation TypographyPresentation--medium RichText3-paragraph--withVSpacingNormal RichText3-paragraph HighlightSol HighlightSol--buildingBlock\">Debater incentivos urban\u00edsticos voltados \u00e0 recupera\u00e7\u00e3o do centro da cidade e \u00e1reas estrat\u00e9gicas.<\/div>\n<\/li>\n<li>\n<div class=\"TypographyPresentation TypographyPresentation--medium RichText3-paragraph--withVSpacingNormal RichText3-paragraph HighlightSol HighlightSol--buildingBlock\">Contribuir para a transpar\u00eancia e o entendimento das regras que orientam o desenvolvimento urbano.<\/div>\n<\/li>\n<\/ul>\n<div class=\"TypographyPresentation TypographyPresentation--medium RichText3-paragraph--withVSpacingNormal RichText3-paragraph HighlightSol HighlightSol--buildingBlock\"><\/div>\n<div class=\"TypographyPresentation TypographyPresentation--medium RichText3-paragraph--withVSpacingNormal RichText3-paragraph HighlightSol HighlightSol--buildingBlock\"><strong>Programa<\/strong><\/div>\n<div><\/div>\n<div class=\"TypographyPresentation TypographyPresentation--medium RichText3-paragraph--withVSpacingNormal RichText3-paragraph HighlightSol HighlightSol--buildingBlock\"><strong>13h30<\/strong>\u00a0\u2013 Recep\u00e7\u00e3o dos participantes<\/div>\n<div class=\"TypographyPresentation TypographyPresentation--medium RichText3-paragraph--withVSpacingNormal RichText3-paragraph HighlightSol HighlightSol--buildingBlock\"><strong>14h00<\/strong>\u00a0\u2013\u00a0<em>Entenda o Plano Diretor<\/em><\/div>\n<div class=\"TypographyPresentation TypographyPresentation--medium RichText3-paragraph--withVSpacingNormal RichText3-paragraph HighlightSol HighlightSol--buildingBlock\">Palestrante:\u00a0<strong>Fernando Gasperini<\/strong>\u00a0\u2013 Coordenador de Planejamento Urbano (PLANURB\/SMUL) \u2013 20 min<\/div>\n<div class=\"TypographyPresentation TypographyPresentation--medium RichText3-paragraph--withVSpacingNormal RichText3-paragraph HighlightSol HighlightSol--buildingBlock\"><strong>14h20<\/strong>\u00a0\u2013\u00a0<em>Lei de Zoneamento<\/em><\/div>\n<div class=\"TypographyPresentation TypographyPresentation--medium RichText3-paragraph--withVSpacingNormal RichText3-paragraph HighlightSol HighlightSol--buildingBlock\">Palestrante:\u00a0<strong>Daniella Lucas Richards<\/strong>\u00a0\u2013 Coordenadora de Legisla\u00e7\u00e3o de Uso e Ocupa\u00e7\u00e3o do Solo (DEUSO\/SMUL) \u2013 20 min<\/div>\n<div class=\"TypographyPresentation TypographyPresentation--medium RichText3-paragraph--withVSpacingNormal RichText3-paragraph HighlightSol HighlightSol--buildingBlock\"><strong>14h40<\/strong>\u00a0\u2013\u00a0<em>Entendendo o maior mapa digital da cidade: o GeoSampa<\/em><\/div>\n<div class=\"TypographyPresentation TypographyPresentation--medium RichText3-paragraph--withVSpacingNormal RichText3-paragraph HighlightSol HighlightSol--buildingBlock\">Palestrante:\u00a0<strong>Danilo Mizuta<\/strong>\u00a0\u2013 Coordenador de Produ\u00e7\u00e3o e An\u00e1lise de Informa\u00e7\u00e3o \u2013 40 min<\/div>\n<div class=\"TypographyPresentation TypographyPresentation--medium RichText3-paragraph--withVSpacingNormal RichText3-paragraph HighlightSol HighlightSol--buildingBlock\"><strong>15h20 \u2013 15h40<\/strong> \u2013 Intervalo<\/div>\n<div class=\"TypographyPresentation TypographyPresentation--medium RichText3-paragraph--withVSpacingNormal RichText3-paragraph HighlightSol HighlightSol--buildingBlock\"><strong>15h40<\/strong>\u00a0\u2013\u00a0<em>Principais conceitos para o licenciamento de moradia social na cidade<\/em><\/div>\n<div class=\"TypographyPresentation TypographyPresentation--medium RichText3-paragraph--withVSpacingNormal RichText3-paragraph HighlightSol HighlightSol--buildingBlock\">Palestrante:\u00a0<strong>Wilson Roberto dos Santos J\u00fanior<\/strong>\u00a0\u2013 Coordenador de Parcelamento do Solo e Habita\u00e7\u00e3o (PARHIS\/SMUL) \u2013 15 min<\/div>\n<div class=\"TypographyPresentation TypographyPresentation--medium RichText3-paragraph--withVSpacingNormal RichText3-paragraph HighlightSol HighlightSol--buildingBlock\"><strong>15h55<\/strong>\u00a0\u2013\u00a0<em>Conceitos, incentivos e aplica\u00e7\u00e3o das regras em per\u00edmetros de Opera\u00e7\u00f5es Urbanas (OU) ou \u00c1reas de Interven\u00e7\u00e3o Urbana (AIU)<\/em><\/div>\n<div class=\"TypographyPresentation TypographyPresentation--medium RichText3-paragraph--withVSpacingNormal RichText3-paragraph HighlightSol HighlightSol--buildingBlock\">Palestrante:\u00a0<strong>Vladimir \u00c1vila<\/strong>\u00a0\u2013 Gerente de Opera\u00e7\u00f5es Urbanas (SP Urbanismo) \u2013 15 min<\/div>\n<div class=\"TypographyPresentation TypographyPresentation--medium RichText3-paragraph--withVSpacingNormal RichText3-paragraph HighlightSol HighlightSol--buildingBlock\"><strong>16h10<\/strong>\u00a0\u2013\u00a0<em>Centro de S\u00e3o Paulo: por dentro dos principais incentivos para recupera\u00e7\u00e3o do centro<\/em><\/div>\n<div class=\"TypographyPresentation TypographyPresentation--medium RichText3-paragraph--withVSpacingNormal RichText3-paragraph HighlightSol HighlightSol--buildingBlock\"><strong>Programa Requalifica Centro<\/strong> \u2013 Palestrante:\u00a0<strong>Pedro Luiz Ferreira da Fonseca &#8211; <\/strong>Chefe da Assessoria T\u00e9cnica de Colegiados e Comiss\u00f5es<\/div>\n<div class=\"TypographyPresentation TypographyPresentation--medium RichText3-paragraph--withVSpacingNormal RichText3-paragraph HighlightSol HighlightSol--buildingBlock\"><strong>Subven\u00e7\u00e3o Econ\u00f4mica para retrofit<\/strong>\u00a0\u2013 Palestrante:\u00a0<strong>Jacques Felipe Iatchuk Vieira<\/strong>\u00a0\u2013 Chefe da Assessoria de Gabinete e Gest\u00e3o Estrat\u00e9gica<\/div>\n<div class=\"TypographyPresentation TypographyPresentation--medium RichText3-paragraph--withVSpacingNormal RichText3-paragraph HighlightSol HighlightSol--buildingBlock\"><\/div>\n<div class=\"TypographyPresentation TypographyPresentation--medium RichText3-paragraph--withVSpacingNormal RichText3-paragraph HighlightSol HighlightSol--buildingBlock\"><strong>Informa\u00e7\u00f5es de servi\u00e7o<\/strong><\/div>\n<div><\/div>\n<div class=\"TypographyPresentation TypographyPresentation--medium RichText3-paragraph--withVSpacingNormal RichText3-paragraph HighlightSol HighlightSol--buildingBlock\"><strong>Data:<\/strong>\u00a029 de agosto de 2025 (sexta-feira)<\/div>\n<div class=\"TypographyPresentation TypographyPresentation--medium RichText3-paragraph--withVSpacingNormal RichText3-paragraph HighlightSol HighlightSol--buildingBlock\"><strong>Hor\u00e1rio:<\/strong>\u00a0das 13h30 \u00e0s 17h30<\/div>\n<div class=\"TypographyPresentation TypographyPresentation--medium RichText3-paragraph--withVSpacingNormal RichText3-paragraph HighlightSol HighlightSol--buildingBlock\"><strong>Local:<\/strong>\u00a0Sal\u00e3o Nobre Presidente Jo\u00e3o Brasil Vita \u2013 8\u00ba andar da C\u00e2mara Municipal de S\u00e3o Paulo<\/div>\n<div class=\"TypographyPresentation TypographyPresentation--medium RichText3-paragraph--withVSpacingNormal RichText3-paragraph HighlightSol HighlightSol--buildingBlock\">(Pal\u00e1cio Anchieta \u2013 Viaduto Jacare\u00ed, 100 \u2013 Bela Vista \u2013 S\u00e3o Paulo\/SP)<\/div>\n<div class=\"TypographyPresentation TypographyPresentation--medium RichText3-paragraph--withVSpacingNormal RichText3-paragraph HighlightSol HighlightSol--buildingBlock\"><\/div>\n<div class=\"TypographyPresentation TypographyPresentation--medium RichText3-paragraph--withVSpacingNormal RichText3-paragraph HighlightSol HighlightSol--buildingBlock\"><strong>Inscri\u00e7\u00f5es<\/strong><\/div>\n<div class=\"TypographyPresentation TypographyPresentation--medium RichText3-paragraph--withVSpacingNormal RichText3-paragraph HighlightSol HighlightSol--buildingBlock\">A participa\u00e7\u00e3o \u00e9 gratuita e aberta ao p\u00fablico mediante inscri\u00e7\u00e3o pr\u00e9via.<\/div>\n<div class=\"TypographyPresentation TypographyPresentation--medium RichText3-paragraph--withVSpacingNormal RichText3-paragraph HighlightSol HighlightSol--buildingBlock\"><strong>Inscreva-se aqui:<\/strong>\u00a0<a href=\"https:\/\/www.sympla.com.br\/evento\/seminario-urbanismo-em-pauta\/3077634\">[link de inscri\u00e7\u00e3o]<\/a><\/div>\n","protected":false},"excerpt":{"rendered":"<p>Como o Plano Diretor, o Zoneamento e outras leis ajudam a planejar a cidade Apresenta\u00e7\u00e3o A Escola do Parlamento da C\u00e2mara Municipal de S\u00e3o Paulo, em parceria com a Secretaria Municipal de Urbanismo e Licenciamento (SMUL) e a SP Urbanismo, promove uma atividade voltada \u00e0 compreens\u00e3o dos principais instrumentos de planejamento urbano da cidade. A [&hellip;]<\/p>\n","protected":false},"author":297,"featured_media":0,"parent":29358,"menu_order":43,"comment_status":"closed","ping_status":"closed","template":"","meta":{"_acf_changed":false,"footnotes":""},"class_list":["post-29614","page","type-page","status-publish","hentry"],"acf":[],"_links":{"self":[{"href":"https:\/\/www.saopaulo.sp.leg.br\/escoladoparlamento\/wp-json\/wp\/v2\/pages\/29614","targetHints":{"allow":["GET"]}}],"collection":[{"href":"https:\/\/www.saopaulo.sp.leg.br\/escoladoparlamento\/wp-json\/wp\/v2\/pages"}],"about":[{"href":"https:\/\/www.saopaulo.sp.leg.br\/escoladoparlamento\/wp-json\/wp\/v2\/types\/page"}],"author":[{"embeddable":true,"href":"https:\/\/www.saopaulo.sp.leg.br\/escoladoparlamento\/wp-json\/wp\/v2\/users\/297"}],"replies":[{"embeddable":true,"href":"https:\/\/www.saopaulo.sp.leg.br\/escoladoparlamento\/wp-json\/wp\/v2\/comments?post=29614"}],"version-history":[{"count":5,"href":"https:\/\/www.saopaulo.sp.leg.br\/escoladoparlamento\/wp-json\/wp\/v2\/pages\/29614\/revisions"}],"predecessor-version":[{"id":29644,"href":"https:\/\/www.saopaulo.sp.leg.br\/escoladoparlamento\/wp-json\/wp\/v2\/pages\/29614\/revisions\/29644"}],"up":[{"embeddable":true,"href":"https:\/\/www.saopaulo.sp.leg.br\/escoladoparlamento\/wp-json\/wp\/v2\/pages\/29358"}],"wp:attachment":[{"href":"https:\/\/www.saopaulo.sp.leg.br\/escoladoparlamento\/wp-json\/wp\/v2\/media?parent=29614"}],"curies":[{"name":"wp","href":"https:\/\/api.w.org\/{rel}","templated":true}]}}