{"id":29301,"date":"2025-03-24T14:37:35","date_gmt":"2025-03-24T17:37:35","guid":{"rendered":"https:\/\/www.saopaulo.sp.leg.br\/escoladoparlamento\/?page_id=29301"},"modified":"2025-05-12T17:56:39","modified_gmt":"2025-05-12T20:56:39","slug":"analise-orcamentaria-municipal-teoria-e-pratica","status":"publish","type":"page","link":"https:\/\/www.saopaulo.sp.leg.br\/escoladoparlamento\/cursos\/cursos-anteriores\/cursos-realizados-em-2025\/analise-orcamentaria-municipal-teoria-e-pratica\/","title":{"rendered":"An\u00e1lise Or\u00e7ament\u00e1ria Municipal &#8211; entendendo a base de dados"},"content":{"rendered":"<div><\/div>\n<div>O curso <strong data-start=\"129\" data-end=\"211\">&#8220;An\u00e1lise Or\u00e7ament\u00e1ria Municipal: entendendo a base de dados&#8221;<\/strong>, promovido pela Escola do Parlamento, oferece uma abordagem pr\u00e1tica e acess\u00edvel sobre as classifica\u00e7\u00f5es or\u00e7ament\u00e1rias e a manipula\u00e7\u00e3o de dados financeiros.<\/div>\n<div><\/div>\n<div>Dividido em dois m\u00f3dulos, um introdut\u00f3rio e outro pr\u00e1tico, o curso pretende apresentar ferramentas para interpreta\u00e7\u00e3o do or\u00e7amento p\u00fablico municipal por meio da an\u00e1lise de dados dispon\u00edveis, como as receitas e despesas, s\u00e9ries hist\u00f3ricas, identifica\u00e7\u00e3o de empresas contratadas, avalia\u00e7\u00e3o de gastos com pessoal e investimentos.<\/div>\n<div><\/div>\n<div>O m\u00f3dulo introdut\u00f3rio ser\u00e1 ofertado presencialmente, na C\u00e2mara Municipal de S\u00e3o Paulo.<\/div>\n<div>O m\u00f3dulo pr\u00e1tico ser\u00e1 realizado remotamente para que os participantes possam realizar as atividades did\u00e1ticas propostas. O link para participa\u00e7\u00e3o remota ser\u00e1 enviado para os participantes por meio do e-mail de inscri\u00e7\u00e3o.<\/div>\n<p>&nbsp;<\/p>\n<p>&nbsp;<\/p>\n<div>&#x1f4c5; <strong data-start=\"1652\" data-end=\"1661\">Data:<\/strong> 03 a 17 de abril (segundas e quintas-feiras)<\/div>\n<div>&#x23f0; <strong data-start=\"1678\" data-end=\"1690\">Hor\u00e1rio:<\/strong> 14h \u00e0s 17h<br data-start=\"1701\" data-end=\"1704\" \/>&#x1f4cd; <strong data-start=\"1707\" data-end=\"1717\">Local:<\/strong> M\u00f3dulo 1 &#8211; Sala Tiradentes (8\u00ba andar), C\u00e2mara Municipal de S\u00e3o Paulo; M\u00f3dulo 2 &#8211; Plataforma ZOOM<\/div>\n<div>&#x1f517; <strong data-start=\"1788\" data-end=\"1803\">Inscri\u00e7\u00f5es: ENCERRADAS<\/strong><\/div>\n<div><\/div>\n<div><\/div>\n<div><\/div>\n<div><b>P\u00fablico-alvo:\u00a0<\/b>assessores parlamentares; servidores p\u00fablicos municipais; profissionais que atuam em \u00e1reas de planejamento, or\u00e7amento, finan\u00e7as e controle interno; membros de organiza\u00e7\u00f5es que monitoram a execu\u00e7\u00e3o or\u00e7ament\u00e1ria municipal; cidad\u00e3os engajados na fiscaliza\u00e7\u00e3o e no acompanhamento do uso dos recursos p\u00fablicos e demais interessados.<\/div>\n<div><\/div>\n<div><b>Objetivos:<\/b><\/div>\n<ul data-start=\"185\" data-end=\"668\">\n<li>Apresentar as classifica\u00e7\u00f5es or\u00e7ament\u00e1rias de receitas e despesas no \u00e2mbito municipal, explicando sua l\u00f3gica e aplica\u00e7\u00e3o operacional.<\/li>\n<li>Capacitar os participantes para interpretar e analisar os dados da execu\u00e7\u00e3o or\u00e7ament\u00e1ria municipal, compreendendo a estrutura e a organiza\u00e7\u00e3o dos dados.<\/li>\n<li>Desenvolver m\u00e9todos pr\u00e1ticos para buscar s\u00e9ries hist\u00f3ricas, identificar benefici\u00e1rios de empenhos, avaliar gastos de pessoal e investimentos, interpretar demonstrativos financeiros e acessar detalhes dos empenhos de despesas (hist\u00f3rico e descri\u00e7\u00e3o, benefici\u00e1rios etc.)<\/li>\n<\/ul>\n<div><\/div>\n<div><b>Programa\u00e7\u00e3o:<\/b><\/div>\n<div><b>\u00a0<\/b><\/div>\n<div><b>M\u00f3dulo 1 &#8211; parte introdut\u00f3ria: Funcionamento do Or\u00e7amento P\u00fablico<\/b><\/div>\n<div>Datas: 03 e 07 de abril<\/div>\n<div>Modalidade: presencial<\/div>\n<div>Local: Sala Tiradentes &#8211; C\u00e2mara Municipal de S\u00e3o Paulo<\/div>\n<div><\/div>\n<div><em>Aulas expositivas e presenciais. <\/em><\/div>\n<div>Conte\u00fado a ser trabalhado:<\/div>\n<ul data-editing-info=\"{&quot;applyListStyleFromLevel&quot;:true}\">\n<li>\n<div>Estrutura e l\u00f3gica das classifica\u00e7\u00f5es de receitas e despesas municipais.<\/div>\n<\/li>\n<li>\n<div>Princ\u00edpios b\u00e1sicos da organiza\u00e7\u00e3o do or\u00e7amento p\u00fablico.<\/div>\n<\/li>\n<\/ul>\n<p>&nbsp;<\/p>\n<p><b>M\u00f3dulo 2 &#8211; parte pr\u00e1tica: Manipula\u00e7\u00e3o e an\u00e1lise de dados or\u00e7ament\u00e1rios<\/b><\/p>\n<div>Datas: 10, 14 e 17 de abril<\/div>\n<div>Modalidade: online<\/div>\n<div>Local: plataforma Zoom<\/div>\n<div><\/div>\n<div><em>Aulas remotas, pela plataforma Zoom. Sugere-se que os participantes acompanhem as aulas pr\u00e1ticas pelo computador usando o software para que possam realizar as atividades propostas.<\/em><\/div>\n<div><\/div>\n<p>Aula 1 &#8211; 03\/04<\/p>\n<p><iframe loading=\"lazy\" title=\"An\u00e1lise Or\u00e7ament\u00e1ria Municipal: Entendendo a Base de Dados | 03\/04\/2025\" width=\"640\" height=\"360\" src=\"https:\/\/www.youtube.com\/embed\/mASw9zoYsBw?start=6192&#038;feature=oembed\" frameborder=\"0\" allow=\"accelerometer; autoplay; clipboard-write; encrypted-media; gyroscope; picture-in-picture; web-share\" referrerpolicy=\"strict-origin-when-cross-origin\" allowfullscreen><\/iframe><\/p>\n<p>Aula 2 &#8211; 07\/04<\/p>\n<p><iframe loading=\"lazy\" title=\"An\u00e1lise Or\u00e7ament\u00e1ria Municipal: Entendendo a Base de Dados | 07\/04\/2025\" width=\"640\" height=\"360\" src=\"https:\/\/www.youtube.com\/embed\/47079mSVmYM?feature=oembed\" frameborder=\"0\" allow=\"accelerometer; autoplay; clipboard-write; encrypted-media; gyroscope; picture-in-picture; web-share\" referrerpolicy=\"strict-origin-when-cross-origin\" allowfullscreen><\/iframe><\/p>\n<p>Aula 3 &#8211; 10\/04<\/p>\n<p><iframe loading=\"lazy\" title=\"An\u00e1lise Or\u00e7ament\u00e1ria Municipal \u2013 Entendendo a Base de Dados - Aula 3 - 10\/04\/25\" width=\"640\" height=\"360\" src=\"https:\/\/www.youtube.com\/embed\/yoFTlzC0bps?feature=oembed\" frameborder=\"0\" allow=\"accelerometer; autoplay; clipboard-write; encrypted-media; gyroscope; picture-in-picture; web-share\" referrerpolicy=\"strict-origin-when-cross-origin\" allowfullscreen><\/iframe><\/p>\n<p>Aula 4 &#8211; 14\/04<\/p>\n<p><iframe loading=\"lazy\" title=\"An\u00e1lise Or\u00e7ament\u00e1ria Municipal \u2013 Entendendo a Base de Dados - Aula 4 - 14\/04\/25\" width=\"640\" height=\"360\" src=\"https:\/\/www.youtube.com\/embed\/3CSIvvAZBvw?start=1&#038;feature=oembed\" frameborder=\"0\" allow=\"accelerometer; autoplay; clipboard-write; encrypted-media; gyroscope; picture-in-picture; web-share\" referrerpolicy=\"strict-origin-when-cross-origin\" allowfullscreen><\/iframe><\/p>\n<p>Aula 5 &#8211; 17\/04<\/p>\n<p><iframe loading=\"lazy\" title=\"An\u00e1lise Or\u00e7ament\u00e1ria Municipal \u2013 Entendendo a Base de Dados - Aula 5 - 17\/04\/25\" width=\"640\" height=\"360\" src=\"https:\/\/www.youtube.com\/embed\/ps5k-0Byo7E?feature=oembed\" frameborder=\"0\" allow=\"accelerometer; autoplay; clipboard-write; encrypted-media; gyroscope; picture-in-picture; web-share\" referrerpolicy=\"strict-origin-when-cross-origin\" allowfullscreen><\/iframe><\/p>\n<p>&nbsp;<\/p>\n<p>&nbsp;<\/p>\n<div><\/div>\n<div><\/div>\n<div><\/div>\n<div><\/div>\n<div><\/div>\n<div>Conte\u00fado trabalhado:<\/div>\n<ul data-editing-info=\"{&quot;applyListStyleFromLevel&quot;:true}\">\n<li>\n<div>An\u00e1lise da execu\u00e7\u00e3o or\u00e7ament\u00e1ria municipal.<\/div>\n<\/li>\n<li>Explora\u00e7\u00e3o de dados setoriais e sua distribui\u00e7\u00e3o entre diferentes secretarias.<\/li>\n<li>\n<div>Levantamento de gastos com pessoal e investimentos.<\/div>\n<\/li>\n<li>\n<div>Interpreta\u00e7\u00e3o de demonstrativos financeiros e sua aplica\u00e7\u00e3o na tomada de decis\u00e3o.<\/div>\n<\/li>\n<li>Identifica\u00e7\u00e3o de empresas contratadas e benefici\u00e1rios dos empenhos.<\/li>\n<\/ul>\n<div><\/div>\n<div><b>Certifica\u00e7\u00e3o:\u00a0<\/b>somente para participantes com, pelo menos, 75% de presen\u00e7a aferida<\/div>\n","protected":false},"excerpt":{"rendered":"<p>O curso &#8220;An\u00e1lise Or\u00e7ament\u00e1ria Municipal: entendendo a base de dados&#8221;, promovido pela Escola do Parlamento, oferece uma abordagem pr\u00e1tica e acess\u00edvel sobre as classifica\u00e7\u00f5es or\u00e7ament\u00e1rias e a manipula\u00e7\u00e3o de dados financeiros. Dividido em dois m\u00f3dulos, um introdut\u00f3rio e outro pr\u00e1tico, o curso pretende apresentar ferramentas para interpreta\u00e7\u00e3o do or\u00e7amento p\u00fablico municipal por meio da an\u00e1lise [&hellip;]<\/p>\n","protected":false},"author":731,"featured_media":0,"parent":29358,"menu_order":26,"comment_status":"closed","ping_status":"closed","template":"","meta":{"_acf_changed":false,"footnotes":""},"class_list":["post-29301","page","type-page","status-publish","hentry"],"acf":[],"_links":{"self":[{"href":"https:\/\/www.saopaulo.sp.leg.br\/escoladoparlamento\/wp-json\/wp\/v2\/pages\/29301","targetHints":{"allow":["GET"]}}],"collection":[{"href":"https:\/\/www.saopaulo.sp.leg.br\/escoladoparlamento\/wp-json\/wp\/v2\/pages"}],"about":[{"href":"https:\/\/www.saopaulo.sp.leg.br\/escoladoparlamento\/wp-json\/wp\/v2\/types\/page"}],"author":[{"embeddable":true,"href":"https:\/\/www.saopaulo.sp.leg.br\/escoladoparlamento\/wp-json\/wp\/v2\/users\/731"}],"replies":[{"embeddable":true,"href":"https:\/\/www.saopaulo.sp.leg.br\/escoladoparlamento\/wp-json\/wp\/v2\/comments?post=29301"}],"version-history":[{"count":0,"href":"https:\/\/www.saopaulo.sp.leg.br\/escoladoparlamento\/wp-json\/wp\/v2\/pages\/29301\/revisions"}],"up":[{"embeddable":true,"href":"https:\/\/www.saopaulo.sp.leg.br\/escoladoparlamento\/wp-json\/wp\/v2\/pages\/29358"}],"wp:attachment":[{"href":"https:\/\/www.saopaulo.sp.leg.br\/escoladoparlamento\/wp-json\/wp\/v2\/media?parent=29301"}],"curies":[{"name":"wp","href":"https:\/\/api.w.org\/{rel}","templated":true}]}}