{"id":29296,"date":"2025-03-19T14:46:59","date_gmt":"2025-03-19T17:46:59","guid":{"rendered":"https:\/\/www.saopaulo.sp.leg.br\/escoladoparlamento\/?page_id=29296"},"modified":"2025-05-09T16:06:39","modified_gmt":"2025-05-09T19:06:39","slug":"regularizacao-fundiaria-no-municipio-de-sao-paulo-aspectos-praticos","status":"publish","type":"page","link":"https:\/\/www.saopaulo.sp.leg.br\/escoladoparlamento\/cursos\/cursos-anteriores\/cursos-realizados-em-2025\/regularizacao-fundiaria-no-municipio-de-sao-paulo-aspectos-praticos\/","title":{"rendered":"Regulariza\u00e7\u00e3o Fundi\u00e1ria no Munic\u00edpio de S\u00e3o Paulo \u2013 Aspectos Pr\u00e1ticos"},"content":{"rendered":"<p data-start=\"80\" data-end=\"173\"><a href=\"http:\/\/www.saopaulo.sp.leg.br\/escoladoparlamento\/wp-content\/uploads\/sites\/5\/2025\/03\/Versao-2.png\"><img loading=\"lazy\" decoding=\"async\" class=\"alignnone wp-image-29298\" src=\"http:\/\/www.saopaulo.sp.leg.br\/escoladoparlamento\/wp-content\/uploads\/sites\/5\/2025\/03\/Versao-2.png\" alt=\"\" width=\"676\" height=\"354\" srcset=\"https:\/\/www.saopaulo.sp.leg.br\/escoladoparlamento\/wp-content\/uploads\/sites\/5\/2025\/03\/Versao-2.png 1600w, https:\/\/www.saopaulo.sp.leg.br\/escoladoparlamento\/wp-content\/uploads\/sites\/5\/2025\/03\/Versao-2-300x157.png 300w, https:\/\/www.saopaulo.sp.leg.br\/escoladoparlamento\/wp-content\/uploads\/sites\/5\/2025\/03\/Versao-2-1024x536.png 1024w, https:\/\/www.saopaulo.sp.leg.br\/escoladoparlamento\/wp-content\/uploads\/sites\/5\/2025\/03\/Versao-2-768x402.png 768w, https:\/\/www.saopaulo.sp.leg.br\/escoladoparlamento\/wp-content\/uploads\/sites\/5\/2025\/03\/Versao-2-1536x804.png 1536w\" sizes=\"auto, (max-width: 676px) 100vw, 676px\" \/><\/a><\/p>\n<p data-start=\"80\" data-end=\"173\"><strong data-start=\"80\" data-end=\"104\">Diretor Respons\u00e1vel:<\/strong> Marcelo Succi<br data-start=\"118\" data-end=\"121\" \/><strong data-start=\"121\" data-end=\"149\">Coordenador Respons\u00e1vel:<\/strong> Pedro Henrique Campos<\/p>\n<h3 data-start=\"175\" data-end=\"197\"><strong data-start=\"179\" data-end=\"195\">Apresenta\u00e7\u00e3o<\/strong><\/h3>\n<p data-start=\"198\" data-end=\"715\">A Escola do Parlamento da C\u00e2mara Municipal de S\u00e3o Paulo promove o curso <strong data-start=\"270\" data-end=\"338\">&#8220;Regulariza\u00e7\u00e3o Fundi\u00e1ria no Munic\u00edpio de SP \u2013 Aspectos Pr\u00e1ticos&#8221;<\/strong>, voltado para assessores de gabinete, servidores p\u00fablicos e demais interessados na tem\u00e1tica da habita\u00e7\u00e3o e do planejamento urbano. A atividade contar\u00e1 com a participa\u00e7\u00e3o da arquiteta <strong data-start=\"522\" data-end=\"549\">Cyntia Fugi de Oliveira<\/strong>, especialista na \u00e1rea, e abordar\u00e1 os principais aspectos da Regulariza\u00e7\u00e3o Fundi\u00e1ria Urbana (<strong data-start=\"642\" data-end=\"651\">REURB<\/strong>), com base na legisla\u00e7\u00e3o vigente e nas diretrizes municipais.<\/p>\n<h3 data-start=\"717\" data-end=\"736\"><strong data-start=\"721\" data-end=\"734\">Objetivos<\/strong><\/h3>\n<ul data-start=\"737\" data-end=\"1085\">\n<li data-start=\"737\" data-end=\"879\">Difundir conhecimentos sobre a pol\u00edtica p\u00fablica habitacional de regulariza\u00e7\u00e3o fundi\u00e1ria e suas particularidades no munic\u00edpio de S\u00e3o Paulo.<\/li>\n<li data-start=\"880\" data-end=\"1002\">Capacitar servidores p\u00fablicos e assessores de gabinete para colaborarem direta ou indiretamente na aplica\u00e7\u00e3o da REURB.<\/li>\n<li data-start=\"1003\" data-end=\"1085\">Apresentar conceitos fundamentais, hist\u00f3rico e legisla\u00e7\u00e3o relacionada ao tema.<\/li>\n<\/ul>\n<h3 data-start=\"1087\" data-end=\"1108\"><strong data-start=\"1091\" data-end=\"1106\">Programa\u00e7\u00e3o<\/strong><\/h3>\n<p data-start=\"1109\" data-end=\"1257\">O curso ser\u00e1 realizado no <strong data-start=\"1135\" data-end=\"1154\">dia 28 de abril<\/strong>, no <strong data-start=\"1159\" data-end=\"1196\">Audit\u00f3rio Prestes Maia (1\u00ba andar)<\/strong>, das <strong data-start=\"1202\" data-end=\"1216\">14h \u00e0s 18h<\/strong>, e contar\u00e1 com os seguintes conte\u00fados:<\/p>\n<ul data-start=\"1258\" data-end=\"1517\">\n<li data-start=\"1258\" data-end=\"1307\">Origem da irregularidade fundi\u00e1ria no Brasil.<\/li>\n<li data-start=\"1308\" data-end=\"1384\">Hist\u00f3rico da pol\u00edtica de regulariza\u00e7\u00e3o fundi\u00e1ria no pa\u00eds e em S\u00e3o Paulo.<\/li>\n<li data-start=\"1385\" data-end=\"1421\">Conceitos fundamentais da REURB.<\/li>\n<li data-start=\"1422\" data-end=\"1467\">Legisla\u00e7\u00e3o federal e municipal aplic\u00e1vel.<\/li>\n<li data-start=\"1468\" data-end=\"1517\">Fluxo de processamento da REURB no munic\u00edpio.<\/li>\n<\/ul>\n<p data-start=\"1519\" data-end=\"1629\">A metodologia ser\u00e1 baseada em <strong data-start=\"1549\" data-end=\"1572\">exposi\u00e7\u00e3o dialogada<\/strong>, proporcionando um ambiente de aprendizado interativo.<\/p>\n<h3 data-start=\"1592\" data-end=\"1620\"><strong data-start=\"1596\" data-end=\"1618\">Sobre a Professora<\/strong><\/h3>\n<p data-start=\"1621\" data-end=\"2283\"><strong data-start=\"1621\" data-end=\"1648\">Cyntia Fugi de Oliveira<\/strong> \u00e9 arquiteta formada pela UNESP e p\u00f3s-graduada em Cidades Inteligentes e Sustent\u00e1veis pela Universidade Nove de Julho. Servidora p\u00fablica h\u00e1 18 anos, atua na Regulariza\u00e7\u00e3o Fundi\u00e1ria do Munic\u00edpio de S\u00e3o Paulo e atualmente ocupa o cargo de Diretora de Departamento T\u00e9cnico de Regulariza\u00e7\u00e3o Fundi\u00e1ria. Participou da elabora\u00e7\u00e3o da <strong data-start=\"1974\" data-end=\"2010\">Lei Municipal de REURB 17.734\/22<\/strong>, do <strong data-start=\"2015\" data-end=\"2051\">Decreto Regulamentador 63.857\/24<\/strong> e do <strong data-start=\"2057\" data-end=\"2086\">Manual Municipal de REURB<\/strong>. Tamb\u00e9m coordena um conv\u00eanio entre a SEHAB e a Universidade Presbiteriana Mackenzie para aproximar estudantes da pr\u00e1tica da regulariza\u00e7\u00e3o fundi\u00e1ria e ministra cursos sobre o tema na institui\u00e7\u00e3o.<\/p>\n<h3 data-start=\"1631\" data-end=\"1648\"><strong data-start=\"1635\" data-end=\"1646\">Servi\u00e7o<\/strong><\/h3>\n<p data-start=\"1649\" data-end=\"1835\">&#x1f4c5; <strong data-start=\"1652\" data-end=\"1661\">Data:<\/strong> 28 de abril<br data-start=\"1673\" data-end=\"1676\" \/>&#x23f0; <strong data-start=\"1678\" data-end=\"1690\">Hor\u00e1rio:<\/strong> 14h \u00e0s 18h<br data-start=\"1701\" data-end=\"1704\" \/>&#x1f4cd; <strong data-start=\"1707\" data-end=\"1717\">Local:<\/strong> Audit\u00f3rio Prestes Maia (1\u00ba andar), C\u00e2mara Municipal de S\u00e3o Paulo<br data-start=\"1782\" data-end=\"1785\" \/>&#x1f517; <strong data-start=\"1788\" data-end=\"1803\">Inscri\u00e7\u00f5es:<\/strong> ENCERRADAS<\/p>\n<h3 data-start=\"1649\" data-end=\"1835\"><a href=\"https:\/\/www.youtube.com\/watch?v=HxaqEyT-8ig\">CLIQUE AQUI para rever o curso<\/a><\/h3>\n","protected":false},"excerpt":{"rendered":"<p>Diretor Respons\u00e1vel: Marcelo SucciCoordenador Respons\u00e1vel: Pedro Henrique Campos Apresenta\u00e7\u00e3o A Escola do Parlamento da C\u00e2mara Municipal de S\u00e3o Paulo promove o curso &#8220;Regulariza\u00e7\u00e3o Fundi\u00e1ria no Munic\u00edpio de SP \u2013 Aspectos Pr\u00e1ticos&#8221;, voltado para assessores de gabinete, servidores p\u00fablicos e demais interessados na tem\u00e1tica da habita\u00e7\u00e3o e do planejamento urbano. A atividade contar\u00e1 com a participa\u00e7\u00e3o [&hellip;]<\/p>\n","protected":false},"author":297,"featured_media":0,"parent":29358,"menu_order":27,"comment_status":"closed","ping_status":"closed","template":"","meta":{"_acf_changed":false,"footnotes":""},"class_list":["post-29296","page","type-page","status-publish","hentry"],"acf":[],"_links":{"self":[{"href":"https:\/\/www.saopaulo.sp.leg.br\/escoladoparlamento\/wp-json\/wp\/v2\/pages\/29296","targetHints":{"allow":["GET"]}}],"collection":[{"href":"https:\/\/www.saopaulo.sp.leg.br\/escoladoparlamento\/wp-json\/wp\/v2\/pages"}],"about":[{"href":"https:\/\/www.saopaulo.sp.leg.br\/escoladoparlamento\/wp-json\/wp\/v2\/types\/page"}],"author":[{"embeddable":true,"href":"https:\/\/www.saopaulo.sp.leg.br\/escoladoparlamento\/wp-json\/wp\/v2\/users\/297"}],"replies":[{"embeddable":true,"href":"https:\/\/www.saopaulo.sp.leg.br\/escoladoparlamento\/wp-json\/wp\/v2\/comments?post=29296"}],"version-history":[{"count":0,"href":"https:\/\/www.saopaulo.sp.leg.br\/escoladoparlamento\/wp-json\/wp\/v2\/pages\/29296\/revisions"}],"up":[{"embeddable":true,"href":"https:\/\/www.saopaulo.sp.leg.br\/escoladoparlamento\/wp-json\/wp\/v2\/pages\/29358"}],"wp:attachment":[{"href":"https:\/\/www.saopaulo.sp.leg.br\/escoladoparlamento\/wp-json\/wp\/v2\/media?parent=29296"}],"curies":[{"name":"wp","href":"https:\/\/api.w.org\/{rel}","templated":true}]}}