{"id":29279,"date":"2025-02-26T13:16:00","date_gmt":"2025-02-26T16:16:00","guid":{"rendered":"https:\/\/www.saopaulo.sp.leg.br\/escoladoparlamento\/?page_id=29279"},"modified":"2025-04-07T15:58:20","modified_gmt":"2025-04-07T18:58:20","slug":"a-dinamica-normativa-e-institucional-do-municipio","status":"publish","type":"page","link":"https:\/\/www.saopaulo.sp.leg.br\/escoladoparlamento\/cursos\/cursos-anteriores\/cursos-realizados-em-2025\/a-dinamica-normativa-e-institucional-do-municipio\/","title":{"rendered":"A Din\u00e2mica Normativa e Institucional do Munic\u00edpio"},"content":{"rendered":"<p><span style=\"color: #333333;font-family: myriad-pro, Helvetica Neue, Helvetica, Arial\">A Escola do Parlamento e a\u00a0 Consultoria t\u00e9cnica legislativa (SGP 5) realizar\u00e3o, nos dias 10 a 31 de mar\u00e7o, todas \u00e0s segundas e sextas-feiras, o curso <b>A Din\u00e2mica Normativa e Institucional do Munic\u00edpio.<\/b><\/span><\/p>\n<div><span style=\"color: #333333;font-family: myriad-pro, Helvetica Neue, Helvetica, Arial\">O curso se dedica a apresentar aspectos b\u00e1sicos do ordenamento institucional e normativo municipal, com \u00eanfase nas \u00e1reas de sa\u00fade, educa\u00e7\u00e3o e cultura, urbanismo e meio ambiente, os fluxos de pessoas, servi\u00e7os e mercadorias.\u00a0<\/span><\/div>\n<div><span style=\"color: #333333;font-family: myriad-pro, Helvetica Neue, Helvetica, Arial\">\u00a0<\/span><\/div>\n<div><span style=\"color: #333333;font-family: myriad-pro, Helvetica Neue, Helvetica, Arial\"><b>Data:<\/b> 10\/03 a 04\/04\/2025, todas as segundas e sextas-feiras;<\/span><\/div>\n<div><span style=\"color: #333333;font-family: myriad-pro, Helvetica Neue, Helvetica, Arial\"><b>Hor\u00e1rio<\/b>: 14h \u00e0s 16h30;<\/span><\/div>\n<div><span style=\"color: #333333;font-family: myriad-pro, Helvetica Neue, Helvetica, Arial\"><b>Local<\/b>: C\u00e2mara Municipal de S\u00e3o Paulo &#8211; Pal\u00e1cio Anchieta Viaduto Jacare\u00ed, 100;<\/span><\/div>\n<div>\n<p><span style=\"color: #333333;font-family: myriad-pro, Helvetica Neue, Helvetica, Arial\"><b>Modalidade<\/b>: Presencial.<\/span><\/p>\n<p><b>P\u00fablico-alvo:\u00a0<\/b>Assessores parlamentares e demais interessados em pol\u00edticas p\u00fablicas<\/p>\n<\/div>\n<div>\n<p><strong>CERTIFICA\u00c7\u00c3O:<\/strong><\/p>\n<p>Somente com a presen\u00e7a aferida mediante check in na entrada da sala do evento.<\/p>\n<p><strong>PROGRAMA\u00c7\u00c3O:<\/strong><\/p>\n<p><strong>PROGRAMA\u00c7\u00c3O:<\/strong><\/p>\n<p><i><b>1-\u00a0<span style=\"color: #333333\">Apresenta\u00e7\u00e3o\/ A\u00a0<\/span><span style=\"color: #333333\">din\u00e2mica pol\u00edtico-institucional do munic\u00edpio\u00a0<\/span><\/b><\/i><\/p>\n<ul>\n<li>10 de mar\u00e7o<\/li>\n<li>Sala S\u00e9rgio Vieira de Mello &#8211; CMSP<\/li>\n<li>Palestrante: Roberto Noritomi<\/li>\n<\/ul>\n<p><b><span style=\"color: #333333\">2-\u00a0\u00a0<\/span><i>Pol\u00edtica urbana e organiza\u00e7\u00e3o territorial: plano diretor, zoneamento e prote\u00e7\u00e3o ambiental;<\/i><\/b><\/p>\n<ul>\n<li>14 de mar\u00e7o<\/li>\n<li><span style=\"color: #333333\">Sala S\u00e9rgio Vieira de Mello &#8211; CMSP<\/span><\/li>\n<li>Palestrantes: Carlos Minoru Morinaga; Pedro Santos; Jos\u00e9 Carlos Gomes Alves<\/li>\n<\/ul>\n<p><b><span style=\"color: #333333\">3-\u00a0<\/span> A<i>ssist\u00eancia social: organiza\u00e7\u00e3o institucional e normativa;<\/i><\/b><\/p>\n<ul>\n<li><span style=\"color: #333333\">17\u00a0<\/span>de mar\u00e7o<\/li>\n<li><span style=\"color: #333333\">Sala Tiradentes\u00a0 &#8211; CMSP<\/span><\/li>\n<li>Palestrante: Fernanda Motta<\/li>\n<\/ul>\n<p><b><span style=\"color: #333333\">4-\u00a0<\/span><i>Educa\u00e7\u00e3o e cultura: organiza\u00e7\u00e3o institucional e normativa (LDB, PNC e legisla\u00e7\u00e3o preserva\u00e7\u00e3o e de incentivo);<\/i><\/b><\/p>\n<ul>\n<li><span style=\"color: #333333\">21\u00a0<\/span>de mar\u00e7o<\/li>\n<li><span style=\"color: #333333\">Sala S\u00e9rgio Vieira de Mello &#8211; CMSP<\/span><\/li>\n<li>Palestrantes: Edinei Guskuma; Roberto Noritomi<\/li>\n<\/ul>\n<p><b><span style=\"color: #333333\">5-\u00a0<\/span>\u00a0<i>Sistema vi\u00e1rio e rela\u00e7\u00f5es comerciais: circuitos e fluxos de pessoas, servi\u00e7os e bens;<\/i><\/b><\/p>\n<ul>\n<li>24 de mar\u00e7o<\/li>\n<li>Sala S\u00e9rgio Vieira de Mello &#8211; CMSP<\/li>\n<li>Palestrante: Jos\u00e9 Guimar Cocco Junior<\/li>\n<\/ul>\n<p><b><span style=\"color: #333333\">6-\u00a0<\/span> Sistema \u00danico de Sa\u00fade<i>;<\/i><\/b><\/p>\n<ul>\n<li>28 de mar\u00e7o<\/li>\n<li>Sala S\u00e9rgio Vieira de Mello &#8211; CMSP<\/li>\n<li>Palestrante: M\u00f4nica Lilia Grippo<\/li>\n<\/ul>\n<p><b><span style=\"color: #333333\">7 &#8211;\u00a0\u00a0<i>Direitos humanos e aten\u00e7\u00e3o \u00e0 popula\u00e7\u00e3o em situa\u00e7\u00e3o de vulnerabilidade social (PNDH, PPD, etc);<\/i><\/span><\/b><\/p>\n<ul>\n<li>31 de mar\u00e7o<\/li>\n<li>Sala S\u00e9rgio Vieira de Mello &#8211; CMSP<\/li>\n<li>Palestrante: Alan Rodrigues Dias<\/li>\n<\/ul>\n<p><b>\u00a08 &#8211; <i>A gest\u00e3o p\u00fablica e a sociedade civil: participa\u00e7\u00e3o e controle social (conselhos de direitos e de pol\u00edticas).<\/i><\/b><\/p>\n<ul>\n<li>04 de abril<\/li>\n<li>Sala S\u00e9rgio Vieira de Mello &#8211; CMSP<\/li>\n<li>Palestrante: Roberto Noritomi<\/li>\n<\/ul>\n<\/div>\n","protected":false},"excerpt":{"rendered":"<p>A Escola do Parlamento e a\u00a0 Consultoria t\u00e9cnica legislativa (SGP 5) realizar\u00e3o, nos dias 10 a 31 de mar\u00e7o, todas \u00e0s segundas e sextas-feiras, o curso A Din\u00e2mica Normativa e Institucional do Munic\u00edpio. O curso se dedica a apresentar aspectos b\u00e1sicos do ordenamento institucional e normativo municipal, com \u00eanfase nas \u00e1reas de sa\u00fade, educa\u00e7\u00e3o e [&hellip;]<\/p>\n","protected":false},"author":731,"featured_media":0,"parent":29358,"menu_order":32,"comment_status":"closed","ping_status":"closed","template":"","meta":{"_acf_changed":false,"footnotes":""},"class_list":["post-29279","page","type-page","status-publish","hentry"],"acf":[],"_links":{"self":[{"href":"https:\/\/www.saopaulo.sp.leg.br\/escoladoparlamento\/wp-json\/wp\/v2\/pages\/29279","targetHints":{"allow":["GET"]}}],"collection":[{"href":"https:\/\/www.saopaulo.sp.leg.br\/escoladoparlamento\/wp-json\/wp\/v2\/pages"}],"about":[{"href":"https:\/\/www.saopaulo.sp.leg.br\/escoladoparlamento\/wp-json\/wp\/v2\/types\/page"}],"author":[{"embeddable":true,"href":"https:\/\/www.saopaulo.sp.leg.br\/escoladoparlamento\/wp-json\/wp\/v2\/users\/731"}],"replies":[{"embeddable":true,"href":"https:\/\/www.saopaulo.sp.leg.br\/escoladoparlamento\/wp-json\/wp\/v2\/comments?post=29279"}],"version-history":[{"count":0,"href":"https:\/\/www.saopaulo.sp.leg.br\/escoladoparlamento\/wp-json\/wp\/v2\/pages\/29279\/revisions"}],"up":[{"embeddable":true,"href":"https:\/\/www.saopaulo.sp.leg.br\/escoladoparlamento\/wp-json\/wp\/v2\/pages\/29358"}],"wp:attachment":[{"href":"https:\/\/www.saopaulo.sp.leg.br\/escoladoparlamento\/wp-json\/wp\/v2\/media?parent=29279"}],"curies":[{"name":"wp","href":"https:\/\/api.w.org\/{rel}","templated":true}]}}