{"id":29161,"date":"2024-06-27T13:26:29","date_gmt":"2024-06-27T16:26:29","guid":{"rendered":"https:\/\/www.saopaulo.sp.leg.br\/escoladoparlamento\/?page_id=29161"},"modified":"2024-12-02T12:26:06","modified_gmt":"2024-12-02T15:26:06","slug":"a-cidade-constitucional-e-organica-2o-semestre-de-2024","status":"publish","type":"page","link":"https:\/\/www.saopaulo.sp.leg.br\/escoladoparlamento\/cursos\/cursos-anteriores\/cursos-realizados-em-2024\/a-cidade-constitucional-e-organica-2o-semestre-de-2024\/","title":{"rendered":"A Cidade Constitucional e Org\u00e2nica &#8211; 2\u00ba semestre de 2024"},"content":{"rendered":"<article id=\"post-1720\" class=\"post-1720 servicos type-servicos status-publish hentry keywords-s-aluno-especial keywords-s-alunos-graduacao keywords-s-disciplinas-avulsas categorias-s-cursos-e-atividades-de-ensino-usp post\">\n<div class=\"corp-content-wrapper\">\n<div class=\"entry-content\">\n<h3><strong>ATEN\u00c7\u00c3O:<\/strong><\/h3>\n<h3 class=\"entry-title\"><a href=\"http:\/\/www5.each.usp.br\/wp-content\/uploads\/2024\/07\/RESULTADO-Aluno-Especial-2%C2%B0-Sem-2024.xlsx\"><span style=\"color: #ff0000\">VEJA AQUI<\/span><\/a> O RESULTADO DAS INSCRI\u00c7\u00d5ES \u2013 Aluno Especial \u2013 Gradua\u00e7\u00e3o \u2013 2\u00b0 Semestre de 2024<\/h3>\n<p><em>Publicado em 23\/07 em <a href=\"http:\/\/www5.each.usp.br\/avisos-graduacao\/inscricoes-para-estudantes-especiais-2-2024\/\">http:\/\/www5.each.usp.br\/avisos-graduacao\/inscricoes-para-estudantes-especiais-2-2024\/<\/a><\/em><\/p>\n<p><strong><em>As matr\u00edculas ser\u00e3o realizadas nos dias 01 e 02 de Agosto pelo servi\u00e7o de gradua\u00e7\u00e3o da escola. Os contatos ser\u00e3o enviados para os docentes respons\u00e1veis pela disciplina. Em caso de d\u00favidas entrar em contato por email (sgradua\u00e7\u00e3o-each@usp.br) ou pelo telefone (11) 3091-1004.<br \/>\nAs aulas desta disciplina ter\u00e3o in\u00edcio em 14 de agosto na C\u00e2mara Municipal de S\u00e3o Paulo.<\/em><\/strong><\/p>\n<hr \/>\n<h3><\/h3>\n<h3>Disciplina de Gradua\u00e7\u00e3o do Curso de Gest\u00e3o de Politicas P\u00fablicas da EACH-USP<\/h3>\n<\/div>\n<\/div>\n<\/article>\n<p><em>A Cidade Constitucional e Org\u00e2nica<\/em>\u00a0\u00e9 uma disciplina de campo com uma proposta did\u00e1tico-pedag\u00f3gica que visa aproximar o aluno das institui\u00e7\u00f5es do Estado Democr\u00e1tico de Direito a partir de sua observa\u00e7\u00e3o\u00a0<em>in loco<\/em>.<\/p>\n<p><strong>Com o apoio da Escola do Parlamento, ela \u00e9 regularmente oferecida no \u00e2mbito da C\u00e2mara, tendo como foco a estrutura e o funcionamento do Poder Legislativo Municipal.<\/strong><\/p>\n<p>&nbsp;<\/p>\n<p><strong>OBJETIVOS:<\/strong><\/p>\n<p>Preparar para o exerc\u00edcio da cidadania pelo ensino com extens\u00e3o e pesquisa do direito constitucional e da gest\u00e3o de pol\u00edticas p\u00fablicas de compet\u00eancia dos entes, entidades e \u00f3rg\u00e3os dos poderes da Rep\u00fablica. Como m\u00e9todo, reaplic\u00e1vel portanto, busca superar as no\u00e7\u00f5es tradicionais do processo de ensino e aprendizagem, notadamente pautado pela ideia de grade, disciplina, prova, parede da sala e limitada aos muros da universidade. Valorizar dados e informa\u00e7\u00f5es, conhecimento expresso e t\u00e1cito, diretamente dos agentes, servidores, empregados que podem descrever as estruturas e o funcionamento de programas, projetos, atividades e a\u00e7\u00f5es, bem como indicadores de efici\u00eancia e efetividade da pol\u00edtica p\u00fablica estudada.<\/p>\n<p>&nbsp;<\/p>\n<p><strong>PROGRAMA\u00c7\u00c3O<\/strong><\/p>\n<p>Os encontros acontecem no Pal\u00e1cio Anchieta, sede da\u00a0<a href=\"https:\/\/www.google.com\/maps\/place\/C%C3%A2mara+Municipal+de+S%C3%A3o+Paulo+-+Pal%C3%A1cio+Anchieta\/@-23.5506557,-46.6436629,17z\/data=!3m1!5s0x94cf211daeec9dcb:0xff6430902b59c19b!4m10!1m2!2m1!1sc%C3%A2mara+municipal+de+s%C3%A3o+paulo!3m6!1s0x94ce59ad4e919fa1:0x8b4970d9095ec081!8m2!3d-23.5506143!4d-46.6410749!15sCh9jw6JtYXJhIG11bmljaXBhbCBkZSBzw6NvIHBhdWxvkgEQZGlzdHJpY3RfY291bmNpbOABAA!16s%2Fg%2F1tcy5fh3?authuser=0&amp;entry=ttu\">C\u00e2mara Municipal de S\u00e3o Paulo<\/a>, sempre \u00e0s quartas-feiras a partir de 14 de agosto. das 10h \u00e0s 14h.<\/p>\n<p>&nbsp;<\/p>\n<p><strong>30 VAGAS<\/strong><\/p>\n<p>&nbsp;<\/p>\n<p><strong>CARGA HOR\u00c1RIA TOTAL<\/strong><\/p>\n<p>90 horas<\/p>\n<p>O aluno que completar a carga hor\u00e1ria da disciplina receber\u00e1 o certificado de aluno especial pela EACH-USP.<\/p>\n<p>&nbsp;<\/p>\n<p><strong>INSCRI\u00c7\u00d5ES PARA ESTUDANTES ESPECIAIS (EACH-USP)\u2013 2\u00b0 Semestre de 2024<\/strong><\/p>\n<p><em><b>Estudante Especial de Gradua\u00e7\u00e3o<\/b>\u00a0(<a href=\"https:\/\/leginf.usp.br\/?resolucao=resolucao-cog-no-3757-de-13-de-dezembro-de1990\">Resolu\u00e7\u00e3o CoG 3757 de 13\/12\/1990<\/a>) \u00e9 aquele que, n\u00e3o estando regularmente matriculado em um curso de Gradua\u00e7\u00e3o da USP, recebe autoriza\u00e7\u00e3o para se matricular em uma ou mais disciplinas isoladas em um determinado per\u00edodo letivo, conforme oferecimento de vagas predeterminadas pelas Comiss\u00f5es Coordenadoras de cada curso.<\/em><\/p>\n<p>&nbsp;<\/p>\n<p><strong>DOCUMENTOS NECESS\u00c1RIOS PARA A INSCRI\u00c7\u00c3O:<\/strong><\/p>\n<ul>\n<li>Certificado de Conclus\u00e3o e Hist\u00f3rico Escolar do Ensino M\u00e9dio<\/li>\n<li>Documento de Identidade (RG ou, quando estrangeiro, RNE) \u2013 c\u00f3pia simples acompanhada do original ou c\u00f3pia autenticada (quando solicitado presencialmente)<\/li>\n<li><a href=\"http:\/\/www5.each.usp.br\/wp-content\/uploads\/2024\/02\/Req-Matr%C3%ADcula-Aluno-Especial-GRADUA%C3%87%C3%83O-2-Sem-2024-2.docx\">Requerimento de Matr\u00edcula<\/a><\/li>\n<\/ul>\n<p style=\"padding-left: 80px\">DADOS PARA O PREENCHIMENTO DO REQUERIMENTO<br \/>\nsigla: ACH3867<br \/>\ndisciplina: A Cidade Constitucional e Org\u00e2nica<br \/>\nhor\u00e1rio: Qua 10h &#8211; 14h)<\/p>\n<p>&nbsp;<\/p>\n<p>&nbsp;<\/p>\n<h3><strong>As inscri\u00e7\u00f5es ser\u00e3o realizadas de\u00a001 a 10 de Julho de 2024,\u00a0em duas modalidades:<\/strong><\/h3>\n<ul>\n<li>Presencialmente, das\u00a0<em>09h \u00e0s 13h e das 16h \u00e0s 18h<\/em>, no Servi\u00e7o de Gradua\u00e7\u00e3o da EACH-USP, de 01<em>\u00a0a 10 de julho de 2024<\/em>, munido dos documentos necess\u00e1rios.<\/li>\n<li>Envio do\u00a0<a href=\"http:\/\/www5.each.usp.br\/wp-content\/uploads\/2023\/07\/Req-Matr%C3%ADcula-Aluno-Especial-GRADUA%C3%87%C3%83O-1-Sem-2024.docx\">requerimento de matr\u00edcula<\/a>\u00a0<strong>com\u00a0<em>assinatura digital eletr\u00f4nica reconhecida simples<\/em><\/strong>\u00a0(<a href=\"http:\/\/www5.each.usp.br\/wp-content\/uploads\/2023\/02\/L14063.pdf\">Lei 14.063 de 23\/09\/2020<\/a>) e documentos necess\u00e1rios (formato .pdf, n\u00e3o-pesquis\u00e1vel) para o e-mail <strong>sgraduacao-each@usp.br<\/strong> intitulado <strong>\u201cInscri\u00e7\u00e3o Aluno Especial \u2013 2\u00b0 Semestre de 2024\u201d<\/strong> , das\u00a0<em><strong>00h00 de 01 de Julho de 2024 at\u00e9 \u00e0s 23h59 de 10 de Julho de 2024<\/strong>.<\/em><\/li>\n<\/ul>\n<p>Sugest\u00e3o de plataforma para\u00a0<em>assinatura digital reconhecida simples:\u00a0<\/em><a href=\"https:\/\/www.gov.br\/governodigital\/pt-br\/assinatura-eletronica\">GOV.BR<\/a><\/p>\n<p><strong><span style=\"color: #ff0000\">N\u00e3o ser\u00e3o aceitos requerimentos sem assinatura digital eletr\u00f4nica conhecida<\/span><br \/>\n<\/strong><\/p>\n<p><strong>Crit\u00e9rio de desempate:<\/strong> Em casos de maior n\u00famero de inscritos em rela\u00e7\u00e3o \u00e0s vagas disponibilizadas nas disciplinas, o crit\u00e9rio de desempate utilizado ser\u00e1 o de maior idade (ano, m\u00eas e dia).<\/p>\n<h3><strong>As matr\u00edculas ser\u00e3o realizadas no sistema J\u00fapiter nos dias 01 e 02 de Agosto de 2024 pelo servi\u00e7o de gradua\u00e7\u00e3o\u00a0<\/strong><\/h3>\n<p><span style=\"color: #ff0000\"><strong>N\u00e3o ser\u00e3o aceitas, em hip\u00f3tese alguma, as inscri\u00e7\u00f5es dos candidatos que n\u00e3o apresentarem os documentos exigidos acima; nem pedidos fora do prazo de inscri\u00e7\u00e3o.<\/strong><\/span><\/p>\n<p>&nbsp;<\/p>\n<h3>Informa\u00e7\u00f5es \u2013 EACH-USP telefones (11) 3091-1004 \/ 1044<\/h3>\n<h3>Para atualiza\u00e7\u00f5es sobre os procedimentos de inscri\u00e7\u00e3o e matr\u00edcula, recomendamos acessar\u00a0<a href=\"http:\/\/www5.each.usp.br\/avisos-graduacao\/\">http:\/\/www5.each.usp.br\/avisos-graduacao\/<\/a><\/h3>\n<p>&nbsp;<\/p>\n<p><strong>DOCENTE:<\/strong><\/p>\n<p><strong>Prof. Dr. Marcelo Arno Nerling<\/strong>\u00a0\u2013\u00a0<em>Bacharel em direito, especialista em pedagogia universit\u00e1ria, mestre em institui\u00e7\u00f5es jur\u00eddico pol\u00edticas, doutor em direito do Estado e p\u00f3s-doutor em engenharia e gest\u00e3o do conhecimento, o Professor Nerling adotou a ci\u00eancia por voca\u00e7\u00e3o. Emprega metodologias ativas e flexibiliza\u00e7\u00e3o curricular na educa\u00e7\u00e3o continuada de adultos, preparando para o exerc\u00edcio da cidadania na universidade necess\u00e1ria. Ocupa um cargo de provimento efetivo na Universidade de S\u00e3o Paulo. Na gradua\u00e7\u00e3o, est\u00e1 vinculado ao Projeto Pol\u00edtico Pedag\u00f3gico do Curso de Gest\u00e3o de Pol\u00edticas P\u00fablicas na Escola de Artes, Ci\u00eancias e Humanidades. Na p\u00f3s-gradua\u00e7\u00e3o comp\u00f5e o Programa Interdisciplinar em Humanidades, Direitos e Outras Legitimidades, da Faculdade de Filosofia, Letras e Ci\u00eancias Humanas. Com ensino, pesquisa e extens\u00e3o, estuda, formula, implementa e avalia a gest\u00e3o de pol\u00edticas p\u00fablicas. Lente do direito, com vontade de Constitui\u00e7\u00e3o, promove o di\u00e1logo interdisciplinar colaborativo na cidade constitucional.<\/em><\/p>\n","protected":false},"excerpt":{"rendered":"<p>ATEN\u00c7\u00c3O: VEJA AQUI O RESULTADO DAS INSCRI\u00c7\u00d5ES \u2013 Aluno Especial \u2013 Gradua\u00e7\u00e3o \u2013 2\u00b0 Semestre de 2024 Publicado em 23\/07 em http:\/\/www5.each.usp.br\/avisos-graduacao\/inscricoes-para-estudantes-especiais-2-2024\/ As matr\u00edculas ser\u00e3o realizadas nos dias 01 e 02 de Agosto pelo servi\u00e7o de gradua\u00e7\u00e3o da escola. Os contatos ser\u00e3o enviados para os docentes respons\u00e1veis pela disciplina. Em caso de d\u00favidas entrar em [&hellip;]<\/p>\n","protected":false},"author":522,"featured_media":0,"parent":28919,"menu_order":36,"comment_status":"closed","ping_status":"closed","template":"","meta":{"_acf_changed":false,"footnotes":""},"class_list":["post-29161","page","type-page","status-publish","hentry"],"acf":[],"_links":{"self":[{"href":"https:\/\/www.saopaulo.sp.leg.br\/escoladoparlamento\/wp-json\/wp\/v2\/pages\/29161","targetHints":{"allow":["GET"]}}],"collection":[{"href":"https:\/\/www.saopaulo.sp.leg.br\/escoladoparlamento\/wp-json\/wp\/v2\/pages"}],"about":[{"href":"https:\/\/www.saopaulo.sp.leg.br\/escoladoparlamento\/wp-json\/wp\/v2\/types\/page"}],"author":[{"embeddable":true,"href":"https:\/\/www.saopaulo.sp.leg.br\/escoladoparlamento\/wp-json\/wp\/v2\/users\/522"}],"replies":[{"embeddable":true,"href":"https:\/\/www.saopaulo.sp.leg.br\/escoladoparlamento\/wp-json\/wp\/v2\/comments?post=29161"}],"version-history":[{"count":0,"href":"https:\/\/www.saopaulo.sp.leg.br\/escoladoparlamento\/wp-json\/wp\/v2\/pages\/29161\/revisions"}],"up":[{"embeddable":true,"href":"https:\/\/www.saopaulo.sp.leg.br\/escoladoparlamento\/wp-json\/wp\/v2\/pages\/28919"}],"wp:attachment":[{"href":"https:\/\/www.saopaulo.sp.leg.br\/escoladoparlamento\/wp-json\/wp\/v2\/media?parent=29161"}],"curies":[{"name":"wp","href":"https:\/\/api.w.org\/{rel}","templated":true}]}}