{"id":28879,"date":"2024-01-31T15:28:44","date_gmt":"2024-01-31T18:28:44","guid":{"rendered":"https:\/\/www.saopaulo.sp.leg.br\/escoladoparlamento\/?page_id=28879"},"modified":"2024-11-19T17:38:12","modified_gmt":"2024-11-19T20:38:12","slug":"assembleias-cidadas-inovacao-democratica-na-pratica","status":"publish","type":"page","link":"https:\/\/www.saopaulo.sp.leg.br\/escoladoparlamento\/cursos\/ead\/assembleias-cidadas-inovacao-democratica-na-pratica\/","title":{"rendered":"Assembleias Cidad\u00e3s &#8211; Inova\u00e7\u00e3o Democr\u00e1tica na Pr\u00e1tica"},"content":{"rendered":"<h4><strong>Este \u00e9 o primeiro curso da Escola do Parlamento oferecido na modalidade EAD de autoinstru\u00e7\u00e3o, sem tutoria e com emiss\u00e3o de certificado.<\/strong><br \/>\n<strong>Pessoas de todas as regi\u00f5es do Brasil podem se inscrever.<\/strong><\/h4>\n<p>&nbsp;<\/p>\n<p><em>Assembleias Cidad\u00e3s: inova\u00e7\u00e3o democr\u00e1tica na pr\u00e1tica<\/em> foi uma atividade que aconteceu no primeiro semestre de 2023 ofertada numa parceria entre a <em>Delibera Brasil<\/em> e a <em>Escola do Parlamento<\/em>. \u00c0 \u00e9poca, muitos participaram, cumpriram a carga hor\u00e1ria e os 4 m\u00f3dulos, obtiveram o certificado e est\u00e3o atualmente replicando e compartilhando o conte\u00fado apreendido.<\/p>\n<p>&nbsp;<\/p>\n<p>Mas se voc\u00ea n\u00e3o conseguiu fazer o curso \u00e0 \u00e9poca, pode agora faz\u00ea-lo remotamente a qualquer momento, clicando <a href=\"https:\/\/www.escolavirtual.gov.br\/curso\/1031\">AQUI<\/a>.<\/p>\n<p>&nbsp;<\/p>\n<p>O acesso \u00e9 livre e gratuito e as inscri\u00e7\u00f5es estar\u00e3o abertas permanentemente.<\/p>\n<p>&nbsp;<\/p>\n<p><strong>P\u00daBLICO-ALVO<\/strong><\/p>\n<p>Vereadores, assessores parlamentares, secret\u00e1rios e outros funcion\u00e1rios do Legislativo, gestores de organiza\u00e7\u00f5es sociais, facilitadores de processos participativos. Servidores p\u00fablicos de qualquer esfera e poder. Curso aberto, qualquer interessado pode se inscrever.<\/p>\n<p>&nbsp;<\/p>\n<p><strong>CARGA HOR\u00c1RIA<\/strong><\/p>\n<p>30 horas<\/p>\n<p>&nbsp;<\/p>\n<p><strong>CONTE\u00daDO PROGRAM\u00c1TICO<\/strong><br \/>\nM\u00f3dulo 1: O que s\u00e3o e como funcionam as Assembleias Cidad\u00e3s<br \/>\nM\u00f3dulo 2: Planejando uma Assembleia Cidad\u00e3;<br \/>\nM\u00f3dulo 3: Realizando a Assembleia Cidad\u00e3;<br \/>\nM\u00f3dulo 4: Resultados e Aprendizados da Assembleia Cidad\u00e3.<\/p>\n<p>&nbsp;<\/p>\n","protected":false},"excerpt":{"rendered":"<p>Este \u00e9 o primeiro curso da Escola do Parlamento oferecido na modalidade EAD de autoinstru\u00e7\u00e3o, sem tutoria e com emiss\u00e3o de certificado. Pessoas de todas as regi\u00f5es do Brasil podem se inscrever. &nbsp; Assembleias Cidad\u00e3s: inova\u00e7\u00e3o democr\u00e1tica na pr\u00e1tica foi uma atividade que aconteceu no primeiro semestre de 2023 ofertada numa parceria entre a Delibera [&hellip;]<\/p>\n","protected":false},"author":522,"featured_media":0,"parent":9222,"menu_order":56,"comment_status":"closed","ping_status":"closed","template":"","meta":{"_acf_changed":false,"footnotes":""},"class_list":["post-28879","page","type-page","status-publish","hentry"],"acf":[],"_links":{"self":[{"href":"https:\/\/www.saopaulo.sp.leg.br\/escoladoparlamento\/wp-json\/wp\/v2\/pages\/28879","targetHints":{"allow":["GET"]}}],"collection":[{"href":"https:\/\/www.saopaulo.sp.leg.br\/escoladoparlamento\/wp-json\/wp\/v2\/pages"}],"about":[{"href":"https:\/\/www.saopaulo.sp.leg.br\/escoladoparlamento\/wp-json\/wp\/v2\/types\/page"}],"author":[{"embeddable":true,"href":"https:\/\/www.saopaulo.sp.leg.br\/escoladoparlamento\/wp-json\/wp\/v2\/users\/522"}],"replies":[{"embeddable":true,"href":"https:\/\/www.saopaulo.sp.leg.br\/escoladoparlamento\/wp-json\/wp\/v2\/comments?post=28879"}],"version-history":[{"count":0,"href":"https:\/\/www.saopaulo.sp.leg.br\/escoladoparlamento\/wp-json\/wp\/v2\/pages\/28879\/revisions"}],"up":[{"embeddable":true,"href":"https:\/\/www.saopaulo.sp.leg.br\/escoladoparlamento\/wp-json\/wp\/v2\/pages\/9222"}],"wp:attachment":[{"href":"https:\/\/www.saopaulo.sp.leg.br\/escoladoparlamento\/wp-json\/wp\/v2\/media?parent=28879"}],"curies":[{"name":"wp","href":"https:\/\/api.w.org\/{rel}","templated":true}]}}