{"id":28816,"date":"2023-11-13T14:00:50","date_gmt":"2023-11-13T17:00:50","guid":{"rendered":"https:\/\/www.saopaulo.sp.leg.br\/escoladoparlamento\/?page_id=28816"},"modified":"2024-01-10T17:33:23","modified_gmt":"2024-01-10T20:33:23","slug":"lancamento-da-revista-da-procuradoria-legislativa-da-camara-municipal-de-sao-paulo","status":"publish","type":"page","link":"https:\/\/www.saopaulo.sp.leg.br\/escoladoparlamento\/cursos\/cursos-anteriores\/cursos-realizados-em-2023\/lancamento-da-revista-da-procuradoria-legislativa-da-camara-municipal-de-sao-paulo\/","title":{"rendered":"Lan\u00e7amento da Revista da Procuradoria Legislativa da C\u00e2mara Municipal de S\u00e3o Paulo"},"content":{"rendered":"<p>Criado com o objetivo de promover o aperfei\u00e7oamento\u00a0e forma\u00e7\u00e3o continuada atrav\u00e9s de atividades que visem a integra\u00e7\u00e3o, consolida\u00e7\u00e3o e troca de experi\u00eancias, o\u00a0<em>CELEG &#8211; <\/em><em>Centro de Estudos Legislativos da Procuradoria da C\u00e2mara Municipal<\/em> apresenta, em parceria com a Escola do Parlamento, a nova edi\u00e7\u00e3o da Revista da Procuradoria Legislativa da C\u00e2mara Municipal de S\u00e3o Paulo.<\/p>\n<h3><\/h3>\n<h3>Data: 05 de dezembro<\/h3>\n<h3>Hor\u00e1rio: 15h \u00e0s 17h<\/h3>\n<h3>Audit\u00f3rio Prestes Maia &#8211; CMSP<\/h3>\n<h3><\/h3>\n<p>&nbsp;<\/p>\n<p><b>Estrutura da atividade:<\/b><\/p>\n<p>O evento ser\u00e1 realizado na modalidade presencial no dia 05 de dezembro, das 15 \u00e0s 17 horas, no Audit\u00f3rio Prestes Maia, 1\u00ba andar do Pal\u00e1cio Anchieta, sede da C\u00e2mara Municipal de S\u00e3o Paulo e\u00a0 tamb\u00e9m ter\u00e1 transmiss\u00e3o simult\u00e2nea no canal do YouTube da CMSP.<\/p>\n<p>&nbsp;<\/p>\n<p><b>Certifica\u00e7\u00e3o:<\/b><\/p>\n<p>Na modalidade PRESENCIAL mediante\u00a0<em>check in<\/em>\u00a0na recep\u00e7\u00e3o do evento; na modalidade ONLINE mediante preenchimento de formul\u00e1rio de rea\u00e7\u00e3o a ser enviado por e-mail aos inscritos.<\/p>\n<h3><\/h3>\n<h3>Inscri\u00e7\u00f5es: <span style=\"color: #ff0000\">encerradas<\/span><\/h3>\n<p>Reveja o lan\u00e7amento clicando <a href=\"https:\/\/www.youtube.com\/watch?v=DjTUN5xvksQ\">AQUI<\/a><\/p>\n<p>Baixe o seu exemplar clicando <a href=\"https:\/\/www.saopaulo.sp.leg.br\/wp-content\/uploads\/2023\/12\/revista_da_procuradoria_2023_WEB.pdf\">AQUI<\/a><\/p>\n<h3><\/h3>\n<p>&nbsp;<\/p>\n<h3><\/h3>\n<h3><strong><span style=\"color: #ff0000\">Programa\u00e7\u00e3o:<\/span><\/strong><\/h3>\n<p><strong>Mesa de Abertura &#8211; 15h<\/strong><\/p>\n<p><strong>Dr. Paulo Augusto Baccarin \u00bb <\/strong>Procurador-Geral Legislativo da C\u00e2mara Municipal de S\u00e3o Paulo.<br \/>\nGraduado em Direito pela Faculdade de Direito do Largo de S\u00e3o Francisco \u2013 USP (1992). Exerceu a fun\u00e7\u00e3o de Procurador Chefe da C\u00e2mara Municipal de S\u00e3o Paulo de 2013 a 2015. Exerceu a fun\u00e7\u00e3o de Secret\u00e1rio Administrativo Adjunto em 2015. Exerceu a fun\u00e7\u00e3o de Secret\u00e1rio Geral Administrativo em 2016.<\/p>\n<p>e demais autoridades a serem confirmadas<\/p>\n<hr \/>\n<p><strong>Intervalo \u2013<\/strong> <strong>15h45 \u00e0s 16h<\/strong><\/p>\n<hr \/>\n<p><strong>1\u00ba Painel \u2013 16h \u00e0s 16h30\u00a0<\/strong><\/p>\n<p><em>Atua\u00e7\u00e3o da Advocacia P\u00fablica \u00e0 Luz da Nova Lei de Licita\u00e7\u00f5es e Contratos Administrativos <\/em><strong>\u00bb<\/strong> <strong>Dra. Marcilene dos Santos Andrade<br \/>\n<\/strong>Procuradora Legislativa na C\u00e2mara Municipal de Diadema. Bacharel em Direito pela Universidade Cruzeiro do Sul (2005). Especialista em Direito Constitucional e Administrativo pela Escola Paulista de Direito (2010). Especialista em Gest\u00e3o P\u00fablica Municipal pela Universidade Federal de S\u00e3o Paulo (2015). P\u00f3s-Graduada em Direito P\u00fablico Municipal pela Escola Superior de Gest\u00e3o e Contas P\u00fablicas Conselheiro Eur\u00edpedes Sales (Escola de Contas do TCMSP) &#8211; em conclus\u00e3o. Cursando Mestrado Profissional em Poder Legislativo pela Escola da C\u00e2mara dos Deputados (Aluno Especial). Membro efetivo da Comiss\u00e3o da Advocacia P\u00fablica da Ordem dos Advogados do Brasil &#8211; Seccional S\u00e3o Paulo (Gest\u00e3o 2022-2024).<\/p>\n<p><em>O Planejamento na Nova Lei de Licita\u00e7\u00f5es e Contratos \u2013 Administrativos<\/em> <strong>\u00bb<\/strong> <strong>Dr. Renato Takashi Igarashi<br \/>\n<\/strong>Procurador Legislativo da C\u00e2mara Municipal de S\u00e3o Paulo. Graduado em Direito pela Faculdade de Direito do Largo de S\u00e3o Francisco \u2013 USP (2003) e Especialista em Direito Municipal pela Escola Paulista de Direito. Especialista em Direito Digital e Compliance pelo Instituto Dam\u00e1sio da Faculdade Ibmec\/SP.<\/p>\n<p>Conselhos de Representantes: Princ\u00edpio e Diretriz do Munic\u00edpio para a C\u00e2mara Municipal de S\u00e3o Paulo <strong>\u00bb<\/strong> <strong>Dr. Marcelo Arno Nerling<br \/>\n<\/strong>Bacharel em direito, especialista em pedagogia universit\u00e1ria, mestre em institui\u00e7\u00f5es jur\u00eddico-pol\u00edticas pela Universidade Federal de Santa Catarina. Doutor em direito do Estado e p\u00f3s-doutor em engenharia e gest\u00e3o do conhecimento. Ocupa cargo de provimento efetivo na Universidade de S\u00e3o Paulo. Doutor pela Pontif\u00edcia Universidade Cat\u00f3lica de S\u00e3o Paulo. Na gradua\u00e7\u00e3o \u00e9 vinculado ao Projeto Pol\u00edtico Pedag\u00f3gico do Curso de Gest\u00e3o de Pol\u00edticas P\u00fablicas na Escola de Artes, Ci\u00eancias e Humanidades. Na p\u00f3s-gradua\u00e7\u00e3o comp\u00f5e o Programa Interdisciplinar em Humanidades, Direitos e Outras Legitimidades, da Faculdade de Filosofia, Letras e Ci\u00eancias Humanas.<\/p>\n<p>Mediadora <strong>\u00bb<\/strong> <strong>Dra. Ieda Maria Ferreira Pires<br \/>\n<\/strong>Procuradora Legislativa da C\u00e2mara Municipal de S\u00e3o Paulo. Graduada em Direito pela Pontif\u00edcia Universidade Cat\u00f3lica de S\u00e3o Paulo (1996). Especialista em Direitos Humanos pela PUC-S\u00e3o Paulo. Exerceu o cargo de Procuradora Municipal de Mairipor\u00e3. Exerce a fun\u00e7\u00e3o de supervisora do setor Equipe de Sistematiza\u00e7\u00e3o de Assuntos Legislativos.<\/p>\n<hr \/>\n<p><strong>2\u00ba Painel \u2013 16h30 \u00e0s 17h<\/strong><\/p>\n<p><em>O Minist\u00e9rio P\u00fablico e o Poder Legislativo, institui\u00e7\u00f5es horizontais<\/em> <strong>\u00bb<\/strong> <strong>Dr. Ricardo Prado Pires de Campos<br \/>\n<\/strong>Bacharel em Direito pela Institui\u00e7\u00e3o Toledo de Ensino de Bauru (1983). Mestre em Direito pela Pontif\u00edcia Universidade Cat\u00f3lica de S\u00e3o Paulo (1999). Preside o MPD Movimento do Minist\u00e9rio P\u00fablico Democr\u00e1tico, associa\u00e7\u00e3o nacional de membros do Minist\u00e9rio P\u00fablico. Atua na Escola Superior do Minist\u00e9rio P\u00fablico do Estado de S\u00e3o Paulo. Trabalhou no Minist\u00e9rio P\u00fablico do Estado de S\u00e3o Paulo, como promotor e procurador de Justi\u00e7a (de 1984 a 2019). Possui experi\u00eancia na \u00e1rea de Direito, com \u00eanfase em Direito Penal, Processual Penal e Constitucional. Atua como professor, palestrante e comentarista em televis\u00e3o, r\u00e1dios e jornais.<\/p>\n<p><em>Compet\u00eancia Judicial nos Casos de Desvio de Recursos do SUS Transferidos aos Estados e aos Munic\u00edpios<\/em> <strong>\u00bb<\/strong> <strong>Dra. C\u00edntia Talarico Da Cruz Carrer<br \/>\n<\/strong>Procuradora Legislativa da CMSP, Graduada em Direito pela FMU- Faculdades Metropolitanas Unidas (1997). Exerceu o cargo de Procuradora Legislativa da C\u00e2mara Municipal de S\u00e3o Sebasti\u00e3o, e de Procuradora do Munic\u00edpio de S\u00e3o Jos\u00e9 dos Campos. P\u00f3s graduada em Direito Civil; Processo Civil e Direito Municipal. Mestre em Direito M\u00e9dico e da Sa\u00fade.<\/p>\n<p><em>O Princ\u00edpio da Veda\u00e7\u00e3o ao Retrocesso Ambiental no Direito Municipal: Uma Contribui\u00e7\u00e3o \u00e0 Luz do Governo Representativo e da Pondera\u00e7\u00e3o entre Princ\u00edpios Constitucionais<\/em> <strong>\u00bb<\/strong> <strong>Dr. Ricardo Teixeira Da Silva<br \/>\n<\/strong>Procurador Legislativo da C\u00e2mara Municipal de S\u00e3o Paulo. Mestre em Ci\u00eancia Pol\u00edtica (USP). Doutorando em Direito do Estado (USP).<\/p>\n<p>Mediadora: <strong>Dra. Juliana Tongu Reinhold<br \/>\n<\/strong>Graduada em Direito pela Faculdade de Direito do Largo de S\u00e3o Francisco \u2013 USP (2005). Especialista em Direito Penal e Processo Penal pela FADISP. Graduada em Hist\u00f3ria pela Faculdade de Filosofia, Letras e Ci\u00eancias Humanas \u2013 USP. Exerce a fun\u00e7\u00e3o de Supervisora do Setor de Elabora\u00e7\u00e3o Legislativa.<\/p>\n<p>&nbsp;<\/p>\n","protected":false},"excerpt":{"rendered":"<p>Criado com o objetivo de promover o aperfei\u00e7oamento\u00a0e forma\u00e7\u00e3o continuada atrav\u00e9s de atividades que visem a integra\u00e7\u00e3o, consolida\u00e7\u00e3o e troca de experi\u00eancias, o\u00a0CELEG &#8211; Centro de Estudos Legislativos da Procuradoria da C\u00e2mara Municipal apresenta, em parceria com a Escola do Parlamento, a nova edi\u00e7\u00e3o da Revista da Procuradoria Legislativa da C\u00e2mara Municipal de S\u00e3o Paulo. [&hellip;]<\/p>\n","protected":false},"author":522,"featured_media":0,"parent":28305,"menu_order":61,"comment_status":"closed","ping_status":"closed","template":"","meta":{"_acf_changed":false,"footnotes":""},"class_list":["post-28816","page","type-page","status-publish","hentry"],"acf":[],"_links":{"self":[{"href":"https:\/\/www.saopaulo.sp.leg.br\/escoladoparlamento\/wp-json\/wp\/v2\/pages\/28816","targetHints":{"allow":["GET"]}}],"collection":[{"href":"https:\/\/www.saopaulo.sp.leg.br\/escoladoparlamento\/wp-json\/wp\/v2\/pages"}],"about":[{"href":"https:\/\/www.saopaulo.sp.leg.br\/escoladoparlamento\/wp-json\/wp\/v2\/types\/page"}],"author":[{"embeddable":true,"href":"https:\/\/www.saopaulo.sp.leg.br\/escoladoparlamento\/wp-json\/wp\/v2\/users\/522"}],"replies":[{"embeddable":true,"href":"https:\/\/www.saopaulo.sp.leg.br\/escoladoparlamento\/wp-json\/wp\/v2\/comments?post=28816"}],"version-history":[{"count":0,"href":"https:\/\/www.saopaulo.sp.leg.br\/escoladoparlamento\/wp-json\/wp\/v2\/pages\/28816\/revisions"}],"up":[{"embeddable":true,"href":"https:\/\/www.saopaulo.sp.leg.br\/escoladoparlamento\/wp-json\/wp\/v2\/pages\/28305"}],"wp:attachment":[{"href":"https:\/\/www.saopaulo.sp.leg.br\/escoladoparlamento\/wp-json\/wp\/v2\/media?parent=28816"}],"curies":[{"name":"wp","href":"https:\/\/api.w.org\/{rel}","templated":true}]}}