{"id":28785,"date":"2023-10-16T15:05:01","date_gmt":"2023-10-16T18:05:01","guid":{"rendered":"https:\/\/www.saopaulo.sp.leg.br\/escoladoparlamento\/?page_id=28785"},"modified":"2023-11-29T11:52:33","modified_gmt":"2023-11-29T14:52:33","slug":"oficinas-de-agentes-de-governo-aberto","status":"publish","type":"page","link":"https:\/\/www.saopaulo.sp.leg.br\/escoladoparlamento\/cursos\/cursos-anteriores\/cursos-realizados-em-2023\/oficinas-de-agentes-de-governo-aberto\/","title":{"rendered":"Oficinas de Agentes de Governo Aberto"},"content":{"rendered":"<h3 class=\"post-title\"><strong>Uma parceria entre a Escola do Parlamento e a Coordena\u00e7\u00e3o de Governo Aberto da Cidade de S\u00e3o Paulo<\/strong><\/h3>\n<p><a href=\"https:\/\/www.saopaulo.sp.leg.br\/escoladoparlamento\/wp-content\/uploads\/sites\/5\/2022\/06\/Captura-de-Tela-2022-06-13-a\u0300s-18.32.00.png\"><img loading=\"lazy\" decoding=\"async\" class=\"alignnone wp-image-27721\" src=\"https:\/\/www.saopaulo.sp.leg.br\/escoladoparlamento\/wp-content\/uploads\/sites\/5\/2022\/06\/Captura-de-Tela-2022-06-13-a\u0300s-18.32.00-300x36.png\" alt=\"\" width=\"659\" height=\"79\" srcset=\"https:\/\/www.saopaulo.sp.leg.br\/escoladoparlamento\/wp-content\/uploads\/sites\/5\/2022\/06\/Captura-de-Tela-2022-06-13-a\u0300s-18.32.00-300x36.png 300w, https:\/\/www.saopaulo.sp.leg.br\/escoladoparlamento\/wp-content\/uploads\/sites\/5\/2022\/06\/Captura-de-Tela-2022-06-13-a\u0300s-18.32.00-1024x124.png 1024w, https:\/\/www.saopaulo.sp.leg.br\/escoladoparlamento\/wp-content\/uploads\/sites\/5\/2022\/06\/Captura-de-Tela-2022-06-13-a\u0300s-18.32.00-768x93.png 768w, https:\/\/www.saopaulo.sp.leg.br\/escoladoparlamento\/wp-content\/uploads\/sites\/5\/2022\/06\/Captura-de-Tela-2022-06-13-a\u0300s-18.32.00-1536x186.png 1536w, https:\/\/www.saopaulo.sp.leg.br\/escoladoparlamento\/wp-content\/uploads\/sites\/5\/2022\/06\/Captura-de-Tela-2022-06-13-a\u0300s-18.32.00-2048x247.png 2048w\" sizes=\"auto, (max-width: 659px) 100vw, 659px\" \/><\/a><\/p>\n<h2>25\/10 (quarta-feira) &#8211; 19h-21h30 &#8211; Online<\/h2>\n<h2><em>Discursos em disputa: conceitos e pr\u00e1ticas da cartografia social para mobiliza\u00e7\u00e3o e participa\u00e7\u00e3o<\/em><\/h2>\n<p><strong>Objetivo:<\/strong> A oficina visa introduzir o universo da cartografia social a partir dos conceitos de cartografia, territ\u00f3rio, mapeamento participativo e dados abertos e da produ\u00e7\u00e3o online.<\/p>\n<p><strong>Carga hor\u00e1ria:<\/strong> 2h30<\/p>\n<p><strong>Sobre o agente formador:<\/strong> Leonardo Rafael Musumeci \u00e9 arquiteto e urbanista, bacharel e licenciado em Filosofia, especialista em Meio Ambiente e Sociedade, doutorando em Sa\u00fade P\u00fablica, diretor adjunto IABsp, docente MBA Cidades e Inova\u00e7\u00f5es, bolsista CNPq.<\/p>\n<p><strong>Inscri\u00e7\u00f5es ENCERRADAS<\/strong><\/p>\n<p>&nbsp;<\/p>\n<h2>01\/11 (quarta-feira) &#8211; 19h-21h30 &#8211; Online<\/h2>\n<h2><em>Voc\u00ea Habita Sampa: Classificando e Caracterizando o territ\u00f3rio Utilizando o Habita Sampa Mapa<\/em><\/h2>\n<p><strong>Objetivo:<\/strong> Na oficina \u201cVoc\u00ea Habita Sampa: Classificando e caracterizando o territ\u00f3rio &#8211; Utilizando o Habita Sampa Mapa\u201d navegaremos no site \u201cHabita Sampa Mapa\u201d focando as camadas dispon\u00edveis na cartografia de forma a contextualiza-las; apresentaremos o zoneamento da cidade, segundo a legisla\u00e7\u00e3o vigente e indicaremos plataformas online correlatas ao tema para o aprofundamento e detalhamento do zoneamento da cidade de S\u00e3o Paulo.<\/p>\n<p><strong>Carga hor\u00e1ria:<\/strong> 2h30<\/p>\n<p><strong>Sobre a agente formadora:<\/strong> Denise Bergamo da Rosa \u00e9 especialista em Planejamento Urbano pela UNIFESP (2019), possui Aperfei\u00e7oamento em Controle Externo de Pol\u00edticas P\u00fablicas pelo TCMSP (2019), e \u00e9 Bacharelada em Servi\u00e7o Social pela Universidade Federal de Ouro Preto (2018).<\/p>\n<p><strong>Inscri\u00e7\u00f5es ENCERRADAS<\/strong><\/p>\n<p>&nbsp;<\/p>\n<h2>16\/11 (quinta-feira) &#8211; 19h-21h30 &#8211; Sala Oscar Pedroso Horta<\/h2>\n<h2><em>Comunica\u00e7\u00e3o Cidad\u00e3 360\u00b0: Ferramentas de Conex\u00e3o com o Poder P\u00fablico<\/em><\/h2>\n<p><strong>Objetivo:<\/strong> Comunica\u00e7\u00e3o Cidad\u00e3 360\u00b0&#8221; visa capacitar pessoas cidad\u00e3s a utilizarem as ferramentas de comunica\u00e7\u00e3o dispon\u00edveis para se conectarem com o poder p\u00fablico. Ser\u00e3o apresentados diversos canais.<\/p>\n<p><strong>Carga hor\u00e1ria:<\/strong> 2h30<\/p>\n<p><strong>Sobre o agente formador:<\/strong> Diego Galofero \u00e9 comunicador experiente em RP, palestrante em eventos como Campus Party e ALARP, analista de Employer Branding, com est\u00e1gio na ALESP e trabalho volunt\u00e1rio no Instituto Suma\u00fama.<\/p>\n<p><strong>Inscri\u00e7\u00f5es ENCERRADAS<\/strong><\/p>\n<p>&nbsp;<\/p>\n<h2>22\/11 (quarta-feira) &#8211; 19h-21h30 &#8211; Sala Oscar Pedroso Horta<\/h2>\n<h2><em>Construindo uma S\u00e3o Paulo mais sustent\u00e1vel: o uso da cidadania ativa e engajamento social <\/em><\/h2>\n<p><strong>Objetivo:<\/strong> Como garantir sociedades para os futuros cidad\u00e3os contemplando um desenvolvimento sustent\u00e1vel, que n\u00e3o esgote recursos ou afete capacidades de atendimento \u00e0s necessidades futuras? Para garantir uma sociedade futura com um desenvolvimento sustent\u00e1vel \u00e9 fundamental conhecer os caminhos para garantia de uma sociedade sustent\u00e1vel e seus mecanismos de reivindica\u00e7\u00e3o e express\u00e3o das demandas locais. Com essa oficina ser\u00e1 poss\u00edvel conhecer um pouco mais dos caminhos para o Desenvolvimento Sustent\u00e1vel, atrav\u00e9s da Agenda 2030, passando pela cria\u00e7\u00e3o deste plano at\u00e9 sua implementa\u00e7\u00e3o na cidade de S\u00e3o Paulo, e identificar espa\u00e7os de participa\u00e7\u00e3o social e implementa\u00e7\u00e3o de atividades para entendermos na pr\u00e1tica as rela\u00e7\u00f5es com as pol\u00edticas p\u00fablicas e impactos locais.<\/p>\n<p><strong>Carga hor\u00e1ria:<\/strong> 2h30<\/p>\n<p><strong>Sobre o agente formador:<\/strong> Guilherme Lamana \u00e9 Gestor de Pol\u00edticas P\u00fablicas e Mestrando em Educa\u00e7\u00e3o na USP. Foi Conselheiro Municipal e Nacional da Juventude, e representante da sociedade civil na Comiss\u00e3o Municipal ODS de S\u00e3o Paulo, colaborando na elabora\u00e7\u00e3o da Agenda Municipal 2030.<\/p>\n<p><strong>Inscri\u00e7\u00f5es ENCERRADAS<\/strong><\/p>\n<p>&nbsp;<\/p>\n<p><strong><em>O link de acesso para as oficinas online ser\u00e1 enviado para cada inscrito atrav\u00e9s do formul\u00e1rio de inscri\u00e7\u00e3o.<\/em><\/strong><\/p>\n<p><em><strong>Para receber o certificado, voc\u00ea dever\u00e1 preencher o formul\u00e1rio de avalia\u00e7\u00e3o que ser\u00e1 disponibilizado pelo(a) agente ao final da oficina.<\/strong><\/em><\/p>\n<p>&nbsp;<\/p>\n<p>Veja aqui a entrevista que o Diretor-Presidente da Escola do Parlamento, Gustavo Costa Dias, concedeu ao Jornal da C\u00e2mara, falando sobre as Oficinas:<\/p>\n<p><iframe loading=\"lazy\" title=\"Escola do Parlamento oferece Oficina de Cartografia nesta quarta (25)\" width=\"640\" height=\"360\" src=\"https:\/\/www.youtube.com\/embed\/d2vYPjbw3GY?feature=oembed\" frameborder=\"0\" allow=\"accelerometer; autoplay; clipboard-write; encrypted-media; gyroscope; picture-in-picture; web-share\" referrerpolicy=\"strict-origin-when-cross-origin\" allowfullscreen><\/iframe><\/p>\n<p>&nbsp;<\/p>\n<p>Veja aqui a cobertura da TV C\u00e2mara para a oficina Comunica\u00e7\u00e3o Cidad\u00e3 360\u00b0: Ferramentas de Conex\u00e3o com o Poder P\u00fablico, evento presencial ocorrido na C\u00e2mara Municipal no dia 16 de novembro:<\/p>\n<p><iframe loading=\"lazy\" title=\"Cidad\u00e3o 360 graus: Oficina foi promovida pela Escola do Parlamento\" width=\"640\" height=\"360\" src=\"https:\/\/www.youtube.com\/embed\/hHKq4XtHDMY?feature=oembed\" frameborder=\"0\" allow=\"accelerometer; autoplay; clipboard-write; encrypted-media; gyroscope; picture-in-picture; web-share\" referrerpolicy=\"strict-origin-when-cross-origin\" allowfullscreen><\/iframe><\/p>\n<p>&nbsp;<\/p>\n","protected":false},"excerpt":{"rendered":"<p>Uma parceria entre a Escola do Parlamento e a Coordena\u00e7\u00e3o de Governo Aberto da Cidade de S\u00e3o Paulo 25\/10 (quarta-feira) &#8211; 19h-21h30 &#8211; Online Discursos em disputa: conceitos e pr\u00e1ticas da cartografia social para mobiliza\u00e7\u00e3o e participa\u00e7\u00e3o Objetivo: A oficina visa introduzir o universo da cartografia social a partir dos conceitos de cartografia, territ\u00f3rio, mapeamento [&hellip;]<\/p>\n","protected":false},"author":745,"featured_media":0,"parent":28305,"menu_order":62,"comment_status":"closed","ping_status":"closed","template":"","meta":{"_acf_changed":false,"footnotes":""},"class_list":["post-28785","page","type-page","status-publish","hentry"],"acf":[],"_links":{"self":[{"href":"https:\/\/www.saopaulo.sp.leg.br\/escoladoparlamento\/wp-json\/wp\/v2\/pages\/28785","targetHints":{"allow":["GET"]}}],"collection":[{"href":"https:\/\/www.saopaulo.sp.leg.br\/escoladoparlamento\/wp-json\/wp\/v2\/pages"}],"about":[{"href":"https:\/\/www.saopaulo.sp.leg.br\/escoladoparlamento\/wp-json\/wp\/v2\/types\/page"}],"author":[{"embeddable":true,"href":"https:\/\/www.saopaulo.sp.leg.br\/escoladoparlamento\/wp-json\/wp\/v2\/users\/745"}],"replies":[{"embeddable":true,"href":"https:\/\/www.saopaulo.sp.leg.br\/escoladoparlamento\/wp-json\/wp\/v2\/comments?post=28785"}],"version-history":[{"count":0,"href":"https:\/\/www.saopaulo.sp.leg.br\/escoladoparlamento\/wp-json\/wp\/v2\/pages\/28785\/revisions"}],"up":[{"embeddable":true,"href":"https:\/\/www.saopaulo.sp.leg.br\/escoladoparlamento\/wp-json\/wp\/v2\/pages\/28305"}],"wp:attachment":[{"href":"https:\/\/www.saopaulo.sp.leg.br\/escoladoparlamento\/wp-json\/wp\/v2\/media?parent=28785"}],"curies":[{"name":"wp","href":"https:\/\/api.w.org\/{rel}","templated":true}]}}