{"id":28663,"date":"2023-08-21T11:00:35","date_gmt":"2023-08-21T14:00:35","guid":{"rendered":"https:\/\/www.saopaulo.sp.leg.br\/escoladoparlamento\/?page_id=28663"},"modified":"2023-10-02T19:22:52","modified_gmt":"2023-10-02T22:22:52","slug":"diversidade-desigualdades-e-intersetorialidade-na-educacao-infantil","status":"publish","type":"page","link":"https:\/\/www.saopaulo.sp.leg.br\/escoladoparlamento\/cursos\/cursos-anteriores\/cursos-realizados-em-2023\/diversidade-desigualdades-e-intersetorialidade-na-educacao-infantil\/","title":{"rendered":"Diversidade, desigualdades e intersetorialidade na Educa\u00e7\u00e3o Infantil"},"content":{"rendered":"<h3><a href=\"https:\/\/www.saopaulo.sp.leg.br\/escoladoparlamento\/wp-content\/uploads\/sites\/5\/2020\/06\/logo-unicid-40.png\"><img loading=\"lazy\" decoding=\"async\" class=\"alignright size-full wp-image-18082\" src=\"https:\/\/www.saopaulo.sp.leg.br\/escoladoparlamento\/wp-content\/uploads\/sites\/5\/2020\/06\/logo-unicid-40.png\" alt=\"\" width=\"148\" height=\"55\" \/><\/a>Aula da disciplina <em>A Gest\u00e3o da Educa\u00e7\u00e3o Infantil: temas emergentes <\/em>do Programa de P\u00f3s-Gradua\u00e7\u00e3o Profissional &#8211; Forma\u00e7\u00e3o de Gestores Educacionais &#8211; Unicid-Reippe<\/h3>\n<p>ORGANIZA\u00c7\u00c3O:\u00a0Grupo de Implementa\u00e7\u00e3o de Pol\u00edticas Educacionais e Desigualdades e Grupo de Estudos e Pesquisas em Aprendizagem, Desenvolvimento e Inclus\u00e3o na Educa\u00e7\u00e3o B\u00e1sica \u2013 GEPADIEB da Unicid<\/p>\n<p>Respons\u00e1veis:<br \/>\nProfa. Dra. Ida Carneiro Martins e\u00a0Profa. Dra. Maria do Carmo Meirelles Toledo Cruz<\/p>\n<p>&nbsp;<\/p>\n<p><strong>Parceria Escola do Parlamento, Universidade Cidade S\u00e3oPaulo (UNICID) e Universidade Federal do Paran\u00e1 (UFPR)<\/strong><\/p>\n<p>&nbsp;<\/p>\n<p><strong>OBJETIVO:<\/strong><\/p>\n<p>Reconhecer as diversidades e as desigualdades como aspectos desafiadores para o processo de gest\u00e3o na educa\u00e7\u00e3o infantil e a intersetorialidade como um processo de colabora\u00e7\u00e3o entre diferentes setores na implementa\u00e7\u00e3o de pol\u00edticas favorecedoras para a educa\u00e7\u00e3o na inf\u00e2ncia.a inf\u00e2ncia.<\/p>\n<p>&nbsp;<\/p>\n<p><strong>P\u00daBLICO-ALVO<\/strong><\/p>\n<p>Alunos dos programas de p\u00f3s-gradua\u00e7\u00e3o em Educa\u00e7\u00e3o da Universidade Cidade de S\u00e3o Paulo, p\u00f3s-graduandos e pesquisadores interessados no tema, interessados em geral.<\/p>\n<p>&nbsp;<\/p>\n<p><strong>METODOLOGIA:<\/strong><\/p>\n<p>Encontro virtual com dura\u00e7\u00e3o de 3h <strong>pela plataforma Zoom<\/strong>.<\/p>\n<p>O evento tamb\u00e9m contar\u00e1 com <strong>transmiss\u00e3o ao vivo para o canal do YouTube da Escola do Parlamento<\/strong> por\u00e9m, quem escolher acompanhar por esta modalidade, n\u00e3o ter\u00e1 direito ao certificado.<\/p>\n<p><strong>Certifica\u00e7\u00e3o somente a partir de inscri\u00e7\u00e3o via Sympla mediante acompanhamento obrigat\u00f3rio pela plataforma Zoom.<\/strong><\/p>\n<h3><\/h3>\n<h3>01\/09\u00a0 &#8211; 18h30 \u00e0s 21h30<\/h3>\n<h2><strong>inscri\u00e7\u00f5es: <span style=\"color: #ff0000\">encerradas<\/span><\/strong><\/h2>\n<h3>Clique <a href=\"https:\/\/www.youtube.com\/watch?v=SUW_zrHhBzM\">AQUI<\/a> para rever ou assistir ao semin\u00e1rio.<\/h3>\n<p>&nbsp;<\/p>\n<p><strong>ABERTURA:<\/strong><\/p>\n<p><strong>Rubem Romacini<\/strong> (Diretor Executivo da Escola do Parlamento), <strong>Prof. Dr. Roberto Gimenez<\/strong> (Coordenador do Programa de P\u00f3s-gradua\u00e7\u00e3o em Educa\u00e7\u00e3o -PPGE); <strong>Prof. Dr. Rodnei Pereira<\/strong> (Coordenador do Programa de P\u00f3s-gradua\u00e7\u00e3o Profissional em Gest\u00e3o Educacional -PPGP-GE)<\/p>\n<p>&nbsp;<\/p>\n<p><strong>PARTICIPANTES:<\/strong><\/p>\n<p><strong>Prof. Dra. Angela Maria Scalabrin Coutinho<\/strong> (UFPR\/Reippe)<\/p>\n<p>Tem p\u00f3s-doutorado em Gest\u00e3o da Pol\u00edtica P\u00fablica (USP). Doutora em Estudos da Crian\u00e7a pela UMinho \u2013 Portugal, mestre em Educa\u00e7\u00e3o Infantil e Pedagoga pela UFSC. Professora do Programa de P\u00f3s-gradua\u00e7\u00e3o em Educa\u00e7\u00e3o na linha Diversidade, Diferen\u00e7a e Desigualdade Social em Educa\u00e7\u00e3o e do Curso de Pedagogia na UFPR. Pesquisadora do N\u00facleo de Estudos e Pesquisas em Inf\u00e2ncia e Educa\u00e7\u00e3o Infantil (NEPIE\/UFPR). Na Associa\u00e7\u00e3o Nacional de P\u00f3s-gradua\u00e7\u00e3o e Pesquisa em Educa\u00e7\u00e3o (ANPEd) est\u00e1 como Vice-presidente Sul (2022-2023) e foi coordenadora do GT07 &#8211; Educa\u00e7\u00e3o de Crian\u00e7as de 0 a 6 anos (2019-2020). Membro da Rede de Estudos sobre Implementa\u00e7\u00e3o de Pol\u00edticas P\u00fablicas Educacionais (Reippe) e do F\u00f3rum de Educa\u00e7\u00e3o Infantil do Paran\u00e1 (Feipar\/Mieib).<\/p>\n<p><strong>Prof\u00aa. Dra. Maria do Carmo Meirelles Toledo Cruz <\/strong>(Unicid\/Reippe)<\/p>\n<p>Doutora e mestre em Administra\u00e7\u00e3o P\u00fablica e Governo (EAESP-FGV), professora do Programa de P\u00f3s-Gradua\u00e7\u00e3o em Educa\u00e7\u00e3o e do Mestrado Profissional em Forma\u00e7\u00e3o de Gestores da Unicid. Professora da Funda\u00e7\u00e3o Escola de Sociologia e Pol\u00edtica de S\u00e3o Paulo (FESPSP). \u00c9 coordenadora da Reippe (2022-2023) e membro do Instituto para o Desenvolvimento de Inova\u00e7\u00f5es Tecnol\u00f3gicas, Sociais, Gest\u00e3o de Pol\u00edticas P\u00fablicas e Justi\u00e7a Social (Instituto JUS).<\/p>\n<p><strong>MODERADORA<\/strong><\/p>\n<p><strong>Profa. Dra. Ida Carneiro Martins <\/strong>(Unicid)<\/p>\n<p>Doutora em Educa\u00e7\u00e3o (UNIMEP), mestre em Educa\u00e7\u00e3o F\u00edsica (UNICAMP). Professora do Programa de P\u00f3s-gradua\u00e7\u00e3o em Educa\u00e7\u00e3o (Mestrado e Doutorado) da Universidade Cidade de S\u00e3o Paulo Unicid\/SP e do Programa de Mestrado Profissional em Forma\u00e7\u00e3o de Gestores Educacionais da Unicid. Vice-l\u00edder do Grupo de Estudos e Pesquisas em Aprendizagem, Desenvolvimento e Inclus\u00e3o na Educa\u00e7\u00e3o B\u00e1sica \u2013 GEPADIEB.<\/p>\n<p>&nbsp;<\/p>\n<hr \/>\n<p>&nbsp;<\/p>\n<p><strong>Leitura obrigat\u00f3ria:<\/strong><\/p>\n<p>COUTINHO, COUTINHO, Angela Scalabrin; CARDOSO, C\u00edntia A educa\u00e7\u00e3o e o cuidado dos beb\u00eas na pandemia: uma an\u00e1lise a partir das rela\u00e7\u00f5es geracionais, raciais e de g\u00eanero. <strong>Zero-a-Seis<\/strong>, Florian\u00f3polis, v. 23, n. especial, p. 175-194, ago. 2021.<\/p>\n<p>CRUZ, Maria do Carmo Meirelles Toledo<strong>. Implementa\u00e7\u00e3o da pol\u00edtica de creches nos munic\u00edpios brasileiros ap\u00f3s 1988<\/strong>: avan\u00e7os e desafios nas rela\u00e7\u00f5es intergovernamentais e intersetoriais. 2017. Tese (Doutorado) \u2013 Funda\u00e7\u00e3o Get\u00falio Vargas, S\u00e3o Paulo, 2017, p. 139-148.<\/p>\n<p>ROSEMBERG, F\u00falvia. Educa\u00e7\u00e3o Infantil e rela\u00e7\u00f5es raciais: a tens\u00e3o entre igualdade e diversidade. <strong>Cadernos de Pesquisa<\/strong>, S\u00e3o Paulo, v. 44, n. 153, p. 742-759, jul.\/set. 2014.<\/p>\n<p>&nbsp;<\/p>\n","protected":false},"excerpt":{"rendered":"<p>Aula da disciplina A Gest\u00e3o da Educa\u00e7\u00e3o Infantil: temas emergentes do Programa de P\u00f3s-Gradua\u00e7\u00e3o Profissional &#8211; Forma\u00e7\u00e3o de Gestores Educacionais &#8211; Unicid-Reippe ORGANIZA\u00c7\u00c3O:\u00a0Grupo de Implementa\u00e7\u00e3o de Pol\u00edticas Educacionais e Desigualdades e Grupo de Estudos e Pesquisas em Aprendizagem, Desenvolvimento e Inclus\u00e3o na Educa\u00e7\u00e3o B\u00e1sica \u2013 GEPADIEB da Unicid Respons\u00e1veis: Profa. Dra. Ida Carneiro Martins e\u00a0Profa. [&hellip;]<\/p>\n","protected":false},"author":522,"featured_media":0,"parent":28305,"menu_order":67,"comment_status":"closed","ping_status":"closed","template":"","meta":{"_acf_changed":false,"footnotes":""},"class_list":["post-28663","page","type-page","status-publish","hentry"],"acf":[],"_links":{"self":[{"href":"https:\/\/www.saopaulo.sp.leg.br\/escoladoparlamento\/wp-json\/wp\/v2\/pages\/28663","targetHints":{"allow":["GET"]}}],"collection":[{"href":"https:\/\/www.saopaulo.sp.leg.br\/escoladoparlamento\/wp-json\/wp\/v2\/pages"}],"about":[{"href":"https:\/\/www.saopaulo.sp.leg.br\/escoladoparlamento\/wp-json\/wp\/v2\/types\/page"}],"author":[{"embeddable":true,"href":"https:\/\/www.saopaulo.sp.leg.br\/escoladoparlamento\/wp-json\/wp\/v2\/users\/522"}],"replies":[{"embeddable":true,"href":"https:\/\/www.saopaulo.sp.leg.br\/escoladoparlamento\/wp-json\/wp\/v2\/comments?post=28663"}],"version-history":[{"count":0,"href":"https:\/\/www.saopaulo.sp.leg.br\/escoladoparlamento\/wp-json\/wp\/v2\/pages\/28663\/revisions"}],"up":[{"embeddable":true,"href":"https:\/\/www.saopaulo.sp.leg.br\/escoladoparlamento\/wp-json\/wp\/v2\/pages\/28305"}],"wp:attachment":[{"href":"https:\/\/www.saopaulo.sp.leg.br\/escoladoparlamento\/wp-json\/wp\/v2\/media?parent=28663"}],"curies":[{"name":"wp","href":"https:\/\/api.w.org\/{rel}","templated":true}]}}