{"id":28611,"date":"2023-08-09T11:30:11","date_gmt":"2023-08-09T14:30:11","guid":{"rendered":"https:\/\/www.saopaulo.sp.leg.br\/escoladoparlamento\/?page_id=28611"},"modified":"2023-08-24T14:49:17","modified_gmt":"2023-08-24T17:49:17","slug":"seminario-juventudes-saude-mental-e-drogadicao","status":"publish","type":"page","link":"https:\/\/www.saopaulo.sp.leg.br\/escoladoparlamento\/cursos\/cursos-anteriores\/cursos-realizados-em-2023\/seminario-juventudes-saude-mental-e-drogadicao\/","title":{"rendered":"Semin\u00e1rio Juventudes, Sa\u00fade Mental e Drogadi\u00e7\u00e3o"},"content":{"rendered":"<p class=\"western\" align=\"justify\"><span style=\"font-family: Arial, serif\"><span style=\"font-size: medium\"><b>Diretor Respons\u00e1vel:<\/b><\/span><\/span><span style=\"font-family: Arial, serif\"><span style=\"font-size: medium\"> Gustavo Dias<\/span><\/span><\/p>\n<p class=\"western\" align=\"justify\"><span style=\"font-family: Arial, serif\"><span style=\"font-size: medium\"><b>Tipo de Evento:<\/b><\/span><\/span><span style=\"font-family: Arial, serif\"><span style=\"font-size: medium\"> Semin\u00e1rio \/ Debate<\/span><\/span><\/p>\n<h1 class=\"western\" align=\"justify\"><strong><span style=\"font-family: Arial, serif\"><span style=\"font-size: medium\">DESCRITIVO\/JUSTIFICATIVA\/CONTEXTO:<\/span><\/span><\/strong><\/h1>\n<p class=\"western\" align=\"justify\"><span style=\"font-family: Arial, serif\"><span style=\"font-size: medium\">Ao se refletir sobre os temas <\/span><\/span><span style=\"font-family: Arial, serif\"><span style=\"font-size: medium\"><i>juventudes, sa\u00fade mental e drogadi\u00e7\u00e3o, <\/i><\/span><\/span><span style=\"font-family: Arial, serif\"><span style=\"font-size: medium\">faz-se necess\u00e1rio ampliar compreens\u00f5es e buscar perspectivas mais pr\u00f3ximas \u00e0 realidade vivida e experienciada, indo em sentido diverso \u00e0 individualiza\u00e7\u00e3o, patologiza\u00e7\u00e3o e medicaliza\u00e7\u00e3o da vida, de maneira que se possa olhar e compreender os fen\u00f4menos sociais e hist\u00f3ricos subjacentes, as urg\u00eancias contempor\u00e2neas, a pandemia de COVID-19, as rela\u00e7\u00f5es sociais desiguais, totalit\u00e1rias e violentas, o racismo, a misoginia, dentre outros. A ideia \u00e9 abrir o campo, pensar junto, partilhar interpreta\u00e7\u00f5es e experi\u00eancias, indagar, deixar-nos inquietar, encarar o que n\u00e3o sabemos e precisamos ainda aprender.<\/span><\/span><\/p>\n<p class=\"western\" align=\"justify\"><span style=\"font-family: Arial, serif\"><span style=\"font-size: medium\">A inspira\u00e7\u00e3o para o debate ocorreu a partir de percep\u00e7\u00f5es e reflex\u00f5es sobre os tr\u00eas temas elencados, bem como em raz\u00e3o de constata\u00e7\u00f5es trazidas pelo F\u00f3rum do Hip-Hop MSP sobre o uso cada vez mais frequente de subst\u00e2ncias psicoativas sint\u00e9ticas (como K9 e <\/span><\/span><span style=\"font-family: Arial, serif\"><span style=\"font-size: medium\"><i>SPICE \u2013<\/i><\/span><\/span><i> <\/i><span style=\"font-family: Arial, serif\"><span style=\"font-size: medium\">cuja oferta tem crescido na cidade<\/span><\/span><span style=\"font-family: Arial, serif\"><span style=\"font-size: medium\">) entre as\/os jovens e os efeitos que tal consumo pode representar, inclusive considerando a juventude perif\u00e9rica. <\/span><\/span><\/p>\n<p class=\"western\" align=\"justify\"><span style=\"font-family: Arial, serif\"><span style=\"font-size: medium\">Com essa iniciativa, busca-se o di\u00e1logo sobre o uso de drogas na sociedade e na juventude, considerando que se trata de uma quest\u00e3o s\u00e9ria de sa\u00fade p\u00fablica e cujos efeitos mais perversos s\u00e3o a criminaliza\u00e7\u00e3o e a car\u00eancia de respostas para a inser\u00e7\u00e3o social das juventudes.<\/span><\/span><\/p>\n<p class=\"western\" align=\"justify\"><span style=\"font-family: Arial, serif\"><span style=\"font-size: medium\"><b>Objetivos:<\/b><\/span><\/span><\/p>\n<p class=\"western\" align=\"justify\"><span style=\"font-family: Arial, serif\"><span style=\"font-size: medium\">Discutir os problemas da juventude, drogadi\u00e7\u00e3o, trabalho e sa\u00fade mental. Os debatedores compartilhar\u00e3o suas experi\u00eancias e <\/span><\/span><span style=\"font-family: Arial, serif\"><span style=\"font-size: medium\"><i>insights<\/i><\/span><\/span><span style=\"font-family: Arial, serif\"><span style=\"font-size: medium\"> sobre esses temas, e o p\u00fablico ter\u00e1 a oportunidade de fazer perguntas.<\/span><\/span><\/p>\n<p class=\"western\" align=\"justify\"><span style=\"font-family: Arial, serif\"><span style=\"font-size: medium\">Espera-se que os participantes do debate se inspirem para:<\/span><\/span><\/p>\n<ul>\n<li>\n<p class=\"western\" align=\"justify\"><span style=\"font-family: Arial, serif\"><span style=\"font-size: medium\">Ampliar os termos juventude, drogadi\u00e7\u00e3o e sa\u00fade mental;<\/span><\/span><\/p>\n<\/li>\n<li>\n<p class=\"western\" align=\"justify\"><span style=\"font-family: Arial, serif\"><span style=\"font-size: medium\">Identificar os fatores que contribuem para esses problemas: infra\u00e7\u00e3o e medidas socioeducativas, criminaliza\u00e7\u00e3o, trabalho, ambiente geogr\u00e1fico, acesso a pol\u00edticas p\u00fablicas;<\/span><\/span><\/p>\n<\/li>\n<li>\n<p class=\"western\" align=\"justify\"><span style=\"font-family: Arial, serif\"><span style=\"font-size: medium\">Discutir consequ\u00eancias e propor solu\u00e7\u00f5es para essas quest\u00f5es.<\/span><\/span><\/p>\n<\/li>\n<\/ul>\n<p class=\"western\" align=\"justify\"><span style=\"font-family: Arial, serif\"><span style=\"font-size: medium\"><b>P\u00fablico-alvo:<\/b><\/span><\/span><span style=\"font-family: Arial, serif\"><span style=\"font-size: medium\"> jovens, pais, professores, profissionais de sa\u00fade mental e pessoas interessadas em aprender mais sobre esses temas.<\/span><\/span><\/p>\n<p class=\"western\" align=\"justify\"><span style=\"font-family: Arial, serif\"><span style=\"font-size: medium\"><b>Parceiros na organiza\u00e7\u00e3o do evento:<\/b><\/span><\/span><\/p>\n<ul>\n<li>\n<p align=\"justify\"><span style=\"font-family: Arial, serif\"><span style=\"font-size: medium\">F\u00f3rum do Hip-Hop do Munic\u00edpio-SP;<\/span><\/span><\/p>\n<\/li>\n<li>\n<p align=\"justify\"><span style=\"font-family: Arial, serif\"><span style=\"font-size: medium\">Centro de Psicologia Aplicada ao Trabalho, do Departamento de Psicologia Social e do Trabalho, do Instituto de Psicologia da Universidade de S\u00e3o Paulo (CPAT\/PST\/IP\/USP);<\/span><\/span><\/p>\n<\/li>\n<li>\n<p align=\"justify\"><span style=\"font-family: Arial, serif\"><span style=\"font-size: medium\">Assessoria e Consultoria das Comiss\u00f5es das \u00c1reas Sociais da C\u00e2mara Municipal de S\u00e3o Paulo (SGP-52).<\/span><\/span><\/p>\n<\/li>\n<\/ul>\n<p>&nbsp;<\/p>\n<p class=\"western\" align=\"justify\"><span style=\"font-family: Arial, serif\"><span style=\"font-size: medium\"><b>Minicurr\u00edculo dos Debatedores convidados:<\/b><\/span><\/span><\/p>\n<ul>\n<li>\n<p class=\"western\" align=\"justify\"><span style=\"font-family: Arial, serif\"><span style=\"font-size: medium\"><b>Djalma<\/b><\/span><\/span> <span style=\"font-family: Arial, serif\"><span style=\"font-size: medium\"><i>Nando Komunista<\/i><\/span><\/span> <span style=\"font-family: Arial, serif\"><span style=\"font-size: medium\"><b>Lopes G\u00f3es<\/b><\/span><\/span><span style=\"font-family: Arial, serif\"><span style=\"font-size: medium\"> \u2013 Rapper, Militante do Coletivo For\u00e7a Ativa e Integrante do F\u00f3rum Hip-Hop Municipal-SP, Soci\u00f3logo, Professor de Educa\u00e7\u00e3o B\u00e1sica. Graduado em Ci\u00eancias Sociais \u2013 Centro Universit\u00e1rio Funda\u00e7\u00e3o Santo Andr\u00e9 (2007), Mestre em Educa\u00e7\u00e3o (2017), Doutorando em Educa\u00e7\u00e3o (Uninove).<\/span><\/span><\/p>\n<\/li>\n<li>\n<p class=\"western\" align=\"justify\"><span style=\"font-family: Arial, serif\"><span style=\"font-size: medium\"><b>Elias Santana<\/b><\/span><\/span><span style=\"font-family: Arial, serif\"><span style=\"font-size: medium\"> \u2013 Psic\u00f3logo com Especializa\u00e7\u00e3o em Tratamento Comunit\u00e1rio pela Universidade Federal de S\u00e3o Paulo \u2013 UNIFESP e Mestrado pela USP. Trabalhador na \u00e1rea da sa\u00fade mental desde 2014 na Prefeitura Municipal de S\u00e3o Paulo.<\/span><\/span><\/p>\n<\/li>\n<li>\n<p class=\"western\" align=\"justify\"><span style=\"font-family: Arial, serif\"><span style=\"font-size: medium\"><b>Helena Wendel Abramo<\/b><\/span><\/span><i><b> <\/b><\/i><span style=\"font-family: Arial, serif\"><span style=\"font-size: medium\">\u2013 Mestre em Sociologia pela Universidade de S\u00e3o Paulo (USP). Participa de pesquisas e estudos sobre jovens desde a d\u00e9cada de 1990. Soci\u00f3loga efetiva na Secretaria Municipal de Cultura de S\u00e3o Paulo desde 1991, atuou em outras institui\u00e7\u00f5es p\u00fablicas, colaborando para a formula\u00e7\u00e3o, gest\u00e3o e avalia\u00e7\u00e3o de pol\u00edticas p\u00fablicas para jovens; entre 2011 e 2016, comp\u00f4s o quadro da Secretaria Nacional de Juventude da Presid\u00eancia da Rep\u00fablica.<\/span><\/span><\/p>\n<\/li>\n<li>\n<p class=\"western\" align=\"justify\"><span style=\"font-family: Arial, serif\"><span style=\"font-size: medium\"><b>Maria Cristina Gon\u00e7alves Vicentin <\/b><\/span><\/span><span style=\"font-family: Arial, serif\"><span style=\"font-size: medium\">\u2013\u00a0Docente do Departamento de Psicologia Social e do Trabalho do Instituto de Psicologia da USP, onde integra o Laborat\u00f3rio Psican\u00e1lise, Sociedade e Pol\u00edtica e o Grupo de Pesquisa Direitos Humanos, Democracia e Mem\u00f3ria\/IEA-USP. Pesquisa e atua nos temas: sa\u00fade mental, justi\u00e7a e direitos humanos e direitos de crian\u00e7as e adolescentes. <\/span><\/span><\/p>\n<\/li>\n<li>\n<p class=\"western\" align=\"justify\"><span style=\"font-family: Arial, serif\"><span style=\"font-size: medium\"><b>Rog\u00e9rio Silva Costa <\/b><\/span><\/span><span style=\"font-family: Arial, serif\"><span style=\"font-size: medium\">\u2013<\/span><\/span><b> <\/b><span style=\"font-family: Arial, serif\"><span style=\"font-size: medium\">Educador popular com abordagem atrav\u00e9s da capoeira, literatura, poemas e poesias. Membro do F\u00f3rum da Capoeira do Munic\u00edpio de S\u00e3o Paulo, produtor liter\u00e1rio e articulador de cultura do territ\u00f3rio de Parelheiros. Vulgo Poeta e Profano, que busca atrav\u00e9s de seus poemas dialogar com temas sobre ancestralidade, pol\u00edtica, liberdade e sexualidade; seu tra\u00e7o marcante \u00e9 o erotismo em combate, a sexualiza\u00e7\u00e3o de corpos pretos estigmatizados pelo racismo. Uma marca de sua atua\u00e7\u00e3o \u00e9 a luta contra a explora\u00e7\u00e3o de corpos pretos, encarceramento da popula\u00e7\u00e3o preta, exterm\u00ednio da juventude preta. Assistente Social de forma\u00e7\u00e3o e T\u00e9cnico de Medidas Socioeducativas.<\/span><\/span><\/p>\n<\/li>\n<\/ul>\n<h1 class=\"western\" align=\"justify\"><strong><span style=\"font-family: Arial, serif\"><span style=\"font-size: medium\">ESTRUTURA:<\/span><\/span><\/strong><\/h1>\n<p>O Semin\u00e1rio ser\u00e1 realizado na <strong>modalidade presencial no dia 18 de agosto, das 19 \u00e0s 21:30 horas, no Audit\u00f3rio Prestes Maia (Plenarinho), 1\u00ba andar do Pal\u00e1cio Anchieta, sede da C\u00e2mara Municipal de S\u00e3o Paulo.<\/strong><br \/>\nO evento tamb\u00e9m ter\u00e1 transmiss\u00e3o simult\u00e2nea no <a href=\"https:\/\/www.youtube.com\/@camarasaopaulo\">canal do YouTube da CMSP<\/a>.<\/p>\n<p>&nbsp;<\/p>\n<p><strong>CERTIFICA\u00c7\u00c3O:<\/strong><\/p>\n<ul>\n<li>na modalidade <strong>presencial<\/strong> mediante realiza\u00e7\u00e3o de <em>check-in<\/em> na entrada do evento;<\/li>\n<li>na modalidade <strong>online<\/strong> mediante preenchimento de formul\u00e1rio de rea\u00e7\u00e3o a ser enviado por e-mail aos inscritos.<\/li>\n<\/ul>\n<h1 class=\"western\" align=\"justify\"><span style=\"font-family: Arial, serif\"><span style=\"font-size: medium\"><b>Inscri\u00e7\u00f5es: ENCERRADAS<\/b><\/span><\/span><\/h1>\n<p>&nbsp;<\/p>\n<h2>Reveja o semin\u00e1rio <a href=\"https:\/\/www.youtube.com\/watch?v=GhQY9E7HHpw\">CLICANDO AQUI<\/a><\/h2>\n<p>&nbsp;<\/p>\n<p align=\"justify\"><strong>MATERIAL DE APOIO:\u00a0<\/strong><\/p>\n<ul>\n<li><a href=\"https:\/\/www.saopaulo.sp.leg.br\/escoladoparlamento\/wp-content\/uploads\/sites\/5\/2023\/08\/OCIENT1.pdf\">Apresenta\u00e7\u00e3o sobre o Spice &#8211; K2, disponibilizada pelo rapper Pirata (sugere-se imprimir este material)<\/a><\/li>\n<li><a href=\"https:\/\/portal.fiocruz.br\/documento\/jovens-e-saude-revelacoes-da-pandemia-no-brasil\">E-book Jovens e Sa\u00fade &#8211; Revela\u00e7\u00f5es da pandemia no Brasil, organizado por Andr\u00e9 Luiz da Silva Sobrinho, Helena Wendel Abramo e Marisa de Castro Villi<\/a><\/li>\n<li><a href=\"https:\/\/www.saopaulo.sp.leg.br\/wp-content\/uploads\/2023\/08\/Relatorio-GT-Cracolandia-2022.pdf\">Documento t\u00e9cnico da Consultoria T\u00e9cnica-Legislativa da CMSP acerca do Grupo de Trabalho Interinstitucional da Comiss\u00e3o Extraordin\u00e1ria de Direitos Humanos e Cidadania sobre a\u00a0 Cracol\u00e2ndia<\/a><\/li>\n<\/ul>\n<p class=\"western\" align=\"justify\"><span style=\"font-family: Arial, serif\"><span style=\"font-size: medium\"><b>PROGRAMA\u00c7\u00c3O:<\/b><\/span><\/span><\/p>\n<table width=\"611\" cellspacing=\"0\" cellpadding=\"7\">\n<tbody>\n<tr valign=\"top\">\n<td width=\"91\" height=\"10\">\n<p class=\"western\" align=\"justify\"><span style=\"font-family: Arial, serif\"><span style=\"font-size: medium\">Data\/Hora<\/span><\/span><\/p>\n<\/td>\n<td width=\"116\">\n<p class=\"western\" align=\"justify\"><span style=\"font-family: Arial, serif\"><span style=\"font-size: medium\">Sala<\/span><\/span><\/p>\n<\/td>\n<td width=\"162\">\n<p class=\"western\" align=\"justify\"><span style=\"font-family: Arial, serif\"><span style=\"font-size: medium\">Palestrante <\/span><\/span><\/p>\n<\/td>\n<td width=\"184\">\n<p class=\"western\" align=\"justify\"><span style=\"font-family: Arial, serif\"><span style=\"font-size: medium\">Tema<\/span><\/span><\/p>\n<\/td>\n<\/tr>\n<tr>\n<td style=\"background: #d9d9d9\" bgcolor=\"#d9d9d9\" width=\"91\" height=\"59\">\n<p class=\"western\" align=\"justify\"><span style=\"font-family: Arial, serif\">18\/08\/23<\/span><\/p>\n<p class=\"western\" align=\"justify\"><span style=\"font-family: Arial, serif\">19h-21h30<\/span><\/p>\n<\/td>\n<td style=\"background: #d9d9d9\" bgcolor=\"#d9d9d9\" width=\"116\">\n<p class=\"western\" align=\"justify\"><span style=\"font-family: Arial, serif\">Audit\u00f3rio Prestes Maia \u2013 Plenarinho<\/span><\/p>\n<\/td>\n<td style=\"background: #d9d9d9\" valign=\"top\" bgcolor=\"#d9d9d9\" width=\"162\">\n<p class=\"western\" align=\"justify\"><span style=\"font-family: Arial, serif\">Media\u00e7\u00e3o: Rapper Pirata<\/span><\/p>\n<p class=\"western\" align=\"justify\"><span style=\"font-family: Arial, serif\">Djalma <b>Nando Komunista<\/b> Lopes G\u00f3es;<\/span><\/p>\n<p class=\"western\" align=\"justify\"><span style=\"font-family: Arial, serif\">Elias Santana;<\/span><\/p>\n<p class=\"western\" align=\"justify\"><span style=\"font-family: Arial, serif\">Helena Wendel Abramo;<\/span><\/p>\n<p class=\"western\" align=\"justify\"><span style=\"font-family: Arial, serif\">Maria Cristina Gon\u00e7alvez Vicentin;<\/span><\/p>\n<p class=\"western\" align=\"justify\"><span style=\"font-family: Arial, serif\">Rog\u00e9rio Silva Costa.<\/span><\/p>\n<\/td>\n<td style=\"background: #d9d9d9\" valign=\"top\" bgcolor=\"#d9d9d9\" width=\"184\">\n<p class=\"western\" align=\"justify\"><span style=\"font-family: Arial, serif\"><i>Mesa: Juventudes, Sa\u00fade Mental e Drogadi\u00e7\u00e3o <\/i><\/span><\/p>\n<\/td>\n<\/tr>\n<\/tbody>\n<\/table>\n<p>&nbsp;<\/p>\n","protected":false},"excerpt":{"rendered":"<p>Diretor Respons\u00e1vel: Gustavo Dias Tipo de Evento: Semin\u00e1rio \/ Debate DESCRITIVO\/JUSTIFICATIVA\/CONTEXTO: Ao se refletir sobre os temas juventudes, sa\u00fade mental e drogadi\u00e7\u00e3o, faz-se necess\u00e1rio ampliar compreens\u00f5es e buscar perspectivas mais pr\u00f3ximas \u00e0 realidade vivida e experienciada, indo em sentido diverso \u00e0 individualiza\u00e7\u00e3o, patologiza\u00e7\u00e3o e medicaliza\u00e7\u00e3o da vida, de maneira que se possa olhar e compreender [&hellip;]<\/p>\n","protected":false},"author":745,"featured_media":0,"parent":28305,"menu_order":68,"comment_status":"closed","ping_status":"closed","template":"","meta":{"_acf_changed":false,"footnotes":""},"class_list":["post-28611","page","type-page","status-publish","hentry"],"acf":[],"_links":{"self":[{"href":"https:\/\/www.saopaulo.sp.leg.br\/escoladoparlamento\/wp-json\/wp\/v2\/pages\/28611","targetHints":{"allow":["GET"]}}],"collection":[{"href":"https:\/\/www.saopaulo.sp.leg.br\/escoladoparlamento\/wp-json\/wp\/v2\/pages"}],"about":[{"href":"https:\/\/www.saopaulo.sp.leg.br\/escoladoparlamento\/wp-json\/wp\/v2\/types\/page"}],"author":[{"embeddable":true,"href":"https:\/\/www.saopaulo.sp.leg.br\/escoladoparlamento\/wp-json\/wp\/v2\/users\/745"}],"replies":[{"embeddable":true,"href":"https:\/\/www.saopaulo.sp.leg.br\/escoladoparlamento\/wp-json\/wp\/v2\/comments?post=28611"}],"version-history":[{"count":0,"href":"https:\/\/www.saopaulo.sp.leg.br\/escoladoparlamento\/wp-json\/wp\/v2\/pages\/28611\/revisions"}],"up":[{"embeddable":true,"href":"https:\/\/www.saopaulo.sp.leg.br\/escoladoparlamento\/wp-json\/wp\/v2\/pages\/28305"}],"wp:attachment":[{"href":"https:\/\/www.saopaulo.sp.leg.br\/escoladoparlamento\/wp-json\/wp\/v2\/media?parent=28611"}],"curies":[{"name":"wp","href":"https:\/\/api.w.org\/{rel}","templated":true}]}}